{"id":62772,"date":"2025-07-19T16:45:19","date_gmt":"2025-07-19T15:45:19","guid":{"rendered":"https:\/\/babylove.se\/produkt\/stor-juniorsang-mira-140x200-cm-antracit\/"},"modified":"2026-04-08T14:33:11","modified_gmt":"2026-04-08T13:33:11","slug":"stor-juniorseng-mira-140x200-cm-antrasitt","status":"publish","type":"product","link":"https:\/\/babylove.se\/no\/produkt\/stor-juniorseng-mira-140x200-cm-antrasitt\/","title":{"rendered":"Stor juniorseng Mira 140&#215;200 cm, antrasitt"},"content":{"rendered":"<p data-end=\"166\" data-start=\"99\"><strong data-end=\"166\" data-start=\"99\">Mira \u2013 en trygg, vakker og selvf\u00f8lgelig f\u00f8rste seng for de minste<\/strong><\/p>\n<p data-end=\"454\" data-start=\"168\">N\u00e5r det er p\u00e5 tide for barnet ditt \u00e5 forlate barneseng \u00f8nsker vi at overgangen skal f\u00f8les b\u00e5de trygg og inspirerende. Med Mira f\u00e5r du en lav, montessori-inspirert seng som kombinerer sikkerhet, funksjon og skandinavisk design \u2013 perfekt tilpasset for sm\u00e5 barn p\u00e5 vei mot selvstendighet.<\/p>\n<p data-end=\"712\" data-start=\"456\">Den lave konstruksjonen gj\u00f8r det enkelt ogs\u00e5 for de yngste \u00e5 selv g\u00e5 inn og ut, noe som styrker barnets selvtillit og bevegelsesfriheten. Mira er dessuten s\u00e5 stilren at den passer inn i alle typer barnerom \u2013 fra lekne til mer nedtonede milj\u00f8er.<\/p>\n<p data-end=\"868\" data-start=\"714\">Skap et harmonisk sted hvor barnet ditt kan hvile, leke og vokse \u2013 i sitt eget tempo.<\/p>\n<p><strong>Info:<\/strong> <\/p>\n<ul>\n<li>Farge: antrasitt<\/li>\n<li>100% FSC-sertifisert furutre som sikrer at virket kommer fra ansvarlig skogbruk.<\/li>\n<li>Maks vekt: 100 kg.<\/li>\n<\/ul>\n<p><strong>M\u00e5l: <\/strong> <\/p>\n<ul>\n<li>Sengem\u00e5l: 140&#215;200 cm<\/li>\n<li>Sengens totale dimensjoner: 147&#215;208 cm<\/li>\n<li>Sengens h\u00f8yde: 45 cm<\/li>\n<li>St\u00f8ttebrettets h\u00f8yde: 31,5 cm<\/li>\n<li>Glipa mellom brettene (st\u00f8ttebrett): 6,5 cm<\/li>\n<\/ul>\n<p>Madrass er ikke inkludert, men ta gjerne en titt p\u00e5 v\u00e5rt store madrassutvalg. Vi anbefaler en skummadrass med tykkelse p\u00e5 ca 10-12 cm. <\/p>\n<p>Sengene produseres i henhold til standarden EN-747-1: 2012 + A1: 2015 i v\u00e5r fabrikk i Europa som har de h\u00f8yeste sikkerhetsstandardene for produksjon av barnesenger. og kontrollerer hvert trinn fra t\u00f8mmeret kommer inn i fabrikken til et ferdig produkt forlater. Sengene lakkeres tre ganger med \u00f8kologisk, milj\u00f8vennlig og vannbasert maling som f\u00f8lger normen EN 71-3:2019. <\/p>\n<p><em><em>Dette er en seng laget og tilpasset for barn. <em><em><em><em><em>Sengen leveres umontert og b\u00f8r settes sammen i rommet den skal brukes i.<\/em><\/em><\/em><\/em><\/em><\/em><\/em><\/p>\n","protected":false},"excerpt":{"rendered":"<p>Mira \u2013 en trygg, vakker og selvf\u00f8lgelig f\u00f8rste seng for de minste N\u00e5r det er p\u00e5 tide for barnet ditt \u00e5 forlate barneseng \u00f8nsker vi at overgangen skal f\u00f8les b\u00e5de trygg og inspirerende. Med Mira f\u00e5r du en lav, montessori-inspirert seng som kombinerer sikkerhet, funksjon og skandinavisk design \u2013 perfekt tilpasset for sm\u00e5 barn p\u00e5 [&hellip;]<\/p>\n","protected":false},"featured_media":62774,"comment_status":"open","ping_status":"closed","template":"","meta":{"_acf_changed":false},"product_brand":[1319],"product_cat":[269,1320,1568,922],"product_tag":[1689],"class_list":{"0":"post-62772","1":"product","2":"type-product","3":"status-publish","4":"has-post-thumbnail","6":"product_brand-lano","7":"product_cat-juniorsenger","8":"product_cat-lano","9":"product_cat-lano-hurtigleveranse","10":"product_cat-nyheter","11":"product_tag-bestillingsvaror","13":"first","14":"instock","15":"taxable","16":"shipping-taxable","17":"purchasable","18":"product-type-simple"},"acf":[],"yoast_head":"<!-- This site is optimized with the Yoast SEO Premium plugin v25.8 (Yoast SEO v27.2) - https:\/\/yoast.com\/product\/yoast-seo-premium-wordpress\/ -->\n<title>Stor juniorseng Mira 140x200 cm, antrasitt - Babylove Norska<\/title>\n<meta name=\"robots\" content=\"noindex, follow, max-snippet:-1, max-image-preview:large, max-video-preview:-1\" \/>\n<meta property=\"og:locale\" content=\"nb_NO\" \/>\n<meta property=\"og:type\" content=\"article\" \/>\n<meta property=\"og:title\" content=\"Stor juniorseng Mira 140x200 cm, antrasitt\" \/>\n<meta property=\"og:description\" content=\"Mira \u2013 en trygg, vakker og selvf\u00f8lgelig f\u00f8rste seng for de minste N\u00e5r det er p\u00e5 tide for barnet ditt \u00e5 forlate barneseng \u00f8nsker vi at overgangen skal f\u00f8les b\u00e5de trygg og inspirerende. Med Mira f\u00e5r du en lav, montessori-inspirert seng som kombinerer sikkerhet, funksjon og skandinavisk design \u2013 perfekt tilpasset for sm\u00e5 barn p\u00e5 [&hellip;]\" \/>\n<meta property=\"og:url\" content=\"https:\/\/babylove.se\/no\/produkt\/stor-juniorseng-mira-140x200-cm-antrasitt\/\" \/>\n<meta property=\"og:site_name\" content=\"Babylove Norska\" \/>\n<meta property=\"article:modified_time\" content=\"2026-04-08T13:33:11+00:00\" \/>\n<meta property=\"og:image\" content=\"https:\/\/babylove.se\/no\/wp-content\/uploads\/sites\/3\/2025\/07\/6839551f0aa36.jpeg\" \/>\n\t<meta property=\"og:image:width\" content=\"640\" \/>\n\t<meta property=\"og:image:height\" content=\"480\" \/>\n\t<meta property=\"og:image:type\" content=\"image\/jpeg\" \/>\n<meta name=\"twitter:card\" content=\"summary_large_image\" \/>\n<meta name=\"twitter:label1\" content=\"Price\" \/>\n\t<meta name=\"twitter:data1\" content=\"3 299,00&nbsp;&#107;&#114;\" \/>\n\t<meta name=\"twitter:label2\" content=\"Availability\" \/>\n\t<meta name=\"twitter:data2\" content=\"In stock\" \/>\n<script type=\"application\/ld+json\" class=\"yoast-schema-graph\">{\"@context\":\"https:\/\/schema.org\",\"@graph\":[{\"@type\":\"WebPage\",\"@id\":\"https:\/\/babylove.se\/no\/produkt\/stor-juniorseng-mira-140x200-cm-antrasitt\/\",\"url\":\"https:\/\/babylove.se\/no\/produkt\/stor-juniorseng-mira-140x200-cm-antrasitt\/\",\"name\":\"Stor juniorseng Mira 140x200 cm, antrasitt - Babylove Norska\",\"isPartOf\":{\"@id\":\"https:\/\/babylove.se\/no\/#website\"},\"primaryImageOfPage\":{\"@id\":\"https:\/\/babylove.se\/no\/produkt\/stor-juniorseng-mira-140x200-cm-antrasitt\/#primaryimage\"},\"image\":{\"@id\":\"https:\/\/babylove.se\/no\/produkt\/stor-juniorseng-mira-140x200-cm-antrasitt\/#primaryimage\"},\"thumbnailUrl\":\"https:\/\/babylove.se\/no\/wp-content\/uploads\/sites\/3\/2025\/07\/6839551f0aa36.jpeg\",\"datePublished\":\"2025-07-19T15:45:19+00:00\",\"dateModified\":\"2026-04-08T13:33:11+00:00\",\"breadcrumb\":{\"@id\":\"https:\/\/babylove.se\/no\/produkt\/stor-juniorseng-mira-140x200-cm-antrasitt\/#breadcrumb\"},\"inLanguage\":\"nb-NO\",\"potentialAction\":[{\"@type\":\"ReadAction\",\"target\":[\"https:\/\/babylove.se\/no\/produkt\/stor-juniorseng-mira-140x200-cm-antrasitt\/\"]}]},{\"@type\":\"ImageObject\",\"inLanguage\":\"nb-NO\",\"@id\":\"https:\/\/babylove.se\/no\/produkt\/stor-juniorseng-mira-140x200-cm-antrasitt\/#primaryimage\",\"url\":\"https:\/\/babylove.se\/no\/wp-content\/uploads\/sites\/3\/2025\/07\/6839551f0aa36.jpeg\",\"contentUrl\":\"https:\/\/babylove.se\/no\/wp-content\/uploads\/sites\/3\/2025\/07\/6839551f0aa36.jpeg\",\"width\":640,\"height\":480},{\"@type\":\"BreadcrumbList\",\"@id\":\"https:\/\/babylove.se\/no\/produkt\/stor-juniorseng-mira-140x200-cm-antrasitt\/#breadcrumb\",\"itemListElement\":[{\"@type\":\"ListItem\",\"position\":1,\"name\":\"Hem\",\"item\":\"https:\/\/babylove.se\/no\/\"},{\"@type\":\"ListItem\",\"position\":2,\"name\":\"Butik\",\"item\":\"https:\/\/babylove.se\/no\/butik\/\"},{\"@type\":\"ListItem\",\"position\":3,\"name\":\"Stor juniorseng Mira 140&#215;200 cm, antrasitt\"}]},{\"@type\":\"WebSite\",\"@id\":\"https:\/\/babylove.se\/no\/#website\",\"url\":\"https:\/\/babylove.se\/no\/\",\"name\":\"Babylove Norska\",\"description\":\"\",\"potentialAction\":[{\"@type\":\"SearchAction\",\"target\":{\"@type\":\"EntryPoint\",\"urlTemplate\":\"https:\/\/babylove.se\/no\/?s={search_term_string}\"},\"query-input\":{\"@type\":\"PropertyValueSpecification\",\"valueRequired\":true,\"valueName\":\"search_term_string\"}}],\"inLanguage\":\"nb-NO\"}]}<\/script>\n<meta property=\"product:brand\" content=\"LANO\" \/>\n<meta property=\"product:price:amount\" content=\"3299.00\" \/>\n<meta property=\"product:price:currency\" content=\"SEK\" \/>\n<meta property=\"og:availability\" content=\"instock\" \/>\n<meta property=\"product:availability\" content=\"instock\" \/>\n<meta property=\"product:retailer_item_id\" content=\"MATI-140x200-anthracit\" \/>\n<meta property=\"product:condition\" content=\"new\" \/>\n<!-- \/ Yoast SEO Premium plugin. -->","yoast_head_json":{"title":"Stor juniorseng Mira 140x200 cm, antrasitt - Babylove Norska","robots":{"index":"noindex","follow":"follow","max-snippet":"max-snippet:-1","max-image-preview":"max-image-preview:large","max-video-preview":"max-video-preview:-1"},"og_locale":"nb_NO","og_type":"article","og_title":"Stor juniorseng Mira 140x200 cm, antrasitt","og_description":"Mira \u2013 en trygg, vakker og selvf\u00f8lgelig f\u00f8rste seng for de minste N\u00e5r det er p\u00e5 tide for barnet ditt \u00e5 forlate barneseng \u00f8nsker vi at overgangen skal f\u00f8les b\u00e5de trygg og inspirerende. Med Mira f\u00e5r du en lav, montessori-inspirert seng som kombinerer sikkerhet, funksjon og skandinavisk design \u2013 perfekt tilpasset for sm\u00e5 barn p\u00e5 [&hellip;]","og_url":"https:\/\/babylove.se\/no\/produkt\/stor-juniorseng-mira-140x200-cm-antrasitt\/","og_site_name":"Babylove Norska","article_modified_time":"2026-04-08T13:33:11+00:00","og_image":[{"width":640,"height":480,"url":"https:\/\/babylove.se\/no\/wp-content\/uploads\/sites\/3\/2025\/07\/6839551f0aa36.jpeg","type":"image\/jpeg"}],"twitter_card":"summary_large_image","twitter_misc":{"Price":"3 299,00&nbsp;&#107;&#114;","Availability":"In stock"},"schema":{"@context":"https:\/\/schema.org","@graph":[{"@type":"WebPage","@id":"https:\/\/babylove.se\/no\/produkt\/stor-juniorseng-mira-140x200-cm-antrasitt\/","url":"https:\/\/babylove.se\/no\/produkt\/stor-juniorseng-mira-140x200-cm-antrasitt\/","name":"Stor juniorseng Mira 140x200 cm, antrasitt - Babylove Norska","isPartOf":{"@id":"https:\/\/babylove.se\/no\/#website"},"primaryImageOfPage":{"@id":"https:\/\/babylove.se\/no\/produkt\/stor-juniorseng-mira-140x200-cm-antrasitt\/#primaryimage"},"image":{"@id":"https:\/\/babylove.se\/no\/produkt\/stor-juniorseng-mira-140x200-cm-antrasitt\/#primaryimage"},"thumbnailUrl":"https:\/\/babylove.se\/no\/wp-content\/uploads\/sites\/3\/2025\/07\/6839551f0aa36.jpeg","datePublished":"2025-07-19T15:45:19+00:00","dateModified":"2026-04-08T13:33:11+00:00","breadcrumb":{"@id":"https:\/\/babylove.se\/no\/produkt\/stor-juniorseng-mira-140x200-cm-antrasitt\/#breadcrumb"},"inLanguage":"nb-NO","potentialAction":[{"@type":"ReadAction","target":["https:\/\/babylove.se\/no\/produkt\/stor-juniorseng-mira-140x200-cm-antrasitt\/"]}]},{"@type":"ImageObject","inLanguage":"nb-NO","@id":"https:\/\/babylove.se\/no\/produkt\/stor-juniorseng-mira-140x200-cm-antrasitt\/#primaryimage","url":"https:\/\/babylove.se\/no\/wp-content\/uploads\/sites\/3\/2025\/07\/6839551f0aa36.jpeg","contentUrl":"https:\/\/babylove.se\/no\/wp-content\/uploads\/sites\/3\/2025\/07\/6839551f0aa36.jpeg","width":640,"height":480},{"@type":"BreadcrumbList","@id":"https:\/\/babylove.se\/no\/produkt\/stor-juniorseng-mira-140x200-cm-antrasitt\/#breadcrumb","itemListElement":[{"@type":"ListItem","position":1,"name":"Hem","item":"https:\/\/babylove.se\/no\/"},{"@type":"ListItem","position":2,"name":"Butik","item":"https:\/\/babylove.se\/no\/butik\/"},{"@type":"ListItem","position":3,"name":"Stor juniorseng Mira 140&#215;200 cm, antrasitt"}]},{"@type":"WebSite","@id":"https:\/\/babylove.se\/no\/#website","url":"https:\/\/babylove.se\/no\/","name":"Babylove Norska","description":"","potentialAction":[{"@type":"SearchAction","target":{"@type":"EntryPoint","urlTemplate":"https:\/\/babylove.se\/no\/?s={search_term_string}"},"query-input":{"@type":"PropertyValueSpecification","valueRequired":true,"valueName":"search_term_string"}}],"inLanguage":"nb-NO"}]},"product_brand":"LANO","product_price_amount":"3299.00","product_price_currency":"SEK","og_availability":"instock","product_availability":"instock","product_retailer_item_id":"MATI-140x200-anthracit","product_condition":"new"},"_links":{"self":[{"href":"https:\/\/babylove.se\/no\/wp-json\/wp\/v2\/product\/62772","targetHints":{"allow":["GET"]}}],"collection":[{"href":"https:\/\/babylove.se\/no\/wp-json\/wp\/v2\/product"}],"about":[{"href":"https:\/\/babylove.se\/no\/wp-json\/wp\/v2\/types\/product"}],"replies":[{"embeddable":true,"href":"https:\/\/babylove.se\/no\/wp-json\/wp\/v2\/comments?post=62772"}],"wp:featuredmedia":[{"embeddable":true,"href":"https:\/\/babylove.se\/no\/wp-json\/wp\/v2\/media\/62774"}],"wp:attachment":[{"href":"https:\/\/babylove.se\/no\/wp-json\/wp\/v2\/media?parent=62772"}],"wp:term":[{"taxonomy":"product_brand","embeddable":true,"href":"https:\/\/babylove.se\/no\/wp-json\/wp\/v2\/product_brand?post=62772"},{"taxonomy":"product_cat","embeddable":true,"href":"https:\/\/babylove.se\/no\/wp-json\/wp\/v2\/product_cat?post=62772"},{"taxonomy":"product_tag","embeddable":true,"href":"https:\/\/babylove.se\/no\/wp-json\/wp\/v2\/product_tag?post=62772"}],"curies":[{"name":"wp","href":"https:\/\/api.w.org\/{rel}","templated":true}]}}