{"id":62784,"date":"2025-07-19T16:45:19","date_gmt":"2025-07-19T15:45:19","guid":{"rendered":"https:\/\/babylove.se\/produkt\/vit-barnsang-marius-90x200-cm\/"},"modified":"2026-04-08T14:33:20","modified_gmt":"2026-04-08T13:33:20","slug":"hvit-barneseng-marius-90x200-cm","status":"publish","type":"product","link":"https:\/\/babylove.se\/no\/produkt\/hvit-barneseng-marius-90x200-cm\/","title":{"rendered":"Hvit barneseng Marius 90&#215;200 cm"},"content":{"rendered":"<p>Her er den ultimate barnesengen! <\/p>\n<p>En stabil og solid barneseng i tidl\u00f8s design, som ikke bare er en koselig soveplass, men ogs\u00e5 en perfekt innredningsdetalj i barnerommet! Sengen er laget av massiv furu som gj\u00f8r den stabil og solid. Ideell \u00e5 b\u00e5de leke som sove i. <\/p>\n<p>En seng i skandinavisk stilren stil som passer overalt og i alle typer rom. Du kan enkelt dekorere den med fine vimpler eller lysslynger for \u00e5 f\u00e5 mer effekt. <\/p>\n<p>&nbsp; <\/p>\n<p><strong>Info:<\/strong> <\/p>\n<ul>\n<li>Farge: hvit<\/li>\n<li>Sengm\u00e5l: 90&#215;200 cm<\/li>\n<li>Sengens totale dimensjoner: 96&#215;208 cm<\/li>\n<li>100% FSC-sertifisert furutre som sikrer at virket kommer fra ansvarlig skogbruk.<\/li>\n<li>Sengens totale h\u00f8yde: 89,5 cm<\/li>\n<li>Maks vekt: 100 kg per seng.<\/li>\n<\/ul>\n<p>Madrasser er ikke inkludert, men finnes \u00e5 kj\u00f8pe i v\u00e5rt store utvalg! Vi anbefaler en skummadrass med tykkelse p\u00e5 <em>10-12 cm<\/em> for den \u00f8vre sengen og <em><strong>maks<\/strong> 8 cm<\/em> for ekstrasengen. Hvis madrassen til ekstrasengen er tykkere enn 8 cm vil ikke ekstrasengen kunne rulles ut. <\/p>\n<p>Sengene produseres i henhold til standarden EN-747-1: 2012 + A1: 2015 i v\u00e5r fabrikk i Europa som har de h\u00f8yeste sikkerhetsstandardene for produksjon av barnesenger. og kontrollerer hvert steg fra det at t\u00f8mmeret kommer inn i fabrikken til at et ferdig produkt forlater. Sengene lakkeres tre ganger med \u00f8kologisk, milj\u00f8vennlig og vannbasert farge som f\u00f8lger normen EN 71-3:2019. <\/p>\n<p><em><em>Dette er en seng tilvirket og tilpasset for barn. <em><em><em><em><em>Sengen leveres umontert og b\u00f8r settes sammen i rommet den skal brukes i.<\/em><\/em><\/em><\/em><\/em><\/em><\/em><\/p>\n","protected":false},"excerpt":{"rendered":"<p>Her er den ultimate barnesengen! En stabil og solid barneseng i tidl\u00f8s design, som ikke bare er en koselig soveplass, men ogs\u00e5 en perfekt innredningsdetalj i barnerommet! Sengen er laget av massiv furu som gj\u00f8r den stabil og solid. Ideell \u00e5 b\u00e5de leke som sove i. En seng i skandinavisk stilren stil som passer overalt [&hellip;]<\/p>\n","protected":false},"featured_media":62786,"comment_status":"closed","ping_status":"closed","template":"","meta":{"_acf_changed":false},"product_brand":[1319],"product_cat":[399,269,1320,1568,922],"product_tag":[1689],"class_list":{"0":"post-62784","1":"product","2":"type-product","3":"status-publish","4":"has-post-thumbnail","6":"product_brand-lano","7":"product_cat-store-familiesenger-og-barnesenger","8":"product_cat-juniorsenger","9":"product_cat-lano","10":"product_cat-lano-hurtigleveranse","11":"product_cat-nyheter","12":"product_tag-bestillingsvaror","14":"first","15":"instock","16":"taxable","17":"shipping-taxable","18":"purchasable","19":"product-type-simple"},"acf":[],"yoast_head":"<!-- This site is optimized with the Yoast SEO Premium plugin v25.8 (Yoast SEO v27.2) - https:\/\/yoast.com\/product\/yoast-seo-premium-wordpress\/ -->\n<title>Hvit barneseng Marius 90x200 cm - Babylove Norska<\/title>\n<meta name=\"robots\" content=\"noindex, follow, max-snippet:-1, max-image-preview:large, max-video-preview:-1\" \/>\n<meta property=\"og:locale\" content=\"nb_NO\" \/>\n<meta property=\"og:type\" content=\"article\" \/>\n<meta property=\"og:title\" content=\"Hvit barneseng Marius 90x200 cm\" \/>\n<meta property=\"og:description\" content=\"Her er den ultimate barnesengen! En stabil og solid barneseng i tidl\u00f8s design, som ikke bare er en koselig soveplass, men ogs\u00e5 en perfekt innredningsdetalj i barnerommet! Sengen er laget av massiv furu som gj\u00f8r den stabil og solid. Ideell \u00e5 b\u00e5de leke som sove i. En seng i skandinavisk stilren stil som passer overalt [&hellip;]\" \/>\n<meta property=\"og:url\" content=\"https:\/\/babylove.se\/no\/produkt\/hvit-barneseng-marius-90x200-cm\/\" \/>\n<meta property=\"og:site_name\" content=\"Babylove Norska\" \/>\n<meta property=\"article:modified_time\" content=\"2026-04-08T13:33:20+00:00\" \/>\n<meta property=\"og:image\" content=\"https:\/\/babylove.se\/no\/wp-content\/uploads\/sites\/3\/2025\/07\/683958a6b6ec0.jpeg\" \/>\n\t<meta property=\"og:image:width\" content=\"640\" \/>\n\t<meta property=\"og:image:height\" content=\"480\" \/>\n\t<meta property=\"og:image:type\" content=\"image\/jpeg\" \/>\n<meta name=\"twitter:card\" content=\"summary_large_image\" \/>\n<meta name=\"twitter:label1\" content=\"Price\" \/>\n\t<meta name=\"twitter:data1\" content=\"2 299,00&nbsp;&#107;&#114;\" \/>\n\t<meta name=\"twitter:label2\" content=\"Availability\" \/>\n\t<meta name=\"twitter:data2\" content=\"In stock\" \/>\n<script type=\"application\/ld+json\" class=\"yoast-schema-graph\">{\"@context\":\"https:\/\/schema.org\",\"@graph\":[{\"@type\":\"WebPage\",\"@id\":\"https:\/\/babylove.se\/no\/produkt\/hvit-barneseng-marius-90x200-cm\/\",\"url\":\"https:\/\/babylove.se\/no\/produkt\/hvit-barneseng-marius-90x200-cm\/\",\"name\":\"Hvit barneseng Marius 90x200 cm - Babylove Norska\",\"isPartOf\":{\"@id\":\"https:\/\/babylove.se\/no\/#website\"},\"primaryImageOfPage\":{\"@id\":\"https:\/\/babylove.se\/no\/produkt\/hvit-barneseng-marius-90x200-cm\/#primaryimage\"},\"image\":{\"@id\":\"https:\/\/babylove.se\/no\/produkt\/hvit-barneseng-marius-90x200-cm\/#primaryimage\"},\"thumbnailUrl\":\"https:\/\/babylove.se\/no\/wp-content\/uploads\/sites\/3\/2025\/07\/683958a6b6ec0.jpeg\",\"datePublished\":\"2025-07-19T15:45:19+00:00\",\"dateModified\":\"2026-04-08T13:33:20+00:00\",\"breadcrumb\":{\"@id\":\"https:\/\/babylove.se\/no\/produkt\/hvit-barneseng-marius-90x200-cm\/#breadcrumb\"},\"inLanguage\":\"nb-NO\",\"potentialAction\":[{\"@type\":\"ReadAction\",\"target\":[\"https:\/\/babylove.se\/no\/produkt\/hvit-barneseng-marius-90x200-cm\/\"]}]},{\"@type\":\"ImageObject\",\"inLanguage\":\"nb-NO\",\"@id\":\"https:\/\/babylove.se\/no\/produkt\/hvit-barneseng-marius-90x200-cm\/#primaryimage\",\"url\":\"https:\/\/babylove.se\/no\/wp-content\/uploads\/sites\/3\/2025\/07\/683958a6b6ec0.jpeg\",\"contentUrl\":\"https:\/\/babylove.se\/no\/wp-content\/uploads\/sites\/3\/2025\/07\/683958a6b6ec0.jpeg\",\"width\":640,\"height\":480},{\"@type\":\"BreadcrumbList\",\"@id\":\"https:\/\/babylove.se\/no\/produkt\/hvit-barneseng-marius-90x200-cm\/#breadcrumb\",\"itemListElement\":[{\"@type\":\"ListItem\",\"position\":1,\"name\":\"Hem\",\"item\":\"https:\/\/babylove.se\/no\/\"},{\"@type\":\"ListItem\",\"position\":2,\"name\":\"Butik\",\"item\":\"https:\/\/babylove.se\/no\/butik\/\"},{\"@type\":\"ListItem\",\"position\":3,\"name\":\"Hvit barneseng Marius 90&#215;200 cm\"}]},{\"@type\":\"WebSite\",\"@id\":\"https:\/\/babylove.se\/no\/#website\",\"url\":\"https:\/\/babylove.se\/no\/\",\"name\":\"Babylove Norska\",\"description\":\"\",\"potentialAction\":[{\"@type\":\"SearchAction\",\"target\":{\"@type\":\"EntryPoint\",\"urlTemplate\":\"https:\/\/babylove.se\/no\/?s={search_term_string}\"},\"query-input\":{\"@type\":\"PropertyValueSpecification\",\"valueRequired\":true,\"valueName\":\"search_term_string\"}}],\"inLanguage\":\"nb-NO\"}]}<\/script>\n<meta property=\"product:brand\" content=\"LANO\" \/>\n<meta property=\"product:price:amount\" content=\"2299.00\" \/>\n<meta property=\"product:price:currency\" content=\"SEK\" \/>\n<meta property=\"og:availability\" content=\"instock\" \/>\n<meta property=\"product:availability\" content=\"instock\" \/>\n<meta property=\"product:retailer_item_id\" content=\"MARTIN-90x200-vit\" \/>\n<meta property=\"product:condition\" content=\"new\" \/>\n<!-- \/ Yoast SEO Premium plugin. -->","yoast_head_json":{"title":"Hvit barneseng Marius 90x200 cm - Babylove Norska","robots":{"index":"noindex","follow":"follow","max-snippet":"max-snippet:-1","max-image-preview":"max-image-preview:large","max-video-preview":"max-video-preview:-1"},"og_locale":"nb_NO","og_type":"article","og_title":"Hvit barneseng Marius 90x200 cm","og_description":"Her er den ultimate barnesengen! En stabil og solid barneseng i tidl\u00f8s design, som ikke bare er en koselig soveplass, men ogs\u00e5 en perfekt innredningsdetalj i barnerommet! Sengen er laget av massiv furu som gj\u00f8r den stabil og solid. Ideell \u00e5 b\u00e5de leke som sove i. En seng i skandinavisk stilren stil som passer overalt [&hellip;]","og_url":"https:\/\/babylove.se\/no\/produkt\/hvit-barneseng-marius-90x200-cm\/","og_site_name":"Babylove Norska","article_modified_time":"2026-04-08T13:33:20+00:00","og_image":[{"width":640,"height":480,"url":"https:\/\/babylove.se\/no\/wp-content\/uploads\/sites\/3\/2025\/07\/683958a6b6ec0.jpeg","type":"image\/jpeg"}],"twitter_card":"summary_large_image","twitter_misc":{"Price":"2 299,00&nbsp;&#107;&#114;","Availability":"In stock"},"schema":{"@context":"https:\/\/schema.org","@graph":[{"@type":"WebPage","@id":"https:\/\/babylove.se\/no\/produkt\/hvit-barneseng-marius-90x200-cm\/","url":"https:\/\/babylove.se\/no\/produkt\/hvit-barneseng-marius-90x200-cm\/","name":"Hvit barneseng Marius 90x200 cm - Babylove Norska","isPartOf":{"@id":"https:\/\/babylove.se\/no\/#website"},"primaryImageOfPage":{"@id":"https:\/\/babylove.se\/no\/produkt\/hvit-barneseng-marius-90x200-cm\/#primaryimage"},"image":{"@id":"https:\/\/babylove.se\/no\/produkt\/hvit-barneseng-marius-90x200-cm\/#primaryimage"},"thumbnailUrl":"https:\/\/babylove.se\/no\/wp-content\/uploads\/sites\/3\/2025\/07\/683958a6b6ec0.jpeg","datePublished":"2025-07-19T15:45:19+00:00","dateModified":"2026-04-08T13:33:20+00:00","breadcrumb":{"@id":"https:\/\/babylove.se\/no\/produkt\/hvit-barneseng-marius-90x200-cm\/#breadcrumb"},"inLanguage":"nb-NO","potentialAction":[{"@type":"ReadAction","target":["https:\/\/babylove.se\/no\/produkt\/hvit-barneseng-marius-90x200-cm\/"]}]},{"@type":"ImageObject","inLanguage":"nb-NO","@id":"https:\/\/babylove.se\/no\/produkt\/hvit-barneseng-marius-90x200-cm\/#primaryimage","url":"https:\/\/babylove.se\/no\/wp-content\/uploads\/sites\/3\/2025\/07\/683958a6b6ec0.jpeg","contentUrl":"https:\/\/babylove.se\/no\/wp-content\/uploads\/sites\/3\/2025\/07\/683958a6b6ec0.jpeg","width":640,"height":480},{"@type":"BreadcrumbList","@id":"https:\/\/babylove.se\/no\/produkt\/hvit-barneseng-marius-90x200-cm\/#breadcrumb","itemListElement":[{"@type":"ListItem","position":1,"name":"Hem","item":"https:\/\/babylove.se\/no\/"},{"@type":"ListItem","position":2,"name":"Butik","item":"https:\/\/babylove.se\/no\/butik\/"},{"@type":"ListItem","position":3,"name":"Hvit barneseng Marius 90&#215;200 cm"}]},{"@type":"WebSite","@id":"https:\/\/babylove.se\/no\/#website","url":"https:\/\/babylove.se\/no\/","name":"Babylove Norska","description":"","potentialAction":[{"@type":"SearchAction","target":{"@type":"EntryPoint","urlTemplate":"https:\/\/babylove.se\/no\/?s={search_term_string}"},"query-input":{"@type":"PropertyValueSpecification","valueRequired":true,"valueName":"search_term_string"}}],"inLanguage":"nb-NO"}]},"product_brand":"LANO","product_price_amount":"2299.00","product_price_currency":"SEK","og_availability":"instock","product_availability":"instock","product_retailer_item_id":"MARTIN-90x200-vit","product_condition":"new"},"_links":{"self":[{"href":"https:\/\/babylove.se\/no\/wp-json\/wp\/v2\/product\/62784","targetHints":{"allow":["GET"]}}],"collection":[{"href":"https:\/\/babylove.se\/no\/wp-json\/wp\/v2\/product"}],"about":[{"href":"https:\/\/babylove.se\/no\/wp-json\/wp\/v2\/types\/product"}],"replies":[{"embeddable":true,"href":"https:\/\/babylove.se\/no\/wp-json\/wp\/v2\/comments?post=62784"}],"wp:featuredmedia":[{"embeddable":true,"href":"https:\/\/babylove.se\/no\/wp-json\/wp\/v2\/media\/62786"}],"wp:attachment":[{"href":"https:\/\/babylove.se\/no\/wp-json\/wp\/v2\/media?parent=62784"}],"wp:term":[{"taxonomy":"product_brand","embeddable":true,"href":"https:\/\/babylove.se\/no\/wp-json\/wp\/v2\/product_brand?post=62784"},{"taxonomy":"product_cat","embeddable":true,"href":"https:\/\/babylove.se\/no\/wp-json\/wp\/v2\/product_cat?post=62784"},{"taxonomy":"product_tag","embeddable":true,"href":"https:\/\/babylove.se\/no\/wp-json\/wp\/v2\/product_tag?post=62784"}],"curies":[{"name":"wp","href":"https:\/\/api.w.org\/{rel}","templated":true}]}}