{"id":62810,"date":"2025-07-19T16:45:58","date_gmt":"2025-07-19T15:45:58","guid":{"rendered":"https:\/\/babylove.se\/produkt\/bresso-skummadrass-till-barnsang-fler-storlekar\/"},"modified":"2026-04-08T14:33:29","modified_gmt":"2026-04-08T13:33:29","slug":"bresso-skummadrass-til-barneseng-flere-storrelser","status":"publish","type":"product","link":"https:\/\/babylove.se\/no\/produkt\/bresso-skummadrass-til-barneseng-flere-storrelser\/","title":{"rendered":"Bresso, Skummadrass til barneseng (flere st\u00f8rrelser)"},"content":{"rendered":"<p>En behagelig og deilig skummadrass med deilig fyll som passer til en barneseng eller til en husseng. Madrassen har et avtakbart overtrekk som gj\u00f8r at du enkelt kan vaske den og holde den frisk.&nbsp;<\/p>\n<p>Adriano best\u00e5r av en sammensetning av barnevennlig skum i tre forskjellige lag. Det h\u00f8yelastiske skummet deler opp madrassen i 7 forskjellige soner som gir ekstra st\u00f8tte til hver del av kroppen og dermed en st\u00f8rre f\u00f8lelse av komfort. Den st\u00f8rste fordelen med Bresso er dens holdbarhet.<\/p>\n<p>Denne barnemadrass fungerer perfekt til v\u00e5re kjempefine hussenger.<\/p>\n<p>Madrassen er semi-myk, laget for \u00e5 passe barn og s\u00f8rger for en deilig s\u00f8vn.<\/p>\n<p><u>M\u00e5l p\u00e5 madrassen<\/u>: Finnes i forskjellige st\u00f8rrelser.<\/p>\n<ul>\n<li>Tykkelse er cirka 10 cm<\/li>\n<li>Middels fast hardhet H3<\/li>\n<\/ul>\n<p><u>Materiale<\/u>: polyuretanskum T25 og h\u00f8yelastisk skum.&nbsp;<\/p>\n<p>Vasker\u00e5d: Overtrekk maskinvaskes i 30\u00b0 C.<\/p>\n<p>Madrassene produseres i Europa av 100 % OEKO-TEX-sertifisert stoff. Fyllet er antiallergisk samt giftfritt og produseres av sertifisert leverand\u00f8r.<\/p>\n<p><strong>Obs!&nbsp;<\/strong><em>Da madrassen er en spesialtilvirket vare, s\u00e5 gjelder ikke angrerett.&nbsp;<\/em><\/p>\n<p><em>Dette er en barnemadrass og er laget og tilpasset for de minste. Madrassen skal ikke brukes eller testes av voksne.<\/em><\/p>\n<p><em><em>Det kan forekomme fargeavvik p\u00e5 skuminnlegget som skyldes at naturbaserte ingredienser kan variere i farge.<\/em><\/em><\/p>\n","protected":false},"excerpt":{"rendered":"<p>En behagelig og deilig skummadrass med deilig fyll som passer til en barneseng eller til en husseng. Madrassen har et avtakbart overtrekk som gj\u00f8r at du enkelt kan vaske den og holde den frisk.&nbsp; Adriano best\u00e5r av en sammensetning av barnevennlig skum i tre forskjellige lag. Det h\u00f8yelastiske skummet deler opp madrassen i 7 forskjellige [&hellip;]<\/p>\n","protected":false},"featured_media":62812,"comment_status":"closed","ping_status":"open","template":"","meta":{"_acf_changed":false},"product_brand":[378],"product_cat":[377,590],"product_tag":[1689],"class_list":{"0":"post-62810","1":"product","2":"type-product","3":"status-publish","4":"has-post-thumbnail","6":"product_brand-fdm","7":"product_cat-barnmadrasser","8":"product_cat-fdm","9":"product_tag-bestillingsvaror","10":"pa_storlek-100x200-cm","11":"pa_storlek-120x200-cm","12":"pa_storlek-140x200-cm","13":"pa_storlek-160x200-cm","14":"pa_storlek-180x200-cm","15":"pa_storlek-200x200-cm","16":"pa_storlek-60x120-cm","17":"pa_storlek-70x140-cm","18":"pa_storlek-70x160-cm","19":"pa_storlek-80x160-cm","20":"pa_storlek-80x180-cm","21":"pa_storlek-80x190-cm","22":"pa_storlek-90x190-cm","23":"pa_storlek-90x200-cm","25":"first","26":"instock","27":"taxable","28":"shipping-taxable","29":"purchasable","30":"product-type-variable"},"acf":[],"yoast_head":"<!-- This site is optimized with the Yoast SEO Premium plugin v25.8 (Yoast SEO v27.2) - https:\/\/yoast.com\/product\/yoast-seo-premium-wordpress\/ -->\n<title>Bresso, Skummadrass til barneseng (flere st\u00f8rrelser) - Babylove Norska<\/title>\n<meta name=\"robots\" content=\"noindex, follow, max-snippet:-1, max-image-preview:large, max-video-preview:-1\" \/>\n<meta property=\"og:locale\" content=\"nb_NO\" \/>\n<meta property=\"og:type\" content=\"article\" \/>\n<meta property=\"og:title\" content=\"Bresso, Skummadrass til barneseng (flere st\u00f8rrelser)\" \/>\n<meta property=\"og:description\" content=\"En behagelig og deilig skummadrass med deilig fyll som passer til en barneseng eller til en husseng. Madrassen har et avtakbart overtrekk som gj\u00f8r at du enkelt kan vaske den og holde den frisk.&nbsp; Adriano best\u00e5r av en sammensetning av barnevennlig skum i tre forskjellige lag. Det h\u00f8yelastiske skummet deler opp madrassen i 7 forskjellige [&hellip;]\" \/>\n<meta property=\"og:url\" content=\"https:\/\/babylove.se\/no\/produkt\/bresso-skummadrass-til-barneseng-flere-storrelser\/\" \/>\n<meta property=\"og:site_name\" content=\"Babylove Norska\" \/>\n<meta property=\"article:modified_time\" content=\"2026-04-08T13:33:29+00:00\" \/>\n<meta property=\"og:image\" content=\"https:\/\/babylove.se\/no\/wp-content\/uploads\/sites\/3\/2025\/07\/6839b98ebb107.png\" \/>\n\t<meta property=\"og:image:width\" content=\"800\" \/>\n\t<meta property=\"og:image:height\" content=\"800\" \/>\n\t<meta property=\"og:image:type\" content=\"image\/png\" \/>\n<meta name=\"twitter:card\" content=\"summary_large_image\" \/>\n<meta name=\"twitter:label1\" content=\"Availability\" \/>\n\t<meta name=\"twitter:data1\" content=\"In stock\" \/>\n<script type=\"application\/ld+json\" class=\"yoast-schema-graph\">{\"@context\":\"https:\/\/schema.org\",\"@graph\":[{\"@type\":\"WebPage\",\"@id\":\"https:\/\/babylove.se\/no\/produkt\/bresso-skummadrass-til-barneseng-flere-storrelser\/\",\"url\":\"https:\/\/babylove.se\/no\/produkt\/bresso-skummadrass-til-barneseng-flere-storrelser\/\",\"name\":\"Bresso, Skummadrass til barneseng (flere st\u00f8rrelser) - Babylove Norska\",\"isPartOf\":{\"@id\":\"https:\/\/babylove.se\/no\/#website\"},\"primaryImageOfPage\":{\"@id\":\"https:\/\/babylove.se\/no\/produkt\/bresso-skummadrass-til-barneseng-flere-storrelser\/#primaryimage\"},\"image\":{\"@id\":\"https:\/\/babylove.se\/no\/produkt\/bresso-skummadrass-til-barneseng-flere-storrelser\/#primaryimage\"},\"thumbnailUrl\":\"https:\/\/babylove.se\/no\/wp-content\/uploads\/sites\/3\/2025\/07\/6839b98ebb107.png\",\"datePublished\":\"2025-07-19T15:45:58+00:00\",\"dateModified\":\"2026-04-08T13:33:29+00:00\",\"breadcrumb\":{\"@id\":\"https:\/\/babylove.se\/no\/produkt\/bresso-skummadrass-til-barneseng-flere-storrelser\/#breadcrumb\"},\"inLanguage\":\"nb-NO\",\"potentialAction\":[{\"@type\":\"ReadAction\",\"target\":[\"https:\/\/babylove.se\/no\/produkt\/bresso-skummadrass-til-barneseng-flere-storrelser\/\"]}]},{\"@type\":\"ImageObject\",\"inLanguage\":\"nb-NO\",\"@id\":\"https:\/\/babylove.se\/no\/produkt\/bresso-skummadrass-til-barneseng-flere-storrelser\/#primaryimage\",\"url\":\"https:\/\/babylove.se\/no\/wp-content\/uploads\/sites\/3\/2025\/07\/6839b98ebb107.png\",\"contentUrl\":\"https:\/\/babylove.se\/no\/wp-content\/uploads\/sites\/3\/2025\/07\/6839b98ebb107.png\",\"width\":800,\"height\":800},{\"@type\":\"BreadcrumbList\",\"@id\":\"https:\/\/babylove.se\/no\/produkt\/bresso-skummadrass-til-barneseng-flere-storrelser\/#breadcrumb\",\"itemListElement\":[{\"@type\":\"ListItem\",\"position\":1,\"name\":\"Hem\",\"item\":\"https:\/\/babylove.se\/no\/\"},{\"@type\":\"ListItem\",\"position\":2,\"name\":\"Butik\",\"item\":\"https:\/\/babylove.se\/no\/butik\/\"},{\"@type\":\"ListItem\",\"position\":3,\"name\":\"Bresso, Skummadrass til barneseng (flere st\u00f8rrelser)\"}]},{\"@type\":\"WebSite\",\"@id\":\"https:\/\/babylove.se\/no\/#website\",\"url\":\"https:\/\/babylove.se\/no\/\",\"name\":\"Babylove Norska\",\"description\":\"\",\"potentialAction\":[{\"@type\":\"SearchAction\",\"target\":{\"@type\":\"EntryPoint\",\"urlTemplate\":\"https:\/\/babylove.se\/no\/?s={search_term_string}\"},\"query-input\":{\"@type\":\"PropertyValueSpecification\",\"valueRequired\":true,\"valueName\":\"search_term_string\"}}],\"inLanguage\":\"nb-NO\"}]}<\/script>\n<meta property=\"product:brand\" content=\"FDM\" \/>\n<meta property=\"og:availability\" content=\"instock\" \/>\n<meta property=\"product:availability\" content=\"instock\" \/>\n<meta property=\"product:retailer_item_id\" content=\"bresso-60x120-cm-olika-storlekar\" \/>\n<meta property=\"product:condition\" content=\"new\" \/>\n<!-- \/ Yoast SEO Premium plugin. -->","yoast_head_json":{"title":"Bresso, Skummadrass til barneseng (flere st\u00f8rrelser) - Babylove Norska","robots":{"index":"noindex","follow":"follow","max-snippet":"max-snippet:-1","max-image-preview":"max-image-preview:large","max-video-preview":"max-video-preview:-1"},"og_locale":"nb_NO","og_type":"article","og_title":"Bresso, Skummadrass til barneseng (flere st\u00f8rrelser)","og_description":"En behagelig og deilig skummadrass med deilig fyll som passer til en barneseng eller til en husseng. Madrassen har et avtakbart overtrekk som gj\u00f8r at du enkelt kan vaske den og holde den frisk.&nbsp; Adriano best\u00e5r av en sammensetning av barnevennlig skum i tre forskjellige lag. Det h\u00f8yelastiske skummet deler opp madrassen i 7 forskjellige [&hellip;]","og_url":"https:\/\/babylove.se\/no\/produkt\/bresso-skummadrass-til-barneseng-flere-storrelser\/","og_site_name":"Babylove Norska","article_modified_time":"2026-04-08T13:33:29+00:00","og_image":[{"width":800,"height":800,"url":"https:\/\/babylove.se\/no\/wp-content\/uploads\/sites\/3\/2025\/07\/6839b98ebb107.png","type":"image\/png"}],"twitter_card":"summary_large_image","twitter_misc":{"Availability":"In stock"},"schema":{"@context":"https:\/\/schema.org","@graph":[{"@type":"WebPage","@id":"https:\/\/babylove.se\/no\/produkt\/bresso-skummadrass-til-barneseng-flere-storrelser\/","url":"https:\/\/babylove.se\/no\/produkt\/bresso-skummadrass-til-barneseng-flere-storrelser\/","name":"Bresso, Skummadrass til barneseng (flere st\u00f8rrelser) - Babylove Norska","isPartOf":{"@id":"https:\/\/babylove.se\/no\/#website"},"primaryImageOfPage":{"@id":"https:\/\/babylove.se\/no\/produkt\/bresso-skummadrass-til-barneseng-flere-storrelser\/#primaryimage"},"image":{"@id":"https:\/\/babylove.se\/no\/produkt\/bresso-skummadrass-til-barneseng-flere-storrelser\/#primaryimage"},"thumbnailUrl":"https:\/\/babylove.se\/no\/wp-content\/uploads\/sites\/3\/2025\/07\/6839b98ebb107.png","datePublished":"2025-07-19T15:45:58+00:00","dateModified":"2026-04-08T13:33:29+00:00","breadcrumb":{"@id":"https:\/\/babylove.se\/no\/produkt\/bresso-skummadrass-til-barneseng-flere-storrelser\/#breadcrumb"},"inLanguage":"nb-NO","potentialAction":[{"@type":"ReadAction","target":["https:\/\/babylove.se\/no\/produkt\/bresso-skummadrass-til-barneseng-flere-storrelser\/"]}]},{"@type":"ImageObject","inLanguage":"nb-NO","@id":"https:\/\/babylove.se\/no\/produkt\/bresso-skummadrass-til-barneseng-flere-storrelser\/#primaryimage","url":"https:\/\/babylove.se\/no\/wp-content\/uploads\/sites\/3\/2025\/07\/6839b98ebb107.png","contentUrl":"https:\/\/babylove.se\/no\/wp-content\/uploads\/sites\/3\/2025\/07\/6839b98ebb107.png","width":800,"height":800},{"@type":"BreadcrumbList","@id":"https:\/\/babylove.se\/no\/produkt\/bresso-skummadrass-til-barneseng-flere-storrelser\/#breadcrumb","itemListElement":[{"@type":"ListItem","position":1,"name":"Hem","item":"https:\/\/babylove.se\/no\/"},{"@type":"ListItem","position":2,"name":"Butik","item":"https:\/\/babylove.se\/no\/butik\/"},{"@type":"ListItem","position":3,"name":"Bresso, Skummadrass til barneseng (flere st\u00f8rrelser)"}]},{"@type":"WebSite","@id":"https:\/\/babylove.se\/no\/#website","url":"https:\/\/babylove.se\/no\/","name":"Babylove Norska","description":"","potentialAction":[{"@type":"SearchAction","target":{"@type":"EntryPoint","urlTemplate":"https:\/\/babylove.se\/no\/?s={search_term_string}"},"query-input":{"@type":"PropertyValueSpecification","valueRequired":true,"valueName":"search_term_string"}}],"inLanguage":"nb-NO"}]},"product_brand":"FDM","og_availability":"instock","product_availability":"instock","product_retailer_item_id":"bresso-60x120-cm-olika-storlekar","product_condition":"new"},"_links":{"self":[{"href":"https:\/\/babylove.se\/no\/wp-json\/wp\/v2\/product\/62810","targetHints":{"allow":["GET"]}}],"collection":[{"href":"https:\/\/babylove.se\/no\/wp-json\/wp\/v2\/product"}],"about":[{"href":"https:\/\/babylove.se\/no\/wp-json\/wp\/v2\/types\/product"}],"replies":[{"embeddable":true,"href":"https:\/\/babylove.se\/no\/wp-json\/wp\/v2\/comments?post=62810"}],"wp:featuredmedia":[{"embeddable":true,"href":"https:\/\/babylove.se\/no\/wp-json\/wp\/v2\/media\/62812"}],"wp:attachment":[{"href":"https:\/\/babylove.se\/no\/wp-json\/wp\/v2\/media?parent=62810"}],"wp:term":[{"taxonomy":"product_brand","embeddable":true,"href":"https:\/\/babylove.se\/no\/wp-json\/wp\/v2\/product_brand?post=62810"},{"taxonomy":"product_cat","embeddable":true,"href":"https:\/\/babylove.se\/no\/wp-json\/wp\/v2\/product_cat?post=62810"},{"taxonomy":"product_tag","embeddable":true,"href":"https:\/\/babylove.se\/no\/wp-json\/wp\/v2\/product_tag?post=62810"}],"curies":[{"name":"wp","href":"https:\/\/api.w.org\/{rel}","templated":true}]}}