{"id":62880,"date":"2025-07-19T16:46:47","date_gmt":"2025-07-19T15:46:47","guid":{"rendered":"https:\/\/babylove.se\/produkt\/barnsang-zora-120x200-cm-antracit\/"},"modified":"2026-04-08T14:34:04","modified_gmt":"2026-04-08T13:34:04","slug":"barnesang-zora-120x200-cm-antracit","status":"publish","type":"product","link":"https:\/\/babylove.se\/no\/produkt\/barnesang-zora-120x200-cm-antracit\/","title":{"rendered":"Barneseng Zora 120&#215;200 cm, antrasitt"},"content":{"rendered":"<p data-end=\"179\" data-start=\"119\"><strong data-end=\"179\" data-start=\"119\">En trygg og tidl\u00f8s juniorseng for lek, s\u00f8vn og fantasi!<\/strong><\/p>\n<p data-end=\"466\" data-start=\"181\">Leter du etter en juniorseng som f\u00f8les b\u00e5de sikker, holdbar og vakker i barnerommet? Da er dette et valg \u00e5 stole p\u00e5. Sengen er laget i massiv furu og har en stabil, tidl\u00f8s design som gj\u00f8r den til en naturlig del av barnets hverdag ? fra rolige hvilestunder til lekne eventyr.<\/p>\n<p data-end=\"676\" data-start=\"468\">Den skandinavisk stilrene formen passer i de fleste hjem og innredninger. Skape en enda kosligere f\u00f8lelse med en sengehimmel, myke lysslynger eller lekne vimpler ? og gi plass til b\u00e5de trygghet og fantasi.<\/p>\n<p><strong>Info:<\/strong> <\/p>\n<ul>\n<li>Farge: antrasitt<\/li>\n<li>100% FSC-sertifisert furutre som sikrer at virket kommer fra ansvarlig skogbruk.<\/li>\n<li>Maks vekt: 100 kg.<\/li>\n<\/ul>\n<p><strong>M\u00e5l: <\/strong> <\/p>\n<ul>\n<li>Sengem\u00e5l: 120&#215;200 cm<\/li>\n<li>Sengens totale dimensjoner: 126&#215;208 cm<\/li>\n<li>Sengens h\u00f8yde: 29 cm<\/li>\n<li>\u00c5pning: 116 cm<\/li>\n<li>Avstand mellom bordene (st\u00f8ttebord): 6,5 cm<\/li>\n<\/ul>\n<p>Madrass f\u00f8lger ikke med, men ta gjerne en titt p\u00e5 v\u00e5rt store madrassutvalg. Vi anbefaler en skummadrass med tykkelse p\u00e5 ca 10-12 cm. <\/p>\n<p>Sengene produseres i henhold til standarden EN-747-1: 2012 + A1: 2015 i v\u00e5r fabrikk i Europa som har de h\u00f8yeste sikkerhetsstandardene for produksjon av barnesenger. og kontrollerer hvert steg fra treet kommer inn p\u00e5 fabrikken til et ferdig produkt forlater. Sengene lakkeres tre ganger med \u00f8kologisk, milj\u00f8vennlig og vannbasert maling som f\u00f8lger normen EN 71-3:2019. <\/p>\n<p><em><em>Dette er en seng laget og tilpasset for barn. <em><em><em><em><em>Sengen leveres umontert<\/em><\/em><\/em><\/em><\/em><\/em><\/em><\/p>\n","protected":false},"excerpt":{"rendered":"<p>En trygg og tidl\u00f8s juniorseng for lek, s\u00f8vn og fantasi! Leter du etter en juniorseng som f\u00f8les b\u00e5de sikker, holdbar og vakker i barnerommet? Da er dette et valg \u00e5 stole p\u00e5. Sengen er laget i massiv furu og har en stabil, tidl\u00f8s design som gj\u00f8r den til en naturlig del av barnets hverdag ? [&hellip;]<\/p>\n","protected":false},"featured_media":62882,"comment_status":"open","ping_status":"closed","template":"","meta":{"_acf_changed":false},"product_brand":[1319],"product_cat":[269,1320,922],"product_tag":[1689],"class_list":{"0":"post-62880","1":"product","2":"type-product","3":"status-publish","4":"has-post-thumbnail","6":"product_brand-lano","7":"product_cat-juniorsenger","8":"product_cat-lano","9":"product_cat-nyheter","10":"product_tag-bestillingsvaror","12":"first","13":"instock","14":"taxable","15":"shipping-taxable","16":"purchasable","17":"product-type-simple"},"acf":[],"yoast_head":"<!-- This site is optimized with the Yoast SEO Premium plugin v25.8 (Yoast SEO v27.2) - https:\/\/yoast.com\/product\/yoast-seo-premium-wordpress\/ -->\n<title>Barneseng Zora 120x200 cm, antrasitt - Babylove Norska<\/title>\n<meta name=\"robots\" content=\"noindex, follow, max-snippet:-1, max-image-preview:large, max-video-preview:-1\" \/>\n<meta property=\"og:locale\" content=\"nb_NO\" \/>\n<meta property=\"og:type\" content=\"article\" \/>\n<meta property=\"og:title\" content=\"Barneseng Zora 120x200 cm, antrasitt\" \/>\n<meta property=\"og:description\" content=\"En trygg og tidl\u00f8s juniorseng for lek, s\u00f8vn og fantasi! Leter du etter en juniorseng som f\u00f8les b\u00e5de sikker, holdbar og vakker i barnerommet? Da er dette et valg \u00e5 stole p\u00e5. Sengen er laget i massiv furu og har en stabil, tidl\u00f8s design som gj\u00f8r den til en naturlig del av barnets hverdag ? [&hellip;]\" \/>\n<meta property=\"og:url\" content=\"https:\/\/babylove.se\/no\/produkt\/barnesang-zora-120x200-cm-antracit\/\" \/>\n<meta property=\"og:site_name\" content=\"Babylove Norska\" \/>\n<meta property=\"article:modified_time\" content=\"2026-04-08T13:34:04+00:00\" \/>\n<meta property=\"og:image\" content=\"https:\/\/babylove.se\/no\/wp-content\/uploads\/sites\/3\/2025\/07\/683c482b5e83a.jpeg\" \/>\n\t<meta property=\"og:image:width\" content=\"640\" \/>\n\t<meta property=\"og:image:height\" content=\"480\" \/>\n\t<meta property=\"og:image:type\" content=\"image\/jpeg\" \/>\n<meta name=\"twitter:card\" content=\"summary_large_image\" \/>\n<meta name=\"twitter:label1\" content=\"Price\" \/>\n\t<meta name=\"twitter:data1\" content=\"2 499,00&nbsp;&#107;&#114;\" \/>\n\t<meta name=\"twitter:label2\" content=\"Availability\" \/>\n\t<meta name=\"twitter:data2\" content=\"In stock\" \/>\n<script type=\"application\/ld+json\" class=\"yoast-schema-graph\">{\"@context\":\"https:\/\/schema.org\",\"@graph\":[{\"@type\":\"WebPage\",\"@id\":\"https:\/\/babylove.se\/no\/produkt\/barnesang-zora-120x200-cm-antracit\/\",\"url\":\"https:\/\/babylove.se\/no\/produkt\/barnesang-zora-120x200-cm-antracit\/\",\"name\":\"Barneseng Zora 120x200 cm, antrasitt - Babylove Norska\",\"isPartOf\":{\"@id\":\"https:\/\/babylove.se\/no\/#website\"},\"primaryImageOfPage\":{\"@id\":\"https:\/\/babylove.se\/no\/produkt\/barnesang-zora-120x200-cm-antracit\/#primaryimage\"},\"image\":{\"@id\":\"https:\/\/babylove.se\/no\/produkt\/barnesang-zora-120x200-cm-antracit\/#primaryimage\"},\"thumbnailUrl\":\"https:\/\/babylove.se\/no\/wp-content\/uploads\/sites\/3\/2025\/07\/683c482b5e83a.jpeg\",\"datePublished\":\"2025-07-19T15:46:47+00:00\",\"dateModified\":\"2026-04-08T13:34:04+00:00\",\"breadcrumb\":{\"@id\":\"https:\/\/babylove.se\/no\/produkt\/barnesang-zora-120x200-cm-antracit\/#breadcrumb\"},\"inLanguage\":\"nb-NO\",\"potentialAction\":[{\"@type\":\"ReadAction\",\"target\":[\"https:\/\/babylove.se\/no\/produkt\/barnesang-zora-120x200-cm-antracit\/\"]}]},{\"@type\":\"ImageObject\",\"inLanguage\":\"nb-NO\",\"@id\":\"https:\/\/babylove.se\/no\/produkt\/barnesang-zora-120x200-cm-antracit\/#primaryimage\",\"url\":\"https:\/\/babylove.se\/no\/wp-content\/uploads\/sites\/3\/2025\/07\/683c482b5e83a.jpeg\",\"contentUrl\":\"https:\/\/babylove.se\/no\/wp-content\/uploads\/sites\/3\/2025\/07\/683c482b5e83a.jpeg\",\"width\":640,\"height\":480},{\"@type\":\"BreadcrumbList\",\"@id\":\"https:\/\/babylove.se\/no\/produkt\/barnesang-zora-120x200-cm-antracit\/#breadcrumb\",\"itemListElement\":[{\"@type\":\"ListItem\",\"position\":1,\"name\":\"Hem\",\"item\":\"https:\/\/babylove.se\/no\/\"},{\"@type\":\"ListItem\",\"position\":2,\"name\":\"Butik\",\"item\":\"https:\/\/babylove.se\/no\/butik\/\"},{\"@type\":\"ListItem\",\"position\":3,\"name\":\"Barneseng Zora 120&#215;200 cm, antrasitt\"}]},{\"@type\":\"WebSite\",\"@id\":\"https:\/\/babylove.se\/no\/#website\",\"url\":\"https:\/\/babylove.se\/no\/\",\"name\":\"Babylove Norska\",\"description\":\"\",\"potentialAction\":[{\"@type\":\"SearchAction\",\"target\":{\"@type\":\"EntryPoint\",\"urlTemplate\":\"https:\/\/babylove.se\/no\/?s={search_term_string}\"},\"query-input\":{\"@type\":\"PropertyValueSpecification\",\"valueRequired\":true,\"valueName\":\"search_term_string\"}}],\"inLanguage\":\"nb-NO\"}]}<\/script>\n<meta property=\"product:brand\" content=\"LANO\" \/>\n<meta property=\"product:price:amount\" content=\"2499.00\" \/>\n<meta property=\"product:price:currency\" content=\"SEK\" \/>\n<meta property=\"og:availability\" content=\"instock\" \/>\n<meta property=\"product:availability\" content=\"instock\" \/>\n<meta property=\"product:retailer_item_id\" content=\"ZOFIA-120x200-anthracit\" \/>\n<meta property=\"product:condition\" content=\"new\" \/>\n<!-- \/ Yoast SEO Premium plugin. -->","yoast_head_json":{"title":"Barneseng Zora 120x200 cm, antrasitt - Babylove Norska","robots":{"index":"noindex","follow":"follow","max-snippet":"max-snippet:-1","max-image-preview":"max-image-preview:large","max-video-preview":"max-video-preview:-1"},"og_locale":"nb_NO","og_type":"article","og_title":"Barneseng Zora 120x200 cm, antrasitt","og_description":"En trygg og tidl\u00f8s juniorseng for lek, s\u00f8vn og fantasi! Leter du etter en juniorseng som f\u00f8les b\u00e5de sikker, holdbar og vakker i barnerommet? Da er dette et valg \u00e5 stole p\u00e5. Sengen er laget i massiv furu og har en stabil, tidl\u00f8s design som gj\u00f8r den til en naturlig del av barnets hverdag ? [&hellip;]","og_url":"https:\/\/babylove.se\/no\/produkt\/barnesang-zora-120x200-cm-antracit\/","og_site_name":"Babylove Norska","article_modified_time":"2026-04-08T13:34:04+00:00","og_image":[{"width":640,"height":480,"url":"https:\/\/babylove.se\/no\/wp-content\/uploads\/sites\/3\/2025\/07\/683c482b5e83a.jpeg","type":"image\/jpeg"}],"twitter_card":"summary_large_image","twitter_misc":{"Price":"2 499,00&nbsp;&#107;&#114;","Availability":"In stock"},"schema":{"@context":"https:\/\/schema.org","@graph":[{"@type":"WebPage","@id":"https:\/\/babylove.se\/no\/produkt\/barnesang-zora-120x200-cm-antracit\/","url":"https:\/\/babylove.se\/no\/produkt\/barnesang-zora-120x200-cm-antracit\/","name":"Barneseng Zora 120x200 cm, antrasitt - Babylove Norska","isPartOf":{"@id":"https:\/\/babylove.se\/no\/#website"},"primaryImageOfPage":{"@id":"https:\/\/babylove.se\/no\/produkt\/barnesang-zora-120x200-cm-antracit\/#primaryimage"},"image":{"@id":"https:\/\/babylove.se\/no\/produkt\/barnesang-zora-120x200-cm-antracit\/#primaryimage"},"thumbnailUrl":"https:\/\/babylove.se\/no\/wp-content\/uploads\/sites\/3\/2025\/07\/683c482b5e83a.jpeg","datePublished":"2025-07-19T15:46:47+00:00","dateModified":"2026-04-08T13:34:04+00:00","breadcrumb":{"@id":"https:\/\/babylove.se\/no\/produkt\/barnesang-zora-120x200-cm-antracit\/#breadcrumb"},"inLanguage":"nb-NO","potentialAction":[{"@type":"ReadAction","target":["https:\/\/babylove.se\/no\/produkt\/barnesang-zora-120x200-cm-antracit\/"]}]},{"@type":"ImageObject","inLanguage":"nb-NO","@id":"https:\/\/babylove.se\/no\/produkt\/barnesang-zora-120x200-cm-antracit\/#primaryimage","url":"https:\/\/babylove.se\/no\/wp-content\/uploads\/sites\/3\/2025\/07\/683c482b5e83a.jpeg","contentUrl":"https:\/\/babylove.se\/no\/wp-content\/uploads\/sites\/3\/2025\/07\/683c482b5e83a.jpeg","width":640,"height":480},{"@type":"BreadcrumbList","@id":"https:\/\/babylove.se\/no\/produkt\/barnesang-zora-120x200-cm-antracit\/#breadcrumb","itemListElement":[{"@type":"ListItem","position":1,"name":"Hem","item":"https:\/\/babylove.se\/no\/"},{"@type":"ListItem","position":2,"name":"Butik","item":"https:\/\/babylove.se\/no\/butik\/"},{"@type":"ListItem","position":3,"name":"Barneseng Zora 120&#215;200 cm, antrasitt"}]},{"@type":"WebSite","@id":"https:\/\/babylove.se\/no\/#website","url":"https:\/\/babylove.se\/no\/","name":"Babylove Norska","description":"","potentialAction":[{"@type":"SearchAction","target":{"@type":"EntryPoint","urlTemplate":"https:\/\/babylove.se\/no\/?s={search_term_string}"},"query-input":{"@type":"PropertyValueSpecification","valueRequired":true,"valueName":"search_term_string"}}],"inLanguage":"nb-NO"}]},"product_brand":"LANO","product_price_amount":"2499.00","product_price_currency":"SEK","og_availability":"instock","product_availability":"instock","product_retailer_item_id":"ZOFIA-120x200-anthracit","product_condition":"new"},"_links":{"self":[{"href":"https:\/\/babylove.se\/no\/wp-json\/wp\/v2\/product\/62880","targetHints":{"allow":["GET"]}}],"collection":[{"href":"https:\/\/babylove.se\/no\/wp-json\/wp\/v2\/product"}],"about":[{"href":"https:\/\/babylove.se\/no\/wp-json\/wp\/v2\/types\/product"}],"replies":[{"embeddable":true,"href":"https:\/\/babylove.se\/no\/wp-json\/wp\/v2\/comments?post=62880"}],"wp:featuredmedia":[{"embeddable":true,"href":"https:\/\/babylove.se\/no\/wp-json\/wp\/v2\/media\/62882"}],"wp:attachment":[{"href":"https:\/\/babylove.se\/no\/wp-json\/wp\/v2\/media?parent=62880"}],"wp:term":[{"taxonomy":"product_brand","embeddable":true,"href":"https:\/\/babylove.se\/no\/wp-json\/wp\/v2\/product_brand?post=62880"},{"taxonomy":"product_cat","embeddable":true,"href":"https:\/\/babylove.se\/no\/wp-json\/wp\/v2\/product_cat?post=62880"},{"taxonomy":"product_tag","embeddable":true,"href":"https:\/\/babylove.se\/no\/wp-json\/wp\/v2\/product_tag?post=62880"}],"curies":[{"name":"wp","href":"https:\/\/api.w.org\/{rel}","templated":true}]}}