{"id":62892,"date":"2025-07-19T16:47:01","date_gmt":"2025-07-19T15:47:01","guid":{"rendered":"https:\/\/babylove.se\/produkt\/loftsang-mio\/"},"modified":"2026-04-08T14:34:13","modified_gmt":"2026-04-08T13:34:13","slug":"loftsang-mio","status":"publish","type":"product","link":"https:\/\/babylove.se\/no\/produkt\/loftsang-mio\/","title":{"rendered":"Loftsseng Mio"},"content":{"rendered":"<p data-end=\"149\" data-start=\"83\"><strong data-end=\"149\" data-start=\"83\">Leter du etter den perfekte loftssengen? Da har du funnet rett!<\/strong><\/p>\n<p> \\n<\/p>\n<p data-end=\"368\" data-start=\"151\">V\u00e5r loftsseng Mio er b\u00e5de stabil og gjennomtenkt \u2013 laget i massiv furu for \u00e5 holde i mange \u00e5r med lek, hvile og eventyr. Den stilrene, skandinaviske designen gj\u00f8r at sengen passer like godt i sm\u00e5 som store barnerom.<\/p>\n<p> \\n<\/p>\n<p data-end=\"676\" data-start=\"370\">Takket v\u00e6re den smarte konstruksjonen frigj\u00f8res verdifull gulvplass under sengen \u2013 perfekt for \u00e5 skape et koselig lesehj\u00f8rne, et lekeomr\u00e5de eller kanskje et lite skrivebord. Mange velger \u00e5 dekorere med lysslynger, sengehimmel eller vimpler for \u00e5 gj\u00f8re det ekstra koselig. Her er det bare fantasien som setter grenser.<\/p>\n<p> \\n<\/p>\n<p data-end=\"748\" data-start=\"678\">En seng som raskt blir barnets egen favorittsted \u2013 b\u00e5de dag og natt.<\/p>\n<p> \\n<\/p>\n<p data-end=\"762\" data-start=\"750\"><strong data-end=\"762\" data-start=\"750\">Tilvalg:<\/strong><\/p>\n<p> \\n<\/p>\n<p data-end=\"1019\" data-start=\"764\">\u2022 Farge: velg mellom natur (lakkert), hvit, gr\u00e5, kasjmir, oliven og antrasitt. Alle senger i natur er behandlet med vannbasert lakk. Legg igjen en kommentar i kassen hvis du \u00f8nsker en ubehandlet naturseng.<br data-start=\"961\" data-end=\"964\" \/>\u2022 Sengen finnes i to st\u00f8rrelser: 80&#215;180 cm og 90&#215;200 cm<\/p>\n<p> \\n<\/p>\n<p data-end=\"1030\" data-start=\"1021\"><strong data-end=\"1030\" data-start=\"1021\">Info:<\/strong><\/p>\n<p> \\n<\/p>\n<p data-end=\"1325\" data-start=\"1032\">\u2022 100 % FSC-sertifisert furutre fra ansvarlig skogbruk<br data-start=\"1091\" data-end=\"1094\" \/>\u2022 Rekkverkets h\u00f8yde: 25 cm<br data-start=\"1115\" data-end=\"1118\" \/>\u2022 Sengens totale h\u00f8yde: 224 cm<br data-start=\"1147\" data-end=\"1150\" \/>\u2022 H\u00f8yde fra gulv til seng: 80 cm<br data-start=\"1183\" data-end=\"1186\" \/>\u2022 Maks vekt: 100 kg<br data-start=\"1204\" data-end=\"1207\" \/>\u2022 Madrass er ikke inkludert \u2013 ta gjerne en titt i v\u00e5rt store madrassutvalg. Vi anbefaler en skummadrass med tykkelse p\u00e5 ca 10\u201312 cm<\/p>\n<p> \\n<\/p>\n<p data-end=\"1702\" data-start=\"1327\">Sengene produseres i henhold til standarden EN-747-1:2012 + A1:2015 i v\u00e5r fabrikk i Europa, som f\u00f8lger de h\u00f8yeste sikkerhetsstandardene for barnesenger. Hvert steg i produksjonen kontrolleres n\u00f8ye \u2013 fra t\u00f8mmeret ankommer til det ferdige produktet forlater fabrikken. Sengene lakkeres tre ganger med \u00f8kologisk, milj\u00f8vennlig og vannbasert farge i henhold til standard EN 71-3:2019.<\/p>\n<p> \\n<\/p>\n<p data-end=\"1904\" data-start=\"1771\">Dette er en seng som er laget og tilpasset for barn. Sengen leveres umontert og b\u00f8r monteres i det rommet hvor den skal brukes.<\/p>\n","protected":false},"excerpt":{"rendered":"<p>Leter du etter den perfekte loftssengen? Da har du funnet rett! \\n V\u00e5r loftsseng Mio er b\u00e5de stabil og gjennomtenkt \u2013 laget i massiv furu for \u00e5 holde i mange \u00e5r med lek, hvile og eventyr. Den stilrene, skandinaviske designen gj\u00f8r at sengen passer like godt i sm\u00e5 som store barnerom. \\n Takket v\u00e6re den [&hellip;]<\/p>\n","protected":false},"featured_media":62894,"comment_status":"open","ping_status":"closed","template":"","meta":{"_acf_changed":false},"product_brand":[1319],"product_cat":[385,1320,922],"product_tag":[1689],"class_list":{"0":"post-62892","1":"product","2":"type-product","3":"status-publish","4":"has-post-thumbnail","6":"product_brand-lano","7":"product_cat-koyesenger-loftsenger","8":"product_cat-lano","9":"product_cat-nyheter","10":"product_tag-bestillingsvaror","11":"pa_baddmatt-80x180-cm","12":"pa_baddmatt-90x200-cm","13":"pa_farg-antracit","14":"pa_farg-gra","15":"pa_farg-kashmir","16":"pa_farg-natur-lackad","17":"pa_farg-olive","18":"pa_farg-vit","20":"first","21":"instock","22":"taxable","23":"shipping-taxable","24":"purchasable","25":"product-type-variable"},"acf":[],"yoast_head":"<!-- This site is optimized with the Yoast SEO Premium plugin v25.8 (Yoast SEO v27.2) - https:\/\/yoast.com\/product\/yoast-seo-premium-wordpress\/ -->\n<title>Loftsseng Mio - Babylove Norska<\/title>\n<meta name=\"robots\" content=\"noindex, follow, max-snippet:-1, max-image-preview:large, max-video-preview:-1\" \/>\n<meta property=\"og:locale\" content=\"nb_NO\" \/>\n<meta property=\"og:type\" content=\"article\" \/>\n<meta property=\"og:title\" content=\"Loftsseng Mio\" \/>\n<meta property=\"og:description\" content=\"Leter du etter den perfekte loftssengen? Da har du funnet rett! n V\u00e5r loftsseng Mio er b\u00e5de stabil og gjennomtenkt \u2013 laget i massiv furu for \u00e5 holde i mange \u00e5r med lek, hvile og eventyr. Den stilrene, skandinaviske designen gj\u00f8r at sengen passer like godt i sm\u00e5 som store barnerom. n Takket v\u00e6re den [&hellip;]\" \/>\n<meta property=\"og:url\" content=\"https:\/\/babylove.se\/no\/produkt\/loftsang-mio\/\" \/>\n<meta property=\"og:site_name\" content=\"Babylove Norska\" \/>\n<meta property=\"article:modified_time\" content=\"2026-04-08T13:34:13+00:00\" \/>\n<meta property=\"og:image\" content=\"https:\/\/babylove.se\/no\/wp-content\/uploads\/sites\/3\/2025\/07\/683c4c5a20d5a.jpeg\" \/>\n\t<meta property=\"og:image:width\" content=\"640\" \/>\n\t<meta property=\"og:image:height\" content=\"480\" \/>\n\t<meta property=\"og:image:type\" content=\"image\/jpeg\" \/>\n<meta name=\"twitter:card\" content=\"summary_large_image\" \/>\n<meta name=\"twitter:label1\" content=\"Availability\" \/>\n\t<meta name=\"twitter:data1\" content=\"In stock\" \/>\n<script type=\"application\/ld+json\" class=\"yoast-schema-graph\">{\"@context\":\"https:\/\/schema.org\",\"@graph\":[{\"@type\":\"WebPage\",\"@id\":\"https:\/\/babylove.se\/no\/produkt\/loftsang-mio\/\",\"url\":\"https:\/\/babylove.se\/no\/produkt\/loftsang-mio\/\",\"name\":\"Loftsseng Mio - Babylove Norska\",\"isPartOf\":{\"@id\":\"https:\/\/babylove.se\/no\/#website\"},\"primaryImageOfPage\":{\"@id\":\"https:\/\/babylove.se\/no\/produkt\/loftsang-mio\/#primaryimage\"},\"image\":{\"@id\":\"https:\/\/babylove.se\/no\/produkt\/loftsang-mio\/#primaryimage\"},\"thumbnailUrl\":\"https:\/\/babylove.se\/no\/wp-content\/uploads\/sites\/3\/2025\/07\/683c4c5a20d5a.jpeg\",\"datePublished\":\"2025-07-19T15:47:01+00:00\",\"dateModified\":\"2026-04-08T13:34:13+00:00\",\"breadcrumb\":{\"@id\":\"https:\/\/babylove.se\/no\/produkt\/loftsang-mio\/#breadcrumb\"},\"inLanguage\":\"nb-NO\",\"potentialAction\":[{\"@type\":\"ReadAction\",\"target\":[\"https:\/\/babylove.se\/no\/produkt\/loftsang-mio\/\"]}]},{\"@type\":\"ImageObject\",\"inLanguage\":\"nb-NO\",\"@id\":\"https:\/\/babylove.se\/no\/produkt\/loftsang-mio\/#primaryimage\",\"url\":\"https:\/\/babylove.se\/no\/wp-content\/uploads\/sites\/3\/2025\/07\/683c4c5a20d5a.jpeg\",\"contentUrl\":\"https:\/\/babylove.se\/no\/wp-content\/uploads\/sites\/3\/2025\/07\/683c4c5a20d5a.jpeg\",\"width\":640,\"height\":480},{\"@type\":\"BreadcrumbList\",\"@id\":\"https:\/\/babylove.se\/no\/produkt\/loftsang-mio\/#breadcrumb\",\"itemListElement\":[{\"@type\":\"ListItem\",\"position\":1,\"name\":\"Hem\",\"item\":\"https:\/\/babylove.se\/no\/\"},{\"@type\":\"ListItem\",\"position\":2,\"name\":\"Butik\",\"item\":\"https:\/\/babylove.se\/no\/butik\/\"},{\"@type\":\"ListItem\",\"position\":3,\"name\":\"Loftsseng Mio\"}]},{\"@type\":\"WebSite\",\"@id\":\"https:\/\/babylove.se\/no\/#website\",\"url\":\"https:\/\/babylove.se\/no\/\",\"name\":\"Babylove Norska\",\"description\":\"\",\"potentialAction\":[{\"@type\":\"SearchAction\",\"target\":{\"@type\":\"EntryPoint\",\"urlTemplate\":\"https:\/\/babylove.se\/no\/?s={search_term_string}\"},\"query-input\":{\"@type\":\"PropertyValueSpecification\",\"valueRequired\":true,\"valueName\":\"search_term_string\"}}],\"inLanguage\":\"nb-NO\"}]}<\/script>\n<meta property=\"product:brand\" content=\"LANO\" \/>\n<meta property=\"og:availability\" content=\"instock\" \/>\n<meta property=\"product:availability\" content=\"instock\" \/>\n<meta property=\"product:retailer_item_id\" content=\"MOON-80x180-cm-Gr\u00e5\" \/>\n<meta property=\"product:condition\" content=\"new\" \/>\n<!-- \/ Yoast SEO Premium plugin. -->","yoast_head_json":{"title":"Loftsseng Mio - Babylove Norska","robots":{"index":"noindex","follow":"follow","max-snippet":"max-snippet:-1","max-image-preview":"max-image-preview:large","max-video-preview":"max-video-preview:-1"},"og_locale":"nb_NO","og_type":"article","og_title":"Loftsseng Mio","og_description":"Leter du etter den perfekte loftssengen? Da har du funnet rett! n V\u00e5r loftsseng Mio er b\u00e5de stabil og gjennomtenkt \u2013 laget i massiv furu for \u00e5 holde i mange \u00e5r med lek, hvile og eventyr. Den stilrene, skandinaviske designen gj\u00f8r at sengen passer like godt i sm\u00e5 som store barnerom. n Takket v\u00e6re den [&hellip;]","og_url":"https:\/\/babylove.se\/no\/produkt\/loftsang-mio\/","og_site_name":"Babylove Norska","article_modified_time":"2026-04-08T13:34:13+00:00","og_image":[{"width":640,"height":480,"url":"https:\/\/babylove.se\/no\/wp-content\/uploads\/sites\/3\/2025\/07\/683c4c5a20d5a.jpeg","type":"image\/jpeg"}],"twitter_card":"summary_large_image","twitter_misc":{"Availability":"In stock"},"schema":{"@context":"https:\/\/schema.org","@graph":[{"@type":"WebPage","@id":"https:\/\/babylove.se\/no\/produkt\/loftsang-mio\/","url":"https:\/\/babylove.se\/no\/produkt\/loftsang-mio\/","name":"Loftsseng Mio - Babylove Norska","isPartOf":{"@id":"https:\/\/babylove.se\/no\/#website"},"primaryImageOfPage":{"@id":"https:\/\/babylove.se\/no\/produkt\/loftsang-mio\/#primaryimage"},"image":{"@id":"https:\/\/babylove.se\/no\/produkt\/loftsang-mio\/#primaryimage"},"thumbnailUrl":"https:\/\/babylove.se\/no\/wp-content\/uploads\/sites\/3\/2025\/07\/683c4c5a20d5a.jpeg","datePublished":"2025-07-19T15:47:01+00:00","dateModified":"2026-04-08T13:34:13+00:00","breadcrumb":{"@id":"https:\/\/babylove.se\/no\/produkt\/loftsang-mio\/#breadcrumb"},"inLanguage":"nb-NO","potentialAction":[{"@type":"ReadAction","target":["https:\/\/babylove.se\/no\/produkt\/loftsang-mio\/"]}]},{"@type":"ImageObject","inLanguage":"nb-NO","@id":"https:\/\/babylove.se\/no\/produkt\/loftsang-mio\/#primaryimage","url":"https:\/\/babylove.se\/no\/wp-content\/uploads\/sites\/3\/2025\/07\/683c4c5a20d5a.jpeg","contentUrl":"https:\/\/babylove.se\/no\/wp-content\/uploads\/sites\/3\/2025\/07\/683c4c5a20d5a.jpeg","width":640,"height":480},{"@type":"BreadcrumbList","@id":"https:\/\/babylove.se\/no\/produkt\/loftsang-mio\/#breadcrumb","itemListElement":[{"@type":"ListItem","position":1,"name":"Hem","item":"https:\/\/babylove.se\/no\/"},{"@type":"ListItem","position":2,"name":"Butik","item":"https:\/\/babylove.se\/no\/butik\/"},{"@type":"ListItem","position":3,"name":"Loftsseng Mio"}]},{"@type":"WebSite","@id":"https:\/\/babylove.se\/no\/#website","url":"https:\/\/babylove.se\/no\/","name":"Babylove Norska","description":"","potentialAction":[{"@type":"SearchAction","target":{"@type":"EntryPoint","urlTemplate":"https:\/\/babylove.se\/no\/?s={search_term_string}"},"query-input":{"@type":"PropertyValueSpecification","valueRequired":true,"valueName":"search_term_string"}}],"inLanguage":"nb-NO"}]},"product_brand":"LANO","og_availability":"instock","product_availability":"instock","product_retailer_item_id":"MOON-80x180-cm-Gr\u00e5","product_condition":"new"},"_links":{"self":[{"href":"https:\/\/babylove.se\/no\/wp-json\/wp\/v2\/product\/62892","targetHints":{"allow":["GET"]}}],"collection":[{"href":"https:\/\/babylove.se\/no\/wp-json\/wp\/v2\/product"}],"about":[{"href":"https:\/\/babylove.se\/no\/wp-json\/wp\/v2\/types\/product"}],"replies":[{"embeddable":true,"href":"https:\/\/babylove.se\/no\/wp-json\/wp\/v2\/comments?post=62892"}],"wp:featuredmedia":[{"embeddable":true,"href":"https:\/\/babylove.se\/no\/wp-json\/wp\/v2\/media\/62894"}],"wp:attachment":[{"href":"https:\/\/babylove.se\/no\/wp-json\/wp\/v2\/media?parent=62892"}],"wp:term":[{"taxonomy":"product_brand","embeddable":true,"href":"https:\/\/babylove.se\/no\/wp-json\/wp\/v2\/product_brand?post=62892"},{"taxonomy":"product_cat","embeddable":true,"href":"https:\/\/babylove.se\/no\/wp-json\/wp\/v2\/product_cat?post=62892"},{"taxonomy":"product_tag","embeddable":true,"href":"https:\/\/babylove.se\/no\/wp-json\/wp\/v2\/product_tag?post=62892"}],"curies":[{"name":"wp","href":"https:\/\/api.w.org\/{rel}","templated":true}]}}