{"id":62931,"date":"2025-07-19T16:48:05","date_gmt":"2025-07-19T15:48:05","guid":{"rendered":"https:\/\/babylove.se\/produkt\/vaningssang-hussang-sibelle\/"},"modified":"2026-04-08T14:34:18","modified_gmt":"2026-04-08T13:34:18","slug":"koyeseng-husseng-sibelle","status":"publish","type":"product","link":"https:\/\/babylove.se\/no\/produkt\/koyeseng-husseng-sibelle\/","title":{"rendered":"K\u00f8yeseng Husseng Sibelle"},"content":{"rendered":"<p data-end=\"158\" data-start=\"111\">En k\u00f8yeseng for b\u00e5de dr\u00f8mmer og eventyr!<\/p>\n<p data-end=\"361\" data-start=\"160\">Oppdag en k\u00f8yeseng som kombinerer funksjonalitet med leken design. Denne sjarmerende husseng er laget i massiv furu \u2013 stabil, solid og skapt for \u00e5 f\u00f8lge med i barnets hverdag gjennom mange \u00e5r.<\/p>\n<p data-end=\"567\" data-start=\"363\">Perfekt b\u00e5de for natts\u00f8vnen og for fantasifulle leker p\u00e5 dagtid. Med sine innbydende former og robuste f\u00f8lelse blir den raskt barnets favorittsted i rommet \u2013 et trygt sted \u00e5 sove, leke og bare v\u00e6re.<\/p>\n<p data-end=\"681\" data-start=\"569\">Pynt opp med sengehimmel, vimpler eller lysslynger \u2013 og la sengen bli en personlig liten verden midt i hjemmet.<\/p>\n<p><strong>Tilvalg<\/strong>: <\/p>\n<ul>\n<li>Farge: velg mellom natur (lakkert), hvit, gr\u00e5, antrasitt, kashmir og olive. Alle senger i natur er behandlet med vannbasert lakk. Legg igjen en kommentar ved kassen hvis du \u00f8nsker en naturfarge seng som er ubehandlet.<\/li>\n<\/ul>\n<p><strong>Info:<\/strong> <\/p>\n<ul>\n<li>100% FSC-sertifisert furutre som sikrer at virket kommer fra ansvarlig skogbruk.<\/li>\n<li>St\u00f8ttebrettets h\u00f8yde: 25 cm.<\/li>\n<li>Sengens totale h\u00f8yde: 224 cm.<\/li>\n<li>Trinnavstand: 23 cm mellom hvert trinn<\/li>\n<li>\u00d8vre sengen begynner p\u00e5 80 cm h\u00f8yde.<\/li>\n<li>Maks vekt: 100 kg per seng.<\/li>\n<\/ul>\n<p><strong>M\u00e5l: <\/strong> <\/p>\n<ul>\n<li>Finnes i to ulike sengem\u00e5l: 80&#215;180 cm og 90&#215;200 cm.<\/li>\n<\/ul>\n<p>Madrass inng\u00e5r ikke, men ta gjerne en titt i v\u00e5rt store madrassutvalg. Vi anbefaler en skummadrass med tykkelse p\u00e5 ca 10-12 cm. <\/p>\n<p>Sengene produseres i henhold til standarden EN-747-1: 2012 + A1: 2015 i v\u00e5r fabrikk i Europa som har de h\u00f8yeste sikkerhetsstandardene for produksjon av barnesenger. og kontrollerer hvert trinn fra det at t\u00f8mmeret kommer inn i fabrikken til at et ferdig produkt forlater. Sengene lakkeres tre ganger med \u00f8kologisk, milj\u00f8vennlig og vannbasert maling som f\u00f8lger normen EN 71-3:2019. <\/p>\n<p><em>Dette er en seng laget og tilpasset for barn.<\/em> <\/p>\n<p><em><em><em><em>Sengen leveres umontert og b\u00f8r settes sammen i rommet den skal brukes i.<\/em><\/em><\/em><\/em><\/p>\n","protected":false},"excerpt":{"rendered":"<p>En k\u00f8yeseng for b\u00e5de dr\u00f8mmer og eventyr! Oppdag en k\u00f8yeseng som kombinerer funksjonalitet med leken design. Denne sjarmerende husseng er laget i massiv furu \u2013 stabil, solid og skapt for \u00e5 f\u00f8lge med i barnets hverdag gjennom mange \u00e5r. Perfekt b\u00e5de for natts\u00f8vnen og for fantasifulle leker p\u00e5 dagtid. Med sine innbydende former og robuste [&hellip;]<\/p>\n","protected":false},"featured_media":62933,"comment_status":"open","ping_status":"closed","template":"","meta":{"_acf_changed":false},"product_brand":[1319],"product_cat":[385,1320,922],"product_tag":[1689],"class_list":{"0":"post-62931","1":"product","2":"type-product","3":"status-publish","4":"has-post-thumbnail","6":"product_brand-lano","7":"product_cat-koyesenger-loftsenger","8":"product_cat-lano","9":"product_cat-nyheter","10":"product_tag-bestillingsvaror","11":"pa_baddmatt-80x180-cm","12":"pa_baddmatt-90x200-cm","13":"pa_farg-antracit","14":"pa_farg-gra","15":"pa_farg-vit","16":"pa_farg-kashmir","17":"pa_farg-natur-lackad","18":"pa_farg-olive","20":"first","21":"instock","22":"taxable","23":"shipping-taxable","24":"purchasable","25":"product-type-variable"},"acf":[],"yoast_head":"<!-- This site is optimized with the Yoast SEO Premium plugin v25.8 (Yoast SEO v27.2) - https:\/\/yoast.com\/product\/yoast-seo-premium-wordpress\/ -->\n<title>K\u00f8yeseng Husseng Sibelle - Babylove Norska<\/title>\n<meta name=\"robots\" content=\"noindex, follow, max-snippet:-1, max-image-preview:large, max-video-preview:-1\" \/>\n<meta property=\"og:locale\" content=\"nb_NO\" \/>\n<meta property=\"og:type\" content=\"article\" \/>\n<meta property=\"og:title\" content=\"K\u00f8yeseng Husseng Sibelle\" \/>\n<meta property=\"og:description\" content=\"En k\u00f8yeseng for b\u00e5de dr\u00f8mmer og eventyr! Oppdag en k\u00f8yeseng som kombinerer funksjonalitet med leken design. Denne sjarmerende husseng er laget i massiv furu \u2013 stabil, solid og skapt for \u00e5 f\u00f8lge med i barnets hverdag gjennom mange \u00e5r. Perfekt b\u00e5de for natts\u00f8vnen og for fantasifulle leker p\u00e5 dagtid. Med sine innbydende former og robuste [&hellip;]\" \/>\n<meta property=\"og:url\" content=\"https:\/\/babylove.se\/no\/produkt\/koyeseng-husseng-sibelle\/\" \/>\n<meta property=\"og:site_name\" content=\"Babylove Norska\" \/>\n<meta property=\"article:modified_time\" content=\"2026-04-08T13:34:18+00:00\" \/>\n<meta property=\"og:image\" content=\"https:\/\/babylove.se\/no\/wp-content\/uploads\/sites\/3\/2025\/07\/683c5355cad6c.jpeg\" \/>\n\t<meta property=\"og:image:width\" content=\"1280\" \/>\n\t<meta property=\"og:image:height\" content=\"960\" \/>\n\t<meta property=\"og:image:type\" content=\"image\/jpeg\" \/>\n<meta name=\"twitter:card\" content=\"summary_large_image\" \/>\n<meta name=\"twitter:label1\" content=\"Availability\" \/>\n\t<meta name=\"twitter:data1\" content=\"In stock\" \/>\n<script type=\"application\/ld+json\" class=\"yoast-schema-graph\">{\"@context\":\"https:\/\/schema.org\",\"@graph\":[{\"@type\":\"WebPage\",\"@id\":\"https:\/\/babylove.se\/no\/produkt\/koyeseng-husseng-sibelle\/\",\"url\":\"https:\/\/babylove.se\/no\/produkt\/koyeseng-husseng-sibelle\/\",\"name\":\"K\u00f8yeseng Husseng Sibelle - Babylove Norska\",\"isPartOf\":{\"@id\":\"https:\/\/babylove.se\/no\/#website\"},\"primaryImageOfPage\":{\"@id\":\"https:\/\/babylove.se\/no\/produkt\/koyeseng-husseng-sibelle\/#primaryimage\"},\"image\":{\"@id\":\"https:\/\/babylove.se\/no\/produkt\/koyeseng-husseng-sibelle\/#primaryimage\"},\"thumbnailUrl\":\"https:\/\/babylove.se\/no\/wp-content\/uploads\/sites\/3\/2025\/07\/683c5355cad6c.jpeg\",\"datePublished\":\"2025-07-19T15:48:05+00:00\",\"dateModified\":\"2026-04-08T13:34:18+00:00\",\"breadcrumb\":{\"@id\":\"https:\/\/babylove.se\/no\/produkt\/koyeseng-husseng-sibelle\/#breadcrumb\"},\"inLanguage\":\"nb-NO\",\"potentialAction\":[{\"@type\":\"ReadAction\",\"target\":[\"https:\/\/babylove.se\/no\/produkt\/koyeseng-husseng-sibelle\/\"]}]},{\"@type\":\"ImageObject\",\"inLanguage\":\"nb-NO\",\"@id\":\"https:\/\/babylove.se\/no\/produkt\/koyeseng-husseng-sibelle\/#primaryimage\",\"url\":\"https:\/\/babylove.se\/no\/wp-content\/uploads\/sites\/3\/2025\/07\/683c5355cad6c.jpeg\",\"contentUrl\":\"https:\/\/babylove.se\/no\/wp-content\/uploads\/sites\/3\/2025\/07\/683c5355cad6c.jpeg\",\"width\":1280,\"height\":960},{\"@type\":\"BreadcrumbList\",\"@id\":\"https:\/\/babylove.se\/no\/produkt\/koyeseng-husseng-sibelle\/#breadcrumb\",\"itemListElement\":[{\"@type\":\"ListItem\",\"position\":1,\"name\":\"Hem\",\"item\":\"https:\/\/babylove.se\/no\/\"},{\"@type\":\"ListItem\",\"position\":2,\"name\":\"Butik\",\"item\":\"https:\/\/babylove.se\/no\/butik\/\"},{\"@type\":\"ListItem\",\"position\":3,\"name\":\"K\u00f8yeseng Husseng Sibelle\"}]},{\"@type\":\"WebSite\",\"@id\":\"https:\/\/babylove.se\/no\/#website\",\"url\":\"https:\/\/babylove.se\/no\/\",\"name\":\"Babylove Norska\",\"description\":\"\",\"potentialAction\":[{\"@type\":\"SearchAction\",\"target\":{\"@type\":\"EntryPoint\",\"urlTemplate\":\"https:\/\/babylove.se\/no\/?s={search_term_string}\"},\"query-input\":{\"@type\":\"PropertyValueSpecification\",\"valueRequired\":true,\"valueName\":\"search_term_string\"}}],\"inLanguage\":\"nb-NO\"}]}<\/script>\n<meta property=\"product:brand\" content=\"LANO\" \/>\n<meta property=\"og:availability\" content=\"instock\" \/>\n<meta property=\"product:availability\" content=\"instock\" \/>\n<meta property=\"product:retailer_item_id\" content=\"SWEET-80x180-cm-Vit\" \/>\n<meta property=\"product:condition\" content=\"new\" \/>\n<!-- \/ Yoast SEO Premium plugin. -->","yoast_head_json":{"title":"K\u00f8yeseng Husseng Sibelle - Babylove Norska","robots":{"index":"noindex","follow":"follow","max-snippet":"max-snippet:-1","max-image-preview":"max-image-preview:large","max-video-preview":"max-video-preview:-1"},"og_locale":"nb_NO","og_type":"article","og_title":"K\u00f8yeseng Husseng Sibelle","og_description":"En k\u00f8yeseng for b\u00e5de dr\u00f8mmer og eventyr! Oppdag en k\u00f8yeseng som kombinerer funksjonalitet med leken design. Denne sjarmerende husseng er laget i massiv furu \u2013 stabil, solid og skapt for \u00e5 f\u00f8lge med i barnets hverdag gjennom mange \u00e5r. Perfekt b\u00e5de for natts\u00f8vnen og for fantasifulle leker p\u00e5 dagtid. Med sine innbydende former og robuste [&hellip;]","og_url":"https:\/\/babylove.se\/no\/produkt\/koyeseng-husseng-sibelle\/","og_site_name":"Babylove Norska","article_modified_time":"2026-04-08T13:34:18+00:00","og_image":[{"width":1280,"height":960,"url":"https:\/\/babylove.se\/no\/wp-content\/uploads\/sites\/3\/2025\/07\/683c5355cad6c.jpeg","type":"image\/jpeg"}],"twitter_card":"summary_large_image","twitter_misc":{"Availability":"In stock"},"schema":{"@context":"https:\/\/schema.org","@graph":[{"@type":"WebPage","@id":"https:\/\/babylove.se\/no\/produkt\/koyeseng-husseng-sibelle\/","url":"https:\/\/babylove.se\/no\/produkt\/koyeseng-husseng-sibelle\/","name":"K\u00f8yeseng Husseng Sibelle - Babylove Norska","isPartOf":{"@id":"https:\/\/babylove.se\/no\/#website"},"primaryImageOfPage":{"@id":"https:\/\/babylove.se\/no\/produkt\/koyeseng-husseng-sibelle\/#primaryimage"},"image":{"@id":"https:\/\/babylove.se\/no\/produkt\/koyeseng-husseng-sibelle\/#primaryimage"},"thumbnailUrl":"https:\/\/babylove.se\/no\/wp-content\/uploads\/sites\/3\/2025\/07\/683c5355cad6c.jpeg","datePublished":"2025-07-19T15:48:05+00:00","dateModified":"2026-04-08T13:34:18+00:00","breadcrumb":{"@id":"https:\/\/babylove.se\/no\/produkt\/koyeseng-husseng-sibelle\/#breadcrumb"},"inLanguage":"nb-NO","potentialAction":[{"@type":"ReadAction","target":["https:\/\/babylove.se\/no\/produkt\/koyeseng-husseng-sibelle\/"]}]},{"@type":"ImageObject","inLanguage":"nb-NO","@id":"https:\/\/babylove.se\/no\/produkt\/koyeseng-husseng-sibelle\/#primaryimage","url":"https:\/\/babylove.se\/no\/wp-content\/uploads\/sites\/3\/2025\/07\/683c5355cad6c.jpeg","contentUrl":"https:\/\/babylove.se\/no\/wp-content\/uploads\/sites\/3\/2025\/07\/683c5355cad6c.jpeg","width":1280,"height":960},{"@type":"BreadcrumbList","@id":"https:\/\/babylove.se\/no\/produkt\/koyeseng-husseng-sibelle\/#breadcrumb","itemListElement":[{"@type":"ListItem","position":1,"name":"Hem","item":"https:\/\/babylove.se\/no\/"},{"@type":"ListItem","position":2,"name":"Butik","item":"https:\/\/babylove.se\/no\/butik\/"},{"@type":"ListItem","position":3,"name":"K\u00f8yeseng Husseng Sibelle"}]},{"@type":"WebSite","@id":"https:\/\/babylove.se\/no\/#website","url":"https:\/\/babylove.se\/no\/","name":"Babylove Norska","description":"","potentialAction":[{"@type":"SearchAction","target":{"@type":"EntryPoint","urlTemplate":"https:\/\/babylove.se\/no\/?s={search_term_string}"},"query-input":{"@type":"PropertyValueSpecification","valueRequired":true,"valueName":"search_term_string"}}],"inLanguage":"nb-NO"}]},"product_brand":"LANO","og_availability":"instock","product_availability":"instock","product_retailer_item_id":"SWEET-80x180-cm-Vit","product_condition":"new"},"_links":{"self":[{"href":"https:\/\/babylove.se\/no\/wp-json\/wp\/v2\/product\/62931","targetHints":{"allow":["GET"]}}],"collection":[{"href":"https:\/\/babylove.se\/no\/wp-json\/wp\/v2\/product"}],"about":[{"href":"https:\/\/babylove.se\/no\/wp-json\/wp\/v2\/types\/product"}],"replies":[{"embeddable":true,"href":"https:\/\/babylove.se\/no\/wp-json\/wp\/v2\/comments?post=62931"}],"wp:featuredmedia":[{"embeddable":true,"href":"https:\/\/babylove.se\/no\/wp-json\/wp\/v2\/media\/62933"}],"wp:attachment":[{"href":"https:\/\/babylove.se\/no\/wp-json\/wp\/v2\/media?parent=62931"}],"wp:term":[{"taxonomy":"product_brand","embeddable":true,"href":"https:\/\/babylove.se\/no\/wp-json\/wp\/v2\/product_brand?post=62931"},{"taxonomy":"product_cat","embeddable":true,"href":"https:\/\/babylove.se\/no\/wp-json\/wp\/v2\/product_cat?post=62931"},{"taxonomy":"product_tag","embeddable":true,"href":"https:\/\/babylove.se\/no\/wp-json\/wp\/v2\/product_tag?post=62931"}],"curies":[{"name":"wp","href":"https:\/\/api.w.org\/{rel}","templated":true}]}}