{"id":62954,"date":"2025-07-19T16:48:42","date_gmt":"2025-07-19T15:48:42","guid":{"rendered":"https:\/\/babylove.se\/produkt\/barnsang-eira\/"},"modified":"2026-04-08T14:34:21","modified_gmt":"2026-04-08T13:34:21","slug":"barnesang-eira","status":"publish","type":"product","link":"https:\/\/babylove.se\/no\/produkt\/barnesang-eira\/","title":{"rendered":"Barneseng Eira"},"content":{"rendered":"<p data-end=\"195\" data-start=\"139\">En tidl\u00f8s barneseng for trygg s\u00f8vn og lekne dager!<\/p>\n<p data-end=\"474\" data-start=\"197\">Denne barnesengen kombinerer klassisk design med solid h\u00e5ndverk ? en vakker m\u00f8bel som passer inn i de fleste barnerom og som holder i mange \u00e5r fremover. Med sin robuste konstruksjon i massiv furu og sin gjennomtenkte form er den b\u00e5de trygg og komfortabel for ditt barn \u00e5 sove i.<\/p>\n<p data-end=\"714\" data-start=\"476\">Vi vet at valget av seng er en viktig del n\u00e5r barnerommet skal innredes. Det handler ikke bare om utseende, men ogs\u00e5 om sikkerhet, komfort og kvalitet. Derfor er hver detalj i denne sengen n\u00f8ye utformet med omtanke for barnets behov.<\/p>\n<p data-end=\"846\" data-start=\"716\">En seng som raskt blir en favoritt ? for hvile, lek og rolige stunder. Et sted hvor trygghet og fantasi f\u00e5r ta plass, \u00e5r etter \u00e5r.<\/p>\n<p><strong>Tillegg:<\/strong> <\/p>\n<ul>\n<li>Sengen finnes i f\u00f8lgende farger: Hvit, gr\u00e5, natur (lakkert), antrasitt, kashmir og olive.<\/li>\n<li>Velg med eller uten oppbevaringsskuffer.<\/li>\n<\/ul>\n<p><strong>Info <\/strong> <\/p>\n<ul>\n<li>Sengem\u00e5l: finnes i fem st\u00f8rrelser: 80&#215;160, 80&#215;180, 80&#215;200, 90&#215;190 og 90&#215;200 cm.<\/li>\n<li>Sengens totale h\u00f8yde: 64 cm.<\/li>\n<li>Rekkverk h\u00f8yde: 27 cm.<\/li>\n<li>Plassen mellom gulv og nedre delen av sengen: 29 cm.<\/li>\n<li>100% FSC-sertifisert furutre som sikrer at virket kommer fra ansvarlig skogbruk.<\/li>\n<li>Maks vekt: 100 kg.<\/li>\n<\/ul>\n<p>Madrass er ikke inkludert, men se gjerne i v\u00e5rt store madrassutvalg. Vi anbefaler en skummadrass med tykkelse p\u00e5 ca 10-12 cm. <\/p>\n<p>Sengene produseres i henhold til standarden EN-747-1: 2012 + A1: 2015 i v\u00e5r fabrikk i Europa som har de h\u00f8yeste sikkerhetsstandardene for produksjon av barnesenger. og kontrollerer hvert steg fra det at t\u00f8mmeret kommer inn i fabrikken til at et ferdig produkt forlater. Sengene lakkeres tre ganger med \u00f8kologisk, milj\u00f8vennlig og vannbasert maling som f\u00f8lger normen EN 71-3:2019. <\/p>\n<p><em><em>Dette er en seng produsert og tilpasset for barn. <em><em><em><em><em>Sengen leveres umontert og b\u00f8r settes sammen i rommet den skal brukes i.<\/em><\/em><\/em><\/em><\/em><\/em><\/em><\/p>\n","protected":false},"excerpt":{"rendered":"<p>En tidl\u00f8s barneseng for trygg s\u00f8vn og lekne dager! Denne barnesengen kombinerer klassisk design med solid h\u00e5ndverk ? en vakker m\u00f8bel som passer inn i de fleste barnerom og som holder i mange \u00e5r fremover. Med sin robuste konstruksjon i massiv furu og sin gjennomtenkte form er den b\u00e5de trygg og komfortabel for ditt barn [&hellip;]<\/p>\n","protected":false},"featured_media":62956,"comment_status":"open","ping_status":"closed","template":"","meta":{"_acf_changed":false},"product_brand":[1319],"product_cat":[269,1320,922],"product_tag":[1689],"class_list":{"0":"post-62954","1":"product","2":"type-product","3":"status-publish","4":"has-post-thumbnail","6":"product_brand-lano","7":"product_cat-juniorsenger","8":"product_cat-lano","9":"product_cat-nyheter","10":"product_tag-bestillingsvaror","11":"pa_baddmatt-80x160-cm","12":"pa_baddmatt-80x180-cm","13":"pa_baddmatt-80x200-cm","14":"pa_baddmatt-90x190-cm","15":"pa_baddmatt-90x200-cm","16":"pa_farg-antracit","17":"pa_farg-gra","18":"pa_farg-vit","19":"pa_farg-kashmir","20":"pa_farg-natur-lackad","21":"pa_farg-olive","22":"pa_forvaringslador-ja","23":"pa_forvaringslador-nej","25":"first","26":"instock","27":"taxable","28":"shipping-taxable","29":"purchasable","30":"product-type-variable"},"acf":[],"yoast_head":"<!-- This site is optimized with the Yoast SEO Premium plugin v25.8 (Yoast SEO v27.2) - https:\/\/yoast.com\/product\/yoast-seo-premium-wordpress\/ -->\n<title>Barneseng Eira - Babylove Norska<\/title>\n<meta name=\"robots\" content=\"noindex, follow, max-snippet:-1, max-image-preview:large, max-video-preview:-1\" \/>\n<meta property=\"og:locale\" content=\"nb_NO\" \/>\n<meta property=\"og:type\" content=\"article\" \/>\n<meta property=\"og:title\" content=\"Barneseng Eira\" \/>\n<meta property=\"og:description\" content=\"En tidl\u00f8s barneseng for trygg s\u00f8vn og lekne dager! Denne barnesengen kombinerer klassisk design med solid h\u00e5ndverk ? en vakker m\u00f8bel som passer inn i de fleste barnerom og som holder i mange \u00e5r fremover. Med sin robuste konstruksjon i massiv furu og sin gjennomtenkte form er den b\u00e5de trygg og komfortabel for ditt barn [&hellip;]\" \/>\n<meta property=\"og:url\" content=\"https:\/\/babylove.se\/no\/produkt\/barnesang-eira\/\" \/>\n<meta property=\"og:site_name\" content=\"Babylove Norska\" \/>\n<meta property=\"article:modified_time\" content=\"2026-04-08T13:34:21+00:00\" \/>\n<meta property=\"og:image\" content=\"https:\/\/babylove.se\/no\/wp-content\/uploads\/sites\/3\/2025\/07\/683eac084c3aa.jpeg\" \/>\n\t<meta property=\"og:image:width\" content=\"640\" \/>\n\t<meta property=\"og:image:height\" content=\"480\" \/>\n\t<meta property=\"og:image:type\" content=\"image\/jpeg\" \/>\n<meta name=\"twitter:card\" content=\"summary_large_image\" \/>\n<meta name=\"twitter:label1\" content=\"Availability\" \/>\n\t<meta name=\"twitter:data1\" content=\"In stock\" \/>\n<script type=\"application\/ld+json\" class=\"yoast-schema-graph\">{\"@context\":\"https:\/\/schema.org\",\"@graph\":[{\"@type\":\"WebPage\",\"@id\":\"https:\/\/babylove.se\/no\/produkt\/barnesang-eira\/\",\"url\":\"https:\/\/babylove.se\/no\/produkt\/barnesang-eira\/\",\"name\":\"Barneseng Eira - Babylove Norska\",\"isPartOf\":{\"@id\":\"https:\/\/babylove.se\/no\/#website\"},\"primaryImageOfPage\":{\"@id\":\"https:\/\/babylove.se\/no\/produkt\/barnesang-eira\/#primaryimage\"},\"image\":{\"@id\":\"https:\/\/babylove.se\/no\/produkt\/barnesang-eira\/#primaryimage\"},\"thumbnailUrl\":\"https:\/\/babylove.se\/no\/wp-content\/uploads\/sites\/3\/2025\/07\/683eac084c3aa.jpeg\",\"datePublished\":\"2025-07-19T15:48:42+00:00\",\"dateModified\":\"2026-04-08T13:34:21+00:00\",\"breadcrumb\":{\"@id\":\"https:\/\/babylove.se\/no\/produkt\/barnesang-eira\/#breadcrumb\"},\"inLanguage\":\"nb-NO\",\"potentialAction\":[{\"@type\":\"ReadAction\",\"target\":[\"https:\/\/babylove.se\/no\/produkt\/barnesang-eira\/\"]}]},{\"@type\":\"ImageObject\",\"inLanguage\":\"nb-NO\",\"@id\":\"https:\/\/babylove.se\/no\/produkt\/barnesang-eira\/#primaryimage\",\"url\":\"https:\/\/babylove.se\/no\/wp-content\/uploads\/sites\/3\/2025\/07\/683eac084c3aa.jpeg\",\"contentUrl\":\"https:\/\/babylove.se\/no\/wp-content\/uploads\/sites\/3\/2025\/07\/683eac084c3aa.jpeg\",\"width\":640,\"height\":480},{\"@type\":\"BreadcrumbList\",\"@id\":\"https:\/\/babylove.se\/no\/produkt\/barnesang-eira\/#breadcrumb\",\"itemListElement\":[{\"@type\":\"ListItem\",\"position\":1,\"name\":\"Hem\",\"item\":\"https:\/\/babylove.se\/no\/\"},{\"@type\":\"ListItem\",\"position\":2,\"name\":\"Butik\",\"item\":\"https:\/\/babylove.se\/no\/butik\/\"},{\"@type\":\"ListItem\",\"position\":3,\"name\":\"Barneseng Eira\"}]},{\"@type\":\"WebSite\",\"@id\":\"https:\/\/babylove.se\/no\/#website\",\"url\":\"https:\/\/babylove.se\/no\/\",\"name\":\"Babylove Norska\",\"description\":\"\",\"potentialAction\":[{\"@type\":\"SearchAction\",\"target\":{\"@type\":\"EntryPoint\",\"urlTemplate\":\"https:\/\/babylove.se\/no\/?s={search_term_string}\"},\"query-input\":{\"@type\":\"PropertyValueSpecification\",\"valueRequired\":true,\"valueName\":\"search_term_string\"}}],\"inLanguage\":\"nb-NO\"}]}<\/script>\n<meta property=\"product:brand\" content=\"LANO\" \/>\n<meta property=\"og:availability\" content=\"instock\" \/>\n<meta property=\"product:availability\" content=\"instock\" \/>\n<meta property=\"product:retailer_item_id\" content=\"EDI-80x160-cm-Vit-Ja\" \/>\n<meta property=\"product:condition\" content=\"new\" \/>\n<!-- \/ Yoast SEO Premium plugin. -->","yoast_head_json":{"title":"Barneseng Eira - Babylove Norska","robots":{"index":"noindex","follow":"follow","max-snippet":"max-snippet:-1","max-image-preview":"max-image-preview:large","max-video-preview":"max-video-preview:-1"},"og_locale":"nb_NO","og_type":"article","og_title":"Barneseng Eira","og_description":"En tidl\u00f8s barneseng for trygg s\u00f8vn og lekne dager! Denne barnesengen kombinerer klassisk design med solid h\u00e5ndverk ? en vakker m\u00f8bel som passer inn i de fleste barnerom og som holder i mange \u00e5r fremover. Med sin robuste konstruksjon i massiv furu og sin gjennomtenkte form er den b\u00e5de trygg og komfortabel for ditt barn [&hellip;]","og_url":"https:\/\/babylove.se\/no\/produkt\/barnesang-eira\/","og_site_name":"Babylove Norska","article_modified_time":"2026-04-08T13:34:21+00:00","og_image":[{"width":640,"height":480,"url":"https:\/\/babylove.se\/no\/wp-content\/uploads\/sites\/3\/2025\/07\/683eac084c3aa.jpeg","type":"image\/jpeg"}],"twitter_card":"summary_large_image","twitter_misc":{"Availability":"In stock"},"schema":{"@context":"https:\/\/schema.org","@graph":[{"@type":"WebPage","@id":"https:\/\/babylove.se\/no\/produkt\/barnesang-eira\/","url":"https:\/\/babylove.se\/no\/produkt\/barnesang-eira\/","name":"Barneseng Eira - Babylove Norska","isPartOf":{"@id":"https:\/\/babylove.se\/no\/#website"},"primaryImageOfPage":{"@id":"https:\/\/babylove.se\/no\/produkt\/barnesang-eira\/#primaryimage"},"image":{"@id":"https:\/\/babylove.se\/no\/produkt\/barnesang-eira\/#primaryimage"},"thumbnailUrl":"https:\/\/babylove.se\/no\/wp-content\/uploads\/sites\/3\/2025\/07\/683eac084c3aa.jpeg","datePublished":"2025-07-19T15:48:42+00:00","dateModified":"2026-04-08T13:34:21+00:00","breadcrumb":{"@id":"https:\/\/babylove.se\/no\/produkt\/barnesang-eira\/#breadcrumb"},"inLanguage":"nb-NO","potentialAction":[{"@type":"ReadAction","target":["https:\/\/babylove.se\/no\/produkt\/barnesang-eira\/"]}]},{"@type":"ImageObject","inLanguage":"nb-NO","@id":"https:\/\/babylove.se\/no\/produkt\/barnesang-eira\/#primaryimage","url":"https:\/\/babylove.se\/no\/wp-content\/uploads\/sites\/3\/2025\/07\/683eac084c3aa.jpeg","contentUrl":"https:\/\/babylove.se\/no\/wp-content\/uploads\/sites\/3\/2025\/07\/683eac084c3aa.jpeg","width":640,"height":480},{"@type":"BreadcrumbList","@id":"https:\/\/babylove.se\/no\/produkt\/barnesang-eira\/#breadcrumb","itemListElement":[{"@type":"ListItem","position":1,"name":"Hem","item":"https:\/\/babylove.se\/no\/"},{"@type":"ListItem","position":2,"name":"Butik","item":"https:\/\/babylove.se\/no\/butik\/"},{"@type":"ListItem","position":3,"name":"Barneseng Eira"}]},{"@type":"WebSite","@id":"https:\/\/babylove.se\/no\/#website","url":"https:\/\/babylove.se\/no\/","name":"Babylove Norska","description":"","potentialAction":[{"@type":"SearchAction","target":{"@type":"EntryPoint","urlTemplate":"https:\/\/babylove.se\/no\/?s={search_term_string}"},"query-input":{"@type":"PropertyValueSpecification","valueRequired":true,"valueName":"search_term_string"}}],"inLanguage":"nb-NO"}]},"product_brand":"LANO","og_availability":"instock","product_availability":"instock","product_retailer_item_id":"EDI-80x160-cm-Vit-Ja","product_condition":"new"},"_links":{"self":[{"href":"https:\/\/babylove.se\/no\/wp-json\/wp\/v2\/product\/62954","targetHints":{"allow":["GET"]}}],"collection":[{"href":"https:\/\/babylove.se\/no\/wp-json\/wp\/v2\/product"}],"about":[{"href":"https:\/\/babylove.se\/no\/wp-json\/wp\/v2\/types\/product"}],"replies":[{"embeddable":true,"href":"https:\/\/babylove.se\/no\/wp-json\/wp\/v2\/comments?post=62954"}],"wp:featuredmedia":[{"embeddable":true,"href":"https:\/\/babylove.se\/no\/wp-json\/wp\/v2\/media\/62956"}],"wp:attachment":[{"href":"https:\/\/babylove.se\/no\/wp-json\/wp\/v2\/media?parent=62954"}],"wp:term":[{"taxonomy":"product_brand","embeddable":true,"href":"https:\/\/babylove.se\/no\/wp-json\/wp\/v2\/product_brand?post=62954"},{"taxonomy":"product_cat","embeddable":true,"href":"https:\/\/babylove.se\/no\/wp-json\/wp\/v2\/product_cat?post=62954"},{"taxonomy":"product_tag","embeddable":true,"href":"https:\/\/babylove.se\/no\/wp-json\/wp\/v2\/product_tag?post=62954"}],"curies":[{"name":"wp","href":"https:\/\/api.w.org\/{rel}","templated":true}]}}