{"id":63026,"date":"2025-07-19T16:52:16","date_gmt":"2025-07-19T15:52:16","guid":{"rendered":"https:\/\/babylove.se\/produkt\/vit-barnsang-liora-90x200-med-forvaringslador\/"},"modified":"2026-04-08T14:34:24","modified_gmt":"2026-04-08T13:34:24","slug":"hvit-barneseng-liora-90x200-med-oppbevaringsskuffer","status":"publish","type":"product","link":"https:\/\/babylove.se\/no\/produkt\/hvit-barneseng-liora-90x200-med-oppbevaringsskuffer\/","title":{"rendered":"Hvit barneseng Liora 90&#215;200 med oppbevaringsskuffer"},"content":{"rendered":"<p data-end=\"172\" data-start=\"126\">En barneseng som vokser med ditt barns behov!<\/p>\n<p data-end=\"432\" data-start=\"174\">N\u00e5r barnet vokser endres ogs\u00e5 behovene \u2013 ogs\u00e5 n\u00e5r det gjelder s\u00f8vn. En sm\u00e5barnsseng skal ikke bare v\u00e6re trygg og komfortabel, men ogs\u00e5 tilpasset barnets utvikling. Derfor vil vi hjelpe deg \u00e5 finne en seng som passer akkurat ditt barns alder og hverdag.<\/p>\n<p data-end=\"659\" data-start=\"434\">Denne sengen kombinerer tidl\u00f8s design med h\u00f8y kvalitet og er laget i naturlig furu, behandlet med barnevennlig lakk. En beskyttende sengkant gir ekstra trygghet, s\u00e6rlig for yngre barn som nettopp har begynt \u00e5 sove i egen seng.<\/p>\n<p data-end=\"778\" data-start=\"661\">En stabil, stilren l\u00f8sning som smelter inn i alle typer barnerom \u2013 og gir et trygt sted \u00e5 sove, hvile og vokse i.<\/p>\n<p><strong>Info:<\/strong><\/p>\n<ul>\n<li>Farge: Hvit<\/li>\n<li>100% FSC-sertifisert furutre som sikrer at virket kommer fra ansvarlig skogbruk.<\/li>\n<li>Maks vekt: 100 kg.<\/li>\n<\/ul>\n<p><strong>M\u00e5l:&nbsp;<\/strong><\/p>\n<ul>\n<li>Reddem\u00e5l: 90&#215;200 cm<\/li>\n<li>Sengens dimensjoner: 96&#215;208 cm<\/li>\n<li>Sengens totale h\u00f8yde: 67,55 cm.&nbsp;<\/li>\n<li>Rekkverkets h\u00f8yde: 25,5 cm<\/li>\n<li>Avstand mellom bretter (rekkverket): 6,5 cm<\/li>\n<li>Avstand mellom gulv og nedre del av sengen: 29 cm<\/li>\n<\/ul>\n<p>Madrass er ikke inkludert, men ta gjerne en titt p\u00e5 v\u00e5rt store madrassutvalg. Vi anbefaler en skummadrass med tykkelse p\u00e5 ca 10-12 cm.<\/p>\n<p>Sengene produseres i henhold til standarden EN-747-1: 2012 + A1: 2015 i v\u00e5r fabrikk i Europa som har de h\u00f8yeste sikkerhetsstandardene for produksjon av barnesenger, og kontrollerer hvert steg fra t\u00f8mmeret kommer inn i fabrikken til et ferdig produkt g\u00e5r ut. Sengene lakkeres tre ganger med \u00f8kologisk, milj\u00f8vennlig og vannbasert maling som f\u00f8lger normen EN 71-3:2019.&nbsp;<\/p>\n<p><em><em>Dette er en seng produsert og tilpasset for barn. <em><em><em><em><em>Sengen leveres umontert og b\u00f8r settes sammen i rommet den skal brukes i.<\/em><\/em><\/em><\/em><\/em><\/em><\/em><\/p>\n","protected":false},"excerpt":{"rendered":"<p>En barneseng som vokser med ditt barns behov! N\u00e5r barnet vokser endres ogs\u00e5 behovene \u2013 ogs\u00e5 n\u00e5r det gjelder s\u00f8vn. En sm\u00e5barnsseng skal ikke bare v\u00e6re trygg og komfortabel, men ogs\u00e5 tilpasset barnets utvikling. Derfor vil vi hjelpe deg \u00e5 finne en seng som passer akkurat ditt barns alder og hverdag. Denne sengen kombinerer tidl\u00f8s [&hellip;]<\/p>\n","protected":false},"featured_media":63028,"comment_status":"closed","ping_status":"open","template":"","meta":{"_acf_changed":false},"product_brand":[1319],"product_cat":[269,1320,922],"product_tag":[1689],"class_list":{"0":"post-63026","1":"product","2":"type-product","3":"status-publish","4":"has-post-thumbnail","6":"product_brand-lano","7":"product_cat-juniorsenger","8":"product_cat-lano","9":"product_cat-nyheter","10":"product_tag-bestillingsvaror","12":"first","13":"instock","14":"taxable","15":"shipping-taxable","16":"purchasable","17":"product-type-simple"},"acf":[],"yoast_head":"<!-- This site is optimized with the Yoast SEO Premium plugin v25.8 (Yoast SEO v27.2) - https:\/\/yoast.com\/product\/yoast-seo-premium-wordpress\/ -->\n<title>Hvit barneseng Liora 90x200 med oppbevaringsskuffer - Babylove Norska<\/title>\n<meta name=\"robots\" content=\"noindex, follow, max-snippet:-1, max-image-preview:large, max-video-preview:-1\" \/>\n<meta property=\"og:locale\" content=\"nb_NO\" \/>\n<meta property=\"og:type\" content=\"article\" \/>\n<meta property=\"og:title\" content=\"Hvit barneseng Liora 90x200 med oppbevaringsskuffer\" \/>\n<meta property=\"og:description\" content=\"En barneseng som vokser med ditt barns behov! N\u00e5r barnet vokser endres ogs\u00e5 behovene \u2013 ogs\u00e5 n\u00e5r det gjelder s\u00f8vn. En sm\u00e5barnsseng skal ikke bare v\u00e6re trygg og komfortabel, men ogs\u00e5 tilpasset barnets utvikling. Derfor vil vi hjelpe deg \u00e5 finne en seng som passer akkurat ditt barns alder og hverdag. Denne sengen kombinerer tidl\u00f8s [&hellip;]\" \/>\n<meta property=\"og:url\" content=\"https:\/\/babylove.se\/no\/produkt\/hvit-barneseng-liora-90x200-med-oppbevaringsskuffer\/\" \/>\n<meta property=\"og:site_name\" content=\"Babylove Norska\" \/>\n<meta property=\"article:modified_time\" content=\"2026-04-08T13:34:24+00:00\" \/>\n<meta property=\"og:image\" content=\"https:\/\/babylove.se\/no\/wp-content\/uploads\/sites\/3\/2025\/07\/683eafff3eb82.jpeg\" \/>\n\t<meta property=\"og:image:width\" content=\"1280\" \/>\n\t<meta property=\"og:image:height\" content=\"960\" \/>\n\t<meta property=\"og:image:type\" content=\"image\/jpeg\" \/>\n<meta name=\"twitter:card\" content=\"summary_large_image\" \/>\n<meta name=\"twitter:label1\" content=\"Price\" \/>\n\t<meta name=\"twitter:data1\" content=\"4 099,00&nbsp;&#107;&#114;\" \/>\n\t<meta name=\"twitter:label2\" content=\"Availability\" \/>\n\t<meta name=\"twitter:data2\" content=\"In stock\" \/>\n<script type=\"application\/ld+json\" class=\"yoast-schema-graph\">{\"@context\":\"https:\/\/schema.org\",\"@graph\":[{\"@type\":\"WebPage\",\"@id\":\"https:\/\/babylove.se\/no\/produkt\/hvit-barneseng-liora-90x200-med-oppbevaringsskuffer\/\",\"url\":\"https:\/\/babylove.se\/no\/produkt\/hvit-barneseng-liora-90x200-med-oppbevaringsskuffer\/\",\"name\":\"Hvit barneseng Liora 90x200 med oppbevaringsskuffer - Babylove Norska\",\"isPartOf\":{\"@id\":\"https:\/\/babylove.se\/no\/#website\"},\"primaryImageOfPage\":{\"@id\":\"https:\/\/babylove.se\/no\/produkt\/hvit-barneseng-liora-90x200-med-oppbevaringsskuffer\/#primaryimage\"},\"image\":{\"@id\":\"https:\/\/babylove.se\/no\/produkt\/hvit-barneseng-liora-90x200-med-oppbevaringsskuffer\/#primaryimage\"},\"thumbnailUrl\":\"https:\/\/babylove.se\/no\/wp-content\/uploads\/sites\/3\/2025\/07\/683eafff3eb82.jpeg\",\"datePublished\":\"2025-07-19T15:52:16+00:00\",\"dateModified\":\"2026-04-08T13:34:24+00:00\",\"breadcrumb\":{\"@id\":\"https:\/\/babylove.se\/no\/produkt\/hvit-barneseng-liora-90x200-med-oppbevaringsskuffer\/#breadcrumb\"},\"inLanguage\":\"nb-NO\",\"potentialAction\":[{\"@type\":\"ReadAction\",\"target\":[\"https:\/\/babylove.se\/no\/produkt\/hvit-barneseng-liora-90x200-med-oppbevaringsskuffer\/\"]}]},{\"@type\":\"ImageObject\",\"inLanguage\":\"nb-NO\",\"@id\":\"https:\/\/babylove.se\/no\/produkt\/hvit-barneseng-liora-90x200-med-oppbevaringsskuffer\/#primaryimage\",\"url\":\"https:\/\/babylove.se\/no\/wp-content\/uploads\/sites\/3\/2025\/07\/683eafff3eb82.jpeg\",\"contentUrl\":\"https:\/\/babylove.se\/no\/wp-content\/uploads\/sites\/3\/2025\/07\/683eafff3eb82.jpeg\",\"width\":1280,\"height\":960},{\"@type\":\"BreadcrumbList\",\"@id\":\"https:\/\/babylove.se\/no\/produkt\/hvit-barneseng-liora-90x200-med-oppbevaringsskuffer\/#breadcrumb\",\"itemListElement\":[{\"@type\":\"ListItem\",\"position\":1,\"name\":\"Hem\",\"item\":\"https:\/\/babylove.se\/no\/\"},{\"@type\":\"ListItem\",\"position\":2,\"name\":\"Butik\",\"item\":\"https:\/\/babylove.se\/no\/butik\/\"},{\"@type\":\"ListItem\",\"position\":3,\"name\":\"Hvit barneseng Liora 90&#215;200 med oppbevaringsskuffer\"}]},{\"@type\":\"WebSite\",\"@id\":\"https:\/\/babylove.se\/no\/#website\",\"url\":\"https:\/\/babylove.se\/no\/\",\"name\":\"Babylove Norska\",\"description\":\"\",\"potentialAction\":[{\"@type\":\"SearchAction\",\"target\":{\"@type\":\"EntryPoint\",\"urlTemplate\":\"https:\/\/babylove.se\/no\/?s={search_term_string}\"},\"query-input\":{\"@type\":\"PropertyValueSpecification\",\"valueRequired\":true,\"valueName\":\"search_term_string\"}}],\"inLanguage\":\"nb-NO\"}]}<\/script>\n<meta property=\"product:brand\" content=\"LANO\" \/>\n<meta property=\"product:price:amount\" content=\"4099.00\" \/>\n<meta property=\"product:price:currency\" content=\"SEK\" \/>\n<meta property=\"og:availability\" content=\"instock\" \/>\n<meta property=\"product:availability\" content=\"instock\" \/>\n<meta property=\"product:retailer_item_id\" content=\"LEON\" \/>\n<meta property=\"product:condition\" content=\"new\" \/>\n<!-- \/ Yoast SEO Premium plugin. -->","yoast_head_json":{"title":"Hvit barneseng Liora 90x200 med oppbevaringsskuffer - Babylove Norska","robots":{"index":"noindex","follow":"follow","max-snippet":"max-snippet:-1","max-image-preview":"max-image-preview:large","max-video-preview":"max-video-preview:-1"},"og_locale":"nb_NO","og_type":"article","og_title":"Hvit barneseng Liora 90x200 med oppbevaringsskuffer","og_description":"En barneseng som vokser med ditt barns behov! N\u00e5r barnet vokser endres ogs\u00e5 behovene \u2013 ogs\u00e5 n\u00e5r det gjelder s\u00f8vn. En sm\u00e5barnsseng skal ikke bare v\u00e6re trygg og komfortabel, men ogs\u00e5 tilpasset barnets utvikling. Derfor vil vi hjelpe deg \u00e5 finne en seng som passer akkurat ditt barns alder og hverdag. Denne sengen kombinerer tidl\u00f8s [&hellip;]","og_url":"https:\/\/babylove.se\/no\/produkt\/hvit-barneseng-liora-90x200-med-oppbevaringsskuffer\/","og_site_name":"Babylove Norska","article_modified_time":"2026-04-08T13:34:24+00:00","og_image":[{"width":1280,"height":960,"url":"https:\/\/babylove.se\/no\/wp-content\/uploads\/sites\/3\/2025\/07\/683eafff3eb82.jpeg","type":"image\/jpeg"}],"twitter_card":"summary_large_image","twitter_misc":{"Price":"4 099,00&nbsp;&#107;&#114;","Availability":"In stock"},"schema":{"@context":"https:\/\/schema.org","@graph":[{"@type":"WebPage","@id":"https:\/\/babylove.se\/no\/produkt\/hvit-barneseng-liora-90x200-med-oppbevaringsskuffer\/","url":"https:\/\/babylove.se\/no\/produkt\/hvit-barneseng-liora-90x200-med-oppbevaringsskuffer\/","name":"Hvit barneseng Liora 90x200 med oppbevaringsskuffer - Babylove Norska","isPartOf":{"@id":"https:\/\/babylove.se\/no\/#website"},"primaryImageOfPage":{"@id":"https:\/\/babylove.se\/no\/produkt\/hvit-barneseng-liora-90x200-med-oppbevaringsskuffer\/#primaryimage"},"image":{"@id":"https:\/\/babylove.se\/no\/produkt\/hvit-barneseng-liora-90x200-med-oppbevaringsskuffer\/#primaryimage"},"thumbnailUrl":"https:\/\/babylove.se\/no\/wp-content\/uploads\/sites\/3\/2025\/07\/683eafff3eb82.jpeg","datePublished":"2025-07-19T15:52:16+00:00","dateModified":"2026-04-08T13:34:24+00:00","breadcrumb":{"@id":"https:\/\/babylove.se\/no\/produkt\/hvit-barneseng-liora-90x200-med-oppbevaringsskuffer\/#breadcrumb"},"inLanguage":"nb-NO","potentialAction":[{"@type":"ReadAction","target":["https:\/\/babylove.se\/no\/produkt\/hvit-barneseng-liora-90x200-med-oppbevaringsskuffer\/"]}]},{"@type":"ImageObject","inLanguage":"nb-NO","@id":"https:\/\/babylove.se\/no\/produkt\/hvit-barneseng-liora-90x200-med-oppbevaringsskuffer\/#primaryimage","url":"https:\/\/babylove.se\/no\/wp-content\/uploads\/sites\/3\/2025\/07\/683eafff3eb82.jpeg","contentUrl":"https:\/\/babylove.se\/no\/wp-content\/uploads\/sites\/3\/2025\/07\/683eafff3eb82.jpeg","width":1280,"height":960},{"@type":"BreadcrumbList","@id":"https:\/\/babylove.se\/no\/produkt\/hvit-barneseng-liora-90x200-med-oppbevaringsskuffer\/#breadcrumb","itemListElement":[{"@type":"ListItem","position":1,"name":"Hem","item":"https:\/\/babylove.se\/no\/"},{"@type":"ListItem","position":2,"name":"Butik","item":"https:\/\/babylove.se\/no\/butik\/"},{"@type":"ListItem","position":3,"name":"Hvit barneseng Liora 90&#215;200 med oppbevaringsskuffer"}]},{"@type":"WebSite","@id":"https:\/\/babylove.se\/no\/#website","url":"https:\/\/babylove.se\/no\/","name":"Babylove Norska","description":"","potentialAction":[{"@type":"SearchAction","target":{"@type":"EntryPoint","urlTemplate":"https:\/\/babylove.se\/no\/?s={search_term_string}"},"query-input":{"@type":"PropertyValueSpecification","valueRequired":true,"valueName":"search_term_string"}}],"inLanguage":"nb-NO"}]},"product_brand":"LANO","product_price_amount":"4099.00","product_price_currency":"SEK","og_availability":"instock","product_availability":"instock","product_retailer_item_id":"LEON","product_condition":"new"},"_links":{"self":[{"href":"https:\/\/babylove.se\/no\/wp-json\/wp\/v2\/product\/63026","targetHints":{"allow":["GET"]}}],"collection":[{"href":"https:\/\/babylove.se\/no\/wp-json\/wp\/v2\/product"}],"about":[{"href":"https:\/\/babylove.se\/no\/wp-json\/wp\/v2\/types\/product"}],"replies":[{"embeddable":true,"href":"https:\/\/babylove.se\/no\/wp-json\/wp\/v2\/comments?post=63026"}],"wp:featuredmedia":[{"embeddable":true,"href":"https:\/\/babylove.se\/no\/wp-json\/wp\/v2\/media\/63028"}],"wp:attachment":[{"href":"https:\/\/babylove.se\/no\/wp-json\/wp\/v2\/media?parent=63026"}],"wp:term":[{"taxonomy":"product_brand","embeddable":true,"href":"https:\/\/babylove.se\/no\/wp-json\/wp\/v2\/product_brand?post=63026"},{"taxonomy":"product_cat","embeddable":true,"href":"https:\/\/babylove.se\/no\/wp-json\/wp\/v2\/product_cat?post=63026"},{"taxonomy":"product_tag","embeddable":true,"href":"https:\/\/babylove.se\/no\/wp-json\/wp\/v2\/product_tag?post=63026"}],"curies":[{"name":"wp","href":"https:\/\/api.w.org\/{rel}","templated":true}]}}