{"id":63031,"date":"2025-07-19T16:52:16","date_gmt":"2025-07-19T15:52:16","guid":{"rendered":"https:\/\/babylove.se\/produkt\/hussang-simone-med-forvaringslador\/"},"modified":"2026-04-08T14:34:27","modified_gmt":"2026-04-08T13:34:27","slug":"hussang-simone-med-oppbevaringsskuffer","status":"publish","type":"product","link":"https:\/\/babylove.se\/no\/produkt\/hussang-simone-med-oppbevaringsskuffer\/","title":{"rendered":"Husseng Simone med oppbevaringsskuffer"},"content":{"rendered":"<p data-end=\"214\" data-start=\"155\">Tresenger for barn trenger ikke v\u00e6re kjedelige ? tvert imot!<\/p>\n<p data-end=\"536\" data-start=\"216\">Vi tror p\u00e5 at barnerommet skal v\u00e6re et sted for lek, hvile og fantasi. Derfor tilbyr vi en seng som er like mye et eventyr som et trygt sovested. Med sin lekne design i form av et telt blir den en naturlig del i barnets fantasileker ? perfekt for sm\u00e5 oppdagere som nettopp har begynt \u00e5 utforske verden p\u00e5 egen h\u00e5nd.<\/p>\n<p data-end=\"722\" data-start=\"538\">En seng som ikke bare gir en god natts s\u00f8vn, men ogs\u00e5 lokker til lek, lesing og rolige stunder i et trygt og inspirerende milj\u00f8. Et favoritsted i barnerommet ? fra f\u00f8rste \u00f8yeblikk.<\/p>\n<p><strong>Tilvalg:<\/strong> <\/p>\n<ul>\n<li>Sengen finnes i f\u00f8lgende farger: Hvit, gr\u00e5, natur (lakket), antrasitt, kasjmir og oliven.<\/li>\n<li>Velg med eller uten oppbevaringsskuffer.<\/li>\n<\/ul>\n<p><strong>Info <\/strong> <\/p>\n<ul>\n<li>Duskem\u00e5l: finnes i fem st\u00f8rrelser: 80&#215;160, 80&#215;180, 80&#215;200, 90&#215;190 og 90&#215;200 cm.<\/li>\n<li>Sengens totale h\u00f8yde: 166 cm.<\/li>\n<li>St\u00f8ttebrettes h\u00f8yde: 32 cm.<\/li>\n<li>Avstand mellom brettene (rekkverk): 6,5 cm<\/li>\n<li>H\u00f8yde p\u00e5 bakre del og sidene: 47,5 cm<\/li>\n<li>Plassen mellom gulv og nedre del av sengen: 29 cm.<\/li>\n<li>100% FSC-sertifisert furutre som sikrer at virket kommer fra ansvarlig skogsdrift.<\/li>\n<li>Maks vekt: 100 kg.<\/li>\n<\/ul>\n<p>Madrass er ikke inkludert, men ta gjerne en titt p\u00e5 v\u00e5rt store madrassutvalg. Vi anbefaler en skummadrass med tykkelse p\u00e5 ca 10-12 cm. <\/p>\n<p>Sengene produseres i henhold til standarden EN-747-1: 2012 + A1: 2015 i v\u00e5r fabrikk i Europa som har de h\u00f8yeste sikkerhetsstandardene for produksjon av barnesenger. og kontrollerer hvert trinn fra det at t\u00f8mmeret kommer inn i fabrikken til at et ferdig produkt forlater. Sengene lakkes tre ganger med \u00f8kologisk, milj\u00f8vennlig og vannbasert maling som f\u00f8lger normen EN 71-3:2019. <\/p>\n<p><em><em>Dette er en seng produsert og tilpasset for barn. <em><em><em><em><em>Sengen leveres umontert og b\u00f8r settes sammen i rommet den skal brukes i.<\/em><\/em><\/em><\/em><\/em><\/em><\/em><\/p>\n","protected":false},"excerpt":{"rendered":"<p>Tresenger for barn trenger ikke v\u00e6re kjedelige ? tvert imot! Vi tror p\u00e5 at barnerommet skal v\u00e6re et sted for lek, hvile og fantasi. Derfor tilbyr vi en seng som er like mye et eventyr som et trygt sovested. Med sin lekne design i form av et telt blir den en naturlig del i barnets [&hellip;]<\/p>\n","protected":false},"featured_media":63033,"comment_status":"open","ping_status":"closed","template":"","meta":{"_acf_changed":false},"product_brand":[1319],"product_cat":[217,269,1320,1321,922],"product_tag":[1689],"class_list":{"0":"post-63031","1":"product","2":"type-product","3":"status-publish","4":"has-post-thumbnail","6":"product_brand-lano","7":"product_cat-sengesanger","8":"product_cat-juniorsenger","9":"product_cat-lano","10":"product_cat-lano-bestillingsvarer","11":"product_cat-nyheter","12":"product_tag-bestillingsvaror","13":"pa_baddmatt-80x160-cm","14":"pa_baddmatt-80x180-cm","15":"pa_baddmatt-80x200-cm","16":"pa_baddmatt-90x190-cm","17":"pa_baddmatt-90x200-cm","18":"pa_farg-antracit","19":"pa_farg-gra","20":"pa_farg-vit","21":"pa_farg-kashmir","22":"pa_farg-natur-lackad","23":"pa_farg-olive","24":"pa_forvaringslador-ja","25":"pa_forvaringslador-nej","27":"first","28":"instock","29":"taxable","30":"shipping-taxable","31":"purchasable","32":"product-type-variable"},"acf":[],"yoast_head":"<!-- This site is optimized with the Yoast SEO Premium plugin v25.8 (Yoast SEO v27.2) - https:\/\/yoast.com\/product\/yoast-seo-premium-wordpress\/ -->\n<title>Husseng Simone med oppbevaringsskuffer - Babylove Norska<\/title>\n<meta name=\"robots\" content=\"noindex, follow, max-snippet:-1, max-image-preview:large, max-video-preview:-1\" \/>\n<meta property=\"og:locale\" content=\"nb_NO\" \/>\n<meta property=\"og:type\" content=\"article\" \/>\n<meta property=\"og:title\" content=\"Husseng Simone med oppbevaringsskuffer\" \/>\n<meta property=\"og:description\" content=\"Tresenger for barn trenger ikke v\u00e6re kjedelige ? tvert imot! Vi tror p\u00e5 at barnerommet skal v\u00e6re et sted for lek, hvile og fantasi. Derfor tilbyr vi en seng som er like mye et eventyr som et trygt sovested. Med sin lekne design i form av et telt blir den en naturlig del i barnets [&hellip;]\" \/>\n<meta property=\"og:url\" content=\"https:\/\/babylove.se\/no\/produkt\/hussang-simone-med-oppbevaringsskuffer\/\" \/>\n<meta property=\"og:site_name\" content=\"Babylove Norska\" \/>\n<meta property=\"article:modified_time\" content=\"2026-04-08T13:34:27+00:00\" \/>\n<meta property=\"og:image\" content=\"https:\/\/babylove.se\/no\/wp-content\/uploads\/sites\/3\/2025\/07\/683eb383e7bb3.jpeg\" \/>\n\t<meta property=\"og:image:width\" content=\"1280\" \/>\n\t<meta property=\"og:image:height\" content=\"905\" \/>\n\t<meta property=\"og:image:type\" content=\"image\/jpeg\" \/>\n<meta name=\"twitter:card\" content=\"summary_large_image\" \/>\n<meta name=\"twitter:label1\" content=\"Availability\" \/>\n\t<meta name=\"twitter:data1\" content=\"In stock\" \/>\n<script type=\"application\/ld+json\" class=\"yoast-schema-graph\">{\"@context\":\"https:\/\/schema.org\",\"@graph\":[{\"@type\":\"WebPage\",\"@id\":\"https:\/\/babylove.se\/no\/produkt\/hussang-simone-med-oppbevaringsskuffer\/\",\"url\":\"https:\/\/babylove.se\/no\/produkt\/hussang-simone-med-oppbevaringsskuffer\/\",\"name\":\"Husseng Simone med oppbevaringsskuffer - Babylove Norska\",\"isPartOf\":{\"@id\":\"https:\/\/babylove.se\/no\/#website\"},\"primaryImageOfPage\":{\"@id\":\"https:\/\/babylove.se\/no\/produkt\/hussang-simone-med-oppbevaringsskuffer\/#primaryimage\"},\"image\":{\"@id\":\"https:\/\/babylove.se\/no\/produkt\/hussang-simone-med-oppbevaringsskuffer\/#primaryimage\"},\"thumbnailUrl\":\"https:\/\/babylove.se\/no\/wp-content\/uploads\/sites\/3\/2025\/07\/683eb383e7bb3.jpeg\",\"datePublished\":\"2025-07-19T15:52:16+00:00\",\"dateModified\":\"2026-04-08T13:34:27+00:00\",\"breadcrumb\":{\"@id\":\"https:\/\/babylove.se\/no\/produkt\/hussang-simone-med-oppbevaringsskuffer\/#breadcrumb\"},\"inLanguage\":\"nb-NO\",\"potentialAction\":[{\"@type\":\"ReadAction\",\"target\":[\"https:\/\/babylove.se\/no\/produkt\/hussang-simone-med-oppbevaringsskuffer\/\"]}]},{\"@type\":\"ImageObject\",\"inLanguage\":\"nb-NO\",\"@id\":\"https:\/\/babylove.se\/no\/produkt\/hussang-simone-med-oppbevaringsskuffer\/#primaryimage\",\"url\":\"https:\/\/babylove.se\/no\/wp-content\/uploads\/sites\/3\/2025\/07\/683eb383e7bb3.jpeg\",\"contentUrl\":\"https:\/\/babylove.se\/no\/wp-content\/uploads\/sites\/3\/2025\/07\/683eb383e7bb3.jpeg\",\"width\":1280,\"height\":905},{\"@type\":\"BreadcrumbList\",\"@id\":\"https:\/\/babylove.se\/no\/produkt\/hussang-simone-med-oppbevaringsskuffer\/#breadcrumb\",\"itemListElement\":[{\"@type\":\"ListItem\",\"position\":1,\"name\":\"Hem\",\"item\":\"https:\/\/babylove.se\/no\/\"},{\"@type\":\"ListItem\",\"position\":2,\"name\":\"Butik\",\"item\":\"https:\/\/babylove.se\/no\/butik\/\"},{\"@type\":\"ListItem\",\"position\":3,\"name\":\"Husseng Simone med oppbevaringsskuffer\"}]},{\"@type\":\"WebSite\",\"@id\":\"https:\/\/babylove.se\/no\/#website\",\"url\":\"https:\/\/babylove.se\/no\/\",\"name\":\"Babylove Norska\",\"description\":\"\",\"potentialAction\":[{\"@type\":\"SearchAction\",\"target\":{\"@type\":\"EntryPoint\",\"urlTemplate\":\"https:\/\/babylove.se\/no\/?s={search_term_string}\"},\"query-input\":{\"@type\":\"PropertyValueSpecification\",\"valueRequired\":true,\"valueName\":\"search_term_string\"}}],\"inLanguage\":\"nb-NO\"}]}<\/script>\n<meta property=\"product:brand\" content=\"LANO\" \/>\n<meta property=\"og:availability\" content=\"instock\" \/>\n<meta property=\"product:availability\" content=\"instock\" \/>\n<meta property=\"product:retailer_item_id\" content=\"SIMBA-80x160-cm-Vit-Ja\" \/>\n<meta property=\"product:condition\" content=\"new\" \/>\n<!-- \/ Yoast SEO Premium plugin. -->","yoast_head_json":{"title":"Husseng Simone med oppbevaringsskuffer - Babylove Norska","robots":{"index":"noindex","follow":"follow","max-snippet":"max-snippet:-1","max-image-preview":"max-image-preview:large","max-video-preview":"max-video-preview:-1"},"og_locale":"nb_NO","og_type":"article","og_title":"Husseng Simone med oppbevaringsskuffer","og_description":"Tresenger for barn trenger ikke v\u00e6re kjedelige ? tvert imot! Vi tror p\u00e5 at barnerommet skal v\u00e6re et sted for lek, hvile og fantasi. Derfor tilbyr vi en seng som er like mye et eventyr som et trygt sovested. Med sin lekne design i form av et telt blir den en naturlig del i barnets [&hellip;]","og_url":"https:\/\/babylove.se\/no\/produkt\/hussang-simone-med-oppbevaringsskuffer\/","og_site_name":"Babylove Norska","article_modified_time":"2026-04-08T13:34:27+00:00","og_image":[{"width":1280,"height":905,"url":"https:\/\/babylove.se\/no\/wp-content\/uploads\/sites\/3\/2025\/07\/683eb383e7bb3.jpeg","type":"image\/jpeg"}],"twitter_card":"summary_large_image","twitter_misc":{"Availability":"In stock"},"schema":{"@context":"https:\/\/schema.org","@graph":[{"@type":"WebPage","@id":"https:\/\/babylove.se\/no\/produkt\/hussang-simone-med-oppbevaringsskuffer\/","url":"https:\/\/babylove.se\/no\/produkt\/hussang-simone-med-oppbevaringsskuffer\/","name":"Husseng Simone med oppbevaringsskuffer - Babylove Norska","isPartOf":{"@id":"https:\/\/babylove.se\/no\/#website"},"primaryImageOfPage":{"@id":"https:\/\/babylove.se\/no\/produkt\/hussang-simone-med-oppbevaringsskuffer\/#primaryimage"},"image":{"@id":"https:\/\/babylove.se\/no\/produkt\/hussang-simone-med-oppbevaringsskuffer\/#primaryimage"},"thumbnailUrl":"https:\/\/babylove.se\/no\/wp-content\/uploads\/sites\/3\/2025\/07\/683eb383e7bb3.jpeg","datePublished":"2025-07-19T15:52:16+00:00","dateModified":"2026-04-08T13:34:27+00:00","breadcrumb":{"@id":"https:\/\/babylove.se\/no\/produkt\/hussang-simone-med-oppbevaringsskuffer\/#breadcrumb"},"inLanguage":"nb-NO","potentialAction":[{"@type":"ReadAction","target":["https:\/\/babylove.se\/no\/produkt\/hussang-simone-med-oppbevaringsskuffer\/"]}]},{"@type":"ImageObject","inLanguage":"nb-NO","@id":"https:\/\/babylove.se\/no\/produkt\/hussang-simone-med-oppbevaringsskuffer\/#primaryimage","url":"https:\/\/babylove.se\/no\/wp-content\/uploads\/sites\/3\/2025\/07\/683eb383e7bb3.jpeg","contentUrl":"https:\/\/babylove.se\/no\/wp-content\/uploads\/sites\/3\/2025\/07\/683eb383e7bb3.jpeg","width":1280,"height":905},{"@type":"BreadcrumbList","@id":"https:\/\/babylove.se\/no\/produkt\/hussang-simone-med-oppbevaringsskuffer\/#breadcrumb","itemListElement":[{"@type":"ListItem","position":1,"name":"Hem","item":"https:\/\/babylove.se\/no\/"},{"@type":"ListItem","position":2,"name":"Butik","item":"https:\/\/babylove.se\/no\/butik\/"},{"@type":"ListItem","position":3,"name":"Husseng Simone med oppbevaringsskuffer"}]},{"@type":"WebSite","@id":"https:\/\/babylove.se\/no\/#website","url":"https:\/\/babylove.se\/no\/","name":"Babylove Norska","description":"","potentialAction":[{"@type":"SearchAction","target":{"@type":"EntryPoint","urlTemplate":"https:\/\/babylove.se\/no\/?s={search_term_string}"},"query-input":{"@type":"PropertyValueSpecification","valueRequired":true,"valueName":"search_term_string"}}],"inLanguage":"nb-NO"}]},"product_brand":"LANO","og_availability":"instock","product_availability":"instock","product_retailer_item_id":"SIMBA-80x160-cm-Vit-Ja","product_condition":"new"},"_links":{"self":[{"href":"https:\/\/babylove.se\/no\/wp-json\/wp\/v2\/product\/63031","targetHints":{"allow":["GET"]}}],"collection":[{"href":"https:\/\/babylove.se\/no\/wp-json\/wp\/v2\/product"}],"about":[{"href":"https:\/\/babylove.se\/no\/wp-json\/wp\/v2\/types\/product"}],"replies":[{"embeddable":true,"href":"https:\/\/babylove.se\/no\/wp-json\/wp\/v2\/comments?post=63031"}],"wp:featuredmedia":[{"embeddable":true,"href":"https:\/\/babylove.se\/no\/wp-json\/wp\/v2\/media\/63033"}],"wp:attachment":[{"href":"https:\/\/babylove.se\/no\/wp-json\/wp\/v2\/media?parent=63031"}],"wp:term":[{"taxonomy":"product_brand","embeddable":true,"href":"https:\/\/babylove.se\/no\/wp-json\/wp\/v2\/product_brand?post=63031"},{"taxonomy":"product_cat","embeddable":true,"href":"https:\/\/babylove.se\/no\/wp-json\/wp\/v2\/product_cat?post=63031"},{"taxonomy":"product_tag","embeddable":true,"href":"https:\/\/babylove.se\/no\/wp-json\/wp\/v2\/product_tag?post=63031"}],"curies":[{"name":"wp","href":"https:\/\/api.w.org\/{rel}","templated":true}]}}