{"id":63128,"date":"2025-07-19T16:57:31","date_gmt":"2025-07-19T15:57:31","guid":{"rendered":"https:\/\/babylove.se\/produkt\/hussang-milou-med-extrasang-och-forvaringslador\/"},"modified":"2026-04-08T14:34:36","modified_gmt":"2026-04-08T13:34:36","slug":"husseng-milou-med-ekstraseng-og-oppbevaringsskuffer","status":"publish","type":"product","link":"https:\/\/babylove.se\/no\/produkt\/husseng-milou-med-ekstraseng-og-oppbevaringsskuffer\/","title":{"rendered":"Husseng Milou med ekstraseng og oppbevaringsskuffer"},"content":{"rendered":"<p data-end=\"213\" data-start=\"147\"><strong data-end=\"213\" data-start=\"147\">Smart treseng med uttrekkbar seng \u2013 perfekt for mindre rom!<\/strong><\/p>\n<p data-end=\"440\" data-start=\"215\">Denne funksjonelle sengen i massiv furu er en gjennomtenkt l\u00f8sning for barnerom hvor hver kvadratmeter teller. Takket v\u00e6re sin kompakte form passer den utmerket i mindre rom og blir raskt en favoritt hos b\u00e5de barn og foreldre.<\/p>\n<p data-end=\"721\" data-start=\"442\">Sengen er utstyrt med en uttrekkbar sengdel som enkelt forvandler den til to komfortable soveplasser i forskjellig h\u00f8yde \u2013 perfekt for s\u00f8sken eller overnattende venner. Til tross for den ekstra soveplassen tar den ikke opp mer plass enn en vanlig enkelseng.<\/p>\n<p data-end=\"1044\" data-start=\"723\">Den medf\u00f8lgende sengekanten gir ekstra trygghet, noe som gj\u00f8r sengen til et sikkert valg selv for yngre barn. Rammen er utstyrt med fleksible bj\u00f8rkelameller som gir god komfort og t\u00e5ler daglig bruk. Under sengen finns dessuten romslige skuffer \u2013 perfekte for \u00e5 oppbevare senget\u00f8y, leker eller kl\u00e6r p\u00e5 en smidig m\u00e5te.<\/p>\n<p data-end=\"1131\" data-start=\"1046\">Et tidl\u00f8st, stabilt og praktisk m\u00f8bel som vokser med barnets behov \u2013 b\u00e5de dag og natt.<\/p>\n<p>&nbsp; <\/p>\n<p><strong>Tilvalg: <\/strong> <\/p>\n<ul>\n<li>Sengen finnes i f\u00f8lgende farger: Hvit, natur (lakkert), gr\u00e5, antrasitt, kasjmir og oliven.<\/li>\n<\/ul>\n<p><strong>Info: <\/strong> <\/p>\n<ul>\n<li>100% FSC-sertifisert furutre som sikrer at virket kommer fra ansvarlig skogbruk.<\/li>\n<li>Maks vekt per seng: 100 kg.<\/li>\n<\/ul>\n<p><strong>M\u00e5l: <\/strong> <\/p>\n<ul>\n<li>Sengens totale h\u00f8yde: 212 cm.<\/li>\n<li>Sengen finnes i f\u00f8lgende sengm\u00e5l: 80&#215;180 cm, 80&#215;200 cm, 90&#215;190 cm og 90&#215;200 cm.<\/li>\n<li>Rekkverkets h\u00f8yde: 45,5 cm.<\/li>\n<li>Sengm\u00e5let for den nedre sengen er 10 cm kortere enn for den \u00f8vre.<\/li>\n<\/ul>\n<p>Madrass inng\u00e5r ikke, men ta gjerne en titt p\u00e5 v\u00e5rt store madrassutvalg. For oversengen anbefaler vi en skummadrass med en tykkelse p\u00e5 cirka 10\u201312 cm. Til den uttrekkbare ekstrasengen b\u00f8r madrassen v\u00e6re h\u00f8yst 8 cm tykk og 10 cm kortere enn den \u00f8vre sengen for \u00e5 passe korrekt. <\/p>\n<p>Sengene produseres i henhold til standarden EN-747-1: 2012 + A1: 2015 i v\u00e5r fabrikk i Europa som har de h\u00f8yeste sikkerhetsstandardene for produksjon av barnesenger. og kontrollerer hvert trinn fra det at t\u00f8mmeret kommer inn i fabrikken til at et ferdig produkt forlater. Sengene lakkeres tre ganger med \u00f8kologisk, milj\u00f8vennlig og vannbasert maling som f\u00f8lger normen EN 71-3:2019. <\/p>\n<p>&nbsp; <\/p>\n<p><em><em>Dette er en seng produsert og tilpasset for barn. <em><em><em><em><em>Sengen leveres umontert og b\u00f8r settes sammen i rommet den skal brukes i.<\/em><\/em><\/em><\/em><\/em><\/em><\/em><\/p>\n","protected":false},"excerpt":{"rendered":"<p>Smart treseng med uttrekkbar seng \u2013 perfekt for mindre rom! Denne funksjonelle sengen i massiv furu er en gjennomtenkt l\u00f8sning for barnerom hvor hver kvadratmeter teller. Takket v\u00e6re sin kompakte form passer den utmerket i mindre rom og blir raskt en favoritt hos b\u00e5de barn og foreldre. Sengen er utstyrt med en uttrekkbar sengdel som [&hellip;]<\/p>\n","protected":false},"featured_media":63130,"comment_status":"open","ping_status":"closed","template":"","meta":{"_acf_changed":false},"product_brand":[1319],"product_cat":[217,1320,922],"product_tag":[1689],"class_list":{"0":"post-63128","1":"product","2":"type-product","3":"status-publish","4":"has-post-thumbnail","6":"product_brand-lano","7":"product_cat-sengesanger","8":"product_cat-lano","9":"product_cat-nyheter","10":"product_tag-bestillingsvaror","11":"pa_baddmatt-80x180-cm","12":"pa_baddmatt-80x200-cm","13":"pa_baddmatt-90x190-cm","14":"pa_baddmatt-90x200-cm","15":"pa_farg-antracit","16":"pa_farg-gra","17":"pa_farg-vit","18":"pa_farg-kashmir","19":"pa_farg-natur-lackad","20":"pa_farg-olive","22":"first","23":"instock","24":"taxable","25":"shipping-taxable","26":"purchasable","27":"product-type-variable"},"acf":[],"yoast_head":"<!-- This site is optimized with the Yoast SEO Premium plugin v25.8 (Yoast SEO v27.2) - https:\/\/yoast.com\/product\/yoast-seo-premium-wordpress\/ -->\n<title>Husseng Milou med ekstraseng og oppbevaringsskuffer - Babylove Norska<\/title>\n<meta name=\"robots\" content=\"noindex, follow, max-snippet:-1, max-image-preview:large, max-video-preview:-1\" \/>\n<meta property=\"og:locale\" content=\"nb_NO\" \/>\n<meta property=\"og:type\" content=\"article\" \/>\n<meta property=\"og:title\" content=\"Husseng Milou med ekstraseng og oppbevaringsskuffer\" \/>\n<meta property=\"og:description\" content=\"Smart treseng med uttrekkbar seng \u2013 perfekt for mindre rom! Denne funksjonelle sengen i massiv furu er en gjennomtenkt l\u00f8sning for barnerom hvor hver kvadratmeter teller. Takket v\u00e6re sin kompakte form passer den utmerket i mindre rom og blir raskt en favoritt hos b\u00e5de barn og foreldre. Sengen er utstyrt med en uttrekkbar sengdel som [&hellip;]\" \/>\n<meta property=\"og:url\" content=\"https:\/\/babylove.se\/no\/produkt\/husseng-milou-med-ekstraseng-og-oppbevaringsskuffer\/\" \/>\n<meta property=\"og:site_name\" content=\"Babylove Norska\" \/>\n<meta property=\"article:modified_time\" content=\"2026-04-08T13:34:36+00:00\" \/>\n<meta property=\"og:image\" content=\"https:\/\/babylove.se\/no\/wp-content\/uploads\/sites\/3\/2025\/07\/683ec2a6c86d5.jpeg\" \/>\n\t<meta property=\"og:image:width\" content=\"640\" \/>\n\t<meta property=\"og:image:height\" content=\"480\" \/>\n\t<meta property=\"og:image:type\" content=\"image\/jpeg\" \/>\n<meta name=\"twitter:card\" content=\"summary_large_image\" \/>\n<meta name=\"twitter:label1\" content=\"Availability\" \/>\n\t<meta name=\"twitter:data1\" content=\"In stock\" \/>\n<script type=\"application\/ld+json\" class=\"yoast-schema-graph\">{\"@context\":\"https:\/\/schema.org\",\"@graph\":[{\"@type\":\"WebPage\",\"@id\":\"https:\/\/babylove.se\/no\/produkt\/husseng-milou-med-ekstraseng-og-oppbevaringsskuffer\/\",\"url\":\"https:\/\/babylove.se\/no\/produkt\/husseng-milou-med-ekstraseng-og-oppbevaringsskuffer\/\",\"name\":\"Husseng Milou med ekstraseng og oppbevaringsskuffer - Babylove Norska\",\"isPartOf\":{\"@id\":\"https:\/\/babylove.se\/no\/#website\"},\"primaryImageOfPage\":{\"@id\":\"https:\/\/babylove.se\/no\/produkt\/husseng-milou-med-ekstraseng-og-oppbevaringsskuffer\/#primaryimage\"},\"image\":{\"@id\":\"https:\/\/babylove.se\/no\/produkt\/husseng-milou-med-ekstraseng-og-oppbevaringsskuffer\/#primaryimage\"},\"thumbnailUrl\":\"https:\/\/babylove.se\/no\/wp-content\/uploads\/sites\/3\/2025\/07\/683ec2a6c86d5.jpeg\",\"datePublished\":\"2025-07-19T15:57:31+00:00\",\"dateModified\":\"2026-04-08T13:34:36+00:00\",\"breadcrumb\":{\"@id\":\"https:\/\/babylove.se\/no\/produkt\/husseng-milou-med-ekstraseng-og-oppbevaringsskuffer\/#breadcrumb\"},\"inLanguage\":\"nb-NO\",\"potentialAction\":[{\"@type\":\"ReadAction\",\"target\":[\"https:\/\/babylove.se\/no\/produkt\/husseng-milou-med-ekstraseng-og-oppbevaringsskuffer\/\"]}]},{\"@type\":\"ImageObject\",\"inLanguage\":\"nb-NO\",\"@id\":\"https:\/\/babylove.se\/no\/produkt\/husseng-milou-med-ekstraseng-og-oppbevaringsskuffer\/#primaryimage\",\"url\":\"https:\/\/babylove.se\/no\/wp-content\/uploads\/sites\/3\/2025\/07\/683ec2a6c86d5.jpeg\",\"contentUrl\":\"https:\/\/babylove.se\/no\/wp-content\/uploads\/sites\/3\/2025\/07\/683ec2a6c86d5.jpeg\",\"width\":640,\"height\":480},{\"@type\":\"BreadcrumbList\",\"@id\":\"https:\/\/babylove.se\/no\/produkt\/husseng-milou-med-ekstraseng-og-oppbevaringsskuffer\/#breadcrumb\",\"itemListElement\":[{\"@type\":\"ListItem\",\"position\":1,\"name\":\"Hem\",\"item\":\"https:\/\/babylove.se\/no\/\"},{\"@type\":\"ListItem\",\"position\":2,\"name\":\"Butik\",\"item\":\"https:\/\/babylove.se\/no\/butik\/\"},{\"@type\":\"ListItem\",\"position\":3,\"name\":\"Husseng Milou med ekstraseng og oppbevaringsskuffer\"}]},{\"@type\":\"WebSite\",\"@id\":\"https:\/\/babylove.se\/no\/#website\",\"url\":\"https:\/\/babylove.se\/no\/\",\"name\":\"Babylove Norska\",\"description\":\"\",\"potentialAction\":[{\"@type\":\"SearchAction\",\"target\":{\"@type\":\"EntryPoint\",\"urlTemplate\":\"https:\/\/babylove.se\/no\/?s={search_term_string}\"},\"query-input\":{\"@type\":\"PropertyValueSpecification\",\"valueRequired\":true,\"valueName\":\"search_term_string\"}}],\"inLanguage\":\"nb-NO\"}]}<\/script>\n<meta property=\"product:brand\" content=\"LANO\" \/>\n<meta property=\"og:availability\" content=\"instock\" \/>\n<meta property=\"product:availability\" content=\"instock\" \/>\n<meta property=\"product:retailer_item_id\" content=\"MAGIC-80x180-cm-Vit\" \/>\n<meta property=\"product:condition\" content=\"new\" \/>\n<!-- \/ Yoast SEO Premium plugin. -->","yoast_head_json":{"title":"Husseng Milou med ekstraseng og oppbevaringsskuffer - Babylove Norska","robots":{"index":"noindex","follow":"follow","max-snippet":"max-snippet:-1","max-image-preview":"max-image-preview:large","max-video-preview":"max-video-preview:-1"},"og_locale":"nb_NO","og_type":"article","og_title":"Husseng Milou med ekstraseng og oppbevaringsskuffer","og_description":"Smart treseng med uttrekkbar seng \u2013 perfekt for mindre rom! Denne funksjonelle sengen i massiv furu er en gjennomtenkt l\u00f8sning for barnerom hvor hver kvadratmeter teller. Takket v\u00e6re sin kompakte form passer den utmerket i mindre rom og blir raskt en favoritt hos b\u00e5de barn og foreldre. Sengen er utstyrt med en uttrekkbar sengdel som [&hellip;]","og_url":"https:\/\/babylove.se\/no\/produkt\/husseng-milou-med-ekstraseng-og-oppbevaringsskuffer\/","og_site_name":"Babylove Norska","article_modified_time":"2026-04-08T13:34:36+00:00","og_image":[{"width":640,"height":480,"url":"https:\/\/babylove.se\/no\/wp-content\/uploads\/sites\/3\/2025\/07\/683ec2a6c86d5.jpeg","type":"image\/jpeg"}],"twitter_card":"summary_large_image","twitter_misc":{"Availability":"In stock"},"schema":{"@context":"https:\/\/schema.org","@graph":[{"@type":"WebPage","@id":"https:\/\/babylove.se\/no\/produkt\/husseng-milou-med-ekstraseng-og-oppbevaringsskuffer\/","url":"https:\/\/babylove.se\/no\/produkt\/husseng-milou-med-ekstraseng-og-oppbevaringsskuffer\/","name":"Husseng Milou med ekstraseng og oppbevaringsskuffer - Babylove Norska","isPartOf":{"@id":"https:\/\/babylove.se\/no\/#website"},"primaryImageOfPage":{"@id":"https:\/\/babylove.se\/no\/produkt\/husseng-milou-med-ekstraseng-og-oppbevaringsskuffer\/#primaryimage"},"image":{"@id":"https:\/\/babylove.se\/no\/produkt\/husseng-milou-med-ekstraseng-og-oppbevaringsskuffer\/#primaryimage"},"thumbnailUrl":"https:\/\/babylove.se\/no\/wp-content\/uploads\/sites\/3\/2025\/07\/683ec2a6c86d5.jpeg","datePublished":"2025-07-19T15:57:31+00:00","dateModified":"2026-04-08T13:34:36+00:00","breadcrumb":{"@id":"https:\/\/babylove.se\/no\/produkt\/husseng-milou-med-ekstraseng-og-oppbevaringsskuffer\/#breadcrumb"},"inLanguage":"nb-NO","potentialAction":[{"@type":"ReadAction","target":["https:\/\/babylove.se\/no\/produkt\/husseng-milou-med-ekstraseng-og-oppbevaringsskuffer\/"]}]},{"@type":"ImageObject","inLanguage":"nb-NO","@id":"https:\/\/babylove.se\/no\/produkt\/husseng-milou-med-ekstraseng-og-oppbevaringsskuffer\/#primaryimage","url":"https:\/\/babylove.se\/no\/wp-content\/uploads\/sites\/3\/2025\/07\/683ec2a6c86d5.jpeg","contentUrl":"https:\/\/babylove.se\/no\/wp-content\/uploads\/sites\/3\/2025\/07\/683ec2a6c86d5.jpeg","width":640,"height":480},{"@type":"BreadcrumbList","@id":"https:\/\/babylove.se\/no\/produkt\/husseng-milou-med-ekstraseng-og-oppbevaringsskuffer\/#breadcrumb","itemListElement":[{"@type":"ListItem","position":1,"name":"Hem","item":"https:\/\/babylove.se\/no\/"},{"@type":"ListItem","position":2,"name":"Butik","item":"https:\/\/babylove.se\/no\/butik\/"},{"@type":"ListItem","position":3,"name":"Husseng Milou med ekstraseng og oppbevaringsskuffer"}]},{"@type":"WebSite","@id":"https:\/\/babylove.se\/no\/#website","url":"https:\/\/babylove.se\/no\/","name":"Babylove Norska","description":"","potentialAction":[{"@type":"SearchAction","target":{"@type":"EntryPoint","urlTemplate":"https:\/\/babylove.se\/no\/?s={search_term_string}"},"query-input":{"@type":"PropertyValueSpecification","valueRequired":true,"valueName":"search_term_string"}}],"inLanguage":"nb-NO"}]},"product_brand":"LANO","og_availability":"instock","product_availability":"instock","product_retailer_item_id":"MAGIC-80x180-cm-Vit","product_condition":"new"},"_links":{"self":[{"href":"https:\/\/babylove.se\/no\/wp-json\/wp\/v2\/product\/63128","targetHints":{"allow":["GET"]}}],"collection":[{"href":"https:\/\/babylove.se\/no\/wp-json\/wp\/v2\/product"}],"about":[{"href":"https:\/\/babylove.se\/no\/wp-json\/wp\/v2\/types\/product"}],"replies":[{"embeddable":true,"href":"https:\/\/babylove.se\/no\/wp-json\/wp\/v2\/comments?post=63128"}],"wp:featuredmedia":[{"embeddable":true,"href":"https:\/\/babylove.se\/no\/wp-json\/wp\/v2\/media\/63130"}],"wp:attachment":[{"href":"https:\/\/babylove.se\/no\/wp-json\/wp\/v2\/media?parent=63128"}],"wp:term":[{"taxonomy":"product_brand","embeddable":true,"href":"https:\/\/babylove.se\/no\/wp-json\/wp\/v2\/product_brand?post=63128"},{"taxonomy":"product_cat","embeddable":true,"href":"https:\/\/babylove.se\/no\/wp-json\/wp\/v2\/product_cat?post=63128"},{"taxonomy":"product_tag","embeddable":true,"href":"https:\/\/babylove.se\/no\/wp-json\/wp\/v2\/product_tag?post=63128"}],"curies":[{"name":"wp","href":"https:\/\/api.w.org\/{rel}","templated":true}]}}