{"id":63162,"date":"2025-07-19T16:58:44","date_gmt":"2025-07-19T15:58:44","guid":{"rendered":"https:\/\/babylove.se\/produkt\/barnsang-solvi-med-utdragbar-sang-och-forvaringslador\/"},"modified":"2026-04-08T14:34:38","modified_gmt":"2026-04-08T13:34:38","slug":"barneseng-solvi-med-uttrekkbar-seng-og-oppbevaringsskuffer","status":"publish","type":"product","link":"https:\/\/babylove.se\/no\/produkt\/barneseng-solvi-med-uttrekkbar-seng-og-oppbevaringsskuffer\/","title":{"rendered":"Barneseng Solvi med uttrekkbar seng og oppbevaringsskuffer"},"content":{"rendered":"<p data-end=\"161\" data-start=\"108\">Plassbesparende barneseng med smart uttrekkbar seng!<\/p>\n<p data-end=\"385\" data-start=\"163\">Denne praktiske sengen i massiv furu er designet med omtanke for b\u00e5de barnets behov og rommets areal. Den kompakte modellen gj\u00f8r den til et perfekt valg for mindre barnerom \u2013 uten \u00e5 g\u00e5 p\u00e5 kompromiss med komfort eller funksjon.<\/p>\n<p data-end=\"613\" data-start=\"387\">Sengen har en uttrekkbar seng som raskt og enkelt skaper to soveplasser i forskjellig h\u00f8yde. Det gj\u00f8r den ideell for s\u00f8sken eller n\u00e5r en kompis sover over. Til tross for sin doble funksjon tar sengen ikke mer plass enn en vanlig enkelseng.<\/p>\n<p data-end=\"895\" data-start=\"615\">En beskyttende sengkant gir ekstra trygghet, spesielt for yngre barn. Sengrammen er utstyrt med fleksible bj\u00f8rk-lameller for behagelig komfort og holdbarhet ved daglig bruk. De romslige skuffene under sengen tilbyr dessuten praktisk oppbevaring for alt fra senget\u00f8y til leker.<\/p>\n<p data-end=\"1001\" data-start=\"897\">En tidl\u00f8s, trygg og smart l\u00f8sning som enkelt tilpasser seg barnets hverdag \u2013 fra lek til godnattstund.<\/p>\n<p>&nbsp; <\/p>\n<p><strong>Tilvalg: <\/strong> <\/p>\n<ul>\n<li>Sengen finnes i f\u00f8lgende farger: Hvit, natur (lakkert), gr\u00e5, antrasitt, kashmir og olive.<\/li>\n<\/ul>\n<p><strong>Info: <\/strong> <\/p>\n<ul>\n<li>100% FSC-sertifisert furutre som sikrer at virket kommer fra ansvarlig skogbruk.<\/li>\n<li>Maks vekt per seng: 100 kg.<\/li>\n<\/ul>\n<p><strong>M\u00e5l: <\/strong> <\/p>\n<ul>\n<li>Sengens totale h\u00f8yde: 64 cm.<\/li>\n<li>Sengen finnes i f\u00f8lgende sengm\u00e5l: 80&#215;160 cm, 80&#215;180 cm, 80&#215;200 cm, 90&#215;190 cm og 90&#215;200 cm.<\/li>\n<li>St\u00f8tteplatens h\u00f8yde: 27 cm.<\/li>\n<li>Sengm\u00e5let for den nedre sengen er 10 cm kortere enn for den \u00f8vre.<\/li>\n<\/ul>\n<p>Madrass er ikke inkludert, men ta gjerne en titt p\u00e5 v\u00e5rt store madrassutvalg. For soveplass anbefaler vi en skummadrass med en tykkelse p\u00e5 cirka 10-12 cm. Til den uttrekkbare ekstrasengen b\u00f8r madrassen v\u00e6re h\u00f8yst 8 cm tykk og 10 cm kortere enn den \u00f8vre sengen for \u00e5 passe korrekt. <\/p>\n<p>Sengene produseres i henhold til standarden EN-747-1: 2012 + A1: 2015 i v\u00e5r fabrikk i Europa som har de h\u00f8yeste sikkerhetsstandardene for produksjon av barnesenger. og kontrollerer hvert steg fra t\u00f8mmeret kommer inn i fabrikken til at et ferdig produkt forlater. Sengene lakkeres tre ganger med \u00f8kologisk, milj\u00f8vennlig og vannbasert maling som f\u00f8lger normen EN 71-3:2019. <\/p>\n<p><em><em>Dette er en seng produsert og tilpasset for barn. <em><em><em><em><em>Sengen leveres umontert og b\u00f8r settes sammen i rommet den skal brukes i.<\/em><\/em><\/em><\/em><\/em><\/em><\/em><\/p>\n","protected":false},"excerpt":{"rendered":"<p>Plassbesparende barneseng med smart uttrekkbar seng! Denne praktiske sengen i massiv furu er designet med omtanke for b\u00e5de barnets behov og rommets areal. Den kompakte modellen gj\u00f8r den til et perfekt valg for mindre barnerom \u2013 uten \u00e5 g\u00e5 p\u00e5 kompromiss med komfort eller funksjon. Sengen har en uttrekkbar seng som raskt og enkelt skaper [&hellip;]<\/p>\n","protected":false},"featured_media":63164,"comment_status":"open","ping_status":"closed","template":"","meta":{"_acf_changed":false},"product_brand":[1319],"product_cat":[269,1320,1321,922],"product_tag":[1689],"class_list":{"0":"post-63162","1":"product","2":"type-product","3":"status-publish","4":"has-post-thumbnail","6":"product_brand-lano","7":"product_cat-juniorsenger","8":"product_cat-lano","9":"product_cat-lano-bestillingsvarer","10":"product_cat-nyheter","11":"product_tag-bestillingsvaror","12":"pa_baddmatt-80x160-cm","13":"pa_baddmatt-80x180-cm","14":"pa_baddmatt-80x200-cm","15":"pa_baddmatt-90x190-cm","16":"pa_baddmatt-90x200-cm","17":"pa_farg-antracit","18":"pa_farg-gra","19":"pa_farg-vit","20":"pa_farg-kashmir","21":"pa_farg-natur-lackad","22":"pa_farg-olive","24":"first","25":"instock","26":"taxable","27":"shipping-taxable","28":"purchasable","29":"product-type-variable"},"acf":[],"yoast_head":"<!-- This site is optimized with the Yoast SEO Premium plugin v25.8 (Yoast SEO v27.2) - https:\/\/yoast.com\/product\/yoast-seo-premium-wordpress\/ -->\n<title>Barneseng Solvi med uttrekkbar seng og oppbevaringsskuffer - Babylove Norska<\/title>\n<meta name=\"robots\" content=\"noindex, follow, max-snippet:-1, max-image-preview:large, max-video-preview:-1\" \/>\n<meta property=\"og:locale\" content=\"nb_NO\" \/>\n<meta property=\"og:type\" content=\"article\" \/>\n<meta property=\"og:title\" content=\"Barneseng Solvi med uttrekkbar seng og oppbevaringsskuffer\" \/>\n<meta property=\"og:description\" content=\"Plassbesparende barneseng med smart uttrekkbar seng! Denne praktiske sengen i massiv furu er designet med omtanke for b\u00e5de barnets behov og rommets areal. Den kompakte modellen gj\u00f8r den til et perfekt valg for mindre barnerom \u2013 uten \u00e5 g\u00e5 p\u00e5 kompromiss med komfort eller funksjon. Sengen har en uttrekkbar seng som raskt og enkelt skaper [&hellip;]\" \/>\n<meta property=\"og:url\" content=\"https:\/\/babylove.se\/no\/produkt\/barneseng-solvi-med-uttrekkbar-seng-og-oppbevaringsskuffer\/\" \/>\n<meta property=\"og:site_name\" content=\"Babylove Norska\" \/>\n<meta property=\"article:modified_time\" content=\"2026-04-08T13:34:38+00:00\" \/>\n<meta property=\"og:image\" content=\"https:\/\/babylove.se\/no\/wp-content\/uploads\/sites\/3\/2025\/07\/683ec5e3346e4.jpeg\" \/>\n\t<meta property=\"og:image:width\" content=\"640\" \/>\n\t<meta property=\"og:image:height\" content=\"480\" \/>\n\t<meta property=\"og:image:type\" content=\"image\/jpeg\" \/>\n<meta name=\"twitter:card\" content=\"summary_large_image\" \/>\n<meta name=\"twitter:label1\" content=\"Availability\" \/>\n\t<meta name=\"twitter:data1\" content=\"In stock\" \/>\n<script type=\"application\/ld+json\" class=\"yoast-schema-graph\">{\"@context\":\"https:\/\/schema.org\",\"@graph\":[{\"@type\":\"WebPage\",\"@id\":\"https:\/\/babylove.se\/no\/produkt\/barneseng-solvi-med-uttrekkbar-seng-og-oppbevaringsskuffer\/\",\"url\":\"https:\/\/babylove.se\/no\/produkt\/barneseng-solvi-med-uttrekkbar-seng-og-oppbevaringsskuffer\/\",\"name\":\"Barneseng Solvi med uttrekkbar seng og oppbevaringsskuffer - Babylove Norska\",\"isPartOf\":{\"@id\":\"https:\/\/babylove.se\/no\/#website\"},\"primaryImageOfPage\":{\"@id\":\"https:\/\/babylove.se\/no\/produkt\/barneseng-solvi-med-uttrekkbar-seng-og-oppbevaringsskuffer\/#primaryimage\"},\"image\":{\"@id\":\"https:\/\/babylove.se\/no\/produkt\/barneseng-solvi-med-uttrekkbar-seng-og-oppbevaringsskuffer\/#primaryimage\"},\"thumbnailUrl\":\"https:\/\/babylove.se\/no\/wp-content\/uploads\/sites\/3\/2025\/07\/683ec5e3346e4.jpeg\",\"datePublished\":\"2025-07-19T15:58:44+00:00\",\"dateModified\":\"2026-04-08T13:34:38+00:00\",\"breadcrumb\":{\"@id\":\"https:\/\/babylove.se\/no\/produkt\/barneseng-solvi-med-uttrekkbar-seng-og-oppbevaringsskuffer\/#breadcrumb\"},\"inLanguage\":\"nb-NO\",\"potentialAction\":[{\"@type\":\"ReadAction\",\"target\":[\"https:\/\/babylove.se\/no\/produkt\/barneseng-solvi-med-uttrekkbar-seng-og-oppbevaringsskuffer\/\"]}]},{\"@type\":\"ImageObject\",\"inLanguage\":\"nb-NO\",\"@id\":\"https:\/\/babylove.se\/no\/produkt\/barneseng-solvi-med-uttrekkbar-seng-og-oppbevaringsskuffer\/#primaryimage\",\"url\":\"https:\/\/babylove.se\/no\/wp-content\/uploads\/sites\/3\/2025\/07\/683ec5e3346e4.jpeg\",\"contentUrl\":\"https:\/\/babylove.se\/no\/wp-content\/uploads\/sites\/3\/2025\/07\/683ec5e3346e4.jpeg\",\"width\":640,\"height\":480},{\"@type\":\"BreadcrumbList\",\"@id\":\"https:\/\/babylove.se\/no\/produkt\/barneseng-solvi-med-uttrekkbar-seng-og-oppbevaringsskuffer\/#breadcrumb\",\"itemListElement\":[{\"@type\":\"ListItem\",\"position\":1,\"name\":\"Hem\",\"item\":\"https:\/\/babylove.se\/no\/\"},{\"@type\":\"ListItem\",\"position\":2,\"name\":\"Butik\",\"item\":\"https:\/\/babylove.se\/no\/butik\/\"},{\"@type\":\"ListItem\",\"position\":3,\"name\":\"Barneseng Solvi med uttrekkbar seng og oppbevaringsskuffer\"}]},{\"@type\":\"WebSite\",\"@id\":\"https:\/\/babylove.se\/no\/#website\",\"url\":\"https:\/\/babylove.se\/no\/\",\"name\":\"Babylove Norska\",\"description\":\"\",\"potentialAction\":[{\"@type\":\"SearchAction\",\"target\":{\"@type\":\"EntryPoint\",\"urlTemplate\":\"https:\/\/babylove.se\/no\/?s={search_term_string}\"},\"query-input\":{\"@type\":\"PropertyValueSpecification\",\"valueRequired\":true,\"valueName\":\"search_term_string\"}}],\"inLanguage\":\"nb-NO\"}]}<\/script>\n<meta property=\"product:brand\" content=\"LANO\" \/>\n<meta property=\"og:availability\" content=\"instock\" \/>\n<meta property=\"product:availability\" content=\"instock\" \/>\n<meta property=\"product:retailer_item_id\" content=\"SOFTI-80x160-cm-Vit\" \/>\n<meta property=\"product:condition\" content=\"new\" \/>\n<!-- \/ Yoast SEO Premium plugin. -->","yoast_head_json":{"title":"Barneseng Solvi med uttrekkbar seng og oppbevaringsskuffer - Babylove Norska","robots":{"index":"noindex","follow":"follow","max-snippet":"max-snippet:-1","max-image-preview":"max-image-preview:large","max-video-preview":"max-video-preview:-1"},"og_locale":"nb_NO","og_type":"article","og_title":"Barneseng Solvi med uttrekkbar seng og oppbevaringsskuffer","og_description":"Plassbesparende barneseng med smart uttrekkbar seng! Denne praktiske sengen i massiv furu er designet med omtanke for b\u00e5de barnets behov og rommets areal. Den kompakte modellen gj\u00f8r den til et perfekt valg for mindre barnerom \u2013 uten \u00e5 g\u00e5 p\u00e5 kompromiss med komfort eller funksjon. Sengen har en uttrekkbar seng som raskt og enkelt skaper [&hellip;]","og_url":"https:\/\/babylove.se\/no\/produkt\/barneseng-solvi-med-uttrekkbar-seng-og-oppbevaringsskuffer\/","og_site_name":"Babylove Norska","article_modified_time":"2026-04-08T13:34:38+00:00","og_image":[{"width":640,"height":480,"url":"https:\/\/babylove.se\/no\/wp-content\/uploads\/sites\/3\/2025\/07\/683ec5e3346e4.jpeg","type":"image\/jpeg"}],"twitter_card":"summary_large_image","twitter_misc":{"Availability":"In stock"},"schema":{"@context":"https:\/\/schema.org","@graph":[{"@type":"WebPage","@id":"https:\/\/babylove.se\/no\/produkt\/barneseng-solvi-med-uttrekkbar-seng-og-oppbevaringsskuffer\/","url":"https:\/\/babylove.se\/no\/produkt\/barneseng-solvi-med-uttrekkbar-seng-og-oppbevaringsskuffer\/","name":"Barneseng Solvi med uttrekkbar seng og oppbevaringsskuffer - Babylove Norska","isPartOf":{"@id":"https:\/\/babylove.se\/no\/#website"},"primaryImageOfPage":{"@id":"https:\/\/babylove.se\/no\/produkt\/barneseng-solvi-med-uttrekkbar-seng-og-oppbevaringsskuffer\/#primaryimage"},"image":{"@id":"https:\/\/babylove.se\/no\/produkt\/barneseng-solvi-med-uttrekkbar-seng-og-oppbevaringsskuffer\/#primaryimage"},"thumbnailUrl":"https:\/\/babylove.se\/no\/wp-content\/uploads\/sites\/3\/2025\/07\/683ec5e3346e4.jpeg","datePublished":"2025-07-19T15:58:44+00:00","dateModified":"2026-04-08T13:34:38+00:00","breadcrumb":{"@id":"https:\/\/babylove.se\/no\/produkt\/barneseng-solvi-med-uttrekkbar-seng-og-oppbevaringsskuffer\/#breadcrumb"},"inLanguage":"nb-NO","potentialAction":[{"@type":"ReadAction","target":["https:\/\/babylove.se\/no\/produkt\/barneseng-solvi-med-uttrekkbar-seng-og-oppbevaringsskuffer\/"]}]},{"@type":"ImageObject","inLanguage":"nb-NO","@id":"https:\/\/babylove.se\/no\/produkt\/barneseng-solvi-med-uttrekkbar-seng-og-oppbevaringsskuffer\/#primaryimage","url":"https:\/\/babylove.se\/no\/wp-content\/uploads\/sites\/3\/2025\/07\/683ec5e3346e4.jpeg","contentUrl":"https:\/\/babylove.se\/no\/wp-content\/uploads\/sites\/3\/2025\/07\/683ec5e3346e4.jpeg","width":640,"height":480},{"@type":"BreadcrumbList","@id":"https:\/\/babylove.se\/no\/produkt\/barneseng-solvi-med-uttrekkbar-seng-og-oppbevaringsskuffer\/#breadcrumb","itemListElement":[{"@type":"ListItem","position":1,"name":"Hem","item":"https:\/\/babylove.se\/no\/"},{"@type":"ListItem","position":2,"name":"Butik","item":"https:\/\/babylove.se\/no\/butik\/"},{"@type":"ListItem","position":3,"name":"Barneseng Solvi med uttrekkbar seng og oppbevaringsskuffer"}]},{"@type":"WebSite","@id":"https:\/\/babylove.se\/no\/#website","url":"https:\/\/babylove.se\/no\/","name":"Babylove Norska","description":"","potentialAction":[{"@type":"SearchAction","target":{"@type":"EntryPoint","urlTemplate":"https:\/\/babylove.se\/no\/?s={search_term_string}"},"query-input":{"@type":"PropertyValueSpecification","valueRequired":true,"valueName":"search_term_string"}}],"inLanguage":"nb-NO"}]},"product_brand":"LANO","og_availability":"instock","product_availability":"instock","product_retailer_item_id":"SOFTI-80x160-cm-Vit","product_condition":"new"},"_links":{"self":[{"href":"https:\/\/babylove.se\/no\/wp-json\/wp\/v2\/product\/63162","targetHints":{"allow":["GET"]}}],"collection":[{"href":"https:\/\/babylove.se\/no\/wp-json\/wp\/v2\/product"}],"about":[{"href":"https:\/\/babylove.se\/no\/wp-json\/wp\/v2\/types\/product"}],"replies":[{"embeddable":true,"href":"https:\/\/babylove.se\/no\/wp-json\/wp\/v2\/comments?post=63162"}],"wp:featuredmedia":[{"embeddable":true,"href":"https:\/\/babylove.se\/no\/wp-json\/wp\/v2\/media\/63164"}],"wp:attachment":[{"href":"https:\/\/babylove.se\/no\/wp-json\/wp\/v2\/media?parent=63162"}],"wp:term":[{"taxonomy":"product_brand","embeddable":true,"href":"https:\/\/babylove.se\/no\/wp-json\/wp\/v2\/product_brand?post=63162"},{"taxonomy":"product_cat","embeddable":true,"href":"https:\/\/babylove.se\/no\/wp-json\/wp\/v2\/product_cat?post=63162"},{"taxonomy":"product_tag","embeddable":true,"href":"https:\/\/babylove.se\/no\/wp-json\/wp\/v2\/product_tag?post=63162"}],"curies":[{"name":"wp","href":"https:\/\/api.w.org\/{rel}","templated":true}]}}