{"id":63241,"date":"2025-07-19T17:01:39","date_gmt":"2025-07-19T16:01:39","guid":{"rendered":"https:\/\/babylove.se\/produkt\/vaningssang-pino-med-rutschkana\/"},"modified":"2026-04-08T14:34:45","modified_gmt":"2026-04-08T13:34:45","slug":"koyeseng-pino-med-sklie","status":"publish","type":"product","link":"https:\/\/babylove.se\/no\/produkt\/koyeseng-pino-med-sklie\/","title":{"rendered":"K\u00f8yeseng Pino med rutsjebane"},"content":{"rendered":"<p data-end=\"129\" data-start=\"74\"><strong data-end=\"129\" data-start=\"74\">K\u00f8yeseng med rutsjebane ? for lek og hvile i ett<\/strong><\/p>\n<p data-end=\"344\" data-start=\"131\">Denne lekne k\u00f8yesengen i husform forvandler barnerommet til et fantasifullt sted for b\u00e5de s\u00f8vn og lek. Med innebygd rutsjebane blir hver dag et lite eventyr ? selv n\u00e5r v\u00e6ret ikke innbyr til utelek.<\/p>\n<p data-end=\"604\" data-start=\"346\">Laget av massiv, \u00f8kologisk furu og behandlet med barnevennlige farger. Den lave underdelen med beskyttelseskanter gj\u00f8r sengen trygg ogs\u00e5 for yngre barn. Sengen kan deles til to separate senger og finnes i flere fine farger ? eller helt tilpasset etter rommet ditt.<\/p>\n<p data-end=\"676\" data-is-last-node=\"\" data-is-only-node=\"\" data-start=\"606\">En smart og morsom l\u00f8sning som barn elsker ? og foreldre setter pris p\u00e5.<\/p>\n<p><strong>Tilvalg<\/strong>: <\/p>\n<ul>\n<li>Farge: velg mellom natur (lakket), hvit, antrasitt, kashmir og olive. Alle senger i natur er behandlet med vannbasert lakk. Legg igjen en kommentar i kassen hvis du \u00f8nsker en naturfargede seng som er ubehandlet.<\/li>\n<\/ul>\n<p><strong>Info:<\/strong> <\/p>\n<ul>\n<li>100% FSC-sertifisert furutre som sikrer at virket kommer fra ansvarlig skogbruk.<\/li>\n<li>St\u00f8ttebrettets h\u00f8yde \u00f8vre seng: 25 cm.<\/li>\n<li>Avstand mellom brett (st\u00f8ttebrettet): 6,5 cm<\/li>\n<li>Avstand mellom brett (stigen): 20,5 cm<\/li>\n<li>Sengens totale h\u00f8yde: 175 cm.<\/li>\n<li>Maks vekt: 100 kg per seng.<\/li>\n<\/ul>\n<p><strong>M\u00e5l: <\/strong> <\/p>\n<ul>\n<li style=\"list-style-type: none;\">\n<ul>\n<li>Finnes i fire forskjellige sengm\u00e5l: 80&#215;180 cm, 80&#215;200 cm, 90&#215;190 cm og 90&#215;200 cm<\/li>\n<\/ul>\n<\/li>\n<\/ul>\n<p>&nbsp; <\/p>\n<p>Madrass er ikke inkludert, men ta gjerne en titt p\u00e5 v\u00e5rt store madrassutvalg. Vi anbefaler en skummadrass med tykkelse p\u00e5 ca 10-12 cm. <\/p>\n<p>Sengene produseres i henhold til standarden EN-747-1: 2012 + A1: 2015 i v\u00e5r fabrikk i Europa som har de h\u00f8yeste sikkerhetsstandardene for produksjon av barnesenger. og kontrollerer hvert steg fra t\u00f8mmeret kommer inn i fabrikken til et ferdig produkt forlater. Sengene lakkes tre ganger med \u00f8kologisk, milj\u00f8vennlig og vannbasert maling som f\u00f8lger normen EN 71-3:2019. <\/p>\n<p><em>Dette er en seng laget og tilpasset for barn. <em><em><em><em><em>Sengen leveres umontert og b\u00f8r settes sammen i rommet den skal brukes i.<\/em><\/em><\/em><\/em><\/em><\/em> <\/p>\n<p>&nbsp;<\/p>\n","protected":false},"excerpt":{"rendered":"<p>K\u00f8yeseng med rutsjebane ? for lek og hvile i ett Denne lekne k\u00f8yesengen i husform forvandler barnerommet til et fantasifullt sted for b\u00e5de s\u00f8vn og lek. Med innebygd rutsjebane blir hver dag et lite eventyr ? selv n\u00e5r v\u00e6ret ikke innbyr til utelek. Laget av massiv, \u00f8kologisk furu og behandlet med barnevennlige farger. Den lave [&hellip;]<\/p>\n","protected":false},"featured_media":63243,"comment_status":"open","ping_status":"closed","template":"","meta":{"_acf_changed":false},"product_brand":[1319],"product_cat":[385,1320,1321,922],"product_tag":[1689],"class_list":{"0":"post-63241","1":"product","2":"type-product","3":"status-publish","4":"has-post-thumbnail","6":"product_brand-lano","7":"product_cat-koyesenger-loftsenger","8":"product_cat-lano","9":"product_cat-lano-bestillingsvarer","10":"product_cat-nyheter","11":"product_tag-bestillingsvaror","12":"pa_baddmatt-80x180-cm","13":"pa_baddmatt-80x200-cm","14":"pa_baddmatt-90x190-cm","15":"pa_baddmatt-90x200-cm","16":"pa_farg-antracit","17":"pa_farg-gra","18":"pa_farg-vit","19":"pa_farg-kashmir","20":"pa_farg-natur-lackad","21":"pa_farg-olive","23":"first","24":"instock","25":"taxable","26":"shipping-taxable","27":"purchasable","28":"product-type-variable"},"acf":[],"yoast_head":"<!-- This site is optimized with the Yoast SEO Premium plugin v25.8 (Yoast SEO v27.2) - https:\/\/yoast.com\/product\/yoast-seo-premium-wordpress\/ -->\n<title>K\u00f8yeseng Pino med rutsjebane - Babylove Norska<\/title>\n<meta name=\"robots\" content=\"noindex, follow, max-snippet:-1, max-image-preview:large, max-video-preview:-1\" \/>\n<meta property=\"og:locale\" content=\"nb_NO\" \/>\n<meta property=\"og:type\" content=\"article\" \/>\n<meta property=\"og:title\" content=\"K\u00f8yeseng Pino med rutsjebane\" \/>\n<meta property=\"og:description\" content=\"K\u00f8yeseng med rutsjebane ? for lek og hvile i ett Denne lekne k\u00f8yesengen i husform forvandler barnerommet til et fantasifullt sted for b\u00e5de s\u00f8vn og lek. Med innebygd rutsjebane blir hver dag et lite eventyr ? selv n\u00e5r v\u00e6ret ikke innbyr til utelek. Laget av massiv, \u00f8kologisk furu og behandlet med barnevennlige farger. Den lave [&hellip;]\" \/>\n<meta property=\"og:url\" content=\"https:\/\/babylove.se\/no\/produkt\/koyeseng-pino-med-sklie\/\" \/>\n<meta property=\"og:site_name\" content=\"Babylove Norska\" \/>\n<meta property=\"article:modified_time\" content=\"2026-04-08T13:34:45+00:00\" \/>\n<meta property=\"og:image\" content=\"https:\/\/babylove.se\/no\/wp-content\/uploads\/sites\/3\/2025\/07\/683ede08e18e7.jpeg\" \/>\n\t<meta property=\"og:image:width\" content=\"640\" \/>\n\t<meta property=\"og:image:height\" content=\"480\" \/>\n\t<meta property=\"og:image:type\" content=\"image\/jpeg\" \/>\n<meta name=\"twitter:card\" content=\"summary_large_image\" \/>\n<meta name=\"twitter:label1\" content=\"Availability\" \/>\n\t<meta name=\"twitter:data1\" content=\"In stock\" \/>\n<script type=\"application\/ld+json\" class=\"yoast-schema-graph\">{\"@context\":\"https:\/\/schema.org\",\"@graph\":[{\"@type\":\"WebPage\",\"@id\":\"https:\/\/babylove.se\/no\/produkt\/koyeseng-pino-med-sklie\/\",\"url\":\"https:\/\/babylove.se\/no\/produkt\/koyeseng-pino-med-sklie\/\",\"name\":\"K\u00f8yeseng Pino med rutsjebane - Babylove Norska\",\"isPartOf\":{\"@id\":\"https:\/\/babylove.se\/no\/#website\"},\"primaryImageOfPage\":{\"@id\":\"https:\/\/babylove.se\/no\/produkt\/koyeseng-pino-med-sklie\/#primaryimage\"},\"image\":{\"@id\":\"https:\/\/babylove.se\/no\/produkt\/koyeseng-pino-med-sklie\/#primaryimage\"},\"thumbnailUrl\":\"https:\/\/babylove.se\/no\/wp-content\/uploads\/sites\/3\/2025\/07\/683ede08e18e7.jpeg\",\"datePublished\":\"2025-07-19T16:01:39+00:00\",\"dateModified\":\"2026-04-08T13:34:45+00:00\",\"breadcrumb\":{\"@id\":\"https:\/\/babylove.se\/no\/produkt\/koyeseng-pino-med-sklie\/#breadcrumb\"},\"inLanguage\":\"nb-NO\",\"potentialAction\":[{\"@type\":\"ReadAction\",\"target\":[\"https:\/\/babylove.se\/no\/produkt\/koyeseng-pino-med-sklie\/\"]}]},{\"@type\":\"ImageObject\",\"inLanguage\":\"nb-NO\",\"@id\":\"https:\/\/babylove.se\/no\/produkt\/koyeseng-pino-med-sklie\/#primaryimage\",\"url\":\"https:\/\/babylove.se\/no\/wp-content\/uploads\/sites\/3\/2025\/07\/683ede08e18e7.jpeg\",\"contentUrl\":\"https:\/\/babylove.se\/no\/wp-content\/uploads\/sites\/3\/2025\/07\/683ede08e18e7.jpeg\",\"width\":640,\"height\":480},{\"@type\":\"BreadcrumbList\",\"@id\":\"https:\/\/babylove.se\/no\/produkt\/koyeseng-pino-med-sklie\/#breadcrumb\",\"itemListElement\":[{\"@type\":\"ListItem\",\"position\":1,\"name\":\"Hem\",\"item\":\"https:\/\/babylove.se\/no\/\"},{\"@type\":\"ListItem\",\"position\":2,\"name\":\"Butik\",\"item\":\"https:\/\/babylove.se\/no\/butik\/\"},{\"@type\":\"ListItem\",\"position\":3,\"name\":\"K\u00f8yeseng Pino med rutsjebane\"}]},{\"@type\":\"WebSite\",\"@id\":\"https:\/\/babylove.se\/no\/#website\",\"url\":\"https:\/\/babylove.se\/no\/\",\"name\":\"Babylove Norska\",\"description\":\"\",\"potentialAction\":[{\"@type\":\"SearchAction\",\"target\":{\"@type\":\"EntryPoint\",\"urlTemplate\":\"https:\/\/babylove.se\/no\/?s={search_term_string}\"},\"query-input\":{\"@type\":\"PropertyValueSpecification\",\"valueRequired\":true,\"valueName\":\"search_term_string\"}}],\"inLanguage\":\"nb-NO\"}]}<\/script>\n<meta property=\"product:brand\" content=\"LANO\" \/>\n<meta property=\"og:availability\" content=\"instock\" \/>\n<meta property=\"product:availability\" content=\"instock\" \/>\n<meta property=\"product:retailer_item_id\" content=\"PLAY-80x180-cm-Vit\" \/>\n<meta property=\"product:condition\" content=\"new\" \/>\n<!-- \/ Yoast SEO Premium plugin. -->","yoast_head_json":{"title":"K\u00f8yeseng Pino med rutsjebane - Babylove Norska","robots":{"index":"noindex","follow":"follow","max-snippet":"max-snippet:-1","max-image-preview":"max-image-preview:large","max-video-preview":"max-video-preview:-1"},"og_locale":"nb_NO","og_type":"article","og_title":"K\u00f8yeseng Pino med rutsjebane","og_description":"K\u00f8yeseng med rutsjebane ? for lek og hvile i ett Denne lekne k\u00f8yesengen i husform forvandler barnerommet til et fantasifullt sted for b\u00e5de s\u00f8vn og lek. Med innebygd rutsjebane blir hver dag et lite eventyr ? selv n\u00e5r v\u00e6ret ikke innbyr til utelek. Laget av massiv, \u00f8kologisk furu og behandlet med barnevennlige farger. Den lave [&hellip;]","og_url":"https:\/\/babylove.se\/no\/produkt\/koyeseng-pino-med-sklie\/","og_site_name":"Babylove Norska","article_modified_time":"2026-04-08T13:34:45+00:00","og_image":[{"width":640,"height":480,"url":"https:\/\/babylove.se\/no\/wp-content\/uploads\/sites\/3\/2025\/07\/683ede08e18e7.jpeg","type":"image\/jpeg"}],"twitter_card":"summary_large_image","twitter_misc":{"Availability":"In stock"},"schema":{"@context":"https:\/\/schema.org","@graph":[{"@type":"WebPage","@id":"https:\/\/babylove.se\/no\/produkt\/koyeseng-pino-med-sklie\/","url":"https:\/\/babylove.se\/no\/produkt\/koyeseng-pino-med-sklie\/","name":"K\u00f8yeseng Pino med rutsjebane - Babylove Norska","isPartOf":{"@id":"https:\/\/babylove.se\/no\/#website"},"primaryImageOfPage":{"@id":"https:\/\/babylove.se\/no\/produkt\/koyeseng-pino-med-sklie\/#primaryimage"},"image":{"@id":"https:\/\/babylove.se\/no\/produkt\/koyeseng-pino-med-sklie\/#primaryimage"},"thumbnailUrl":"https:\/\/babylove.se\/no\/wp-content\/uploads\/sites\/3\/2025\/07\/683ede08e18e7.jpeg","datePublished":"2025-07-19T16:01:39+00:00","dateModified":"2026-04-08T13:34:45+00:00","breadcrumb":{"@id":"https:\/\/babylove.se\/no\/produkt\/koyeseng-pino-med-sklie\/#breadcrumb"},"inLanguage":"nb-NO","potentialAction":[{"@type":"ReadAction","target":["https:\/\/babylove.se\/no\/produkt\/koyeseng-pino-med-sklie\/"]}]},{"@type":"ImageObject","inLanguage":"nb-NO","@id":"https:\/\/babylove.se\/no\/produkt\/koyeseng-pino-med-sklie\/#primaryimage","url":"https:\/\/babylove.se\/no\/wp-content\/uploads\/sites\/3\/2025\/07\/683ede08e18e7.jpeg","contentUrl":"https:\/\/babylove.se\/no\/wp-content\/uploads\/sites\/3\/2025\/07\/683ede08e18e7.jpeg","width":640,"height":480},{"@type":"BreadcrumbList","@id":"https:\/\/babylove.se\/no\/produkt\/koyeseng-pino-med-sklie\/#breadcrumb","itemListElement":[{"@type":"ListItem","position":1,"name":"Hem","item":"https:\/\/babylove.se\/no\/"},{"@type":"ListItem","position":2,"name":"Butik","item":"https:\/\/babylove.se\/no\/butik\/"},{"@type":"ListItem","position":3,"name":"K\u00f8yeseng Pino med rutsjebane"}]},{"@type":"WebSite","@id":"https:\/\/babylove.se\/no\/#website","url":"https:\/\/babylove.se\/no\/","name":"Babylove Norska","description":"","potentialAction":[{"@type":"SearchAction","target":{"@type":"EntryPoint","urlTemplate":"https:\/\/babylove.se\/no\/?s={search_term_string}"},"query-input":{"@type":"PropertyValueSpecification","valueRequired":true,"valueName":"search_term_string"}}],"inLanguage":"nb-NO"}]},"product_brand":"LANO","og_availability":"instock","product_availability":"instock","product_retailer_item_id":"PLAY-80x180-cm-Vit","product_condition":"new"},"_links":{"self":[{"href":"https:\/\/babylove.se\/no\/wp-json\/wp\/v2\/product\/63241","targetHints":{"allow":["GET"]}}],"collection":[{"href":"https:\/\/babylove.se\/no\/wp-json\/wp\/v2\/product"}],"about":[{"href":"https:\/\/babylove.se\/no\/wp-json\/wp\/v2\/types\/product"}],"replies":[{"embeddable":true,"href":"https:\/\/babylove.se\/no\/wp-json\/wp\/v2\/comments?post=63241"}],"wp:featuredmedia":[{"embeddable":true,"href":"https:\/\/babylove.se\/no\/wp-json\/wp\/v2\/media\/63243"}],"wp:attachment":[{"href":"https:\/\/babylove.se\/no\/wp-json\/wp\/v2\/media?parent=63241"}],"wp:term":[{"taxonomy":"product_brand","embeddable":true,"href":"https:\/\/babylove.se\/no\/wp-json\/wp\/v2\/product_brand?post=63241"},{"taxonomy":"product_cat","embeddable":true,"href":"https:\/\/babylove.se\/no\/wp-json\/wp\/v2\/product_cat?post=63241"},{"taxonomy":"product_tag","embeddable":true,"href":"https:\/\/babylove.se\/no\/wp-json\/wp\/v2\/product_tag?post=63241"}],"curies":[{"name":"wp","href":"https:\/\/api.w.org\/{rel}","templated":true}]}}