{"id":63298,"date":"2025-07-19T17:03:22","date_gmt":"2025-07-19T16:03:22","guid":{"rendered":"https:\/\/babylove.se\/produkt\/udinekids-latexmadrass-till-barnsang-fler-storlekar\/"},"modified":"2026-04-08T14:34:54","modified_gmt":"2026-04-08T13:34:54","slug":"udinekids-lateksmadrass-til-barneseng-flere-storrelser","status":"publish","type":"product","link":"https:\/\/babylove.se\/no\/produkt\/udinekids-lateksmadrass-til-barneseng-flere-storrelser\/","title":{"rendered":"Udinekids, Lateksmadrass til barneseng (flere st\u00f8rrelser)"},"content":{"rendered":"<p>En komfortabel og deilig lateksmadrass med deilig fyll som passer perfekt til en barneseng eller til en husseng. Madrassen har et avtakbart overtrekk som gj\u00f8r at du enkelt kan vaske den og holde den frisk. <\/p>\n<p>Madrassens base er barnevennlig lateks som ikke deformeres hvilket garanterer st\u00f8tte for ryggen og s\u00f8vnkomfort og gir ekstra st\u00f8tte til hver del av kroppen og sikrer tilstrekkelig ventilasjon hvilket betydelig forebygger sopp, midd og mugg. <\/p>\n<p>Madrassen er semi-myk, produsert for \u00e5 passe barn og garanterer en deilig s\u00f8vn. <\/p>\n<p>Tykkelse er 10 cm. <\/p>\n<p><u>Material<\/u>: 100% lateks. <\/p>\n<p>Vasker\u00e5d: Overtrekk maskinvaskes i 30\u00b0 C. <\/p>\n<p>Madrassene produseres i Europa av 100% OEKO-TEX-sertifisert stoff. Fyllet er antiallergisk samt giftfritt og produseres av sertifisert leverand\u00f8r. <\/p>\n<p><strong>Obs!<\/strong> <em>Da madrassen er en spesialprodusert vare, s\u00e5 gjelder ikke angrerett.<\/em> <\/p>\n<p><em>Dette er en barnemadrass og er produsert og tilpasset for de minste. Madrassen skal ikke brukes eller testes av voksne.<\/em> <\/p>\n<p><em><em>Det kan forekomme fargeavvik p\u00e5 skuminnsatsen hvilket skyldes at naturbaserte ingredienser kan variere i farge.<\/em><\/em><\/p>\n","protected":false},"excerpt":{"rendered":"<p>En komfortabel og deilig lateksmadrass med deilig fyll som passer perfekt til en barneseng eller til en husseng. Madrassen har et avtakbart overtrekk som gj\u00f8r at du enkelt kan vaske den og holde den frisk. Madrassens base er barnevennlig lateks som ikke deformeres hvilket garanterer st\u00f8tte for ryggen og s\u00f8vnkomfort og gir ekstra st\u00f8tte til [&hellip;]<\/p>\n","protected":false},"featured_media":63300,"comment_status":"closed","ping_status":"closed","template":"","meta":{"_acf_changed":false},"product_brand":[378],"product_cat":[377,590],"product_tag":[1689],"class_list":{"0":"post-63298","1":"product","2":"type-product","3":"status-publish","4":"has-post-thumbnail","6":"product_brand-fdm","7":"product_cat-barnmadrasser","8":"product_cat-fdm","9":"product_tag-bestillingsvaror","10":"pa_storlek-60x120-cm","11":"pa_storlek-70x140-cm","12":"pa_storlek-70x160-cm","13":"pa_storlek-80x160-cm","14":"pa_storlek-80x180-cm","15":"pa_storlek-80x190-cm","16":"pa_storlek-90x190-cm","17":"pa_storlek-90x200-cm","19":"first","20":"instock","21":"taxable","22":"shipping-taxable","23":"purchasable","24":"product-type-variable"},"acf":[],"yoast_head":"<!-- This site is optimized with the Yoast SEO Premium plugin v25.8 (Yoast SEO v27.2) - https:\/\/yoast.com\/product\/yoast-seo-premium-wordpress\/ -->\n<title>Udinekids, Lateksmadrass til barneseng (flere st\u00f8rrelser) - Babylove Norska<\/title>\n<meta name=\"robots\" content=\"noindex, follow, max-snippet:-1, max-image-preview:large, max-video-preview:-1\" \/>\n<meta property=\"og:locale\" content=\"nb_NO\" \/>\n<meta property=\"og:type\" content=\"article\" \/>\n<meta property=\"og:title\" content=\"Udinekids, Lateksmadrass til barneseng (flere st\u00f8rrelser)\" \/>\n<meta property=\"og:description\" content=\"En komfortabel og deilig lateksmadrass med deilig fyll som passer perfekt til en barneseng eller til en husseng. Madrassen har et avtakbart overtrekk som gj\u00f8r at du enkelt kan vaske den og holde den frisk. Madrassens base er barnevennlig lateks som ikke deformeres hvilket garanterer st\u00f8tte for ryggen og s\u00f8vnkomfort og gir ekstra st\u00f8tte til [&hellip;]\" \/>\n<meta property=\"og:url\" content=\"https:\/\/babylove.se\/no\/produkt\/udinekids-lateksmadrass-til-barneseng-flere-storrelser\/\" \/>\n<meta property=\"og:site_name\" content=\"Babylove Norska\" \/>\n<meta property=\"article:modified_time\" content=\"2026-04-08T13:34:54+00:00\" \/>\n<meta property=\"og:image\" content=\"https:\/\/babylove.se\/no\/wp-content\/uploads\/sites\/3\/2025\/07\/683ef49b5ecf7.png\" \/>\n\t<meta property=\"og:image:width\" content=\"800\" \/>\n\t<meta property=\"og:image:height\" content=\"800\" \/>\n\t<meta property=\"og:image:type\" content=\"image\/png\" \/>\n<meta name=\"twitter:card\" content=\"summary_large_image\" \/>\n<meta name=\"twitter:label1\" content=\"Availability\" \/>\n\t<meta name=\"twitter:data1\" content=\"In stock\" \/>\n<script type=\"application\/ld+json\" class=\"yoast-schema-graph\">{\"@context\":\"https:\/\/schema.org\",\"@graph\":[{\"@type\":\"WebPage\",\"@id\":\"https:\/\/babylove.se\/no\/produkt\/udinekids-lateksmadrass-til-barneseng-flere-storrelser\/\",\"url\":\"https:\/\/babylove.se\/no\/produkt\/udinekids-lateksmadrass-til-barneseng-flere-storrelser\/\",\"name\":\"Udinekids, Lateksmadrass til barneseng (flere st\u00f8rrelser) - Babylove Norska\",\"isPartOf\":{\"@id\":\"https:\/\/babylove.se\/no\/#website\"},\"primaryImageOfPage\":{\"@id\":\"https:\/\/babylove.se\/no\/produkt\/udinekids-lateksmadrass-til-barneseng-flere-storrelser\/#primaryimage\"},\"image\":{\"@id\":\"https:\/\/babylove.se\/no\/produkt\/udinekids-lateksmadrass-til-barneseng-flere-storrelser\/#primaryimage\"},\"thumbnailUrl\":\"https:\/\/babylove.se\/no\/wp-content\/uploads\/sites\/3\/2025\/07\/683ef49b5ecf7.png\",\"datePublished\":\"2025-07-19T16:03:22+00:00\",\"dateModified\":\"2026-04-08T13:34:54+00:00\",\"breadcrumb\":{\"@id\":\"https:\/\/babylove.se\/no\/produkt\/udinekids-lateksmadrass-til-barneseng-flere-storrelser\/#breadcrumb\"},\"inLanguage\":\"nb-NO\",\"potentialAction\":[{\"@type\":\"ReadAction\",\"target\":[\"https:\/\/babylove.se\/no\/produkt\/udinekids-lateksmadrass-til-barneseng-flere-storrelser\/\"]}]},{\"@type\":\"ImageObject\",\"inLanguage\":\"nb-NO\",\"@id\":\"https:\/\/babylove.se\/no\/produkt\/udinekids-lateksmadrass-til-barneseng-flere-storrelser\/#primaryimage\",\"url\":\"https:\/\/babylove.se\/no\/wp-content\/uploads\/sites\/3\/2025\/07\/683ef49b5ecf7.png\",\"contentUrl\":\"https:\/\/babylove.se\/no\/wp-content\/uploads\/sites\/3\/2025\/07\/683ef49b5ecf7.png\",\"width\":800,\"height\":800},{\"@type\":\"BreadcrumbList\",\"@id\":\"https:\/\/babylove.se\/no\/produkt\/udinekids-lateksmadrass-til-barneseng-flere-storrelser\/#breadcrumb\",\"itemListElement\":[{\"@type\":\"ListItem\",\"position\":1,\"name\":\"Hem\",\"item\":\"https:\/\/babylove.se\/no\/\"},{\"@type\":\"ListItem\",\"position\":2,\"name\":\"Butik\",\"item\":\"https:\/\/babylove.se\/no\/butik\/\"},{\"@type\":\"ListItem\",\"position\":3,\"name\":\"Udinekids, Lateksmadrass til barneseng (flere st\u00f8rrelser)\"}]},{\"@type\":\"WebSite\",\"@id\":\"https:\/\/babylove.se\/no\/#website\",\"url\":\"https:\/\/babylove.se\/no\/\",\"name\":\"Babylove Norska\",\"description\":\"\",\"potentialAction\":[{\"@type\":\"SearchAction\",\"target\":{\"@type\":\"EntryPoint\",\"urlTemplate\":\"https:\/\/babylove.se\/no\/?s={search_term_string}\"},\"query-input\":{\"@type\":\"PropertyValueSpecification\",\"valueRequired\":true,\"valueName\":\"search_term_string\"}}],\"inLanguage\":\"nb-NO\"}]}<\/script>\n<meta property=\"product:brand\" content=\"FDM\" \/>\n<meta property=\"og:availability\" content=\"instock\" \/>\n<meta property=\"product:availability\" content=\"instock\" \/>\n<meta property=\"product:retailer_item_id\" content=\"Udinekids-60x120-cm\" \/>\n<meta property=\"product:condition\" content=\"new\" \/>\n<!-- \/ Yoast SEO Premium plugin. -->","yoast_head_json":{"title":"Udinekids, Lateksmadrass til barneseng (flere st\u00f8rrelser) - Babylove Norska","robots":{"index":"noindex","follow":"follow","max-snippet":"max-snippet:-1","max-image-preview":"max-image-preview:large","max-video-preview":"max-video-preview:-1"},"og_locale":"nb_NO","og_type":"article","og_title":"Udinekids, Lateksmadrass til barneseng (flere st\u00f8rrelser)","og_description":"En komfortabel og deilig lateksmadrass med deilig fyll som passer perfekt til en barneseng eller til en husseng. Madrassen har et avtakbart overtrekk som gj\u00f8r at du enkelt kan vaske den og holde den frisk. Madrassens base er barnevennlig lateks som ikke deformeres hvilket garanterer st\u00f8tte for ryggen og s\u00f8vnkomfort og gir ekstra st\u00f8tte til [&hellip;]","og_url":"https:\/\/babylove.se\/no\/produkt\/udinekids-lateksmadrass-til-barneseng-flere-storrelser\/","og_site_name":"Babylove Norska","article_modified_time":"2026-04-08T13:34:54+00:00","og_image":[{"width":800,"height":800,"url":"https:\/\/babylove.se\/no\/wp-content\/uploads\/sites\/3\/2025\/07\/683ef49b5ecf7.png","type":"image\/png"}],"twitter_card":"summary_large_image","twitter_misc":{"Availability":"In stock"},"schema":{"@context":"https:\/\/schema.org","@graph":[{"@type":"WebPage","@id":"https:\/\/babylove.se\/no\/produkt\/udinekids-lateksmadrass-til-barneseng-flere-storrelser\/","url":"https:\/\/babylove.se\/no\/produkt\/udinekids-lateksmadrass-til-barneseng-flere-storrelser\/","name":"Udinekids, Lateksmadrass til barneseng (flere st\u00f8rrelser) - Babylove Norska","isPartOf":{"@id":"https:\/\/babylove.se\/no\/#website"},"primaryImageOfPage":{"@id":"https:\/\/babylove.se\/no\/produkt\/udinekids-lateksmadrass-til-barneseng-flere-storrelser\/#primaryimage"},"image":{"@id":"https:\/\/babylove.se\/no\/produkt\/udinekids-lateksmadrass-til-barneseng-flere-storrelser\/#primaryimage"},"thumbnailUrl":"https:\/\/babylove.se\/no\/wp-content\/uploads\/sites\/3\/2025\/07\/683ef49b5ecf7.png","datePublished":"2025-07-19T16:03:22+00:00","dateModified":"2026-04-08T13:34:54+00:00","breadcrumb":{"@id":"https:\/\/babylove.se\/no\/produkt\/udinekids-lateksmadrass-til-barneseng-flere-storrelser\/#breadcrumb"},"inLanguage":"nb-NO","potentialAction":[{"@type":"ReadAction","target":["https:\/\/babylove.se\/no\/produkt\/udinekids-lateksmadrass-til-barneseng-flere-storrelser\/"]}]},{"@type":"ImageObject","inLanguage":"nb-NO","@id":"https:\/\/babylove.se\/no\/produkt\/udinekids-lateksmadrass-til-barneseng-flere-storrelser\/#primaryimage","url":"https:\/\/babylove.se\/no\/wp-content\/uploads\/sites\/3\/2025\/07\/683ef49b5ecf7.png","contentUrl":"https:\/\/babylove.se\/no\/wp-content\/uploads\/sites\/3\/2025\/07\/683ef49b5ecf7.png","width":800,"height":800},{"@type":"BreadcrumbList","@id":"https:\/\/babylove.se\/no\/produkt\/udinekids-lateksmadrass-til-barneseng-flere-storrelser\/#breadcrumb","itemListElement":[{"@type":"ListItem","position":1,"name":"Hem","item":"https:\/\/babylove.se\/no\/"},{"@type":"ListItem","position":2,"name":"Butik","item":"https:\/\/babylove.se\/no\/butik\/"},{"@type":"ListItem","position":3,"name":"Udinekids, Lateksmadrass til barneseng (flere st\u00f8rrelser)"}]},{"@type":"WebSite","@id":"https:\/\/babylove.se\/no\/#website","url":"https:\/\/babylove.se\/no\/","name":"Babylove Norska","description":"","potentialAction":[{"@type":"SearchAction","target":{"@type":"EntryPoint","urlTemplate":"https:\/\/babylove.se\/no\/?s={search_term_string}"},"query-input":{"@type":"PropertyValueSpecification","valueRequired":true,"valueName":"search_term_string"}}],"inLanguage":"nb-NO"}]},"product_brand":"FDM","og_availability":"instock","product_availability":"instock","product_retailer_item_id":"Udinekids-60x120-cm","product_condition":"new"},"_links":{"self":[{"href":"https:\/\/babylove.se\/no\/wp-json\/wp\/v2\/product\/63298","targetHints":{"allow":["GET"]}}],"collection":[{"href":"https:\/\/babylove.se\/no\/wp-json\/wp\/v2\/product"}],"about":[{"href":"https:\/\/babylove.se\/no\/wp-json\/wp\/v2\/types\/product"}],"replies":[{"embeddable":true,"href":"https:\/\/babylove.se\/no\/wp-json\/wp\/v2\/comments?post=63298"}],"wp:featuredmedia":[{"embeddable":true,"href":"https:\/\/babylove.se\/no\/wp-json\/wp\/v2\/media\/63300"}],"wp:attachment":[{"href":"https:\/\/babylove.se\/no\/wp-json\/wp\/v2\/media?parent=63298"}],"wp:term":[{"taxonomy":"product_brand","embeddable":true,"href":"https:\/\/babylove.se\/no\/wp-json\/wp\/v2\/product_brand?post=63298"},{"taxonomy":"product_cat","embeddable":true,"href":"https:\/\/babylove.se\/no\/wp-json\/wp\/v2\/product_cat?post=63298"},{"taxonomy":"product_tag","embeddable":true,"href":"https:\/\/babylove.se\/no\/wp-json\/wp\/v2\/product_tag?post=63298"}],"curies":[{"name":"wp","href":"https:\/\/api.w.org\/{rel}","templated":true}]}}