{"id":63310,"date":"2025-07-19T17:03:31","date_gmt":"2025-07-19T16:03:31","guid":{"rendered":"https:\/\/babylove.se\/produkt\/vaggdekoration-kanin-med-puderfargade-blommor\/"},"modified":"2026-04-08T14:34:57","modified_gmt":"2026-04-08T13:34:57","slug":"veggdekorasjon-kanin-med-pudderfarget-blomster","status":"publish","type":"product","link":"https:\/\/babylove.se\/no\/produkt\/veggdekorasjon-kanin-med-pudderfarget-blomster\/","title":{"rendered":"Veggdekorasjon, Kanin med pudderfarget blomster"},"content":{"rendered":"<p data-end=\"150\" data-start=\"100\">H\u00e5ndlaget veggdekorasjon ? Kanin i 100 % lin!<\/p>\n<p data-end=\"263\" data-start=\"152\">En vakker h\u00e5ndlaget veggdekorasjon i form av en kanin ? perfekt for \u00e5 skape magi og unik sjarm i barnerommet.<\/p>\n<p data-end=\"341\" data-start=\"265\"><strong data-end=\"278\" data-start=\"265\">Materiale:<\/strong> 100 % lin<br data-start=\"290\" data-end=\"293\"><strong data-end=\"305\" data-start=\"293\">St\u00f8rrelse:<\/strong> H\u00f8yde 45 cm, bredde 30 cm, dybde 17 cm<\/p>\n<p data-end=\"341\" data-start=\"265\"><\/p>\n","protected":false},"excerpt":{"rendered":"<p>H\u00e5ndlaget veggdekorasjon ? Kanin i 100 % lin! En vakker h\u00e5ndlaget veggdekorasjon i form av en kanin ? perfekt for \u00e5 skape magi og unik sjarm i barnerommet. Materiale: 100 % linSt\u00f8rrelse: H\u00f8yde 45 cm, bredde 30 cm, dybde 17 cm<\/p>\n","protected":false},"featured_media":63312,"comment_status":"closed","ping_status":"open","template":"","meta":{"_acf_changed":false},"product_brand":[1026],"product_cat":[198,922,29],"product_tag":[],"class_list":{"0":"post-63310","1":"product","2":"type-product","3":"status-publish","4":"has-post-thumbnail","6":"product_brand-love-me-decoration","7":"product_cat-love-me-decoration","8":"product_cat-nyheter","9":"product_cat-veggdekorasjoner","11":"first","12":"outofstock","13":"taxable","14":"shipping-taxable","15":"purchasable","16":"product-type-simple"},"acf":[],"yoast_head":"<!-- This site is optimized with the Yoast SEO Premium plugin v25.8 (Yoast SEO v27.2) - https:\/\/yoast.com\/product\/yoast-seo-premium-wordpress\/ -->\n<title>Veggdekorasjon, Kanin med pudderfarget blomster - Babylove Norska<\/title>\n<meta name=\"robots\" content=\"noindex, follow, max-snippet:-1, max-image-preview:large, max-video-preview:-1\" \/>\n<meta property=\"og:locale\" content=\"nb_NO\" \/>\n<meta property=\"og:type\" content=\"article\" \/>\n<meta property=\"og:title\" content=\"Veggdekorasjon, Kanin med pudderfarget blomster\" \/>\n<meta property=\"og:description\" content=\"H\u00e5ndlaget veggdekorasjon ? Kanin i 100 % lin! En vakker h\u00e5ndlaget veggdekorasjon i form av en kanin ? perfekt for \u00e5 skape magi og unik sjarm i barnerommet. Materiale: 100 % linSt\u00f8rrelse: H\u00f8yde 45 cm, bredde 30 cm, dybde 17 cm\" \/>\n<meta property=\"og:url\" content=\"https:\/\/babylove.se\/no\/produkt\/veggdekorasjon-kanin-med-pudderfarget-blomster\/\" \/>\n<meta property=\"og:site_name\" content=\"Babylove Norska\" \/>\n<meta property=\"article:modified_time\" content=\"2026-04-08T13:34:57+00:00\" \/>\n<meta property=\"og:image\" content=\"https:\/\/babylove.se\/no\/wp-content\/uploads\/sites\/3\/2025\/07\/685126c77401d.jpeg\" \/>\n\t<meta property=\"og:image:width\" content=\"1200\" \/>\n\t<meta property=\"og:image:height\" content=\"1200\" \/>\n\t<meta property=\"og:image:type\" content=\"image\/jpeg\" \/>\n<meta name=\"twitter:card\" content=\"summary_large_image\" \/>\n<meta name=\"twitter:label1\" content=\"Price\" \/>\n\t<meta name=\"twitter:data1\" content=\"1 199,00&nbsp;&#107;&#114;\" \/>\n\t<meta name=\"twitter:label2\" content=\"Availability\" \/>\n\t<meta name=\"twitter:data2\" content=\"Out of stock\" \/>\n<script type=\"application\/ld+json\" class=\"yoast-schema-graph\">{\"@context\":\"https:\/\/schema.org\",\"@graph\":[{\"@type\":\"WebPage\",\"@id\":\"https:\/\/babylove.se\/no\/produkt\/veggdekorasjon-kanin-med-pudderfarget-blomster\/\",\"url\":\"https:\/\/babylove.se\/no\/produkt\/veggdekorasjon-kanin-med-pudderfarget-blomster\/\",\"name\":\"Veggdekorasjon, Kanin med pudderfarget blomster - Babylove Norska\",\"isPartOf\":{\"@id\":\"https:\/\/babylove.se\/no\/#website\"},\"primaryImageOfPage\":{\"@id\":\"https:\/\/babylove.se\/no\/produkt\/veggdekorasjon-kanin-med-pudderfarget-blomster\/#primaryimage\"},\"image\":{\"@id\":\"https:\/\/babylove.se\/no\/produkt\/veggdekorasjon-kanin-med-pudderfarget-blomster\/#primaryimage\"},\"thumbnailUrl\":\"https:\/\/babylove.se\/no\/wp-content\/uploads\/sites\/3\/2025\/07\/685126c77401d.jpeg\",\"datePublished\":\"2025-07-19T16:03:31+00:00\",\"dateModified\":\"2026-04-08T13:34:57+00:00\",\"breadcrumb\":{\"@id\":\"https:\/\/babylove.se\/no\/produkt\/veggdekorasjon-kanin-med-pudderfarget-blomster\/#breadcrumb\"},\"inLanguage\":\"nb-NO\",\"potentialAction\":[{\"@type\":\"ReadAction\",\"target\":[\"https:\/\/babylove.se\/no\/produkt\/veggdekorasjon-kanin-med-pudderfarget-blomster\/\"]}]},{\"@type\":\"ImageObject\",\"inLanguage\":\"nb-NO\",\"@id\":\"https:\/\/babylove.se\/no\/produkt\/veggdekorasjon-kanin-med-pudderfarget-blomster\/#primaryimage\",\"url\":\"https:\/\/babylove.se\/no\/wp-content\/uploads\/sites\/3\/2025\/07\/685126c77401d.jpeg\",\"contentUrl\":\"https:\/\/babylove.se\/no\/wp-content\/uploads\/sites\/3\/2025\/07\/685126c77401d.jpeg\",\"width\":1200,\"height\":1200},{\"@type\":\"BreadcrumbList\",\"@id\":\"https:\/\/babylove.se\/no\/produkt\/veggdekorasjon-kanin-med-pudderfarget-blomster\/#breadcrumb\",\"itemListElement\":[{\"@type\":\"ListItem\",\"position\":1,\"name\":\"Hem\",\"item\":\"https:\/\/babylove.se\/no\/\"},{\"@type\":\"ListItem\",\"position\":2,\"name\":\"Butik\",\"item\":\"https:\/\/babylove.se\/no\/butik\/\"},{\"@type\":\"ListItem\",\"position\":3,\"name\":\"Veggdekorasjon, Kanin med pudderfarget blomster\"}]},{\"@type\":\"WebSite\",\"@id\":\"https:\/\/babylove.se\/no\/#website\",\"url\":\"https:\/\/babylove.se\/no\/\",\"name\":\"Babylove Norska\",\"description\":\"\",\"potentialAction\":[{\"@type\":\"SearchAction\",\"target\":{\"@type\":\"EntryPoint\",\"urlTemplate\":\"https:\/\/babylove.se\/no\/?s={search_term_string}\"},\"query-input\":{\"@type\":\"PropertyValueSpecification\",\"valueRequired\":true,\"valueName\":\"search_term_string\"}}],\"inLanguage\":\"nb-NO\"}]}<\/script>\n<meta property=\"product:brand\" content=\"Love me decoration\" \/>\n<meta property=\"product:price:amount\" content=\"1199.00\" \/>\n<meta property=\"product:price:currency\" content=\"SEK\" \/>\n<meta property=\"og:availability\" content=\"out of stock\" \/>\n<meta property=\"product:availability\" content=\"out of stock\" \/>\n<meta property=\"product:retailer_item_id\" content=\"00219022025\" \/>\n<meta property=\"product:condition\" content=\"new\" \/>\n<!-- \/ Yoast SEO Premium plugin. -->","yoast_head_json":{"title":"Veggdekorasjon, Kanin med pudderfarget blomster - Babylove Norska","robots":{"index":"noindex","follow":"follow","max-snippet":"max-snippet:-1","max-image-preview":"max-image-preview:large","max-video-preview":"max-video-preview:-1"},"og_locale":"nb_NO","og_type":"article","og_title":"Veggdekorasjon, Kanin med pudderfarget blomster","og_description":"H\u00e5ndlaget veggdekorasjon ? Kanin i 100 % lin! En vakker h\u00e5ndlaget veggdekorasjon i form av en kanin ? perfekt for \u00e5 skape magi og unik sjarm i barnerommet. Materiale: 100 % linSt\u00f8rrelse: H\u00f8yde 45 cm, bredde 30 cm, dybde 17 cm","og_url":"https:\/\/babylove.se\/no\/produkt\/veggdekorasjon-kanin-med-pudderfarget-blomster\/","og_site_name":"Babylove Norska","article_modified_time":"2026-04-08T13:34:57+00:00","og_image":[{"width":1200,"height":1200,"url":"https:\/\/babylove.se\/no\/wp-content\/uploads\/sites\/3\/2025\/07\/685126c77401d.jpeg","type":"image\/jpeg"}],"twitter_card":"summary_large_image","twitter_misc":{"Price":"1 199,00&nbsp;&#107;&#114;","Availability":"Out of stock"},"schema":{"@context":"https:\/\/schema.org","@graph":[{"@type":"WebPage","@id":"https:\/\/babylove.se\/no\/produkt\/veggdekorasjon-kanin-med-pudderfarget-blomster\/","url":"https:\/\/babylove.se\/no\/produkt\/veggdekorasjon-kanin-med-pudderfarget-blomster\/","name":"Veggdekorasjon, Kanin med pudderfarget blomster - Babylove Norska","isPartOf":{"@id":"https:\/\/babylove.se\/no\/#website"},"primaryImageOfPage":{"@id":"https:\/\/babylove.se\/no\/produkt\/veggdekorasjon-kanin-med-pudderfarget-blomster\/#primaryimage"},"image":{"@id":"https:\/\/babylove.se\/no\/produkt\/veggdekorasjon-kanin-med-pudderfarget-blomster\/#primaryimage"},"thumbnailUrl":"https:\/\/babylove.se\/no\/wp-content\/uploads\/sites\/3\/2025\/07\/685126c77401d.jpeg","datePublished":"2025-07-19T16:03:31+00:00","dateModified":"2026-04-08T13:34:57+00:00","breadcrumb":{"@id":"https:\/\/babylove.se\/no\/produkt\/veggdekorasjon-kanin-med-pudderfarget-blomster\/#breadcrumb"},"inLanguage":"nb-NO","potentialAction":[{"@type":"ReadAction","target":["https:\/\/babylove.se\/no\/produkt\/veggdekorasjon-kanin-med-pudderfarget-blomster\/"]}]},{"@type":"ImageObject","inLanguage":"nb-NO","@id":"https:\/\/babylove.se\/no\/produkt\/veggdekorasjon-kanin-med-pudderfarget-blomster\/#primaryimage","url":"https:\/\/babylove.se\/no\/wp-content\/uploads\/sites\/3\/2025\/07\/685126c77401d.jpeg","contentUrl":"https:\/\/babylove.se\/no\/wp-content\/uploads\/sites\/3\/2025\/07\/685126c77401d.jpeg","width":1200,"height":1200},{"@type":"BreadcrumbList","@id":"https:\/\/babylove.se\/no\/produkt\/veggdekorasjon-kanin-med-pudderfarget-blomster\/#breadcrumb","itemListElement":[{"@type":"ListItem","position":1,"name":"Hem","item":"https:\/\/babylove.se\/no\/"},{"@type":"ListItem","position":2,"name":"Butik","item":"https:\/\/babylove.se\/no\/butik\/"},{"@type":"ListItem","position":3,"name":"Veggdekorasjon, Kanin med pudderfarget blomster"}]},{"@type":"WebSite","@id":"https:\/\/babylove.se\/no\/#website","url":"https:\/\/babylove.se\/no\/","name":"Babylove Norska","description":"","potentialAction":[{"@type":"SearchAction","target":{"@type":"EntryPoint","urlTemplate":"https:\/\/babylove.se\/no\/?s={search_term_string}"},"query-input":{"@type":"PropertyValueSpecification","valueRequired":true,"valueName":"search_term_string"}}],"inLanguage":"nb-NO"}]},"product_brand":"Love me decoration","product_price_amount":"1199.00","product_price_currency":"SEK","og_availability":"out of stock","product_availability":"out of stock","product_retailer_item_id":"00219022025","product_condition":"new"},"_links":{"self":[{"href":"https:\/\/babylove.se\/no\/wp-json\/wp\/v2\/product\/63310","targetHints":{"allow":["GET"]}}],"collection":[{"href":"https:\/\/babylove.se\/no\/wp-json\/wp\/v2\/product"}],"about":[{"href":"https:\/\/babylove.se\/no\/wp-json\/wp\/v2\/types\/product"}],"replies":[{"embeddable":true,"href":"https:\/\/babylove.se\/no\/wp-json\/wp\/v2\/comments?post=63310"}],"wp:featuredmedia":[{"embeddable":true,"href":"https:\/\/babylove.se\/no\/wp-json\/wp\/v2\/media\/63312"}],"wp:attachment":[{"href":"https:\/\/babylove.se\/no\/wp-json\/wp\/v2\/media?parent=63310"}],"wp:term":[{"taxonomy":"product_brand","embeddable":true,"href":"https:\/\/babylove.se\/no\/wp-json\/wp\/v2\/product_brand?post=63310"},{"taxonomy":"product_cat","embeddable":true,"href":"https:\/\/babylove.se\/no\/wp-json\/wp\/v2\/product_cat?post=63310"},{"taxonomy":"product_tag","embeddable":true,"href":"https:\/\/babylove.se\/no\/wp-json\/wp\/v2\/product_tag?post=63310"}],"curies":[{"name":"wp","href":"https:\/\/api.w.org\/{rel}","templated":true}]}}