{"id":63316,"date":"2025-07-19T17:03:37","date_gmt":"2025-07-19T16:03:37","guid":{"rendered":"https:\/\/babylove.se\/produkt\/lorena-canals-matta-till-barnrummet-igelkott\/"},"modified":"2026-04-08T14:35:02","modified_gmt":"2026-04-08T13:35:02","slug":"lorena-canals-teppe-til-barnerommet-pinnsvin","status":"publish","type":"product","link":"https:\/\/babylove.se\/no\/produkt\/lorena-canals-teppe-til-barnerommet-pinnsvin\/","title":{"rendered":"Lorena Canals, teppe til barnerommet, pinnsvin"},"content":{"rendered":"<p>Med sm\u00e5 detaljer kan man enkelt skape en vakker barneroms-innredning i sitt barnerom. Med et deilig og helt h\u00e5ndlaget kvalitetsteppe fra verdensber\u00f8mte Lorena Canals blir det veldig enkelt!&nbsp;<\/p>\n<p>Hvert teppe er unikt og annerledes, det kan forekomme mindre variasjoner i farge og form. Disse teppene er underbart deilige for barnet \u00e5 leke p\u00e5, men skaper samtidig en fin atmosf\u00e6re og bidrar til det vakre i rommet. I tillegg til at teppene er fine og praktiske, er de dessuten trygge for ditt barn. Samtlige materialer og farger er selvf\u00f8lgelig helt giftfrie.&nbsp;<\/p>\n<p>En ekstra bonus at du enkelt holder p\u00e5 hygienen p\u00e5 teppet, det er vaskbart i en vanlig vaskemaskin (opp til 30 grader).&nbsp;<\/p>\n<p>Du kan enkelt matche dette teppet med andre produkter, for \u00e5 skape ditt dr\u00f8mmerom.&nbsp;<\/p>\n<p><strong>Materiale<\/strong>: 100 % Bomull&nbsp;<\/p>\n<p><strong>St\u00f8rrelse<\/strong>: 130 x 90 cm&nbsp;<\/p>\n<p>Designer: <a href=\"https:\/\/babylove.se\/varumarken\/lorena-canals\"><u>Lorena Canals<\/u><\/a><\/p>\n","protected":false},"excerpt":{"rendered":"<p>Med sm\u00e5 detaljer kan man enkelt skape en vakker barneroms-innredning i sitt barnerom. Med et deilig og helt h\u00e5ndlaget kvalitetsteppe fra verdensber\u00f8mte Lorena Canals blir det veldig enkelt!&nbsp; Hvert teppe er unikt og annerledes, det kan forekomme mindre variasjoner i farge og form. Disse teppene er underbart deilige for barnet \u00e5 leke p\u00e5, men skaper [&hellip;]<\/p>\n","protected":false},"featured_media":63318,"comment_status":"closed","ping_status":"open","template":"","meta":{"_acf_changed":false},"product_brand":[277],"product_cat":[278,922,135],"product_tag":[1709],"class_list":{"0":"post-63316","1":"product","2":"type-product","3":"status-publish","4":"has-post-thumbnail","6":"product_brand-lorena-canals","7":"product_cat-lorena-canals","8":"product_cat-nyheter","9":"product_cat-tepper","10":"product_tag-utforsalg","12":"first","13":"outofstock","14":"taxable","15":"shipping-taxable","16":"purchasable","17":"product-type-simple"},"acf":[],"yoast_head":"<!-- This site is optimized with the Yoast SEO Premium plugin v25.8 (Yoast SEO v27.2) - https:\/\/yoast.com\/product\/yoast-seo-premium-wordpress\/ -->\n<title>Lorena Canals, teppe til barnerommet, pinnsvin - Babylove Norska<\/title>\n<meta name=\"robots\" content=\"noindex, follow, max-snippet:-1, max-image-preview:large, max-video-preview:-1\" \/>\n<meta property=\"og:locale\" content=\"nb_NO\" \/>\n<meta property=\"og:type\" content=\"article\" \/>\n<meta property=\"og:title\" content=\"Lorena Canals, teppe til barnerommet, pinnsvin\" \/>\n<meta property=\"og:description\" content=\"Med sm\u00e5 detaljer kan man enkelt skape en vakker barneroms-innredning i sitt barnerom. Med et deilig og helt h\u00e5ndlaget kvalitetsteppe fra verdensber\u00f8mte Lorena Canals blir det veldig enkelt!&nbsp; Hvert teppe er unikt og annerledes, det kan forekomme mindre variasjoner i farge og form. Disse teppene er underbart deilige for barnet \u00e5 leke p\u00e5, men skaper [&hellip;]\" \/>\n<meta property=\"og:url\" content=\"https:\/\/babylove.se\/no\/produkt\/lorena-canals-teppe-til-barnerommet-pinnsvin\/\" \/>\n<meta property=\"og:site_name\" content=\"Babylove Norska\" \/>\n<meta property=\"article:modified_time\" content=\"2026-04-08T13:35:02+00:00\" \/>\n<meta property=\"og:image\" content=\"https:\/\/babylove.se\/no\/wp-content\/uploads\/sites\/3\/2025\/07\/6852a22d90caa.png\" \/>\n\t<meta property=\"og:image:width\" content=\"800\" \/>\n\t<meta property=\"og:image:height\" content=\"800\" \/>\n\t<meta property=\"og:image:type\" content=\"image\/png\" \/>\n<meta name=\"twitter:card\" content=\"summary_large_image\" \/>\n<meta name=\"twitter:label1\" content=\"Price\" \/>\n\t<meta name=\"twitter:data1\" content=\"1 299,00&nbsp;&#107;&#114;\" \/>\n\t<meta name=\"twitter:label2\" content=\"Availability\" \/>\n\t<meta name=\"twitter:data2\" content=\"Out of stock\" \/>\n<script type=\"application\/ld+json\" class=\"yoast-schema-graph\">{\"@context\":\"https:\/\/schema.org\",\"@graph\":[{\"@type\":\"WebPage\",\"@id\":\"https:\/\/babylove.se\/no\/produkt\/lorena-canals-teppe-til-barnerommet-pinnsvin\/\",\"url\":\"https:\/\/babylove.se\/no\/produkt\/lorena-canals-teppe-til-barnerommet-pinnsvin\/\",\"name\":\"Lorena Canals, teppe til barnerommet, pinnsvin - Babylove Norska\",\"isPartOf\":{\"@id\":\"https:\/\/babylove.se\/no\/#website\"},\"primaryImageOfPage\":{\"@id\":\"https:\/\/babylove.se\/no\/produkt\/lorena-canals-teppe-til-barnerommet-pinnsvin\/#primaryimage\"},\"image\":{\"@id\":\"https:\/\/babylove.se\/no\/produkt\/lorena-canals-teppe-til-barnerommet-pinnsvin\/#primaryimage\"},\"thumbnailUrl\":\"https:\/\/babylove.se\/no\/wp-content\/uploads\/sites\/3\/2025\/07\/6852a22d90caa.png\",\"datePublished\":\"2025-07-19T16:03:37+00:00\",\"dateModified\":\"2026-04-08T13:35:02+00:00\",\"breadcrumb\":{\"@id\":\"https:\/\/babylove.se\/no\/produkt\/lorena-canals-teppe-til-barnerommet-pinnsvin\/#breadcrumb\"},\"inLanguage\":\"nb-NO\",\"potentialAction\":[{\"@type\":\"ReadAction\",\"target\":[\"https:\/\/babylove.se\/no\/produkt\/lorena-canals-teppe-til-barnerommet-pinnsvin\/\"]}]},{\"@type\":\"ImageObject\",\"inLanguage\":\"nb-NO\",\"@id\":\"https:\/\/babylove.se\/no\/produkt\/lorena-canals-teppe-til-barnerommet-pinnsvin\/#primaryimage\",\"url\":\"https:\/\/babylove.se\/no\/wp-content\/uploads\/sites\/3\/2025\/07\/6852a22d90caa.png\",\"contentUrl\":\"https:\/\/babylove.se\/no\/wp-content\/uploads\/sites\/3\/2025\/07\/6852a22d90caa.png\",\"width\":800,\"height\":800},{\"@type\":\"BreadcrumbList\",\"@id\":\"https:\/\/babylove.se\/no\/produkt\/lorena-canals-teppe-til-barnerommet-pinnsvin\/#breadcrumb\",\"itemListElement\":[{\"@type\":\"ListItem\",\"position\":1,\"name\":\"Hem\",\"item\":\"https:\/\/babylove.se\/no\/\"},{\"@type\":\"ListItem\",\"position\":2,\"name\":\"Butik\",\"item\":\"https:\/\/babylove.se\/no\/butik\/\"},{\"@type\":\"ListItem\",\"position\":3,\"name\":\"Lorena Canals, teppe til barnerommet, pinnsvin\"}]},{\"@type\":\"WebSite\",\"@id\":\"https:\/\/babylove.se\/no\/#website\",\"url\":\"https:\/\/babylove.se\/no\/\",\"name\":\"Babylove Norska\",\"description\":\"\",\"potentialAction\":[{\"@type\":\"SearchAction\",\"target\":{\"@type\":\"EntryPoint\",\"urlTemplate\":\"https:\/\/babylove.se\/no\/?s={search_term_string}\"},\"query-input\":{\"@type\":\"PropertyValueSpecification\",\"valueRequired\":true,\"valueName\":\"search_term_string\"}}],\"inLanguage\":\"nb-NO\"}]}<\/script>\n<meta property=\"product:brand\" content=\"Lorena Canals\" \/>\n<meta property=\"product:price:amount\" content=\"1299.00\" \/>\n<meta property=\"product:price:currency\" content=\"SEK\" \/>\n<meta property=\"og:availability\" content=\"out of stock\" \/>\n<meta property=\"product:availability\" content=\"out of stock\" \/>\n<meta property=\"product:retailer_item_id\" content=\"C-AR-HEDGE\" \/>\n<meta property=\"product:condition\" content=\"new\" \/>\n<!-- \/ Yoast SEO Premium plugin. -->","yoast_head_json":{"title":"Lorena Canals, teppe til barnerommet, pinnsvin - Babylove Norska","robots":{"index":"noindex","follow":"follow","max-snippet":"max-snippet:-1","max-image-preview":"max-image-preview:large","max-video-preview":"max-video-preview:-1"},"og_locale":"nb_NO","og_type":"article","og_title":"Lorena Canals, teppe til barnerommet, pinnsvin","og_description":"Med sm\u00e5 detaljer kan man enkelt skape en vakker barneroms-innredning i sitt barnerom. Med et deilig og helt h\u00e5ndlaget kvalitetsteppe fra verdensber\u00f8mte Lorena Canals blir det veldig enkelt!&nbsp; Hvert teppe er unikt og annerledes, det kan forekomme mindre variasjoner i farge og form. Disse teppene er underbart deilige for barnet \u00e5 leke p\u00e5, men skaper [&hellip;]","og_url":"https:\/\/babylove.se\/no\/produkt\/lorena-canals-teppe-til-barnerommet-pinnsvin\/","og_site_name":"Babylove Norska","article_modified_time":"2026-04-08T13:35:02+00:00","og_image":[{"width":800,"height":800,"url":"https:\/\/babylove.se\/no\/wp-content\/uploads\/sites\/3\/2025\/07\/6852a22d90caa.png","type":"image\/png"}],"twitter_card":"summary_large_image","twitter_misc":{"Price":"1 299,00&nbsp;&#107;&#114;","Availability":"Out of stock"},"schema":{"@context":"https:\/\/schema.org","@graph":[{"@type":"WebPage","@id":"https:\/\/babylove.se\/no\/produkt\/lorena-canals-teppe-til-barnerommet-pinnsvin\/","url":"https:\/\/babylove.se\/no\/produkt\/lorena-canals-teppe-til-barnerommet-pinnsvin\/","name":"Lorena Canals, teppe til barnerommet, pinnsvin - Babylove Norska","isPartOf":{"@id":"https:\/\/babylove.se\/no\/#website"},"primaryImageOfPage":{"@id":"https:\/\/babylove.se\/no\/produkt\/lorena-canals-teppe-til-barnerommet-pinnsvin\/#primaryimage"},"image":{"@id":"https:\/\/babylove.se\/no\/produkt\/lorena-canals-teppe-til-barnerommet-pinnsvin\/#primaryimage"},"thumbnailUrl":"https:\/\/babylove.se\/no\/wp-content\/uploads\/sites\/3\/2025\/07\/6852a22d90caa.png","datePublished":"2025-07-19T16:03:37+00:00","dateModified":"2026-04-08T13:35:02+00:00","breadcrumb":{"@id":"https:\/\/babylove.se\/no\/produkt\/lorena-canals-teppe-til-barnerommet-pinnsvin\/#breadcrumb"},"inLanguage":"nb-NO","potentialAction":[{"@type":"ReadAction","target":["https:\/\/babylove.se\/no\/produkt\/lorena-canals-teppe-til-barnerommet-pinnsvin\/"]}]},{"@type":"ImageObject","inLanguage":"nb-NO","@id":"https:\/\/babylove.se\/no\/produkt\/lorena-canals-teppe-til-barnerommet-pinnsvin\/#primaryimage","url":"https:\/\/babylove.se\/no\/wp-content\/uploads\/sites\/3\/2025\/07\/6852a22d90caa.png","contentUrl":"https:\/\/babylove.se\/no\/wp-content\/uploads\/sites\/3\/2025\/07\/6852a22d90caa.png","width":800,"height":800},{"@type":"BreadcrumbList","@id":"https:\/\/babylove.se\/no\/produkt\/lorena-canals-teppe-til-barnerommet-pinnsvin\/#breadcrumb","itemListElement":[{"@type":"ListItem","position":1,"name":"Hem","item":"https:\/\/babylove.se\/no\/"},{"@type":"ListItem","position":2,"name":"Butik","item":"https:\/\/babylove.se\/no\/butik\/"},{"@type":"ListItem","position":3,"name":"Lorena Canals, teppe til barnerommet, pinnsvin"}]},{"@type":"WebSite","@id":"https:\/\/babylove.se\/no\/#website","url":"https:\/\/babylove.se\/no\/","name":"Babylove Norska","description":"","potentialAction":[{"@type":"SearchAction","target":{"@type":"EntryPoint","urlTemplate":"https:\/\/babylove.se\/no\/?s={search_term_string}"},"query-input":{"@type":"PropertyValueSpecification","valueRequired":true,"valueName":"search_term_string"}}],"inLanguage":"nb-NO"}]},"product_brand":"Lorena Canals","product_price_amount":"1299.00","product_price_currency":"SEK","og_availability":"out of stock","product_availability":"out of stock","product_retailer_item_id":"C-AR-HEDGE","product_condition":"new"},"_links":{"self":[{"href":"https:\/\/babylove.se\/no\/wp-json\/wp\/v2\/product\/63316","targetHints":{"allow":["GET"]}}],"collection":[{"href":"https:\/\/babylove.se\/no\/wp-json\/wp\/v2\/product"}],"about":[{"href":"https:\/\/babylove.se\/no\/wp-json\/wp\/v2\/types\/product"}],"replies":[{"embeddable":true,"href":"https:\/\/babylove.se\/no\/wp-json\/wp\/v2\/comments?post=63316"}],"wp:featuredmedia":[{"embeddable":true,"href":"https:\/\/babylove.se\/no\/wp-json\/wp\/v2\/media\/63318"}],"wp:attachment":[{"href":"https:\/\/babylove.se\/no\/wp-json\/wp\/v2\/media?parent=63316"}],"wp:term":[{"taxonomy":"product_brand","embeddable":true,"href":"https:\/\/babylove.se\/no\/wp-json\/wp\/v2\/product_brand?post=63316"},{"taxonomy":"product_cat","embeddable":true,"href":"https:\/\/babylove.se\/no\/wp-json\/wp\/v2\/product_cat?post=63316"},{"taxonomy":"product_tag","embeddable":true,"href":"https:\/\/babylove.se\/no\/wp-json\/wp\/v2\/product_tag?post=63316"}],"curies":[{"name":"wp","href":"https:\/\/api.w.org\/{rel}","templated":true}]}}