{"id":63405,"date":"2025-07-19T17:04:23","date_gmt":"2025-07-19T16:04:23","guid":{"rendered":"https:\/\/babylove.se\/produkt\/ljusgra-bollhav-basic-90x30-med-bollar-puderrosa-vit-pearlgra\/"},"modified":"2026-04-08T14:35:32","modified_gmt":"2026-04-08T13:35:32","slug":"lysegra-ballbad-basic-90x30-med-baller-pudderrosa-hvit-perlegra","status":"publish","type":"product","link":"https:\/\/babylove.se\/no\/produkt\/lysegra-ballbad-basic-90x30-med-baller-pudderrosa-hvit-perlegra\/","title":{"rendered":"Lysegr\u00e5 ballhav BASIC, 90&#215;30 med baller (pudderrosa, hvit, pearl, gr\u00e5)"},"content":{"rendered":"<p>Giftfritt og CE-merket ballbasseng.<\/p>\n<p>Dette fantastiske ballbassenget for barn er en av v\u00e5re ekte storsellere.<br \/>Ballbasseng Basic holder h\u00f8y kvalitet og er et stilrent ballbasseng som er lett \u00e5 plassere ut.&nbsp;<\/p>\n<p><strong>M\u00e5l<\/strong>:&nbsp;<\/p>\n<ul>\n<li>Diameter: 90 cm.<\/li>\n<li>H\u00f8yde: 30 cm.<\/li>\n<li>Tykkelse kant: 5 cm.<\/li>\n<li>Bunntykkelse: 2 cm.&nbsp;<\/li>\n<li>Ball diameter: 7 cm.<\/li>\n<\/ul>\n<p><strong>Baller i denne pakken:&nbsp;<\/strong>&nbsp;<\/p>\n<ul>\n<li>Pudderrosa, Hvit, Pearl, Gr\u00e5.<\/li>\n<li>200 baller<\/li>\n<\/ul>\n<p><strong>Info:<\/strong><\/p>\n<ul>\n<li>Overtrekket av deilig myk jerseybomull.&nbsp;<\/li>\n<li>Oeko-Tex standard 100.&nbsp;<\/li>\n<li>Ballene er laget av giftfri plast.&nbsp;<\/li>\n<li>Alle elementer i v\u00e5re ballbasseng er selvsagt CE-merket og er produsert av giftfrie materialer.&nbsp;<\/li>\n<li>Overtrekket er vaskbart &#8211; 30\u00b0C, ikke t\u00f8rketrommel.<\/li>\n<\/ul>\n","protected":false},"excerpt":{"rendered":"<p>Giftfritt og CE-merket ballbasseng. Dette fantastiske ballbassenget for barn er en av v\u00e5re ekte storsellere.Ballbasseng Basic holder h\u00f8y kvalitet og er et stilrent ballbasseng som er lett \u00e5 plassere ut.&nbsp; M\u00e5l:&nbsp; Diameter: 90 cm. H\u00f8yde: 30 cm. Tykkelse kant: 5 cm. Bunntykkelse: 2 cm.&nbsp; Ball diameter: 7 cm. Baller i denne pakken:&nbsp;&nbsp; Pudderrosa, Hvit, Pearl, [&hellip;]<\/p>\n","protected":false},"featured_media":63407,"comment_status":"closed","ping_status":"open","template":"","meta":{"_acf_changed":false},"product_brand":[375],"product_cat":[667,70,98,26,25,68,1594,376],"product_tag":[1689],"class_list":{"0":"post-63405","1":"product","2":"type-product","3":"status-publish","4":"has-post-thumbnail","6":"product_brand-pqp-ttm","7":"product_cat-ballhav","8":"product_cat-gaver","9":"product_cat-innredning-barnerom-gutt","10":"product_cat-kjop-produkter-som-ikke-bare-er-for-gutter","11":"product_cat-ikke-bare-jenter","12":"product_cat-leker","13":"product_cat-outlet","14":"product_cat-pp","15":"product_tag-bestillingsvaror","17":"first","18":"outofstock","19":"taxable","20":"shipping-taxable","21":"purchasable","22":"product-type-simple"},"acf":[],"yoast_head":"<!-- This site is optimized with the Yoast SEO Premium plugin v25.8 (Yoast SEO v27.2) - https:\/\/yoast.com\/product\/yoast-seo-premium-wordpress\/ -->\n<title>Gr\u00e5 bollhav f\u00f6r 799kr - FRI FRAKT - Babylove.se<\/title>\n<meta name=\"description\" content=\"En ljusgr\u00e5 lekpol f\u00f6r barn som tagit v\u00e4rlden med storm och \u00e4r en stors\u00e4ljare i Danmark. Nu finns den \u00e4ven i Sverige! 14 dagars \u00f6ppet k\u00f6p - K\u00f6p den h\u00e4r!\" \/>\n<meta name=\"robots\" content=\"noindex, follow, max-snippet:-1, max-image-preview:large, max-video-preview:-1\" \/>\n<meta property=\"og:locale\" content=\"nb_NO\" \/>\n<meta property=\"og:type\" content=\"article\" \/>\n<meta property=\"og:title\" content=\"Lysegr\u00e5 ballhav BASIC, 90x30 med baller (pudderrosa, hvit, pearl, gr\u00e5)\" \/>\n<meta property=\"og:description\" content=\"En ljusgr\u00e5 lekpol f\u00f6r barn som tagit v\u00e4rlden med storm och \u00e4r en stors\u00e4ljare i Danmark. Nu finns den \u00e4ven i Sverige! 14 dagars \u00f6ppet k\u00f6p - K\u00f6p den h\u00e4r!\" \/>\n<meta property=\"og:url\" content=\"https:\/\/babylove.se\/no\/produkt\/lysegra-ballbad-basic-90x30-med-baller-pudderrosa-hvit-perlegra\/\" \/>\n<meta property=\"og:site_name\" content=\"Babylove Norska\" \/>\n<meta property=\"article:modified_time\" content=\"2026-04-08T13:35:32+00:00\" \/>\n<meta property=\"og:image\" content=\"https:\/\/babylove.se\/no\/wp-content\/uploads\/sites\/3\/2025\/07\/17507647176165dec75fe39.jpeg\" \/>\n\t<meta property=\"og:image:width\" content=\"800\" \/>\n\t<meta property=\"og:image:height\" content=\"800\" \/>\n\t<meta property=\"og:image:type\" content=\"image\/jpeg\" \/>\n<meta name=\"twitter:card\" content=\"summary_large_image\" \/>\n<meta name=\"twitter:label1\" content=\"Price\" \/>\n\t<meta name=\"twitter:data1\" content=\"799,00&nbsp;&#107;&#114;\" \/>\n\t<meta name=\"twitter:label2\" content=\"Availability\" \/>\n\t<meta name=\"twitter:data2\" content=\"Out of stock\" \/>\n<script type=\"application\/ld+json\" class=\"yoast-schema-graph\">{\"@context\":\"https:\/\/schema.org\",\"@graph\":[{\"@type\":\"WebPage\",\"@id\":\"https:\/\/babylove.se\/no\/produkt\/lysegra-ballbad-basic-90x30-med-baller-pudderrosa-hvit-perlegra\/\",\"url\":\"https:\/\/babylove.se\/no\/produkt\/lysegra-ballbad-basic-90x30-med-baller-pudderrosa-hvit-perlegra\/\",\"name\":\"Gr\u00e5 bollhav f\u00f6r 799kr - FRI FRAKT - Babylove.se\",\"isPartOf\":{\"@id\":\"https:\/\/babylove.se\/no\/#website\"},\"primaryImageOfPage\":{\"@id\":\"https:\/\/babylove.se\/no\/produkt\/lysegra-ballbad-basic-90x30-med-baller-pudderrosa-hvit-perlegra\/#primaryimage\"},\"image\":{\"@id\":\"https:\/\/babylove.se\/no\/produkt\/lysegra-ballbad-basic-90x30-med-baller-pudderrosa-hvit-perlegra\/#primaryimage\"},\"thumbnailUrl\":\"https:\/\/babylove.se\/no\/wp-content\/uploads\/sites\/3\/2025\/07\/17507647176165dec75fe39.jpeg\",\"datePublished\":\"2025-07-19T16:04:23+00:00\",\"dateModified\":\"2026-04-08T13:35:32+00:00\",\"description\":\"En ljusgr\u00e5 lekpol f\u00f6r barn som tagit v\u00e4rlden med storm och \u00e4r en stors\u00e4ljare i Danmark. Nu finns den \u00e4ven i Sverige! 14 dagars \u00f6ppet k\u00f6p - K\u00f6p den h\u00e4r!\",\"breadcrumb\":{\"@id\":\"https:\/\/babylove.se\/no\/produkt\/lysegra-ballbad-basic-90x30-med-baller-pudderrosa-hvit-perlegra\/#breadcrumb\"},\"inLanguage\":\"nb-NO\",\"potentialAction\":[{\"@type\":\"ReadAction\",\"target\":[\"https:\/\/babylove.se\/no\/produkt\/lysegra-ballbad-basic-90x30-med-baller-pudderrosa-hvit-perlegra\/\"]}]},{\"@type\":\"ImageObject\",\"inLanguage\":\"nb-NO\",\"@id\":\"https:\/\/babylove.se\/no\/produkt\/lysegra-ballbad-basic-90x30-med-baller-pudderrosa-hvit-perlegra\/#primaryimage\",\"url\":\"https:\/\/babylove.se\/no\/wp-content\/uploads\/sites\/3\/2025\/07\/17507647176165dec75fe39.jpeg\",\"contentUrl\":\"https:\/\/babylove.se\/no\/wp-content\/uploads\/sites\/3\/2025\/07\/17507647176165dec75fe39.jpeg\",\"width\":800,\"height\":800},{\"@type\":\"BreadcrumbList\",\"@id\":\"https:\/\/babylove.se\/no\/produkt\/lysegra-ballbad-basic-90x30-med-baller-pudderrosa-hvit-perlegra\/#breadcrumb\",\"itemListElement\":[{\"@type\":\"ListItem\",\"position\":1,\"name\":\"Hem\",\"item\":\"https:\/\/babylove.se\/no\/\"},{\"@type\":\"ListItem\",\"position\":2,\"name\":\"Butik\",\"item\":\"https:\/\/babylove.se\/no\/butik\/\"},{\"@type\":\"ListItem\",\"position\":3,\"name\":\"Lysegr\u00e5 ballhav BASIC, 90&#215;30 med baller (pudderrosa, hvit, pearl, gr\u00e5)\"}]},{\"@type\":\"WebSite\",\"@id\":\"https:\/\/babylove.se\/no\/#website\",\"url\":\"https:\/\/babylove.se\/no\/\",\"name\":\"Babylove Norska\",\"description\":\"\",\"potentialAction\":[{\"@type\":\"SearchAction\",\"target\":{\"@type\":\"EntryPoint\",\"urlTemplate\":\"https:\/\/babylove.se\/no\/?s={search_term_string}\"},\"query-input\":{\"@type\":\"PropertyValueSpecification\",\"valueRequired\":true,\"valueName\":\"search_term_string\"}}],\"inLanguage\":\"nb-NO\"}]}<\/script>\n<meta property=\"product:brand\" content=\"PQP\/TTM\" \/>\n<meta property=\"product:price:amount\" content=\"799.00\" \/>\n<meta property=\"product:price:currency\" content=\"SEK\" \/>\n<meta property=\"og:availability\" content=\"out of stock\" \/>\n<meta property=\"product:availability\" content=\"out of stock\" \/>\n<meta property=\"product:retailer_item_id\" content=\"24154.8b.1p.1.9.outlet\" \/>\n<meta property=\"product:condition\" content=\"new\" \/>\n<!-- \/ Yoast SEO Premium plugin. -->","yoast_head_json":{"title":"Gr\u00e5 bollhav f\u00f6r 799kr - FRI FRAKT - Babylove.se","description":"En ljusgr\u00e5 lekpol f\u00f6r barn som tagit v\u00e4rlden med storm och \u00e4r en stors\u00e4ljare i Danmark. Nu finns den \u00e4ven i Sverige! 14 dagars \u00f6ppet k\u00f6p - K\u00f6p den h\u00e4r!","robots":{"index":"noindex","follow":"follow","max-snippet":"max-snippet:-1","max-image-preview":"max-image-preview:large","max-video-preview":"max-video-preview:-1"},"og_locale":"nb_NO","og_type":"article","og_title":"Lysegr\u00e5 ballhav BASIC, 90x30 med baller (pudderrosa, hvit, pearl, gr\u00e5)","og_description":"En ljusgr\u00e5 lekpol f\u00f6r barn som tagit v\u00e4rlden med storm och \u00e4r en stors\u00e4ljare i Danmark. Nu finns den \u00e4ven i Sverige! 14 dagars \u00f6ppet k\u00f6p - K\u00f6p den h\u00e4r!","og_url":"https:\/\/babylove.se\/no\/produkt\/lysegra-ballbad-basic-90x30-med-baller-pudderrosa-hvit-perlegra\/","og_site_name":"Babylove Norska","article_modified_time":"2026-04-08T13:35:32+00:00","og_image":[{"width":800,"height":800,"url":"https:\/\/babylove.se\/no\/wp-content\/uploads\/sites\/3\/2025\/07\/17507647176165dec75fe39.jpeg","type":"image\/jpeg"}],"twitter_card":"summary_large_image","twitter_misc":{"Price":"799,00&nbsp;&#107;&#114;","Availability":"Out of stock"},"schema":{"@context":"https:\/\/schema.org","@graph":[{"@type":"WebPage","@id":"https:\/\/babylove.se\/no\/produkt\/lysegra-ballbad-basic-90x30-med-baller-pudderrosa-hvit-perlegra\/","url":"https:\/\/babylove.se\/no\/produkt\/lysegra-ballbad-basic-90x30-med-baller-pudderrosa-hvit-perlegra\/","name":"Gr\u00e5 bollhav f\u00f6r 799kr - FRI FRAKT - Babylove.se","isPartOf":{"@id":"https:\/\/babylove.se\/no\/#website"},"primaryImageOfPage":{"@id":"https:\/\/babylove.se\/no\/produkt\/lysegra-ballbad-basic-90x30-med-baller-pudderrosa-hvit-perlegra\/#primaryimage"},"image":{"@id":"https:\/\/babylove.se\/no\/produkt\/lysegra-ballbad-basic-90x30-med-baller-pudderrosa-hvit-perlegra\/#primaryimage"},"thumbnailUrl":"https:\/\/babylove.se\/no\/wp-content\/uploads\/sites\/3\/2025\/07\/17507647176165dec75fe39.jpeg","datePublished":"2025-07-19T16:04:23+00:00","dateModified":"2026-04-08T13:35:32+00:00","description":"En ljusgr\u00e5 lekpol f\u00f6r barn som tagit v\u00e4rlden med storm och \u00e4r en stors\u00e4ljare i Danmark. Nu finns den \u00e4ven i Sverige! 14 dagars \u00f6ppet k\u00f6p - K\u00f6p den h\u00e4r!","breadcrumb":{"@id":"https:\/\/babylove.se\/no\/produkt\/lysegra-ballbad-basic-90x30-med-baller-pudderrosa-hvit-perlegra\/#breadcrumb"},"inLanguage":"nb-NO","potentialAction":[{"@type":"ReadAction","target":["https:\/\/babylove.se\/no\/produkt\/lysegra-ballbad-basic-90x30-med-baller-pudderrosa-hvit-perlegra\/"]}]},{"@type":"ImageObject","inLanguage":"nb-NO","@id":"https:\/\/babylove.se\/no\/produkt\/lysegra-ballbad-basic-90x30-med-baller-pudderrosa-hvit-perlegra\/#primaryimage","url":"https:\/\/babylove.se\/no\/wp-content\/uploads\/sites\/3\/2025\/07\/17507647176165dec75fe39.jpeg","contentUrl":"https:\/\/babylove.se\/no\/wp-content\/uploads\/sites\/3\/2025\/07\/17507647176165dec75fe39.jpeg","width":800,"height":800},{"@type":"BreadcrumbList","@id":"https:\/\/babylove.se\/no\/produkt\/lysegra-ballbad-basic-90x30-med-baller-pudderrosa-hvit-perlegra\/#breadcrumb","itemListElement":[{"@type":"ListItem","position":1,"name":"Hem","item":"https:\/\/babylove.se\/no\/"},{"@type":"ListItem","position":2,"name":"Butik","item":"https:\/\/babylove.se\/no\/butik\/"},{"@type":"ListItem","position":3,"name":"Lysegr\u00e5 ballhav BASIC, 90&#215;30 med baller (pudderrosa, hvit, pearl, gr\u00e5)"}]},{"@type":"WebSite","@id":"https:\/\/babylove.se\/no\/#website","url":"https:\/\/babylove.se\/no\/","name":"Babylove Norska","description":"","potentialAction":[{"@type":"SearchAction","target":{"@type":"EntryPoint","urlTemplate":"https:\/\/babylove.se\/no\/?s={search_term_string}"},"query-input":{"@type":"PropertyValueSpecification","valueRequired":true,"valueName":"search_term_string"}}],"inLanguage":"nb-NO"}]},"product_brand":"PQP\/TTM","product_price_amount":"799.00","product_price_currency":"SEK","og_availability":"out of stock","product_availability":"out of stock","product_retailer_item_id":"24154.8b.1p.1.9.outlet","product_condition":"new"},"_links":{"self":[{"href":"https:\/\/babylove.se\/no\/wp-json\/wp\/v2\/product\/63405","targetHints":{"allow":["GET"]}}],"collection":[{"href":"https:\/\/babylove.se\/no\/wp-json\/wp\/v2\/product"}],"about":[{"href":"https:\/\/babylove.se\/no\/wp-json\/wp\/v2\/types\/product"}],"replies":[{"embeddable":true,"href":"https:\/\/babylove.se\/no\/wp-json\/wp\/v2\/comments?post=63405"}],"wp:featuredmedia":[{"embeddable":true,"href":"https:\/\/babylove.se\/no\/wp-json\/wp\/v2\/media\/63407"}],"wp:attachment":[{"href":"https:\/\/babylove.se\/no\/wp-json\/wp\/v2\/media?parent=63405"}],"wp:term":[{"taxonomy":"product_brand","embeddable":true,"href":"https:\/\/babylove.se\/no\/wp-json\/wp\/v2\/product_brand?post=63405"},{"taxonomy":"product_cat","embeddable":true,"href":"https:\/\/babylove.se\/no\/wp-json\/wp\/v2\/product_cat?post=63405"},{"taxonomy":"product_tag","embeddable":true,"href":"https:\/\/babylove.se\/no\/wp-json\/wp\/v2\/product_tag?post=63405"}],"curies":[{"name":"wp","href":"https:\/\/api.w.org\/{rel}","templated":true}]}}