{"id":6354,"date":"2025-07-18T20:35:57","date_gmt":"2025-07-18T19:35:57","guid":{"rendered":"https:\/\/babylove.se\/produkt\/liewood-tvattlappar-3-pack-sylvester-mix\/"},"modified":"2026-04-08T08:27:04","modified_gmt":"2026-04-08T07:27:04","slug":"liewood-vaskekluter-3-pack-sylvester-mix","status":"publish","type":"product","link":"https:\/\/babylove.se\/no\/produkt\/liewood-vaskekluter-3-pack-sylvester-mix\/","title":{"rendered":"Liewood vaskekluter 3-pakk Sylvester Mix"},"content":{"rendered":"<p><strong>Liewood vaskekluter 3-pakk Sylvester &#8211; sendes innen 24 timer ! <\/strong> <\/p>\n<p>Et produkt som du kommer til \u00e5 ha mye glede og nytte av. Det lekne utseendet gj\u00f8r at barnet ditt kommer til \u00e5 like n\u00e5r du bruker dem og dere kan gj\u00f8re badetiden til noe ekstra g\u00f8y. I hver pakke er det 3 vaskekluter med forskjellige nyanser. Vaskeklutene er laget av 100% organisk bomullsfrott\u00e9. <\/p>\n<p>M\u00e5l: 15&#215;21 cm <\/p>\n<p>Match gjerne med andre fine produkter fra samme kolleksjon. <\/p>\n<p>Designer: <a href=\"https:\/\/babylove.se\/varumarken\/liewood\"><u>Liewood<\/u><\/a><\/p>\n","protected":false},"excerpt":{"rendered":"<p>Liewood vaskekluter 3-pakk Sylvester &#8211; sendes innen 24 timer ! Et produkt som du kommer til \u00e5 ha mye glede og nytte av. Det lekne utseendet gj\u00f8r at barnet ditt kommer til \u00e5 like n\u00e5r du bruker dem og dere kan gj\u00f8re badetiden til noe ekstra g\u00f8y. I hver pakke er det 3 vaskekluter med [&hellip;]<\/p>\n","protected":false},"featured_media":6356,"comment_status":"closed","ping_status":"closed","template":"","meta":{"_acf_changed":false},"product_brand":[282],"product_cat":[70,283,48,294],"product_tag":[],"class_list":{"0":"post-6354","1":"product","2":"type-product","3":"status-publish","4":"has-post-thumbnail","6":"product_brand-liewood","7":"product_cat-gaver","8":"product_cat-liewood","9":"product_cat-startside","10":"product_cat-vaskekluter","12":"first","13":"outofstock","14":"taxable","15":"shipping-taxable","16":"purchasable","17":"product-type-simple"},"acf":[],"yoast_head":"<!-- This site is optimized with the Yoast SEO Premium plugin v25.8 (Yoast SEO v27.2) - https:\/\/yoast.com\/product\/yoast-seo-premium-wordpress\/ -->\n<title>Liewood vaskekluter 3-pakk Sylvester Mix - Babylove Norska<\/title>\n<meta name=\"robots\" content=\"noindex, follow, max-snippet:-1, max-image-preview:large, max-video-preview:-1\" \/>\n<meta property=\"og:locale\" content=\"nb_NO\" \/>\n<meta property=\"og:type\" content=\"article\" \/>\n<meta property=\"og:title\" content=\"Liewood vaskekluter 3-pakk Sylvester Mix\" \/>\n<meta property=\"og:description\" content=\"Liewood vaskekluter 3-pakk Sylvester &#8211; sendes innen 24 timer ! Et produkt som du kommer til \u00e5 ha mye glede og nytte av. Det lekne utseendet gj\u00f8r at barnet ditt kommer til \u00e5 like n\u00e5r du bruker dem og dere kan gj\u00f8re badetiden til noe ekstra g\u00f8y. I hver pakke er det 3 vaskekluter med [&hellip;]\" \/>\n<meta property=\"og:url\" content=\"https:\/\/babylove.se\/no\/produkt\/liewood-vaskekluter-3-pack-sylvester-mix\/\" \/>\n<meta property=\"og:site_name\" content=\"Babylove Norska\" \/>\n<meta property=\"article:modified_time\" content=\"2026-04-08T07:27:04+00:00\" \/>\n<meta property=\"og:image\" content=\"https:\/\/babylove.se\/no\/wp-content\/uploads\/sites\/3\/2025\/07\/5ad9c17d7e219.jpeg\" \/>\n\t<meta property=\"og:image:width\" content=\"600\" \/>\n\t<meta property=\"og:image:height\" content=\"600\" \/>\n\t<meta property=\"og:image:type\" content=\"image\/jpeg\" \/>\n<meta name=\"twitter:card\" content=\"summary_large_image\" \/>\n<meta name=\"twitter:label1\" content=\"Price\" \/>\n\t<meta name=\"twitter:data1\" content=\"249,00&nbsp;&#107;&#114;\" \/>\n\t<meta name=\"twitter:label2\" content=\"Availability\" \/>\n\t<meta name=\"twitter:data2\" content=\"Out of stock\" \/>\n<script type=\"application\/ld+json\" class=\"yoast-schema-graph\">{\"@context\":\"https:\/\/schema.org\",\"@graph\":[{\"@type\":\"WebPage\",\"@id\":\"https:\/\/babylove.se\/no\/produkt\/liewood-vaskekluter-3-pack-sylvester-mix\/\",\"url\":\"https:\/\/babylove.se\/no\/produkt\/liewood-vaskekluter-3-pack-sylvester-mix\/\",\"name\":\"Liewood vaskekluter 3-pakk Sylvester Mix - Babylove Norska\",\"isPartOf\":{\"@id\":\"https:\/\/babylove.se\/no\/#website\"},\"primaryImageOfPage\":{\"@id\":\"https:\/\/babylove.se\/no\/produkt\/liewood-vaskekluter-3-pack-sylvester-mix\/#primaryimage\"},\"image\":{\"@id\":\"https:\/\/babylove.se\/no\/produkt\/liewood-vaskekluter-3-pack-sylvester-mix\/#primaryimage\"},\"thumbnailUrl\":\"https:\/\/babylove.se\/no\/wp-content\/uploads\/sites\/3\/2025\/07\/5ad9c17d7e219.jpeg\",\"datePublished\":\"2025-07-18T19:35:57+00:00\",\"dateModified\":\"2026-04-08T07:27:04+00:00\",\"breadcrumb\":{\"@id\":\"https:\/\/babylove.se\/no\/produkt\/liewood-vaskekluter-3-pack-sylvester-mix\/#breadcrumb\"},\"inLanguage\":\"nb-NO\",\"potentialAction\":[{\"@type\":\"ReadAction\",\"target\":[\"https:\/\/babylove.se\/no\/produkt\/liewood-vaskekluter-3-pack-sylvester-mix\/\"]}]},{\"@type\":\"ImageObject\",\"inLanguage\":\"nb-NO\",\"@id\":\"https:\/\/babylove.se\/no\/produkt\/liewood-vaskekluter-3-pack-sylvester-mix\/#primaryimage\",\"url\":\"https:\/\/babylove.se\/no\/wp-content\/uploads\/sites\/3\/2025\/07\/5ad9c17d7e219.jpeg\",\"contentUrl\":\"https:\/\/babylove.se\/no\/wp-content\/uploads\/sites\/3\/2025\/07\/5ad9c17d7e219.jpeg\",\"width\":600,\"height\":600},{\"@type\":\"BreadcrumbList\",\"@id\":\"https:\/\/babylove.se\/no\/produkt\/liewood-vaskekluter-3-pack-sylvester-mix\/#breadcrumb\",\"itemListElement\":[{\"@type\":\"ListItem\",\"position\":1,\"name\":\"Hem\",\"item\":\"https:\/\/babylove.se\/no\/\"},{\"@type\":\"ListItem\",\"position\":2,\"name\":\"Butik\",\"item\":\"https:\/\/babylove.se\/no\/butik\/\"},{\"@type\":\"ListItem\",\"position\":3,\"name\":\"Liewood vaskekluter 3-pakk Sylvester Mix\"}]},{\"@type\":\"WebSite\",\"@id\":\"https:\/\/babylove.se\/no\/#website\",\"url\":\"https:\/\/babylove.se\/no\/\",\"name\":\"Babylove Norska\",\"description\":\"\",\"potentialAction\":[{\"@type\":\"SearchAction\",\"target\":{\"@type\":\"EntryPoint\",\"urlTemplate\":\"https:\/\/babylove.se\/no\/?s={search_term_string}\"},\"query-input\":{\"@type\":\"PropertyValueSpecification\",\"valueRequired\":true,\"valueName\":\"search_term_string\"}}],\"inLanguage\":\"nb-NO\"}]}<\/script>\n<meta property=\"product:brand\" content=\"Liewood\" \/>\n<meta property=\"product:price:amount\" content=\"249.00\" \/>\n<meta property=\"product:price:currency\" content=\"SEK\" \/>\n<meta property=\"og:availability\" content=\"out of stock\" \/>\n<meta property=\"product:availability\" content=\"out of stock\" \/>\n<meta property=\"product:retailer_item_id\" content=\"1887\" \/>\n<meta property=\"product:condition\" content=\"new\" \/>\n<!-- \/ Yoast SEO Premium plugin. -->","yoast_head_json":{"title":"Liewood vaskekluter 3-pakk Sylvester Mix - Babylove Norska","robots":{"index":"noindex","follow":"follow","max-snippet":"max-snippet:-1","max-image-preview":"max-image-preview:large","max-video-preview":"max-video-preview:-1"},"og_locale":"nb_NO","og_type":"article","og_title":"Liewood vaskekluter 3-pakk Sylvester Mix","og_description":"Liewood vaskekluter 3-pakk Sylvester &#8211; sendes innen 24 timer ! Et produkt som du kommer til \u00e5 ha mye glede og nytte av. Det lekne utseendet gj\u00f8r at barnet ditt kommer til \u00e5 like n\u00e5r du bruker dem og dere kan gj\u00f8re badetiden til noe ekstra g\u00f8y. I hver pakke er det 3 vaskekluter med [&hellip;]","og_url":"https:\/\/babylove.se\/no\/produkt\/liewood-vaskekluter-3-pack-sylvester-mix\/","og_site_name":"Babylove Norska","article_modified_time":"2026-04-08T07:27:04+00:00","og_image":[{"width":600,"height":600,"url":"https:\/\/babylove.se\/no\/wp-content\/uploads\/sites\/3\/2025\/07\/5ad9c17d7e219.jpeg","type":"image\/jpeg"}],"twitter_card":"summary_large_image","twitter_misc":{"Price":"249,00&nbsp;&#107;&#114;","Availability":"Out of stock"},"schema":{"@context":"https:\/\/schema.org","@graph":[{"@type":"WebPage","@id":"https:\/\/babylove.se\/no\/produkt\/liewood-vaskekluter-3-pack-sylvester-mix\/","url":"https:\/\/babylove.se\/no\/produkt\/liewood-vaskekluter-3-pack-sylvester-mix\/","name":"Liewood vaskekluter 3-pakk Sylvester Mix - Babylove Norska","isPartOf":{"@id":"https:\/\/babylove.se\/no\/#website"},"primaryImageOfPage":{"@id":"https:\/\/babylove.se\/no\/produkt\/liewood-vaskekluter-3-pack-sylvester-mix\/#primaryimage"},"image":{"@id":"https:\/\/babylove.se\/no\/produkt\/liewood-vaskekluter-3-pack-sylvester-mix\/#primaryimage"},"thumbnailUrl":"https:\/\/babylove.se\/no\/wp-content\/uploads\/sites\/3\/2025\/07\/5ad9c17d7e219.jpeg","datePublished":"2025-07-18T19:35:57+00:00","dateModified":"2026-04-08T07:27:04+00:00","breadcrumb":{"@id":"https:\/\/babylove.se\/no\/produkt\/liewood-vaskekluter-3-pack-sylvester-mix\/#breadcrumb"},"inLanguage":"nb-NO","potentialAction":[{"@type":"ReadAction","target":["https:\/\/babylove.se\/no\/produkt\/liewood-vaskekluter-3-pack-sylvester-mix\/"]}]},{"@type":"ImageObject","inLanguage":"nb-NO","@id":"https:\/\/babylove.se\/no\/produkt\/liewood-vaskekluter-3-pack-sylvester-mix\/#primaryimage","url":"https:\/\/babylove.se\/no\/wp-content\/uploads\/sites\/3\/2025\/07\/5ad9c17d7e219.jpeg","contentUrl":"https:\/\/babylove.se\/no\/wp-content\/uploads\/sites\/3\/2025\/07\/5ad9c17d7e219.jpeg","width":600,"height":600},{"@type":"BreadcrumbList","@id":"https:\/\/babylove.se\/no\/produkt\/liewood-vaskekluter-3-pack-sylvester-mix\/#breadcrumb","itemListElement":[{"@type":"ListItem","position":1,"name":"Hem","item":"https:\/\/babylove.se\/no\/"},{"@type":"ListItem","position":2,"name":"Butik","item":"https:\/\/babylove.se\/no\/butik\/"},{"@type":"ListItem","position":3,"name":"Liewood vaskekluter 3-pakk Sylvester Mix"}]},{"@type":"WebSite","@id":"https:\/\/babylove.se\/no\/#website","url":"https:\/\/babylove.se\/no\/","name":"Babylove Norska","description":"","potentialAction":[{"@type":"SearchAction","target":{"@type":"EntryPoint","urlTemplate":"https:\/\/babylove.se\/no\/?s={search_term_string}"},"query-input":{"@type":"PropertyValueSpecification","valueRequired":true,"valueName":"search_term_string"}}],"inLanguage":"nb-NO"}]},"product_brand":"Liewood","product_price_amount":"249.00","product_price_currency":"SEK","og_availability":"out of stock","product_availability":"out of stock","product_retailer_item_id":"1887","product_condition":"new"},"_links":{"self":[{"href":"https:\/\/babylove.se\/no\/wp-json\/wp\/v2\/product\/6354","targetHints":{"allow":["GET"]}}],"collection":[{"href":"https:\/\/babylove.se\/no\/wp-json\/wp\/v2\/product"}],"about":[{"href":"https:\/\/babylove.se\/no\/wp-json\/wp\/v2\/types\/product"}],"replies":[{"embeddable":true,"href":"https:\/\/babylove.se\/no\/wp-json\/wp\/v2\/comments?post=6354"}],"wp:featuredmedia":[{"embeddable":true,"href":"https:\/\/babylove.se\/no\/wp-json\/wp\/v2\/media\/6356"}],"wp:attachment":[{"href":"https:\/\/babylove.se\/no\/wp-json\/wp\/v2\/media?parent=6354"}],"wp:term":[{"taxonomy":"product_brand","embeddable":true,"href":"https:\/\/babylove.se\/no\/wp-json\/wp\/v2\/product_brand?post=6354"},{"taxonomy":"product_cat","embeddable":true,"href":"https:\/\/babylove.se\/no\/wp-json\/wp\/v2\/product_cat?post=6354"},{"taxonomy":"product_tag","embeddable":true,"href":"https:\/\/babylove.se\/no\/wp-json\/wp\/v2\/product_tag?post=6354"}],"curies":[{"name":"wp","href":"https:\/\/api.w.org\/{rel}","templated":true}]}}