{"id":6396,"date":"2025-07-18T20:36:06","date_gmt":"2025-07-18T19:36:06","guid":{"rendered":"https:\/\/babylove.se\/produkt\/vaggklistermarken-vitgra-fjadrar-set-12-st\/"},"modified":"2026-04-08T08:27:30","modified_gmt":"2026-04-08T07:27:30","slug":"veggklistremerker-hvitgra-fjaer-sett-12-stk","status":"publish","type":"product","link":"https:\/\/babylove.se\/no\/produkt\/veggklistremerker-hvitgra-fjaer-sett-12-stk\/","title":{"rendered":"Veggklistremerker hvit\/gr\u00e5 fj\u00e6r, sett med 12 stykker"},"content":{"rendered":"<p>Fine og sv\u00e6rt rimelige veggklistremerker som vil gi barnerommet ditt en unik og spesiell karakter. Vi garanterer at du vil ha mye glede og forn\u00f8yelse med disse. <\/p>\n<p>Disse veggklistremerkene er helt laget av vinyl som er enkle \u00e5 holde rene\/t\u00f8rke av.<\/p>\n<p>Den absolutt raskeste veien for \u00e5 forandre din n\u00e5v\u00e6rende barneroms-innredning.<\/p>\n<p>Settet inneholder 12 veggklistremerker i to forskjellige farger, 6 hvite og 6 gr\u00e5.<\/p>\n<p><strong>St\u00f8rrelse<\/strong>: 3-4 cm x  11,5- 14,5 cm <\/p>\n<p>Designer: Babylove<\/p>\n","protected":false},"excerpt":{"rendered":"<p>Fine og sv\u00e6rt rimelige veggklistremerker som vil gi barnerommet ditt en unik og spesiell karakter. Vi garanterer at du vil ha mye glede og forn\u00f8yelse med disse. Disse veggklistremerkene er helt laget av vinyl som er enkle \u00e5 holde rene\/t\u00f8rke av. Den absolutt raskeste veien for \u00e5 forandre din n\u00e5v\u00e6rende barneroms-innredning. Settet inneholder 12 veggklistremerker [&hellip;]<\/p>\n","protected":false},"featured_media":6398,"comment_status":"closed","ping_status":"open","template":"","meta":{"_acf_changed":false},"product_brand":[22],"product_cat":[84,48,29,24],"product_tag":[],"class_list":{"0":"post-6396","1":"product","2":"type-product","3":"status-publish","4":"has-post-thumbnail","6":"product_brand-babylove","7":"product_cat-babylove","8":"product_cat-startside","9":"product_cat-veggdekorasjoner","10":"product_cat-veggklistremerker","12":"first","13":"outofstock","14":"taxable","15":"shipping-taxable","16":"purchasable","17":"product-type-simple"},"acf":[],"yoast_head":"<!-- This site is optimized with the Yoast SEO Premium plugin v25.8 (Yoast SEO v27.2) - https:\/\/yoast.com\/product\/yoast-seo-premium-wordpress\/ -->\n<title>Veggklistremerker hvit\/gr\u00e5 fj\u00e6r, sett med 12 stykker - Babylove Norska<\/title>\n<meta name=\"robots\" content=\"noindex, follow, max-snippet:-1, max-image-preview:large, max-video-preview:-1\" \/>\n<meta property=\"og:locale\" content=\"nb_NO\" \/>\n<meta property=\"og:type\" content=\"article\" \/>\n<meta property=\"og:title\" content=\"Veggklistremerker hvit\/gr\u00e5 fj\u00e6r, sett med 12 stykker\" \/>\n<meta property=\"og:description\" content=\"Fine og sv\u00e6rt rimelige veggklistremerker som vil gi barnerommet ditt en unik og spesiell karakter. Vi garanterer at du vil ha mye glede og forn\u00f8yelse med disse. Disse veggklistremerkene er helt laget av vinyl som er enkle \u00e5 holde rene\/t\u00f8rke av. Den absolutt raskeste veien for \u00e5 forandre din n\u00e5v\u00e6rende barneroms-innredning. Settet inneholder 12 veggklistremerker [&hellip;]\" \/>\n<meta property=\"og:url\" content=\"https:\/\/babylove.se\/no\/produkt\/veggklistremerker-hvitgra-fjaer-sett-12-stk\/\" \/>\n<meta property=\"og:site_name\" content=\"Babylove Norska\" \/>\n<meta property=\"article:modified_time\" content=\"2026-04-08T07:27:30+00:00\" \/>\n<meta property=\"og:image\" content=\"https:\/\/babylove.se\/no\/wp-content\/uploads\/sites\/3\/2025\/07\/5b0d1d95ca8f5.jpeg\" \/>\n\t<meta property=\"og:image:width\" content=\"498\" \/>\n\t<meta property=\"og:image:height\" content=\"498\" \/>\n\t<meta property=\"og:image:type\" content=\"image\/jpeg\" \/>\n<meta name=\"twitter:card\" content=\"summary_large_image\" \/>\n<meta name=\"twitter:label1\" content=\"Price\" \/>\n\t<meta name=\"twitter:data1\" content=\"59,00&nbsp;&#107;&#114;\" \/>\n\t<meta name=\"twitter:label2\" content=\"Availability\" \/>\n\t<meta name=\"twitter:data2\" content=\"Out of stock\" \/>\n<script type=\"application\/ld+json\" class=\"yoast-schema-graph\">{\"@context\":\"https:\/\/schema.org\",\"@graph\":[{\"@type\":\"WebPage\",\"@id\":\"https:\/\/babylove.se\/no\/produkt\/veggklistremerker-hvitgra-fjaer-sett-12-stk\/\",\"url\":\"https:\/\/babylove.se\/no\/produkt\/veggklistremerker-hvitgra-fjaer-sett-12-stk\/\",\"name\":\"Veggklistremerker hvit\/gr\u00e5 fj\u00e6r, sett med 12 stykker - Babylove Norska\",\"isPartOf\":{\"@id\":\"https:\/\/babylove.se\/no\/#website\"},\"primaryImageOfPage\":{\"@id\":\"https:\/\/babylove.se\/no\/produkt\/veggklistremerker-hvitgra-fjaer-sett-12-stk\/#primaryimage\"},\"image\":{\"@id\":\"https:\/\/babylove.se\/no\/produkt\/veggklistremerker-hvitgra-fjaer-sett-12-stk\/#primaryimage\"},\"thumbnailUrl\":\"https:\/\/babylove.se\/no\/wp-content\/uploads\/sites\/3\/2025\/07\/5b0d1d95ca8f5.jpeg\",\"datePublished\":\"2025-07-18T19:36:06+00:00\",\"dateModified\":\"2026-04-08T07:27:30+00:00\",\"breadcrumb\":{\"@id\":\"https:\/\/babylove.se\/no\/produkt\/veggklistremerker-hvitgra-fjaer-sett-12-stk\/#breadcrumb\"},\"inLanguage\":\"nb-NO\",\"potentialAction\":[{\"@type\":\"ReadAction\",\"target\":[\"https:\/\/babylove.se\/no\/produkt\/veggklistremerker-hvitgra-fjaer-sett-12-stk\/\"]}]},{\"@type\":\"ImageObject\",\"inLanguage\":\"nb-NO\",\"@id\":\"https:\/\/babylove.se\/no\/produkt\/veggklistremerker-hvitgra-fjaer-sett-12-stk\/#primaryimage\",\"url\":\"https:\/\/babylove.se\/no\/wp-content\/uploads\/sites\/3\/2025\/07\/5b0d1d95ca8f5.jpeg\",\"contentUrl\":\"https:\/\/babylove.se\/no\/wp-content\/uploads\/sites\/3\/2025\/07\/5b0d1d95ca8f5.jpeg\",\"width\":498,\"height\":498},{\"@type\":\"BreadcrumbList\",\"@id\":\"https:\/\/babylove.se\/no\/produkt\/veggklistremerker-hvitgra-fjaer-sett-12-stk\/#breadcrumb\",\"itemListElement\":[{\"@type\":\"ListItem\",\"position\":1,\"name\":\"Hem\",\"item\":\"https:\/\/babylove.se\/no\/\"},{\"@type\":\"ListItem\",\"position\":2,\"name\":\"Butik\",\"item\":\"https:\/\/babylove.se\/no\/butik\/\"},{\"@type\":\"ListItem\",\"position\":3,\"name\":\"Veggklistremerker hvit\/gr\u00e5 fj\u00e6r, sett med 12 stykker\"}]},{\"@type\":\"WebSite\",\"@id\":\"https:\/\/babylove.se\/no\/#website\",\"url\":\"https:\/\/babylove.se\/no\/\",\"name\":\"Babylove Norska\",\"description\":\"\",\"potentialAction\":[{\"@type\":\"SearchAction\",\"target\":{\"@type\":\"EntryPoint\",\"urlTemplate\":\"https:\/\/babylove.se\/no\/?s={search_term_string}\"},\"query-input\":{\"@type\":\"PropertyValueSpecification\",\"valueRequired\":true,\"valueName\":\"search_term_string\"}}],\"inLanguage\":\"nb-NO\"}]}<\/script>\n<meta property=\"product:brand\" content=\"Babylove\" \/>\n<meta property=\"product:price:amount\" content=\"59.00\" \/>\n<meta property=\"product:price:currency\" content=\"SEK\" \/>\n<meta property=\"og:availability\" content=\"out of stock\" \/>\n<meta property=\"product:availability\" content=\"out of stock\" \/>\n<meta property=\"product:retailer_item_id\" content=\"1896\" \/>\n<meta property=\"product:condition\" content=\"new\" \/>\n<!-- \/ Yoast SEO Premium plugin. -->","yoast_head_json":{"title":"Veggklistremerker hvit\/gr\u00e5 fj\u00e6r, sett med 12 stykker - Babylove Norska","robots":{"index":"noindex","follow":"follow","max-snippet":"max-snippet:-1","max-image-preview":"max-image-preview:large","max-video-preview":"max-video-preview:-1"},"og_locale":"nb_NO","og_type":"article","og_title":"Veggklistremerker hvit\/gr\u00e5 fj\u00e6r, sett med 12 stykker","og_description":"Fine og sv\u00e6rt rimelige veggklistremerker som vil gi barnerommet ditt en unik og spesiell karakter. Vi garanterer at du vil ha mye glede og forn\u00f8yelse med disse. Disse veggklistremerkene er helt laget av vinyl som er enkle \u00e5 holde rene\/t\u00f8rke av. Den absolutt raskeste veien for \u00e5 forandre din n\u00e5v\u00e6rende barneroms-innredning. Settet inneholder 12 veggklistremerker [&hellip;]","og_url":"https:\/\/babylove.se\/no\/produkt\/veggklistremerker-hvitgra-fjaer-sett-12-stk\/","og_site_name":"Babylove Norska","article_modified_time":"2026-04-08T07:27:30+00:00","og_image":[{"width":498,"height":498,"url":"https:\/\/babylove.se\/no\/wp-content\/uploads\/sites\/3\/2025\/07\/5b0d1d95ca8f5.jpeg","type":"image\/jpeg"}],"twitter_card":"summary_large_image","twitter_misc":{"Price":"59,00&nbsp;&#107;&#114;","Availability":"Out of stock"},"schema":{"@context":"https:\/\/schema.org","@graph":[{"@type":"WebPage","@id":"https:\/\/babylove.se\/no\/produkt\/veggklistremerker-hvitgra-fjaer-sett-12-stk\/","url":"https:\/\/babylove.se\/no\/produkt\/veggklistremerker-hvitgra-fjaer-sett-12-stk\/","name":"Veggklistremerker hvit\/gr\u00e5 fj\u00e6r, sett med 12 stykker - Babylove Norska","isPartOf":{"@id":"https:\/\/babylove.se\/no\/#website"},"primaryImageOfPage":{"@id":"https:\/\/babylove.se\/no\/produkt\/veggklistremerker-hvitgra-fjaer-sett-12-stk\/#primaryimage"},"image":{"@id":"https:\/\/babylove.se\/no\/produkt\/veggklistremerker-hvitgra-fjaer-sett-12-stk\/#primaryimage"},"thumbnailUrl":"https:\/\/babylove.se\/no\/wp-content\/uploads\/sites\/3\/2025\/07\/5b0d1d95ca8f5.jpeg","datePublished":"2025-07-18T19:36:06+00:00","dateModified":"2026-04-08T07:27:30+00:00","breadcrumb":{"@id":"https:\/\/babylove.se\/no\/produkt\/veggklistremerker-hvitgra-fjaer-sett-12-stk\/#breadcrumb"},"inLanguage":"nb-NO","potentialAction":[{"@type":"ReadAction","target":["https:\/\/babylove.se\/no\/produkt\/veggklistremerker-hvitgra-fjaer-sett-12-stk\/"]}]},{"@type":"ImageObject","inLanguage":"nb-NO","@id":"https:\/\/babylove.se\/no\/produkt\/veggklistremerker-hvitgra-fjaer-sett-12-stk\/#primaryimage","url":"https:\/\/babylove.se\/no\/wp-content\/uploads\/sites\/3\/2025\/07\/5b0d1d95ca8f5.jpeg","contentUrl":"https:\/\/babylove.se\/no\/wp-content\/uploads\/sites\/3\/2025\/07\/5b0d1d95ca8f5.jpeg","width":498,"height":498},{"@type":"BreadcrumbList","@id":"https:\/\/babylove.se\/no\/produkt\/veggklistremerker-hvitgra-fjaer-sett-12-stk\/#breadcrumb","itemListElement":[{"@type":"ListItem","position":1,"name":"Hem","item":"https:\/\/babylove.se\/no\/"},{"@type":"ListItem","position":2,"name":"Butik","item":"https:\/\/babylove.se\/no\/butik\/"},{"@type":"ListItem","position":3,"name":"Veggklistremerker hvit\/gr\u00e5 fj\u00e6r, sett med 12 stykker"}]},{"@type":"WebSite","@id":"https:\/\/babylove.se\/no\/#website","url":"https:\/\/babylove.se\/no\/","name":"Babylove Norska","description":"","potentialAction":[{"@type":"SearchAction","target":{"@type":"EntryPoint","urlTemplate":"https:\/\/babylove.se\/no\/?s={search_term_string}"},"query-input":{"@type":"PropertyValueSpecification","valueRequired":true,"valueName":"search_term_string"}}],"inLanguage":"nb-NO"}]},"product_brand":"Babylove","product_price_amount":"59.00","product_price_currency":"SEK","og_availability":"out of stock","product_availability":"out of stock","product_retailer_item_id":"1896","product_condition":"new"},"_links":{"self":[{"href":"https:\/\/babylove.se\/no\/wp-json\/wp\/v2\/product\/6396","targetHints":{"allow":["GET"]}}],"collection":[{"href":"https:\/\/babylove.se\/no\/wp-json\/wp\/v2\/product"}],"about":[{"href":"https:\/\/babylove.se\/no\/wp-json\/wp\/v2\/types\/product"}],"replies":[{"embeddable":true,"href":"https:\/\/babylove.se\/no\/wp-json\/wp\/v2\/comments?post=6396"}],"wp:featuredmedia":[{"embeddable":true,"href":"https:\/\/babylove.se\/no\/wp-json\/wp\/v2\/media\/6398"}],"wp:attachment":[{"href":"https:\/\/babylove.se\/no\/wp-json\/wp\/v2\/media?parent=6396"}],"wp:term":[{"taxonomy":"product_brand","embeddable":true,"href":"https:\/\/babylove.se\/no\/wp-json\/wp\/v2\/product_brand?post=6396"},{"taxonomy":"product_cat","embeddable":true,"href":"https:\/\/babylove.se\/no\/wp-json\/wp\/v2\/product_cat?post=6396"},{"taxonomy":"product_tag","embeddable":true,"href":"https:\/\/babylove.se\/no\/wp-json\/wp\/v2\/product_tag?post=6396"}],"curies":[{"name":"wp","href":"https:\/\/api.w.org\/{rel}","templated":true}]}}