{"id":640,"date":"2025-07-18T19:56:44","date_gmt":"2025-07-18T18:56:44","guid":{"rendered":"https:\/\/babylove.se\/produkt\/baddset-100x135-forest-friends\/"},"modified":"2026-04-08T07:35:34","modified_gmt":"2026-04-08T06:35:34","slug":"baderomssett-100x135-forest-friends","status":"publish","type":"product","link":"https:\/\/babylove.se\/no\/produkt\/baderomssett-100x135-forest-friends\/","title":{"rendered":"Senget\u00f8y til barn inkl Dyne &#038; Pute, Sengesett 100&#215;135 forest friends"},"content":{"rendered":"<p><span style=\"line-height: 18.2000007629395px;\">Et godt<\/span><strong style=\"line-height: 18.2000007629395px;\">&nbsp;sengesett&nbsp;<\/strong><span style=\"line-height: 18.2000007629395px;\">er en viktig ingrediens i hvert&nbsp;<\/span><strong style=\"line-height: 18.2000007629395px;\">barns soverom.<\/strong><span style=\"line-height: 18.2000007629395px;\">&nbsp;Babyer sover mesteparten av dagen hvilket gj\u00f8r at&nbsp;<\/span><strong style=\"line-height: 18.2000007629395px;\">sengesettet&nbsp;<\/strong><span style=\"line-height: 18.2000007629395px;\">blir av enda st\u00f8rre betydning.Vakker og fargerik design hjelper barnet ditt \u00e5 f\u00e5 nattlig ro.<\/span><\/p>\n<p><strong>Sengesettet&nbsp;<\/strong>inkluderer b\u00e5de et <strong>dynetrekk&nbsp;<\/strong>og en <strong>pute&nbsp;<\/strong>og er dobbelsidig. <strong>Puten&nbsp;<\/strong>og <strong>dynet&nbsp;<\/strong>inneholder myk anti-allergisk fyll. <strong>Sengesettet&nbsp;<\/strong>kompletteres med fordel med andre produkter i samme serie. <strong>Sengekappe<\/strong>, tepper, pyntepute og <strong>lamper<\/strong>.<\/p>\n<p><strong style=\"line-height: 18.2000007629395px;\">St\u00f8rrelse<\/strong>: 100&#215;135<\/p>\n<p><span style=\"font-size: 11px;\">Designer:Lamps and Co<\/span><\/p>\n","protected":false},"excerpt":{"rendered":"<p>Et godt&nbsp;sengesett&nbsp;er en viktig ingrediens i hvert&nbsp;barns soverom.&nbsp;Babyer sover mesteparten av dagen hvilket gj\u00f8r at&nbsp;sengesettet&nbsp;blir av enda st\u00f8rre betydning.Vakker og fargerik design hjelper barnet ditt \u00e5 f\u00e5 nattlig ro. Sengesettet&nbsp;inkluderer b\u00e5de et dynetrekk&nbsp;og en pute&nbsp;og er dobbelsidig. Puten&nbsp;og dynet&nbsp;inneholder myk anti-allergisk fyll. Sengesettet&nbsp;kompletteres med fordel med andre produkter i samme serie. Sengekappe, tepper, pyntepute og [&hellip;]<\/p>\n","protected":false},"featured_media":642,"comment_status":"closed","ping_status":"open","template":"","meta":{"_acf_changed":false},"product_brand":[38],"product_cat":[39,34,40,293],"product_tag":[1689],"class_list":{"0":"post-640","1":"product","2":"type-product","3":"status-publish","4":"has-post-thumbnail","6":"product_brand-post-nord","7":"product_cat-barnesangklaer","8":"product_cat-lamps-and-co","9":"product_cat-soverom-barn","10":"product_cat-tekstiler","11":"product_tag-bestillingsvaror","13":"first","14":"instock","15":"taxable","16":"shipping-taxable","17":"purchasable","18":"product-type-simple"},"acf":[],"yoast_head":"<!-- This site is optimized with the Yoast SEO Premium plugin v25.8 (Yoast SEO v27.2) - https:\/\/yoast.com\/product\/yoast-seo-premium-wordpress\/ -->\n<title>Senget\u00f8y til barn inkl Dyne &amp; Pute, Sengesett 100x135 forest friends - Babylove Norska<\/title>\n<meta name=\"robots\" content=\"noindex, follow, max-snippet:-1, max-image-preview:large, max-video-preview:-1\" \/>\n<meta property=\"og:locale\" content=\"nb_NO\" \/>\n<meta property=\"og:type\" content=\"article\" \/>\n<meta property=\"og:title\" content=\"Senget\u00f8y til barn inkl Dyne &amp; Pute, Sengesett 100x135 forest friends\" \/>\n<meta property=\"og:description\" content=\"Et godt&nbsp;sengesett&nbsp;er en viktig ingrediens i hvert&nbsp;barns soverom.&nbsp;Babyer sover mesteparten av dagen hvilket gj\u00f8r at&nbsp;sengesettet&nbsp;blir av enda st\u00f8rre betydning.Vakker og fargerik design hjelper barnet ditt \u00e5 f\u00e5 nattlig ro. Sengesettet&nbsp;inkluderer b\u00e5de et dynetrekk&nbsp;og en pute&nbsp;og er dobbelsidig. Puten&nbsp;og dynet&nbsp;inneholder myk anti-allergisk fyll. Sengesettet&nbsp;kompletteres med fordel med andre produkter i samme serie. Sengekappe, tepper, pyntepute og [&hellip;]\" \/>\n<meta property=\"og:url\" content=\"https:\/\/babylove.se\/no\/produkt\/baderomssett-100x135-forest-friends\/\" \/>\n<meta property=\"og:site_name\" content=\"Babylove Norska\" \/>\n<meta property=\"article:modified_time\" content=\"2026-04-08T06:35:34+00:00\" \/>\n<meta property=\"og:image\" content=\"https:\/\/babylove.se\/no\/wp-content\/uploads\/sites\/3\/2025\/07\/57333b3b49c0d.jpeg\" \/>\n\t<meta property=\"og:image:width\" content=\"499\" \/>\n\t<meta property=\"og:image:height\" content=\"750\" \/>\n\t<meta property=\"og:image:type\" content=\"image\/jpeg\" \/>\n<meta name=\"twitter:card\" content=\"summary_large_image\" \/>\n<meta name=\"twitter:label1\" content=\"Price\" \/>\n\t<meta name=\"twitter:data1\" content=\"799,00&nbsp;&#107;&#114;\" \/>\n\t<meta name=\"twitter:label2\" content=\"Availability\" \/>\n\t<meta name=\"twitter:data2\" content=\"In stock\" \/>\n<script type=\"application\/ld+json\" class=\"yoast-schema-graph\">{\"@context\":\"https:\/\/schema.org\",\"@graph\":[{\"@type\":\"WebPage\",\"@id\":\"https:\/\/babylove.se\/no\/produkt\/baderomssett-100x135-forest-friends\/\",\"url\":\"https:\/\/babylove.se\/no\/produkt\/baderomssett-100x135-forest-friends\/\",\"name\":\"Senget\u00f8y til barn inkl Dyne & Pute, Sengesett 100x135 forest friends - Babylove Norska\",\"isPartOf\":{\"@id\":\"https:\/\/babylove.se\/no\/#website\"},\"primaryImageOfPage\":{\"@id\":\"https:\/\/babylove.se\/no\/produkt\/baderomssett-100x135-forest-friends\/#primaryimage\"},\"image\":{\"@id\":\"https:\/\/babylove.se\/no\/produkt\/baderomssett-100x135-forest-friends\/#primaryimage\"},\"thumbnailUrl\":\"https:\/\/babylove.se\/no\/wp-content\/uploads\/sites\/3\/2025\/07\/57333b3b49c0d.jpeg\",\"datePublished\":\"2025-07-18T18:56:44+00:00\",\"dateModified\":\"2026-04-08T06:35:34+00:00\",\"breadcrumb\":{\"@id\":\"https:\/\/babylove.se\/no\/produkt\/baderomssett-100x135-forest-friends\/#breadcrumb\"},\"inLanguage\":\"nb-NO\",\"potentialAction\":[{\"@type\":\"ReadAction\",\"target\":[\"https:\/\/babylove.se\/no\/produkt\/baderomssett-100x135-forest-friends\/\"]}]},{\"@type\":\"ImageObject\",\"inLanguage\":\"nb-NO\",\"@id\":\"https:\/\/babylove.se\/no\/produkt\/baderomssett-100x135-forest-friends\/#primaryimage\",\"url\":\"https:\/\/babylove.se\/no\/wp-content\/uploads\/sites\/3\/2025\/07\/57333b3b49c0d.jpeg\",\"contentUrl\":\"https:\/\/babylove.se\/no\/wp-content\/uploads\/sites\/3\/2025\/07\/57333b3b49c0d.jpeg\",\"width\":499,\"height\":750},{\"@type\":\"BreadcrumbList\",\"@id\":\"https:\/\/babylove.se\/no\/produkt\/baderomssett-100x135-forest-friends\/#breadcrumb\",\"itemListElement\":[{\"@type\":\"ListItem\",\"position\":1,\"name\":\"Hem\",\"item\":\"https:\/\/babylove.se\/no\/\"},{\"@type\":\"ListItem\",\"position\":2,\"name\":\"Butik\",\"item\":\"https:\/\/babylove.se\/no\/butik\/\"},{\"@type\":\"ListItem\",\"position\":3,\"name\":\"Senget\u00f8y til barn inkl Dyne &#038; Pute, Sengesett 100&#215;135 forest friends\"}]},{\"@type\":\"WebSite\",\"@id\":\"https:\/\/babylove.se\/no\/#website\",\"url\":\"https:\/\/babylove.se\/no\/\",\"name\":\"Babylove Norska\",\"description\":\"\",\"potentialAction\":[{\"@type\":\"SearchAction\",\"target\":{\"@type\":\"EntryPoint\",\"urlTemplate\":\"https:\/\/babylove.se\/no\/?s={search_term_string}\"},\"query-input\":{\"@type\":\"PropertyValueSpecification\",\"valueRequired\":true,\"valueName\":\"search_term_string\"}}],\"inLanguage\":\"nb-NO\"}]}<\/script>\n<meta property=\"product:brand\" content=\"Post Nord\" \/>\n<meta property=\"product:price:amount\" content=\"799.00\" \/>\n<meta property=\"product:price:currency\" content=\"SEK\" \/>\n<meta property=\"og:availability\" content=\"instock\" \/>\n<meta property=\"product:availability\" content=\"instock\" \/>\n<meta property=\"product:retailer_item_id\" content=\"LC0061\" \/>\n<meta property=\"product:condition\" content=\"new\" \/>\n<!-- \/ Yoast SEO Premium plugin. -->","yoast_head_json":{"title":"Senget\u00f8y til barn inkl Dyne & Pute, Sengesett 100x135 forest friends - Babylove Norska","robots":{"index":"noindex","follow":"follow","max-snippet":"max-snippet:-1","max-image-preview":"max-image-preview:large","max-video-preview":"max-video-preview:-1"},"og_locale":"nb_NO","og_type":"article","og_title":"Senget\u00f8y til barn inkl Dyne & Pute, Sengesett 100x135 forest friends","og_description":"Et godt&nbsp;sengesett&nbsp;er en viktig ingrediens i hvert&nbsp;barns soverom.&nbsp;Babyer sover mesteparten av dagen hvilket gj\u00f8r at&nbsp;sengesettet&nbsp;blir av enda st\u00f8rre betydning.Vakker og fargerik design hjelper barnet ditt \u00e5 f\u00e5 nattlig ro. Sengesettet&nbsp;inkluderer b\u00e5de et dynetrekk&nbsp;og en pute&nbsp;og er dobbelsidig. Puten&nbsp;og dynet&nbsp;inneholder myk anti-allergisk fyll. Sengesettet&nbsp;kompletteres med fordel med andre produkter i samme serie. Sengekappe, tepper, pyntepute og [&hellip;]","og_url":"https:\/\/babylove.se\/no\/produkt\/baderomssett-100x135-forest-friends\/","og_site_name":"Babylove Norska","article_modified_time":"2026-04-08T06:35:34+00:00","og_image":[{"width":499,"height":750,"url":"https:\/\/babylove.se\/no\/wp-content\/uploads\/sites\/3\/2025\/07\/57333b3b49c0d.jpeg","type":"image\/jpeg"}],"twitter_card":"summary_large_image","twitter_misc":{"Price":"799,00&nbsp;&#107;&#114;","Availability":"In stock"},"schema":{"@context":"https:\/\/schema.org","@graph":[{"@type":"WebPage","@id":"https:\/\/babylove.se\/no\/produkt\/baderomssett-100x135-forest-friends\/","url":"https:\/\/babylove.se\/no\/produkt\/baderomssett-100x135-forest-friends\/","name":"Senget\u00f8y til barn inkl Dyne & Pute, Sengesett 100x135 forest friends - Babylove Norska","isPartOf":{"@id":"https:\/\/babylove.se\/no\/#website"},"primaryImageOfPage":{"@id":"https:\/\/babylove.se\/no\/produkt\/baderomssett-100x135-forest-friends\/#primaryimage"},"image":{"@id":"https:\/\/babylove.se\/no\/produkt\/baderomssett-100x135-forest-friends\/#primaryimage"},"thumbnailUrl":"https:\/\/babylove.se\/no\/wp-content\/uploads\/sites\/3\/2025\/07\/57333b3b49c0d.jpeg","datePublished":"2025-07-18T18:56:44+00:00","dateModified":"2026-04-08T06:35:34+00:00","breadcrumb":{"@id":"https:\/\/babylove.se\/no\/produkt\/baderomssett-100x135-forest-friends\/#breadcrumb"},"inLanguage":"nb-NO","potentialAction":[{"@type":"ReadAction","target":["https:\/\/babylove.se\/no\/produkt\/baderomssett-100x135-forest-friends\/"]}]},{"@type":"ImageObject","inLanguage":"nb-NO","@id":"https:\/\/babylove.se\/no\/produkt\/baderomssett-100x135-forest-friends\/#primaryimage","url":"https:\/\/babylove.se\/no\/wp-content\/uploads\/sites\/3\/2025\/07\/57333b3b49c0d.jpeg","contentUrl":"https:\/\/babylove.se\/no\/wp-content\/uploads\/sites\/3\/2025\/07\/57333b3b49c0d.jpeg","width":499,"height":750},{"@type":"BreadcrumbList","@id":"https:\/\/babylove.se\/no\/produkt\/baderomssett-100x135-forest-friends\/#breadcrumb","itemListElement":[{"@type":"ListItem","position":1,"name":"Hem","item":"https:\/\/babylove.se\/no\/"},{"@type":"ListItem","position":2,"name":"Butik","item":"https:\/\/babylove.se\/no\/butik\/"},{"@type":"ListItem","position":3,"name":"Senget\u00f8y til barn inkl Dyne &#038; Pute, Sengesett 100&#215;135 forest friends"}]},{"@type":"WebSite","@id":"https:\/\/babylove.se\/no\/#website","url":"https:\/\/babylove.se\/no\/","name":"Babylove Norska","description":"","potentialAction":[{"@type":"SearchAction","target":{"@type":"EntryPoint","urlTemplate":"https:\/\/babylove.se\/no\/?s={search_term_string}"},"query-input":{"@type":"PropertyValueSpecification","valueRequired":true,"valueName":"search_term_string"}}],"inLanguage":"nb-NO"}]},"product_brand":"Post Nord","product_price_amount":"799.00","product_price_currency":"SEK","og_availability":"instock","product_availability":"instock","product_retailer_item_id":"LC0061","product_condition":"new"},"_links":{"self":[{"href":"https:\/\/babylove.se\/no\/wp-json\/wp\/v2\/product\/640","targetHints":{"allow":["GET"]}}],"collection":[{"href":"https:\/\/babylove.se\/no\/wp-json\/wp\/v2\/product"}],"about":[{"href":"https:\/\/babylove.se\/no\/wp-json\/wp\/v2\/types\/product"}],"replies":[{"embeddable":true,"href":"https:\/\/babylove.se\/no\/wp-json\/wp\/v2\/comments?post=640"}],"wp:featuredmedia":[{"embeddable":true,"href":"https:\/\/babylove.se\/no\/wp-json\/wp\/v2\/media\/642"}],"wp:attachment":[{"href":"https:\/\/babylove.se\/no\/wp-json\/wp\/v2\/media?parent=640"}],"wp:term":[{"taxonomy":"product_brand","embeddable":true,"href":"https:\/\/babylove.se\/no\/wp-json\/wp\/v2\/product_brand?post=640"},{"taxonomy":"product_cat","embeddable":true,"href":"https:\/\/babylove.se\/no\/wp-json\/wp\/v2\/product_cat?post=640"},{"taxonomy":"product_tag","embeddable":true,"href":"https:\/\/babylove.se\/no\/wp-json\/wp\/v2\/product_tag?post=640"}],"curies":[{"name":"wp","href":"https:\/\/api.w.org\/{rel}","templated":true}]}}