{"id":6447,"date":"2025-07-18T20:36:29","date_gmt":"2025-07-18T19:36:29","guid":{"rendered":"https:\/\/babylove.se\/produkt\/vaggklistermarken-silver-pillar-set-av-24-st\/"},"modified":"2026-04-08T08:28:03","modified_gmt":"2026-04-08T07:28:03","slug":"veggklistremerker-silver-pillar-sett-av-24-stk","status":"publish","type":"product","link":"https:\/\/babylove.se\/no\/produkt\/veggklistremerker-silver-pillar-sett-av-24-stk\/","title":{"rendered":"Veggklistremerker s\u00f8lvpiler, sett med 24 stykker"},"content":{"rendered":"<p>Fine og meget rimelige veggklistremerker som vil gi barnerommet ditt en unik og spesiell karakter. Vi garanterer at du vil ha mye moro og glede med disse. <\/p>\n<p>Disse veggklistremerkene er helt laget av vinyl som er enkle \u00e5 holde rene\/t\u00f8rke av.<\/p>\n<p>Den absolutt raskeste veien for \u00e5 forandre din n\u00e5v\u00e6rende barneroms-innredning.<\/p>\n<p>Settet inneholder 24 veggklistremerker <\/p>\n<p>M\u00e5l: Hver pil 10 x 2,5 cm<\/p>\n","protected":false},"excerpt":{"rendered":"<p>Fine og meget rimelige veggklistremerker som vil gi barnerommet ditt en unik og spesiell karakter. Vi garanterer at du vil ha mye moro og glede med disse. Disse veggklistremerkene er helt laget av vinyl som er enkle \u00e5 holde rene\/t\u00f8rke av. Den absolutt raskeste veien for \u00e5 forandre din n\u00e5v\u00e6rende barneroms-innredning. Settet inneholder 24 veggklistremerker [&hellip;]<\/p>\n","protected":false},"featured_media":6449,"comment_status":"closed","ping_status":"open","template":"","meta":{"_acf_changed":false},"product_brand":[22],"product_cat":[84,48,29,24],"product_tag":[1709],"class_list":{"0":"post-6447","1":"product","2":"type-product","3":"status-publish","4":"has-post-thumbnail","6":"product_brand-babylove","7":"product_cat-babylove","8":"product_cat-startside","9":"product_cat-veggdekorasjoner","10":"product_cat-veggklistremerker","11":"product_tag-utforsalg","13":"first","14":"instock","15":"taxable","16":"shipping-taxable","17":"purchasable","18":"product-type-simple"},"acf":[],"yoast_head":"<!-- This site is optimized with the Yoast SEO Premium plugin v25.8 (Yoast SEO v27.2) - https:\/\/yoast.com\/product\/yoast-seo-premium-wordpress\/ -->\n<title>Veggklistremerker s\u00f8lvpiler, sett med 24 stykker - Babylove Norska<\/title>\n<meta name=\"robots\" content=\"noindex, follow, max-snippet:-1, max-image-preview:large, max-video-preview:-1\" \/>\n<meta property=\"og:locale\" content=\"nb_NO\" \/>\n<meta property=\"og:type\" content=\"article\" \/>\n<meta property=\"og:title\" content=\"Veggklistremerker s\u00f8lvpiler, sett med 24 stykker\" \/>\n<meta property=\"og:description\" content=\"Fine og meget rimelige veggklistremerker som vil gi barnerommet ditt en unik og spesiell karakter. Vi garanterer at du vil ha mye moro og glede med disse. Disse veggklistremerkene er helt laget av vinyl som er enkle \u00e5 holde rene\/t\u00f8rke av. Den absolutt raskeste veien for \u00e5 forandre din n\u00e5v\u00e6rende barneroms-innredning. Settet inneholder 24 veggklistremerker [&hellip;]\" \/>\n<meta property=\"og:url\" content=\"https:\/\/babylove.se\/no\/produkt\/veggklistremerker-silver-pillar-sett-av-24-stk\/\" \/>\n<meta property=\"og:site_name\" content=\"Babylove Norska\" \/>\n<meta property=\"article:modified_time\" content=\"2026-04-08T07:28:03+00:00\" \/>\n<meta property=\"og:image\" content=\"https:\/\/babylove.se\/no\/wp-content\/uploads\/sites\/3\/2025\/07\/5d6fb2556ae22.jpeg\" \/>\n\t<meta property=\"og:image:width\" content=\"750\" \/>\n\t<meta property=\"og:image:height\" content=\"750\" \/>\n\t<meta property=\"og:image:type\" content=\"image\/jpeg\" \/>\n<meta name=\"twitter:card\" content=\"summary_large_image\" \/>\n<meta name=\"twitter:label1\" content=\"Price\" \/>\n\t<meta name=\"twitter:data1\" content=\"59,00&nbsp;&#107;&#114;\" \/>\n\t<meta name=\"twitter:label2\" content=\"Availability\" \/>\n\t<meta name=\"twitter:data2\" content=\"In stock\" \/>\n<script type=\"application\/ld+json\" class=\"yoast-schema-graph\">{\"@context\":\"https:\/\/schema.org\",\"@graph\":[{\"@type\":\"WebPage\",\"@id\":\"https:\/\/babylove.se\/no\/produkt\/veggklistremerker-silver-pillar-sett-av-24-stk\/\",\"url\":\"https:\/\/babylove.se\/no\/produkt\/veggklistremerker-silver-pillar-sett-av-24-stk\/\",\"name\":\"Veggklistremerker s\u00f8lvpiler, sett med 24 stykker - Babylove Norska\",\"isPartOf\":{\"@id\":\"https:\/\/babylove.se\/no\/#website\"},\"primaryImageOfPage\":{\"@id\":\"https:\/\/babylove.se\/no\/produkt\/veggklistremerker-silver-pillar-sett-av-24-stk\/#primaryimage\"},\"image\":{\"@id\":\"https:\/\/babylove.se\/no\/produkt\/veggklistremerker-silver-pillar-sett-av-24-stk\/#primaryimage\"},\"thumbnailUrl\":\"https:\/\/babylove.se\/no\/wp-content\/uploads\/sites\/3\/2025\/07\/5d6fb2556ae22.jpeg\",\"datePublished\":\"2025-07-18T19:36:29+00:00\",\"dateModified\":\"2026-04-08T07:28:03+00:00\",\"breadcrumb\":{\"@id\":\"https:\/\/babylove.se\/no\/produkt\/veggklistremerker-silver-pillar-sett-av-24-stk\/#breadcrumb\"},\"inLanguage\":\"nb-NO\",\"potentialAction\":[{\"@type\":\"ReadAction\",\"target\":[\"https:\/\/babylove.se\/no\/produkt\/veggklistremerker-silver-pillar-sett-av-24-stk\/\"]}]},{\"@type\":\"ImageObject\",\"inLanguage\":\"nb-NO\",\"@id\":\"https:\/\/babylove.se\/no\/produkt\/veggklistremerker-silver-pillar-sett-av-24-stk\/#primaryimage\",\"url\":\"https:\/\/babylove.se\/no\/wp-content\/uploads\/sites\/3\/2025\/07\/5d6fb2556ae22.jpeg\",\"contentUrl\":\"https:\/\/babylove.se\/no\/wp-content\/uploads\/sites\/3\/2025\/07\/5d6fb2556ae22.jpeg\",\"width\":750,\"height\":750},{\"@type\":\"BreadcrumbList\",\"@id\":\"https:\/\/babylove.se\/no\/produkt\/veggklistremerker-silver-pillar-sett-av-24-stk\/#breadcrumb\",\"itemListElement\":[{\"@type\":\"ListItem\",\"position\":1,\"name\":\"Hem\",\"item\":\"https:\/\/babylove.se\/no\/\"},{\"@type\":\"ListItem\",\"position\":2,\"name\":\"Butik\",\"item\":\"https:\/\/babylove.se\/no\/butik\/\"},{\"@type\":\"ListItem\",\"position\":3,\"name\":\"Veggklistremerker s\u00f8lvpiler, sett med 24 stykker\"}]},{\"@type\":\"WebSite\",\"@id\":\"https:\/\/babylove.se\/no\/#website\",\"url\":\"https:\/\/babylove.se\/no\/\",\"name\":\"Babylove Norska\",\"description\":\"\",\"potentialAction\":[{\"@type\":\"SearchAction\",\"target\":{\"@type\":\"EntryPoint\",\"urlTemplate\":\"https:\/\/babylove.se\/no\/?s={search_term_string}\"},\"query-input\":{\"@type\":\"PropertyValueSpecification\",\"valueRequired\":true,\"valueName\":\"search_term_string\"}}],\"inLanguage\":\"nb-NO\"}]}<\/script>\n<meta property=\"product:brand\" content=\"Babylove\" \/>\n<meta property=\"product:price:amount\" content=\"59.00\" \/>\n<meta property=\"product:price:currency\" content=\"SEK\" \/>\n<meta property=\"og:availability\" content=\"instock\" \/>\n<meta property=\"product:availability\" content=\"instock\" \/>\n<meta property=\"product:retailer_item_id\" content=\"DD00001930\" \/>\n<meta property=\"product:condition\" content=\"new\" \/>\n<!-- \/ Yoast SEO Premium plugin. -->","yoast_head_json":{"title":"Veggklistremerker s\u00f8lvpiler, sett med 24 stykker - Babylove Norska","robots":{"index":"noindex","follow":"follow","max-snippet":"max-snippet:-1","max-image-preview":"max-image-preview:large","max-video-preview":"max-video-preview:-1"},"og_locale":"nb_NO","og_type":"article","og_title":"Veggklistremerker s\u00f8lvpiler, sett med 24 stykker","og_description":"Fine og meget rimelige veggklistremerker som vil gi barnerommet ditt en unik og spesiell karakter. Vi garanterer at du vil ha mye moro og glede med disse. Disse veggklistremerkene er helt laget av vinyl som er enkle \u00e5 holde rene\/t\u00f8rke av. Den absolutt raskeste veien for \u00e5 forandre din n\u00e5v\u00e6rende barneroms-innredning. Settet inneholder 24 veggklistremerker [&hellip;]","og_url":"https:\/\/babylove.se\/no\/produkt\/veggklistremerker-silver-pillar-sett-av-24-stk\/","og_site_name":"Babylove Norska","article_modified_time":"2026-04-08T07:28:03+00:00","og_image":[{"width":750,"height":750,"url":"https:\/\/babylove.se\/no\/wp-content\/uploads\/sites\/3\/2025\/07\/5d6fb2556ae22.jpeg","type":"image\/jpeg"}],"twitter_card":"summary_large_image","twitter_misc":{"Price":"59,00&nbsp;&#107;&#114;","Availability":"In stock"},"schema":{"@context":"https:\/\/schema.org","@graph":[{"@type":"WebPage","@id":"https:\/\/babylove.se\/no\/produkt\/veggklistremerker-silver-pillar-sett-av-24-stk\/","url":"https:\/\/babylove.se\/no\/produkt\/veggklistremerker-silver-pillar-sett-av-24-stk\/","name":"Veggklistremerker s\u00f8lvpiler, sett med 24 stykker - Babylove Norska","isPartOf":{"@id":"https:\/\/babylove.se\/no\/#website"},"primaryImageOfPage":{"@id":"https:\/\/babylove.se\/no\/produkt\/veggklistremerker-silver-pillar-sett-av-24-stk\/#primaryimage"},"image":{"@id":"https:\/\/babylove.se\/no\/produkt\/veggklistremerker-silver-pillar-sett-av-24-stk\/#primaryimage"},"thumbnailUrl":"https:\/\/babylove.se\/no\/wp-content\/uploads\/sites\/3\/2025\/07\/5d6fb2556ae22.jpeg","datePublished":"2025-07-18T19:36:29+00:00","dateModified":"2026-04-08T07:28:03+00:00","breadcrumb":{"@id":"https:\/\/babylove.se\/no\/produkt\/veggklistremerker-silver-pillar-sett-av-24-stk\/#breadcrumb"},"inLanguage":"nb-NO","potentialAction":[{"@type":"ReadAction","target":["https:\/\/babylove.se\/no\/produkt\/veggklistremerker-silver-pillar-sett-av-24-stk\/"]}]},{"@type":"ImageObject","inLanguage":"nb-NO","@id":"https:\/\/babylove.se\/no\/produkt\/veggklistremerker-silver-pillar-sett-av-24-stk\/#primaryimage","url":"https:\/\/babylove.se\/no\/wp-content\/uploads\/sites\/3\/2025\/07\/5d6fb2556ae22.jpeg","contentUrl":"https:\/\/babylove.se\/no\/wp-content\/uploads\/sites\/3\/2025\/07\/5d6fb2556ae22.jpeg","width":750,"height":750},{"@type":"BreadcrumbList","@id":"https:\/\/babylove.se\/no\/produkt\/veggklistremerker-silver-pillar-sett-av-24-stk\/#breadcrumb","itemListElement":[{"@type":"ListItem","position":1,"name":"Hem","item":"https:\/\/babylove.se\/no\/"},{"@type":"ListItem","position":2,"name":"Butik","item":"https:\/\/babylove.se\/no\/butik\/"},{"@type":"ListItem","position":3,"name":"Veggklistremerker s\u00f8lvpiler, sett med 24 stykker"}]},{"@type":"WebSite","@id":"https:\/\/babylove.se\/no\/#website","url":"https:\/\/babylove.se\/no\/","name":"Babylove Norska","description":"","potentialAction":[{"@type":"SearchAction","target":{"@type":"EntryPoint","urlTemplate":"https:\/\/babylove.se\/no\/?s={search_term_string}"},"query-input":{"@type":"PropertyValueSpecification","valueRequired":true,"valueName":"search_term_string"}}],"inLanguage":"nb-NO"}]},"product_brand":"Babylove","product_price_amount":"59.00","product_price_currency":"SEK","og_availability":"instock","product_availability":"instock","product_retailer_item_id":"DD00001930","product_condition":"new"},"_links":{"self":[{"href":"https:\/\/babylove.se\/no\/wp-json\/wp\/v2\/product\/6447","targetHints":{"allow":["GET"]}}],"collection":[{"href":"https:\/\/babylove.se\/no\/wp-json\/wp\/v2\/product"}],"about":[{"href":"https:\/\/babylove.se\/no\/wp-json\/wp\/v2\/types\/product"}],"replies":[{"embeddable":true,"href":"https:\/\/babylove.se\/no\/wp-json\/wp\/v2\/comments?post=6447"}],"wp:featuredmedia":[{"embeddable":true,"href":"https:\/\/babylove.se\/no\/wp-json\/wp\/v2\/media\/6449"}],"wp:attachment":[{"href":"https:\/\/babylove.se\/no\/wp-json\/wp\/v2\/media?parent=6447"}],"wp:term":[{"taxonomy":"product_brand","embeddable":true,"href":"https:\/\/babylove.se\/no\/wp-json\/wp\/v2\/product_brand?post=6447"},{"taxonomy":"product_cat","embeddable":true,"href":"https:\/\/babylove.se\/no\/wp-json\/wp\/v2\/product_cat?post=6447"},{"taxonomy":"product_tag","embeddable":true,"href":"https:\/\/babylove.se\/no\/wp-json\/wp\/v2\/product_tag?post=6447"}],"curies":[{"name":"wp","href":"https:\/\/api.w.org\/{rel}","templated":true}]}}