{"id":6473,"date":"2025-07-18T20:36:45","date_gmt":"2025-07-18T19:36:45","guid":{"rendered":"https:\/\/babylove.se\/produkt\/elodie-details-solhatt-pretty-petrol\/"},"modified":"2026-04-08T08:28:20","modified_gmt":"2026-04-08T07:28:20","slug":"elodie-details-solhatt-pretty-petrol","status":"publish","type":"product","link":"https:\/\/babylove.se\/no\/produkt\/elodie-details-solhatt-pretty-petrol\/","title":{"rendered":"Elodie Details, Solhatt Pretty Petrol"},"content":{"rendered":"<p>En underbart fin solhatt fra Elodie Details kolleksjon Gilding Garden. Med disse fine solhattene laget av 100% \u00d8ko-Tex sertifisert bomull nyte sol og varme samtidig som det har et godt vern. Solhatten har en myk og behagelig passform som barnet ditt kommer til \u00e5 like \u00e5 ha p\u00e5 seg. For \u00e5 beskytte nakken og ryggen godt, har den en lengre brem. Du kan enkelt brette kantene p\u00e5 solhatten for \u00e5 tilpasse den etter omgivelsene og v\u00e6ret. Elodie Details har rett og slett laget en ultimat solhatt for det lille barnet.<\/p>\n<p><strong>St\u00f8rrelse<\/strong>: Fire st\u00f8rrelser fra 0 til 3 \u00e5r.<br \/><strong>Materiale<\/strong>: 100% Bomull, \u00d8ko-Tex sertifisert<br \/><strong>Ekstra<\/strong>: Beskytter mot solen: SPF30<\/p>\n<p>Designer: <a href=\"https:\/\/babylove.se\/varumarken\/elodie-details\"><u>Elodie Details<\/u><\/a><\/p>\n","protected":false},"excerpt":{"rendered":"<p>En underbart fin solhatt fra Elodie Details kolleksjon Gilding Garden. Med disse fine solhattene laget av 100% \u00d8ko-Tex sertifisert bomull nyte sol og varme samtidig som det har et godt vern. Solhatten har en myk og behagelig passform som barnet ditt kommer til \u00e5 like \u00e5 ha p\u00e5 seg. For \u00e5 beskytte nakken og ryggen [&hellip;]<\/p>\n","protected":false},"featured_media":6475,"comment_status":"closed","ping_status":"open","template":"","meta":{"_acf_changed":false},"product_brand":[174],"product_cat":[175,324,48],"product_tag":[],"class_list":{"0":"post-6473","1":"product","2":"type-product","3":"status-publish","4":"has-post-thumbnail","6":"product_brand-elodie-details","7":"product_cat-elodie-details","8":"product_cat-solhatter","9":"product_cat-startside","10":"pa_storlek-0-6-manader","11":"pa_storlek-1-2-ar","12":"pa_storlek-2-3-a","13":"pa_storlek-6-12-manader","15":"first","16":"outofstock","17":"taxable","18":"shipping-taxable","19":"purchasable","20":"product-type-variable"},"acf":[],"yoast_head":"<!-- This site is optimized with the Yoast SEO Premium plugin v25.8 (Yoast SEO v27.2) - https:\/\/yoast.com\/product\/yoast-seo-premium-wordpress\/ -->\n<title>Elodie Details, Solhatt Pretty Petrol - Babylove Norska<\/title>\n<meta name=\"robots\" content=\"noindex, follow, max-snippet:-1, max-image-preview:large, max-video-preview:-1\" \/>\n<meta property=\"og:locale\" content=\"nb_NO\" \/>\n<meta property=\"og:type\" content=\"article\" \/>\n<meta property=\"og:title\" content=\"Elodie Details, Solhatt Pretty Petrol\" \/>\n<meta property=\"og:description\" content=\"En underbart fin solhatt fra Elodie Details kolleksjon Gilding Garden. Med disse fine solhattene laget av 100% \u00d8ko-Tex sertifisert bomull nyte sol og varme samtidig som det har et godt vern. Solhatten har en myk og behagelig passform som barnet ditt kommer til \u00e5 like \u00e5 ha p\u00e5 seg. For \u00e5 beskytte nakken og ryggen [&hellip;]\" \/>\n<meta property=\"og:url\" content=\"https:\/\/babylove.se\/no\/produkt\/elodie-details-solhatt-pretty-petrol\/\" \/>\n<meta property=\"og:site_name\" content=\"Babylove Norska\" \/>\n<meta property=\"article:modified_time\" content=\"2026-04-08T07:28:20+00:00\" \/>\n<meta property=\"og:image\" content=\"https:\/\/babylove.se\/no\/wp-content\/uploads\/sites\/3\/2025\/07\/5af2a67caa2d6.jpeg\" \/>\n\t<meta property=\"og:image:width\" content=\"750\" \/>\n\t<meta property=\"og:image:height\" content=\"750\" \/>\n\t<meta property=\"og:image:type\" content=\"image\/jpeg\" \/>\n<meta name=\"twitter:card\" content=\"summary_large_image\" \/>\n<meta name=\"twitter:label1\" content=\"Availability\" \/>\n\t<meta name=\"twitter:data1\" content=\"Out of stock\" \/>\n<script type=\"application\/ld+json\" class=\"yoast-schema-graph\">{\"@context\":\"https:\/\/schema.org\",\"@graph\":[{\"@type\":\"WebPage\",\"@id\":\"https:\/\/babylove.se\/no\/produkt\/elodie-details-solhatt-pretty-petrol\/\",\"url\":\"https:\/\/babylove.se\/no\/produkt\/elodie-details-solhatt-pretty-petrol\/\",\"name\":\"Elodie Details, Solhatt Pretty Petrol - Babylove Norska\",\"isPartOf\":{\"@id\":\"https:\/\/babylove.se\/no\/#website\"},\"primaryImageOfPage\":{\"@id\":\"https:\/\/babylove.se\/no\/produkt\/elodie-details-solhatt-pretty-petrol\/#primaryimage\"},\"image\":{\"@id\":\"https:\/\/babylove.se\/no\/produkt\/elodie-details-solhatt-pretty-petrol\/#primaryimage\"},\"thumbnailUrl\":\"https:\/\/babylove.se\/no\/wp-content\/uploads\/sites\/3\/2025\/07\/5af2a67caa2d6.jpeg\",\"datePublished\":\"2025-07-18T19:36:45+00:00\",\"dateModified\":\"2026-04-08T07:28:20+00:00\",\"breadcrumb\":{\"@id\":\"https:\/\/babylove.se\/no\/produkt\/elodie-details-solhatt-pretty-petrol\/#breadcrumb\"},\"inLanguage\":\"nb-NO\",\"potentialAction\":[{\"@type\":\"ReadAction\",\"target\":[\"https:\/\/babylove.se\/no\/produkt\/elodie-details-solhatt-pretty-petrol\/\"]}]},{\"@type\":\"ImageObject\",\"inLanguage\":\"nb-NO\",\"@id\":\"https:\/\/babylove.se\/no\/produkt\/elodie-details-solhatt-pretty-petrol\/#primaryimage\",\"url\":\"https:\/\/babylove.se\/no\/wp-content\/uploads\/sites\/3\/2025\/07\/5af2a67caa2d6.jpeg\",\"contentUrl\":\"https:\/\/babylove.se\/no\/wp-content\/uploads\/sites\/3\/2025\/07\/5af2a67caa2d6.jpeg\",\"width\":750,\"height\":750},{\"@type\":\"BreadcrumbList\",\"@id\":\"https:\/\/babylove.se\/no\/produkt\/elodie-details-solhatt-pretty-petrol\/#breadcrumb\",\"itemListElement\":[{\"@type\":\"ListItem\",\"position\":1,\"name\":\"Hem\",\"item\":\"https:\/\/babylove.se\/no\/\"},{\"@type\":\"ListItem\",\"position\":2,\"name\":\"Butik\",\"item\":\"https:\/\/babylove.se\/no\/butik\/\"},{\"@type\":\"ListItem\",\"position\":3,\"name\":\"Elodie Details, Solhatt Pretty Petrol\"}]},{\"@type\":\"WebSite\",\"@id\":\"https:\/\/babylove.se\/no\/#website\",\"url\":\"https:\/\/babylove.se\/no\/\",\"name\":\"Babylove Norska\",\"description\":\"\",\"potentialAction\":[{\"@type\":\"SearchAction\",\"target\":{\"@type\":\"EntryPoint\",\"urlTemplate\":\"https:\/\/babylove.se\/no\/?s={search_term_string}\"},\"query-input\":{\"@type\":\"PropertyValueSpecification\",\"valueRequired\":true,\"valueName\":\"search_term_string\"}}],\"inLanguage\":\"nb-NO\"}]}<\/script>\n<meta property=\"product:brand\" content=\"Elodie Details\" \/>\n<meta property=\"og:availability\" content=\"out of stock\" \/>\n<meta property=\"product:availability\" content=\"out of stock\" \/>\n<meta property=\"product:retailer_item_id\" content=\"PrettyPetrol0-6-m\u00e5nader\" \/>\n<meta property=\"product:condition\" content=\"new\" \/>\n<!-- \/ Yoast SEO Premium plugin. -->","yoast_head_json":{"title":"Elodie Details, Solhatt Pretty Petrol - Babylove Norska","robots":{"index":"noindex","follow":"follow","max-snippet":"max-snippet:-1","max-image-preview":"max-image-preview:large","max-video-preview":"max-video-preview:-1"},"og_locale":"nb_NO","og_type":"article","og_title":"Elodie Details, Solhatt Pretty Petrol","og_description":"En underbart fin solhatt fra Elodie Details kolleksjon Gilding Garden. Med disse fine solhattene laget av 100% \u00d8ko-Tex sertifisert bomull nyte sol og varme samtidig som det har et godt vern. Solhatten har en myk og behagelig passform som barnet ditt kommer til \u00e5 like \u00e5 ha p\u00e5 seg. For \u00e5 beskytte nakken og ryggen [&hellip;]","og_url":"https:\/\/babylove.se\/no\/produkt\/elodie-details-solhatt-pretty-petrol\/","og_site_name":"Babylove Norska","article_modified_time":"2026-04-08T07:28:20+00:00","og_image":[{"width":750,"height":750,"url":"https:\/\/babylove.se\/no\/wp-content\/uploads\/sites\/3\/2025\/07\/5af2a67caa2d6.jpeg","type":"image\/jpeg"}],"twitter_card":"summary_large_image","twitter_misc":{"Availability":"Out of stock"},"schema":{"@context":"https:\/\/schema.org","@graph":[{"@type":"WebPage","@id":"https:\/\/babylove.se\/no\/produkt\/elodie-details-solhatt-pretty-petrol\/","url":"https:\/\/babylove.se\/no\/produkt\/elodie-details-solhatt-pretty-petrol\/","name":"Elodie Details, Solhatt Pretty Petrol - Babylove Norska","isPartOf":{"@id":"https:\/\/babylove.se\/no\/#website"},"primaryImageOfPage":{"@id":"https:\/\/babylove.se\/no\/produkt\/elodie-details-solhatt-pretty-petrol\/#primaryimage"},"image":{"@id":"https:\/\/babylove.se\/no\/produkt\/elodie-details-solhatt-pretty-petrol\/#primaryimage"},"thumbnailUrl":"https:\/\/babylove.se\/no\/wp-content\/uploads\/sites\/3\/2025\/07\/5af2a67caa2d6.jpeg","datePublished":"2025-07-18T19:36:45+00:00","dateModified":"2026-04-08T07:28:20+00:00","breadcrumb":{"@id":"https:\/\/babylove.se\/no\/produkt\/elodie-details-solhatt-pretty-petrol\/#breadcrumb"},"inLanguage":"nb-NO","potentialAction":[{"@type":"ReadAction","target":["https:\/\/babylove.se\/no\/produkt\/elodie-details-solhatt-pretty-petrol\/"]}]},{"@type":"ImageObject","inLanguage":"nb-NO","@id":"https:\/\/babylove.se\/no\/produkt\/elodie-details-solhatt-pretty-petrol\/#primaryimage","url":"https:\/\/babylove.se\/no\/wp-content\/uploads\/sites\/3\/2025\/07\/5af2a67caa2d6.jpeg","contentUrl":"https:\/\/babylove.se\/no\/wp-content\/uploads\/sites\/3\/2025\/07\/5af2a67caa2d6.jpeg","width":750,"height":750},{"@type":"BreadcrumbList","@id":"https:\/\/babylove.se\/no\/produkt\/elodie-details-solhatt-pretty-petrol\/#breadcrumb","itemListElement":[{"@type":"ListItem","position":1,"name":"Hem","item":"https:\/\/babylove.se\/no\/"},{"@type":"ListItem","position":2,"name":"Butik","item":"https:\/\/babylove.se\/no\/butik\/"},{"@type":"ListItem","position":3,"name":"Elodie Details, Solhatt Pretty Petrol"}]},{"@type":"WebSite","@id":"https:\/\/babylove.se\/no\/#website","url":"https:\/\/babylove.se\/no\/","name":"Babylove Norska","description":"","potentialAction":[{"@type":"SearchAction","target":{"@type":"EntryPoint","urlTemplate":"https:\/\/babylove.se\/no\/?s={search_term_string}"},"query-input":{"@type":"PropertyValueSpecification","valueRequired":true,"valueName":"search_term_string"}}],"inLanguage":"nb-NO"}]},"product_brand":"Elodie Details","og_availability":"out of stock","product_availability":"out of stock","product_retailer_item_id":"PrettyPetrol0-6-m\u00e5nader","product_condition":"new"},"_links":{"self":[{"href":"https:\/\/babylove.se\/no\/wp-json\/wp\/v2\/product\/6473","targetHints":{"allow":["GET"]}}],"collection":[{"href":"https:\/\/babylove.se\/no\/wp-json\/wp\/v2\/product"}],"about":[{"href":"https:\/\/babylove.se\/no\/wp-json\/wp\/v2\/types\/product"}],"replies":[{"embeddable":true,"href":"https:\/\/babylove.se\/no\/wp-json\/wp\/v2\/comments?post=6473"}],"wp:featuredmedia":[{"embeddable":true,"href":"https:\/\/babylove.se\/no\/wp-json\/wp\/v2\/media\/6475"}],"wp:attachment":[{"href":"https:\/\/babylove.se\/no\/wp-json\/wp\/v2\/media?parent=6473"}],"wp:term":[{"taxonomy":"product_brand","embeddable":true,"href":"https:\/\/babylove.se\/no\/wp-json\/wp\/v2\/product_brand?post=6473"},{"taxonomy":"product_cat","embeddable":true,"href":"https:\/\/babylove.se\/no\/wp-json\/wp\/v2\/product_cat?post=6473"},{"taxonomy":"product_tag","embeddable":true,"href":"https:\/\/babylove.se\/no\/wp-json\/wp\/v2\/product_tag?post=6473"}],"curies":[{"name":"wp","href":"https:\/\/api.w.org\/{rel}","templated":true}]}}