{"id":6491,"date":"2025-07-18T20:36:45","date_gmt":"2025-07-18T19:36:45","guid":{"rendered":"https:\/\/babylove.se\/produkt\/filibabba-bambu-matset-rosa-5-delar\/"},"modified":"2026-04-08T08:28:28","modified_gmt":"2026-04-08T07:28:28","slug":"filibabba-bambus-matset-rosa-5-deler","status":"publish","type":"product","link":"https:\/\/babylove.se\/no\/produkt\/filibabba-bambus-matset-rosa-5-deler\/","title":{"rendered":"Filibabba, bambus matsett rosa, 5 deler"},"content":{"rendered":"<p>Et stilrent og fint matsett fra danske Filibaba inneholdende en tallerken med h\u00f8ye kanter, en fin kopp, en dyp sk\u00e5l og selvf\u00f8lgelig skje og gaffel. Ditt barn kommer til \u00e5 ha mye glede av disse, og likes\u00e5 du. Hele matsettet er laget av en \u00f8kologisk, nedbrytbar bambus og er en perfekt gave p\u00e5 en d\u00e5p eller en f\u00f8dselsdag (Kommer i en vakker emballasje). <\/p>\n<p>Alle deler kan vaskes i maskin, men de t\u00e5ler ikke bruk i mikrob\u00f8lgeovn. <\/p>\n<p>Helt fri fra BPA, PVC og Ftalater. <\/p>\n<p><strong>M\u00e5l<\/strong>: Tallerken 19 cm i diameter, kopp 8 cm i diameter, sk\u00e5l 15 cm i diameter, og bestikket er 13 cm langt. <\/p>\n<p>Designer: <a href=\"https:\/\/babylove.se\/varumarken\/filibabba\"><u>Filibabba<\/u><\/a><\/p>\n","protected":false},"excerpt":{"rendered":"<p>Et stilrent og fint matsett fra danske Filibaba inneholdende en tallerken med h\u00f8ye kanter, en fin kopp, en dyp sk\u00e5l og selvf\u00f8lgelig skje og gaffel. Ditt barn kommer til \u00e5 ha mye glede av disse, og likes\u00e5 du. Hele matsettet er laget av en \u00f8kologisk, nedbrytbar bambus og er en perfekt gave p\u00e5 en d\u00e5p [&hellip;]<\/p>\n","protected":false},"featured_media":6493,"comment_status":"closed","ping_status":"closed","template":"","meta":{"_acf_changed":false},"product_brand":[249],"product_cat":[92,70,250,48],"product_tag":[],"class_list":{"0":"post-6491","1":"product","2":"type-product","3":"status-publish","4":"has-post-thumbnail","6":"product_brand-filibabba","7":"product_cat-barnbestikk-matsett","8":"product_cat-gaver","9":"product_cat-filibabba","10":"product_cat-startside","12":"first","13":"outofstock","14":"taxable","15":"shipping-taxable","16":"purchasable","17":"product-type-simple"},"acf":[],"yoast_head":"<!-- This site is optimized with the Yoast SEO Premium plugin v25.8 (Yoast SEO v27.2) - https:\/\/yoast.com\/product\/yoast-seo-premium-wordpress\/ -->\n<title>Filibabba, bambus matsett rosa, 5 deler - Babylove Norska<\/title>\n<meta name=\"robots\" content=\"noindex, follow, max-snippet:-1, max-image-preview:large, max-video-preview:-1\" \/>\n<meta property=\"og:locale\" content=\"nb_NO\" \/>\n<meta property=\"og:type\" content=\"article\" \/>\n<meta property=\"og:title\" content=\"Filibabba, bambus matsett rosa, 5 deler\" \/>\n<meta property=\"og:description\" content=\"Et stilrent og fint matsett fra danske Filibaba inneholdende en tallerken med h\u00f8ye kanter, en fin kopp, en dyp sk\u00e5l og selvf\u00f8lgelig skje og gaffel. Ditt barn kommer til \u00e5 ha mye glede av disse, og likes\u00e5 du. Hele matsettet er laget av en \u00f8kologisk, nedbrytbar bambus og er en perfekt gave p\u00e5 en d\u00e5p [&hellip;]\" \/>\n<meta property=\"og:url\" content=\"https:\/\/babylove.se\/no\/produkt\/filibabba-bambus-matset-rosa-5-deler\/\" \/>\n<meta property=\"og:site_name\" content=\"Babylove Norska\" \/>\n<meta property=\"article:modified_time\" content=\"2026-04-08T07:28:28+00:00\" \/>\n<meta property=\"og:image\" content=\"https:\/\/babylove.se\/no\/wp-content\/uploads\/sites\/3\/2025\/07\/5af2caaddb3b7.jpeg\" \/>\n\t<meta property=\"og:image:width\" content=\"600\" \/>\n\t<meta property=\"og:image:height\" content=\"600\" \/>\n\t<meta property=\"og:image:type\" content=\"image\/jpeg\" \/>\n<meta name=\"twitter:card\" content=\"summary_large_image\" \/>\n<meta name=\"twitter:label1\" content=\"Price\" \/>\n\t<meta name=\"twitter:data1\" content=\"259,00&nbsp;&#107;&#114;\" \/>\n\t<meta name=\"twitter:label2\" content=\"Availability\" \/>\n\t<meta name=\"twitter:data2\" content=\"Out of stock\" \/>\n<script type=\"application\/ld+json\" class=\"yoast-schema-graph\">{\"@context\":\"https:\/\/schema.org\",\"@graph\":[{\"@type\":\"WebPage\",\"@id\":\"https:\/\/babylove.se\/no\/produkt\/filibabba-bambus-matset-rosa-5-deler\/\",\"url\":\"https:\/\/babylove.se\/no\/produkt\/filibabba-bambus-matset-rosa-5-deler\/\",\"name\":\"Filibabba, bambus matsett rosa, 5 deler - Babylove Norska\",\"isPartOf\":{\"@id\":\"https:\/\/babylove.se\/no\/#website\"},\"primaryImageOfPage\":{\"@id\":\"https:\/\/babylove.se\/no\/produkt\/filibabba-bambus-matset-rosa-5-deler\/#primaryimage\"},\"image\":{\"@id\":\"https:\/\/babylove.se\/no\/produkt\/filibabba-bambus-matset-rosa-5-deler\/#primaryimage\"},\"thumbnailUrl\":\"https:\/\/babylove.se\/no\/wp-content\/uploads\/sites\/3\/2025\/07\/5af2caaddb3b7.jpeg\",\"datePublished\":\"2025-07-18T19:36:45+00:00\",\"dateModified\":\"2026-04-08T07:28:28+00:00\",\"breadcrumb\":{\"@id\":\"https:\/\/babylove.se\/no\/produkt\/filibabba-bambus-matset-rosa-5-deler\/#breadcrumb\"},\"inLanguage\":\"nb-NO\",\"potentialAction\":[{\"@type\":\"ReadAction\",\"target\":[\"https:\/\/babylove.se\/no\/produkt\/filibabba-bambus-matset-rosa-5-deler\/\"]}]},{\"@type\":\"ImageObject\",\"inLanguage\":\"nb-NO\",\"@id\":\"https:\/\/babylove.se\/no\/produkt\/filibabba-bambus-matset-rosa-5-deler\/#primaryimage\",\"url\":\"https:\/\/babylove.se\/no\/wp-content\/uploads\/sites\/3\/2025\/07\/5af2caaddb3b7.jpeg\",\"contentUrl\":\"https:\/\/babylove.se\/no\/wp-content\/uploads\/sites\/3\/2025\/07\/5af2caaddb3b7.jpeg\",\"width\":600,\"height\":600},{\"@type\":\"BreadcrumbList\",\"@id\":\"https:\/\/babylove.se\/no\/produkt\/filibabba-bambus-matset-rosa-5-deler\/#breadcrumb\",\"itemListElement\":[{\"@type\":\"ListItem\",\"position\":1,\"name\":\"Hem\",\"item\":\"https:\/\/babylove.se\/no\/\"},{\"@type\":\"ListItem\",\"position\":2,\"name\":\"Butik\",\"item\":\"https:\/\/babylove.se\/no\/butik\/\"},{\"@type\":\"ListItem\",\"position\":3,\"name\":\"Filibabba, bambus matsett rosa, 5 deler\"}]},{\"@type\":\"WebSite\",\"@id\":\"https:\/\/babylove.se\/no\/#website\",\"url\":\"https:\/\/babylove.se\/no\/\",\"name\":\"Babylove Norska\",\"description\":\"\",\"potentialAction\":[{\"@type\":\"SearchAction\",\"target\":{\"@type\":\"EntryPoint\",\"urlTemplate\":\"https:\/\/babylove.se\/no\/?s={search_term_string}\"},\"query-input\":{\"@type\":\"PropertyValueSpecification\",\"valueRequired\":true,\"valueName\":\"search_term_string\"}}],\"inLanguage\":\"nb-NO\"}]}<\/script>\n<meta property=\"product:brand\" content=\"Filibabba\" \/>\n<meta property=\"product:price:amount\" content=\"259.00\" \/>\n<meta property=\"product:price:currency\" content=\"SEK\" \/>\n<meta property=\"og:availability\" content=\"out of stock\" \/>\n<meta property=\"product:availability\" content=\"out of stock\" \/>\n<meta property=\"product:retailer_item_id\" content=\"1924\" \/>\n<meta property=\"product:condition\" content=\"new\" \/>\n<!-- \/ Yoast SEO Premium plugin. -->","yoast_head_json":{"title":"Filibabba, bambus matsett rosa, 5 deler - Babylove Norska","robots":{"index":"noindex","follow":"follow","max-snippet":"max-snippet:-1","max-image-preview":"max-image-preview:large","max-video-preview":"max-video-preview:-1"},"og_locale":"nb_NO","og_type":"article","og_title":"Filibabba, bambus matsett rosa, 5 deler","og_description":"Et stilrent og fint matsett fra danske Filibaba inneholdende en tallerken med h\u00f8ye kanter, en fin kopp, en dyp sk\u00e5l og selvf\u00f8lgelig skje og gaffel. Ditt barn kommer til \u00e5 ha mye glede av disse, og likes\u00e5 du. Hele matsettet er laget av en \u00f8kologisk, nedbrytbar bambus og er en perfekt gave p\u00e5 en d\u00e5p [&hellip;]","og_url":"https:\/\/babylove.se\/no\/produkt\/filibabba-bambus-matset-rosa-5-deler\/","og_site_name":"Babylove Norska","article_modified_time":"2026-04-08T07:28:28+00:00","og_image":[{"width":600,"height":600,"url":"https:\/\/babylove.se\/no\/wp-content\/uploads\/sites\/3\/2025\/07\/5af2caaddb3b7.jpeg","type":"image\/jpeg"}],"twitter_card":"summary_large_image","twitter_misc":{"Price":"259,00&nbsp;&#107;&#114;","Availability":"Out of stock"},"schema":{"@context":"https:\/\/schema.org","@graph":[{"@type":"WebPage","@id":"https:\/\/babylove.se\/no\/produkt\/filibabba-bambus-matset-rosa-5-deler\/","url":"https:\/\/babylove.se\/no\/produkt\/filibabba-bambus-matset-rosa-5-deler\/","name":"Filibabba, bambus matsett rosa, 5 deler - Babylove Norska","isPartOf":{"@id":"https:\/\/babylove.se\/no\/#website"},"primaryImageOfPage":{"@id":"https:\/\/babylove.se\/no\/produkt\/filibabba-bambus-matset-rosa-5-deler\/#primaryimage"},"image":{"@id":"https:\/\/babylove.se\/no\/produkt\/filibabba-bambus-matset-rosa-5-deler\/#primaryimage"},"thumbnailUrl":"https:\/\/babylove.se\/no\/wp-content\/uploads\/sites\/3\/2025\/07\/5af2caaddb3b7.jpeg","datePublished":"2025-07-18T19:36:45+00:00","dateModified":"2026-04-08T07:28:28+00:00","breadcrumb":{"@id":"https:\/\/babylove.se\/no\/produkt\/filibabba-bambus-matset-rosa-5-deler\/#breadcrumb"},"inLanguage":"nb-NO","potentialAction":[{"@type":"ReadAction","target":["https:\/\/babylove.se\/no\/produkt\/filibabba-bambus-matset-rosa-5-deler\/"]}]},{"@type":"ImageObject","inLanguage":"nb-NO","@id":"https:\/\/babylove.se\/no\/produkt\/filibabba-bambus-matset-rosa-5-deler\/#primaryimage","url":"https:\/\/babylove.se\/no\/wp-content\/uploads\/sites\/3\/2025\/07\/5af2caaddb3b7.jpeg","contentUrl":"https:\/\/babylove.se\/no\/wp-content\/uploads\/sites\/3\/2025\/07\/5af2caaddb3b7.jpeg","width":600,"height":600},{"@type":"BreadcrumbList","@id":"https:\/\/babylove.se\/no\/produkt\/filibabba-bambus-matset-rosa-5-deler\/#breadcrumb","itemListElement":[{"@type":"ListItem","position":1,"name":"Hem","item":"https:\/\/babylove.se\/no\/"},{"@type":"ListItem","position":2,"name":"Butik","item":"https:\/\/babylove.se\/no\/butik\/"},{"@type":"ListItem","position":3,"name":"Filibabba, bambus matsett rosa, 5 deler"}]},{"@type":"WebSite","@id":"https:\/\/babylove.se\/no\/#website","url":"https:\/\/babylove.se\/no\/","name":"Babylove Norska","description":"","potentialAction":[{"@type":"SearchAction","target":{"@type":"EntryPoint","urlTemplate":"https:\/\/babylove.se\/no\/?s={search_term_string}"},"query-input":{"@type":"PropertyValueSpecification","valueRequired":true,"valueName":"search_term_string"}}],"inLanguage":"nb-NO"}]},"product_brand":"Filibabba","product_price_amount":"259.00","product_price_currency":"SEK","og_availability":"out of stock","product_availability":"out of stock","product_retailer_item_id":"1924","product_condition":"new"},"_links":{"self":[{"href":"https:\/\/babylove.se\/no\/wp-json\/wp\/v2\/product\/6491","targetHints":{"allow":["GET"]}}],"collection":[{"href":"https:\/\/babylove.se\/no\/wp-json\/wp\/v2\/product"}],"about":[{"href":"https:\/\/babylove.se\/no\/wp-json\/wp\/v2\/types\/product"}],"replies":[{"embeddable":true,"href":"https:\/\/babylove.se\/no\/wp-json\/wp\/v2\/comments?post=6491"}],"wp:featuredmedia":[{"embeddable":true,"href":"https:\/\/babylove.se\/no\/wp-json\/wp\/v2\/media\/6493"}],"wp:attachment":[{"href":"https:\/\/babylove.se\/no\/wp-json\/wp\/v2\/media?parent=6491"}],"wp:term":[{"taxonomy":"product_brand","embeddable":true,"href":"https:\/\/babylove.se\/no\/wp-json\/wp\/v2\/product_brand?post=6491"},{"taxonomy":"product_cat","embeddable":true,"href":"https:\/\/babylove.se\/no\/wp-json\/wp\/v2\/product_cat?post=6491"},{"taxonomy":"product_tag","embeddable":true,"href":"https:\/\/babylove.se\/no\/wp-json\/wp\/v2\/product_tag?post=6491"}],"curies":[{"name":"wp","href":"https:\/\/api.w.org\/{rel}","templated":true}]}}