{"id":6505,"date":"2025-07-18T20:36:45","date_gmt":"2025-07-18T19:36:45","guid":{"rendered":"https:\/\/babylove.se\/produkt\/liewood-solhatt-ike-dot-creme-de-la-creme\/"},"modified":"2026-04-08T08:28:36","modified_gmt":"2026-04-08T07:28:36","slug":"liewood-solhatt-ike-dot-creme-de-la-creme","status":"publish","type":"product","link":"https:\/\/babylove.se\/no\/produkt\/liewood-solhatt-ike-dot-creme-de-la-creme\/","title":{"rendered":"Liewood, Solhatt Ike, dot creme de la creme 1-2 \u00e5r"},"content":{"rendered":"<p>En underbart s\u00f8t solhatt fra danske Liewood. Med disse fine solhattene laget av 100% \u00d6ko-Tex sertifisert bomull nyt sol og varme samtidig som det har et godt vern. Solhatten har en myk og behagelig passform som ditt barn kommer til \u00e5 like \u00e5 ha p\u00e5 seg. <\/p>\n<p><strong>St\u00f8rrelse<\/strong>:1-2 \u00e5r<br \/>\n<strong>Material<\/strong>: 100% \u00d8kologisk Bomull, <\/p>\n<p>Designer: <a href=\"https:\/\/babylove.se\/varumarken\/liewood\"><u>Liewood<\/u><\/a><\/p>\n","protected":false},"excerpt":{"rendered":"<p>En underbart s\u00f8t solhatt fra danske Liewood. Med disse fine solhattene laget av 100% \u00d6ko-Tex sertifisert bomull nyt sol og varme samtidig som det har et godt vern. Solhatten har en myk og behagelig passform som ditt barn kommer til \u00e5 like \u00e5 ha p\u00e5 seg. St\u00f8rrelse:1-2 \u00e5r Material: 100% \u00d8kologisk Bomull, Designer: Liewood<\/p>\n","protected":false},"featured_media":6507,"comment_status":"closed","ping_status":"closed","template":"","meta":{"_acf_changed":false},"product_brand":[282],"product_cat":[283,324,48],"product_tag":[],"class_list":{"0":"post-6505","1":"product","2":"type-product","3":"status-publish","4":"has-post-thumbnail","6":"product_brand-liewood","7":"product_cat-liewood","8":"product_cat-solhatter","9":"product_cat-startside","10":"pa_storlek-1-2-ar","12":"first","13":"outofstock","14":"taxable","15":"shipping-taxable","16":"purchasable","17":"product-type-simple"},"acf":[],"yoast_head":"<!-- This site is optimized with the Yoast SEO Premium plugin v25.8 (Yoast SEO v27.2) - https:\/\/yoast.com\/product\/yoast-seo-premium-wordpress\/ -->\n<title>Liewood, Solhatt Ike, dot creme de la creme 1-2 \u00e5r - Babylove Norska<\/title>\n<meta name=\"robots\" content=\"noindex, follow, max-snippet:-1, max-image-preview:large, max-video-preview:-1\" \/>\n<meta property=\"og:locale\" content=\"nb_NO\" \/>\n<meta property=\"og:type\" content=\"article\" \/>\n<meta property=\"og:title\" content=\"Liewood, Solhatt Ike, dot creme de la creme 1-2 \u00e5r\" \/>\n<meta property=\"og:description\" content=\"En underbart s\u00f8t solhatt fra danske Liewood. Med disse fine solhattene laget av 100% \u00d6ko-Tex sertifisert bomull nyt sol og varme samtidig som det har et godt vern. Solhatten har en myk og behagelig passform som ditt barn kommer til \u00e5 like \u00e5 ha p\u00e5 seg. St\u00f8rrelse:1-2 \u00e5r Material: 100% \u00d8kologisk Bomull, Designer: Liewood\" \/>\n<meta property=\"og:url\" content=\"https:\/\/babylove.se\/no\/produkt\/liewood-solhatt-ike-dot-creme-de-la-creme\/\" \/>\n<meta property=\"og:site_name\" content=\"Babylove Norska\" \/>\n<meta property=\"article:modified_time\" content=\"2026-04-08T07:28:36+00:00\" \/>\n<meta property=\"og:image\" content=\"https:\/\/babylove.se\/no\/wp-content\/uploads\/sites\/3\/2025\/07\/5af56dabbb86f.jpeg\" \/>\n\t<meta property=\"og:image:width\" content=\"750\" \/>\n\t<meta property=\"og:image:height\" content=\"750\" \/>\n\t<meta property=\"og:image:type\" content=\"image\/jpeg\" \/>\n<meta name=\"twitter:card\" content=\"summary_large_image\" \/>\n<meta name=\"twitter:label1\" content=\"Price\" \/>\n\t<meta name=\"twitter:data1\" content=\"124,50&nbsp;&#107;&#114;\" \/>\n\t<meta name=\"twitter:label2\" content=\"Availability\" \/>\n\t<meta name=\"twitter:data2\" content=\"Out of stock\" \/>\n<script type=\"application\/ld+json\" class=\"yoast-schema-graph\">{\"@context\":\"https:\/\/schema.org\",\"@graph\":[{\"@type\":\"WebPage\",\"@id\":\"https:\/\/babylove.se\/no\/produkt\/liewood-solhatt-ike-dot-creme-de-la-creme\/\",\"url\":\"https:\/\/babylove.se\/no\/produkt\/liewood-solhatt-ike-dot-creme-de-la-creme\/\",\"name\":\"Liewood, Solhatt Ike, dot creme de la creme 1-2 \u00e5r - Babylove Norska\",\"isPartOf\":{\"@id\":\"https:\/\/babylove.se\/no\/#website\"},\"primaryImageOfPage\":{\"@id\":\"https:\/\/babylove.se\/no\/produkt\/liewood-solhatt-ike-dot-creme-de-la-creme\/#primaryimage\"},\"image\":{\"@id\":\"https:\/\/babylove.se\/no\/produkt\/liewood-solhatt-ike-dot-creme-de-la-creme\/#primaryimage\"},\"thumbnailUrl\":\"https:\/\/babylove.se\/no\/wp-content\/uploads\/sites\/3\/2025\/07\/5af56dabbb86f.jpeg\",\"datePublished\":\"2025-07-18T19:36:45+00:00\",\"dateModified\":\"2026-04-08T07:28:36+00:00\",\"breadcrumb\":{\"@id\":\"https:\/\/babylove.se\/no\/produkt\/liewood-solhatt-ike-dot-creme-de-la-creme\/#breadcrumb\"},\"inLanguage\":\"nb-NO\",\"potentialAction\":[{\"@type\":\"ReadAction\",\"target\":[\"https:\/\/babylove.se\/no\/produkt\/liewood-solhatt-ike-dot-creme-de-la-creme\/\"]}]},{\"@type\":\"ImageObject\",\"inLanguage\":\"nb-NO\",\"@id\":\"https:\/\/babylove.se\/no\/produkt\/liewood-solhatt-ike-dot-creme-de-la-creme\/#primaryimage\",\"url\":\"https:\/\/babylove.se\/no\/wp-content\/uploads\/sites\/3\/2025\/07\/5af56dabbb86f.jpeg\",\"contentUrl\":\"https:\/\/babylove.se\/no\/wp-content\/uploads\/sites\/3\/2025\/07\/5af56dabbb86f.jpeg\",\"width\":750,\"height\":750},{\"@type\":\"BreadcrumbList\",\"@id\":\"https:\/\/babylove.se\/no\/produkt\/liewood-solhatt-ike-dot-creme-de-la-creme\/#breadcrumb\",\"itemListElement\":[{\"@type\":\"ListItem\",\"position\":1,\"name\":\"Hem\",\"item\":\"https:\/\/babylove.se\/no\/\"},{\"@type\":\"ListItem\",\"position\":2,\"name\":\"Butik\",\"item\":\"https:\/\/babylove.se\/no\/butik\/\"},{\"@type\":\"ListItem\",\"position\":3,\"name\":\"Liewood, Solhatt Ike, dot creme de la creme 1-2 \u00e5r\"}]},{\"@type\":\"WebSite\",\"@id\":\"https:\/\/babylove.se\/no\/#website\",\"url\":\"https:\/\/babylove.se\/no\/\",\"name\":\"Babylove Norska\",\"description\":\"\",\"potentialAction\":[{\"@type\":\"SearchAction\",\"target\":{\"@type\":\"EntryPoint\",\"urlTemplate\":\"https:\/\/babylove.se\/no\/?s={search_term_string}\"},\"query-input\":{\"@type\":\"PropertyValueSpecification\",\"valueRequired\":true,\"valueName\":\"search_term_string\"}}],\"inLanguage\":\"nb-NO\"}]}<\/script>\n<meta property=\"product:brand\" content=\"Liewood\" \/>\n<meta property=\"product:price:amount\" content=\"124.50\" \/>\n<meta property=\"product:price:currency\" content=\"SEK\" \/>\n<meta property=\"og:availability\" content=\"out of stock\" \/>\n<meta property=\"product:availability\" content=\"out of stock\" \/>\n<meta property=\"product:retailer_item_id\" content=\"IkeDotcreme-1-2-\u00e5r\" \/>\n<meta property=\"product:condition\" content=\"new\" \/>\n<!-- \/ Yoast SEO Premium plugin. -->","yoast_head_json":{"title":"Liewood, Solhatt Ike, dot creme de la creme 1-2 \u00e5r - Babylove Norska","robots":{"index":"noindex","follow":"follow","max-snippet":"max-snippet:-1","max-image-preview":"max-image-preview:large","max-video-preview":"max-video-preview:-1"},"og_locale":"nb_NO","og_type":"article","og_title":"Liewood, Solhatt Ike, dot creme de la creme 1-2 \u00e5r","og_description":"En underbart s\u00f8t solhatt fra danske Liewood. Med disse fine solhattene laget av 100% \u00d6ko-Tex sertifisert bomull nyt sol og varme samtidig som det har et godt vern. Solhatten har en myk og behagelig passform som ditt barn kommer til \u00e5 like \u00e5 ha p\u00e5 seg. St\u00f8rrelse:1-2 \u00e5r Material: 100% \u00d8kologisk Bomull, Designer: Liewood","og_url":"https:\/\/babylove.se\/no\/produkt\/liewood-solhatt-ike-dot-creme-de-la-creme\/","og_site_name":"Babylove Norska","article_modified_time":"2026-04-08T07:28:36+00:00","og_image":[{"width":750,"height":750,"url":"https:\/\/babylove.se\/no\/wp-content\/uploads\/sites\/3\/2025\/07\/5af56dabbb86f.jpeg","type":"image\/jpeg"}],"twitter_card":"summary_large_image","twitter_misc":{"Price":"124,50&nbsp;&#107;&#114;","Availability":"Out of stock"},"schema":{"@context":"https:\/\/schema.org","@graph":[{"@type":"WebPage","@id":"https:\/\/babylove.se\/no\/produkt\/liewood-solhatt-ike-dot-creme-de-la-creme\/","url":"https:\/\/babylove.se\/no\/produkt\/liewood-solhatt-ike-dot-creme-de-la-creme\/","name":"Liewood, Solhatt Ike, dot creme de la creme 1-2 \u00e5r - Babylove Norska","isPartOf":{"@id":"https:\/\/babylove.se\/no\/#website"},"primaryImageOfPage":{"@id":"https:\/\/babylove.se\/no\/produkt\/liewood-solhatt-ike-dot-creme-de-la-creme\/#primaryimage"},"image":{"@id":"https:\/\/babylove.se\/no\/produkt\/liewood-solhatt-ike-dot-creme-de-la-creme\/#primaryimage"},"thumbnailUrl":"https:\/\/babylove.se\/no\/wp-content\/uploads\/sites\/3\/2025\/07\/5af56dabbb86f.jpeg","datePublished":"2025-07-18T19:36:45+00:00","dateModified":"2026-04-08T07:28:36+00:00","breadcrumb":{"@id":"https:\/\/babylove.se\/no\/produkt\/liewood-solhatt-ike-dot-creme-de-la-creme\/#breadcrumb"},"inLanguage":"nb-NO","potentialAction":[{"@type":"ReadAction","target":["https:\/\/babylove.se\/no\/produkt\/liewood-solhatt-ike-dot-creme-de-la-creme\/"]}]},{"@type":"ImageObject","inLanguage":"nb-NO","@id":"https:\/\/babylove.se\/no\/produkt\/liewood-solhatt-ike-dot-creme-de-la-creme\/#primaryimage","url":"https:\/\/babylove.se\/no\/wp-content\/uploads\/sites\/3\/2025\/07\/5af56dabbb86f.jpeg","contentUrl":"https:\/\/babylove.se\/no\/wp-content\/uploads\/sites\/3\/2025\/07\/5af56dabbb86f.jpeg","width":750,"height":750},{"@type":"BreadcrumbList","@id":"https:\/\/babylove.se\/no\/produkt\/liewood-solhatt-ike-dot-creme-de-la-creme\/#breadcrumb","itemListElement":[{"@type":"ListItem","position":1,"name":"Hem","item":"https:\/\/babylove.se\/no\/"},{"@type":"ListItem","position":2,"name":"Butik","item":"https:\/\/babylove.se\/no\/butik\/"},{"@type":"ListItem","position":3,"name":"Liewood, Solhatt Ike, dot creme de la creme 1-2 \u00e5r"}]},{"@type":"WebSite","@id":"https:\/\/babylove.se\/no\/#website","url":"https:\/\/babylove.se\/no\/","name":"Babylove Norska","description":"","potentialAction":[{"@type":"SearchAction","target":{"@type":"EntryPoint","urlTemplate":"https:\/\/babylove.se\/no\/?s={search_term_string}"},"query-input":{"@type":"PropertyValueSpecification","valueRequired":true,"valueName":"search_term_string"}}],"inLanguage":"nb-NO"}]},"product_brand":"Liewood","product_price_amount":"124.50","product_price_currency":"SEK","og_availability":"out of stock","product_availability":"out of stock","product_retailer_item_id":"IkeDotcreme-1-2-\u00e5r","product_condition":"new"},"_links":{"self":[{"href":"https:\/\/babylove.se\/no\/wp-json\/wp\/v2\/product\/6505","targetHints":{"allow":["GET"]}}],"collection":[{"href":"https:\/\/babylove.se\/no\/wp-json\/wp\/v2\/product"}],"about":[{"href":"https:\/\/babylove.se\/no\/wp-json\/wp\/v2\/types\/product"}],"replies":[{"embeddable":true,"href":"https:\/\/babylove.se\/no\/wp-json\/wp\/v2\/comments?post=6505"}],"wp:featuredmedia":[{"embeddable":true,"href":"https:\/\/babylove.se\/no\/wp-json\/wp\/v2\/media\/6507"}],"wp:attachment":[{"href":"https:\/\/babylove.se\/no\/wp-json\/wp\/v2\/media?parent=6505"}],"wp:term":[{"taxonomy":"product_brand","embeddable":true,"href":"https:\/\/babylove.se\/no\/wp-json\/wp\/v2\/product_brand?post=6505"},{"taxonomy":"product_cat","embeddable":true,"href":"https:\/\/babylove.se\/no\/wp-json\/wp\/v2\/product_cat?post=6505"},{"taxonomy":"product_tag","embeddable":true,"href":"https:\/\/babylove.se\/no\/wp-json\/wp\/v2\/product_tag?post=6505"}],"curies":[{"name":"wp","href":"https:\/\/api.w.org\/{rel}","templated":true}]}}