{"id":6515,"date":"2025-07-18T20:36:59","date_gmt":"2025-07-18T19:36:59","guid":{"rendered":"https:\/\/babylove.se\/produkt\/done-by-deer-aktivitetsleksaker-tiny-gavoset\/"},"modified":"2026-04-08T08:28:45","modified_gmt":"2026-04-08T07:28:45","slug":"gjort-av-deer-aktivitetsleker-tiny-gavesett","status":"publish","type":"product","link":"https:\/\/babylove.se\/no\/produkt\/gjort-av-deer-aktivitetsleker-tiny-gavesett\/","title":{"rendered":"Done by deer, Aktivitetsleker, Gavesett"},"content":{"rendered":"<p><strong>Done by deer, Aktivitetsleker &#8211; sendes innen 24 timer !<\/strong><\/p>\n<p>Et fint gavesett best\u00e5ende av tre forskjellige aktivitetsleker fra danske Done By Deer. Spesielt utviklet for \u00e5 aktivere barnet og stimulere flere forskjellige sanser p\u00e5 samme tid (motorikken, h\u00f8rselen og synet). S<\/p>\n<p>amtlige produkter har forskjellige funksjoner og egenskaper s\u00e5 barnet kan b\u00e5de bite p\u00e5 dem, eller bruke den som en skramle. I tillegg til alt dette s\u00e5 kommer ditt barn fremfor alt til \u00e5 ha det g\u00f8y med dem. Done By Deer er kjent for sin evne til \u00e5 ta fram gjennomtenkte og verdsatte produkter og har ofte vunnet forskjellige priser. <\/p>\n<p>Lekene kommer i en vakker presenteske, s\u00e5 du kan med fordel gi den bort som en gave. <\/p>\n<p>Og det finnes ingen aldersgrense p\u00e5 dem, ditt barn kan leke med dem fra de f\u00f8rste ukene.<\/p>\n<p>Designer: <a href=\"https:\/\/babylove.se\/varumarken\/done-by-deer\"><u>Done by Deer<\/u><\/a><\/p>\n","protected":false},"excerpt":{"rendered":"<p>Done by deer, Aktivitetsleker &#8211; sendes innen 24 timer ! Et fint gavesett best\u00e5ende av tre forskjellige aktivitetsleker fra danske Done By Deer. Spesielt utviklet for \u00e5 aktivere barnet og stimulere flere forskjellige sanser p\u00e5 samme tid (motorikken, h\u00f8rselen og synet). S amtlige produkter har forskjellige funksjoner og egenskaper s\u00e5 barnet kan b\u00e5de bite p\u00e5 [&hellip;]<\/p>\n","protected":false},"featured_media":6517,"comment_status":"closed","ping_status":"open","template":"","meta":{"_acf_changed":false},"product_brand":[54],"product_cat":[70,55,48],"product_tag":[1689],"class_list":{"0":"post-6515","1":"product","2":"type-product","3":"status-publish","4":"has-post-thumbnail","6":"product_brand-done-by-deer","7":"product_cat-gaver","8":"product_cat-done-by-deer","9":"product_cat-startside","10":"product_tag-bestillingsvaror","12":"first","13":"outofstock","14":"taxable","15":"shipping-taxable","16":"purchasable","17":"product-type-simple"},"acf":[],"yoast_head":"<!-- This site is optimized with the Yoast SEO Premium plugin v25.8 (Yoast SEO v27.2) - https:\/\/yoast.com\/product\/yoast-seo-premium-wordpress\/ -->\n<title>Done by deer, Aktivitetsleker, Gavesett - Babylove Norska<\/title>\n<meta name=\"robots\" content=\"noindex, follow, max-snippet:-1, max-image-preview:large, max-video-preview:-1\" \/>\n<meta property=\"og:locale\" content=\"nb_NO\" \/>\n<meta property=\"og:type\" content=\"article\" \/>\n<meta property=\"og:title\" content=\"Done by deer, Aktivitetsleker, Gavesett\" \/>\n<meta property=\"og:description\" content=\"Done by deer, Aktivitetsleker &#8211; sendes innen 24 timer ! Et fint gavesett best\u00e5ende av tre forskjellige aktivitetsleker fra danske Done By Deer. Spesielt utviklet for \u00e5 aktivere barnet og stimulere flere forskjellige sanser p\u00e5 samme tid (motorikken, h\u00f8rselen og synet). S amtlige produkter har forskjellige funksjoner og egenskaper s\u00e5 barnet kan b\u00e5de bite p\u00e5 [&hellip;]\" \/>\n<meta property=\"og:url\" content=\"https:\/\/babylove.se\/no\/produkt\/gjort-av-deer-aktivitetsleker-tiny-gavesett\/\" \/>\n<meta property=\"og:site_name\" content=\"Babylove Norska\" \/>\n<meta property=\"article:modified_time\" content=\"2026-04-08T07:28:45+00:00\" \/>\n<meta property=\"og:image\" content=\"https:\/\/babylove.se\/no\/wp-content\/uploads\/sites\/3\/2025\/07\/5afc7ee4d3f51.jpeg\" \/>\n\t<meta property=\"og:image:width\" content=\"750\" \/>\n\t<meta property=\"og:image:height\" content=\"750\" \/>\n\t<meta property=\"og:image:type\" content=\"image\/jpeg\" \/>\n<meta name=\"twitter:card\" content=\"summary_large_image\" \/>\n<meta name=\"twitter:label1\" content=\"Price\" \/>\n\t<meta name=\"twitter:data1\" content=\"299,00&nbsp;&#107;&#114;\" \/>\n\t<meta name=\"twitter:label2\" content=\"Availability\" \/>\n\t<meta name=\"twitter:data2\" content=\"Out of stock\" \/>\n<script type=\"application\/ld+json\" class=\"yoast-schema-graph\">{\"@context\":\"https:\/\/schema.org\",\"@graph\":[{\"@type\":\"WebPage\",\"@id\":\"https:\/\/babylove.se\/no\/produkt\/gjort-av-deer-aktivitetsleker-tiny-gavesett\/\",\"url\":\"https:\/\/babylove.se\/no\/produkt\/gjort-av-deer-aktivitetsleker-tiny-gavesett\/\",\"name\":\"Done by deer, Aktivitetsleker, Gavesett - Babylove Norska\",\"isPartOf\":{\"@id\":\"https:\/\/babylove.se\/no\/#website\"},\"primaryImageOfPage\":{\"@id\":\"https:\/\/babylove.se\/no\/produkt\/gjort-av-deer-aktivitetsleker-tiny-gavesett\/#primaryimage\"},\"image\":{\"@id\":\"https:\/\/babylove.se\/no\/produkt\/gjort-av-deer-aktivitetsleker-tiny-gavesett\/#primaryimage\"},\"thumbnailUrl\":\"https:\/\/babylove.se\/no\/wp-content\/uploads\/sites\/3\/2025\/07\/5afc7ee4d3f51.jpeg\",\"datePublished\":\"2025-07-18T19:36:59+00:00\",\"dateModified\":\"2026-04-08T07:28:45+00:00\",\"breadcrumb\":{\"@id\":\"https:\/\/babylove.se\/no\/produkt\/gjort-av-deer-aktivitetsleker-tiny-gavesett\/#breadcrumb\"},\"inLanguage\":\"nb-NO\",\"potentialAction\":[{\"@type\":\"ReadAction\",\"target\":[\"https:\/\/babylove.se\/no\/produkt\/gjort-av-deer-aktivitetsleker-tiny-gavesett\/\"]}]},{\"@type\":\"ImageObject\",\"inLanguage\":\"nb-NO\",\"@id\":\"https:\/\/babylove.se\/no\/produkt\/gjort-av-deer-aktivitetsleker-tiny-gavesett\/#primaryimage\",\"url\":\"https:\/\/babylove.se\/no\/wp-content\/uploads\/sites\/3\/2025\/07\/5afc7ee4d3f51.jpeg\",\"contentUrl\":\"https:\/\/babylove.se\/no\/wp-content\/uploads\/sites\/3\/2025\/07\/5afc7ee4d3f51.jpeg\",\"width\":750,\"height\":750},{\"@type\":\"BreadcrumbList\",\"@id\":\"https:\/\/babylove.se\/no\/produkt\/gjort-av-deer-aktivitetsleker-tiny-gavesett\/#breadcrumb\",\"itemListElement\":[{\"@type\":\"ListItem\",\"position\":1,\"name\":\"Hem\",\"item\":\"https:\/\/babylove.se\/no\/\"},{\"@type\":\"ListItem\",\"position\":2,\"name\":\"Butik\",\"item\":\"https:\/\/babylove.se\/no\/butik\/\"},{\"@type\":\"ListItem\",\"position\":3,\"name\":\"Done by deer, Aktivitetsleker, Gavesett\"}]},{\"@type\":\"WebSite\",\"@id\":\"https:\/\/babylove.se\/no\/#website\",\"url\":\"https:\/\/babylove.se\/no\/\",\"name\":\"Babylove Norska\",\"description\":\"\",\"potentialAction\":[{\"@type\":\"SearchAction\",\"target\":{\"@type\":\"EntryPoint\",\"urlTemplate\":\"https:\/\/babylove.se\/no\/?s={search_term_string}\"},\"query-input\":{\"@type\":\"PropertyValueSpecification\",\"valueRequired\":true,\"valueName\":\"search_term_string\"}}],\"inLanguage\":\"nb-NO\"}]}<\/script>\n<meta property=\"product:brand\" content=\"Done by Deer\" \/>\n<meta property=\"product:price:amount\" content=\"299.00\" \/>\n<meta property=\"product:price:currency\" content=\"SEK\" \/>\n<meta property=\"og:availability\" content=\"out of stock\" \/>\n<meta property=\"product:availability\" content=\"out of stock\" \/>\n<meta property=\"product:retailer_item_id\" content=\"G\u00e5voset1930\" \/>\n<meta property=\"product:condition\" content=\"new\" \/>\n<!-- \/ Yoast SEO Premium plugin. -->","yoast_head_json":{"title":"Done by deer, Aktivitetsleker, Gavesett - Babylove Norska","robots":{"index":"noindex","follow":"follow","max-snippet":"max-snippet:-1","max-image-preview":"max-image-preview:large","max-video-preview":"max-video-preview:-1"},"og_locale":"nb_NO","og_type":"article","og_title":"Done by deer, Aktivitetsleker, Gavesett","og_description":"Done by deer, Aktivitetsleker &#8211; sendes innen 24 timer ! Et fint gavesett best\u00e5ende av tre forskjellige aktivitetsleker fra danske Done By Deer. Spesielt utviklet for \u00e5 aktivere barnet og stimulere flere forskjellige sanser p\u00e5 samme tid (motorikken, h\u00f8rselen og synet). S amtlige produkter har forskjellige funksjoner og egenskaper s\u00e5 barnet kan b\u00e5de bite p\u00e5 [&hellip;]","og_url":"https:\/\/babylove.se\/no\/produkt\/gjort-av-deer-aktivitetsleker-tiny-gavesett\/","og_site_name":"Babylove Norska","article_modified_time":"2026-04-08T07:28:45+00:00","og_image":[{"width":750,"height":750,"url":"https:\/\/babylove.se\/no\/wp-content\/uploads\/sites\/3\/2025\/07\/5afc7ee4d3f51.jpeg","type":"image\/jpeg"}],"twitter_card":"summary_large_image","twitter_misc":{"Price":"299,00&nbsp;&#107;&#114;","Availability":"Out of stock"},"schema":{"@context":"https:\/\/schema.org","@graph":[{"@type":"WebPage","@id":"https:\/\/babylove.se\/no\/produkt\/gjort-av-deer-aktivitetsleker-tiny-gavesett\/","url":"https:\/\/babylove.se\/no\/produkt\/gjort-av-deer-aktivitetsleker-tiny-gavesett\/","name":"Done by deer, Aktivitetsleker, Gavesett - Babylove Norska","isPartOf":{"@id":"https:\/\/babylove.se\/no\/#website"},"primaryImageOfPage":{"@id":"https:\/\/babylove.se\/no\/produkt\/gjort-av-deer-aktivitetsleker-tiny-gavesett\/#primaryimage"},"image":{"@id":"https:\/\/babylove.se\/no\/produkt\/gjort-av-deer-aktivitetsleker-tiny-gavesett\/#primaryimage"},"thumbnailUrl":"https:\/\/babylove.se\/no\/wp-content\/uploads\/sites\/3\/2025\/07\/5afc7ee4d3f51.jpeg","datePublished":"2025-07-18T19:36:59+00:00","dateModified":"2026-04-08T07:28:45+00:00","breadcrumb":{"@id":"https:\/\/babylove.se\/no\/produkt\/gjort-av-deer-aktivitetsleker-tiny-gavesett\/#breadcrumb"},"inLanguage":"nb-NO","potentialAction":[{"@type":"ReadAction","target":["https:\/\/babylove.se\/no\/produkt\/gjort-av-deer-aktivitetsleker-tiny-gavesett\/"]}]},{"@type":"ImageObject","inLanguage":"nb-NO","@id":"https:\/\/babylove.se\/no\/produkt\/gjort-av-deer-aktivitetsleker-tiny-gavesett\/#primaryimage","url":"https:\/\/babylove.se\/no\/wp-content\/uploads\/sites\/3\/2025\/07\/5afc7ee4d3f51.jpeg","contentUrl":"https:\/\/babylove.se\/no\/wp-content\/uploads\/sites\/3\/2025\/07\/5afc7ee4d3f51.jpeg","width":750,"height":750},{"@type":"BreadcrumbList","@id":"https:\/\/babylove.se\/no\/produkt\/gjort-av-deer-aktivitetsleker-tiny-gavesett\/#breadcrumb","itemListElement":[{"@type":"ListItem","position":1,"name":"Hem","item":"https:\/\/babylove.se\/no\/"},{"@type":"ListItem","position":2,"name":"Butik","item":"https:\/\/babylove.se\/no\/butik\/"},{"@type":"ListItem","position":3,"name":"Done by deer, Aktivitetsleker, Gavesett"}]},{"@type":"WebSite","@id":"https:\/\/babylove.se\/no\/#website","url":"https:\/\/babylove.se\/no\/","name":"Babylove Norska","description":"","potentialAction":[{"@type":"SearchAction","target":{"@type":"EntryPoint","urlTemplate":"https:\/\/babylove.se\/no\/?s={search_term_string}"},"query-input":{"@type":"PropertyValueSpecification","valueRequired":true,"valueName":"search_term_string"}}],"inLanguage":"nb-NO"}]},"product_brand":"Done by Deer","product_price_amount":"299.00","product_price_currency":"SEK","og_availability":"out of stock","product_availability":"out of stock","product_retailer_item_id":"G\u00e5voset1930","product_condition":"new"},"_links":{"self":[{"href":"https:\/\/babylove.se\/no\/wp-json\/wp\/v2\/product\/6515","targetHints":{"allow":["GET"]}}],"collection":[{"href":"https:\/\/babylove.se\/no\/wp-json\/wp\/v2\/product"}],"about":[{"href":"https:\/\/babylove.se\/no\/wp-json\/wp\/v2\/types\/product"}],"replies":[{"embeddable":true,"href":"https:\/\/babylove.se\/no\/wp-json\/wp\/v2\/comments?post=6515"}],"wp:featuredmedia":[{"embeddable":true,"href":"https:\/\/babylove.se\/no\/wp-json\/wp\/v2\/media\/6517"}],"wp:attachment":[{"href":"https:\/\/babylove.se\/no\/wp-json\/wp\/v2\/media?parent=6515"}],"wp:term":[{"taxonomy":"product_brand","embeddable":true,"href":"https:\/\/babylove.se\/no\/wp-json\/wp\/v2\/product_brand?post=6515"},{"taxonomy":"product_cat","embeddable":true,"href":"https:\/\/babylove.se\/no\/wp-json\/wp\/v2\/product_cat?post=6515"},{"taxonomy":"product_tag","embeddable":true,"href":"https:\/\/babylove.se\/no\/wp-json\/wp\/v2\/product_tag?post=6515"}],"curies":[{"name":"wp","href":"https:\/\/api.w.org\/{rel}","templated":true}]}}