{"id":6522,"date":"2025-07-18T20:36:59","date_gmt":"2025-07-18T19:36:59","guid":{"rendered":"https:\/\/babylove.se\/produkt\/skal-yummy-contour-goldbla-done-by-deer\/"},"modified":"2026-04-08T08:28:49","modified_gmt":"2026-04-08T07:28:49","slug":"skal-deilig-kontur-gullbla-laget-av-hjort","status":"publish","type":"product","link":"https:\/\/babylove.se\/no\/produkt\/skal-deilig-kontur-gullbla-laget-av-hjort\/","title":{"rendered":"Sk\u00e5l Yummy Contour, Gold\/Bl\u00e5, Done by Deer"},"content":{"rendered":"<p><strong>Sk\u00e5l Yummy Contour, Gold\/Bl\u00e5, Done by Deer <\/strong><\/p>\n<p>Med denne fine sk\u00e5len fra danske Done By Deer kan dere ta h\u00e5nd om b\u00e5de det praktiske og det morsomme ved et m\u00e5ltid. <\/p>\n<p>La barnet lete etter hvem som gjemmer seg i bunnen og dermed ha mer fokus p\u00e5 m\u00e5ltidet. Perfekt til mellomm\u00e5ltidet og la barnet plukke flingor eller fruktbiter ut av. Sk\u00e5len er utstyrt med anti-glipp i bunnen s\u00e5 den st\u00e5r stabilt p\u00e5 bordet. <\/p>\n<p>Den er laget av robust melamin som dessuten er helt barnevennlig. Den er helt fri for BPA, ftalater og formaldehyd.<\/p>\n<p><strong>M\u00e5l<\/strong>: 13,5 x 5 cm.<\/p>\n<p><strong>Farge<\/strong>: gold\/powder (finnes ogs\u00e5 i gold\/grey)<\/p>\n<p>Kan vaskes i oppvaskmaskin men ikke brukes i mikrob\u00f8lgeovn.<\/p>\n<p>Designer: <a href=\"https:\/\/babylove.se\/varumarken\/done-by-deer\"><u>Done by Deer<\/u><\/a><\/p>\n","protected":false},"excerpt":{"rendered":"<p>Sk\u00e5l Yummy Contour, Gold\/Bl\u00e5, Done by Deer Med denne fine sk\u00e5len fra danske Done By Deer kan dere ta h\u00e5nd om b\u00e5de det praktiske og det morsomme ved et m\u00e5ltid. La barnet lete etter hvem som gjemmer seg i bunnen og dermed ha mer fokus p\u00e5 m\u00e5ltidet. Perfekt til mellomm\u00e5ltidet og la barnet plukke flingor [&hellip;]<\/p>\n","protected":false},"featured_media":6524,"comment_status":"closed","ping_status":"open","template":"","meta":{"_acf_changed":false},"product_brand":[54],"product_cat":[92,55,25,48],"product_tag":[1689],"class_list":{"0":"post-6522","1":"product","2":"type-product","3":"status-publish","4":"has-post-thumbnail","6":"product_brand-done-by-deer","7":"product_cat-barnbestikk-matsett","8":"product_cat-done-by-deer","9":"product_cat-ikke-bare-jenter","10":"product_cat-startside","11":"product_tag-bestillingsvaror","13":"first","14":"outofstock","15":"taxable","16":"shipping-taxable","17":"purchasable","18":"product-type-simple"},"acf":[],"yoast_head":"<!-- This site is optimized with the Yoast SEO Premium plugin v25.8 (Yoast SEO v27.2) - https:\/\/yoast.com\/product\/yoast-seo-premium-wordpress\/ -->\n<title>Sk\u00e5l Yummy Contour, Powder, Done by Deer- K\u00f6p direkt online<\/title>\n<meta name=\"description\" content=\"Med denna fina sk\u00e5l fr\u00e5n Danska Done By Deer kan ni sk\u00f6ta b\u00e5de det praktiska och det roliga vid en m\u00e5ltid - 14 dagars \u00f6ppet k\u00f6p - skickas inom 24 timmar\" \/>\n<meta name=\"robots\" content=\"noindex, follow, max-snippet:-1, max-image-preview:large, max-video-preview:-1\" \/>\n<meta property=\"og:locale\" content=\"nb_NO\" \/>\n<meta property=\"og:type\" content=\"article\" \/>\n<meta property=\"og:title\" content=\"Sk\u00e5l Yummy Contour, Gold\/Bl\u00e5, Done by Deer\" \/>\n<meta property=\"og:description\" content=\"Med denna fina sk\u00e5l fr\u00e5n Danska Done By Deer kan ni sk\u00f6ta b\u00e5de det praktiska och det roliga vid en m\u00e5ltid - 14 dagars \u00f6ppet k\u00f6p - skickas inom 24 timmar\" \/>\n<meta property=\"og:url\" content=\"https:\/\/babylove.se\/no\/produkt\/skal-deilig-kontur-gullbla-laget-av-hjort\/\" \/>\n<meta property=\"og:site_name\" content=\"Babylove Norska\" \/>\n<meta property=\"article:modified_time\" content=\"2026-04-08T07:28:49+00:00\" \/>\n<meta property=\"og:image\" content=\"https:\/\/babylove.se\/no\/wp-content\/uploads\/sites\/3\/2025\/07\/5afc8083a0660.jpeg\" \/>\n\t<meta property=\"og:image:width\" content=\"400\" \/>\n\t<meta property=\"og:image:height\" content=\"400\" \/>\n\t<meta property=\"og:image:type\" content=\"image\/jpeg\" \/>\n<meta name=\"twitter:card\" content=\"summary_large_image\" \/>\n<meta name=\"twitter:label1\" content=\"Price\" \/>\n\t<meta name=\"twitter:data1\" content=\"59,00&nbsp;&#107;&#114;\" \/>\n\t<meta name=\"twitter:label2\" content=\"Availability\" \/>\n\t<meta name=\"twitter:data2\" content=\"Out of stock\" \/>\n<script type=\"application\/ld+json\" class=\"yoast-schema-graph\">{\"@context\":\"https:\/\/schema.org\",\"@graph\":[{\"@type\":\"WebPage\",\"@id\":\"https:\/\/babylove.se\/no\/produkt\/skal-deilig-kontur-gullbla-laget-av-hjort\/\",\"url\":\"https:\/\/babylove.se\/no\/produkt\/skal-deilig-kontur-gullbla-laget-av-hjort\/\",\"name\":\"Sk\u00e5l Yummy Contour, Powder, Done by Deer- K\u00f6p direkt online\",\"isPartOf\":{\"@id\":\"https:\/\/babylove.se\/no\/#website\"},\"primaryImageOfPage\":{\"@id\":\"https:\/\/babylove.se\/no\/produkt\/skal-deilig-kontur-gullbla-laget-av-hjort\/#primaryimage\"},\"image\":{\"@id\":\"https:\/\/babylove.se\/no\/produkt\/skal-deilig-kontur-gullbla-laget-av-hjort\/#primaryimage\"},\"thumbnailUrl\":\"https:\/\/babylove.se\/no\/wp-content\/uploads\/sites\/3\/2025\/07\/5afc8083a0660.jpeg\",\"datePublished\":\"2025-07-18T19:36:59+00:00\",\"dateModified\":\"2026-04-08T07:28:49+00:00\",\"description\":\"Med denna fina sk\u00e5l fr\u00e5n Danska Done By Deer kan ni sk\u00f6ta b\u00e5de det praktiska och det roliga vid en m\u00e5ltid - 14 dagars \u00f6ppet k\u00f6p - skickas inom 24 timmar\",\"breadcrumb\":{\"@id\":\"https:\/\/babylove.se\/no\/produkt\/skal-deilig-kontur-gullbla-laget-av-hjort\/#breadcrumb\"},\"inLanguage\":\"nb-NO\",\"potentialAction\":[{\"@type\":\"ReadAction\",\"target\":[\"https:\/\/babylove.se\/no\/produkt\/skal-deilig-kontur-gullbla-laget-av-hjort\/\"]}]},{\"@type\":\"ImageObject\",\"inLanguage\":\"nb-NO\",\"@id\":\"https:\/\/babylove.se\/no\/produkt\/skal-deilig-kontur-gullbla-laget-av-hjort\/#primaryimage\",\"url\":\"https:\/\/babylove.se\/no\/wp-content\/uploads\/sites\/3\/2025\/07\/5afc8083a0660.jpeg\",\"contentUrl\":\"https:\/\/babylove.se\/no\/wp-content\/uploads\/sites\/3\/2025\/07\/5afc8083a0660.jpeg\",\"width\":400,\"height\":400},{\"@type\":\"BreadcrumbList\",\"@id\":\"https:\/\/babylove.se\/no\/produkt\/skal-deilig-kontur-gullbla-laget-av-hjort\/#breadcrumb\",\"itemListElement\":[{\"@type\":\"ListItem\",\"position\":1,\"name\":\"Hem\",\"item\":\"https:\/\/babylove.se\/no\/\"},{\"@type\":\"ListItem\",\"position\":2,\"name\":\"Butik\",\"item\":\"https:\/\/babylove.se\/no\/butik\/\"},{\"@type\":\"ListItem\",\"position\":3,\"name\":\"Sk\u00e5l Yummy Contour, Gold\/Bl\u00e5, Done by Deer\"}]},{\"@type\":\"WebSite\",\"@id\":\"https:\/\/babylove.se\/no\/#website\",\"url\":\"https:\/\/babylove.se\/no\/\",\"name\":\"Babylove Norska\",\"description\":\"\",\"potentialAction\":[{\"@type\":\"SearchAction\",\"target\":{\"@type\":\"EntryPoint\",\"urlTemplate\":\"https:\/\/babylove.se\/no\/?s={search_term_string}\"},\"query-input\":{\"@type\":\"PropertyValueSpecification\",\"valueRequired\":true,\"valueName\":\"search_term_string\"}}],\"inLanguage\":\"nb-NO\"}]}<\/script>\n<meta property=\"product:brand\" content=\"Done by Deer\" \/>\n<meta property=\"product:price:amount\" content=\"59.00\" \/>\n<meta property=\"product:price:currency\" content=\"SEK\" \/>\n<meta property=\"og:availability\" content=\"out of stock\" \/>\n<meta property=\"product:availability\" content=\"out of stock\" \/>\n<meta property=\"product:retailer_item_id\" content=\"1931\" \/>\n<meta property=\"product:condition\" content=\"new\" \/>\n<!-- \/ Yoast SEO Premium plugin. -->","yoast_head_json":{"title":"Sk\u00e5l Yummy Contour, Powder, Done by Deer- K\u00f6p direkt online","description":"Med denna fina sk\u00e5l fr\u00e5n Danska Done By Deer kan ni sk\u00f6ta b\u00e5de det praktiska och det roliga vid en m\u00e5ltid - 14 dagars \u00f6ppet k\u00f6p - skickas inom 24 timmar","robots":{"index":"noindex","follow":"follow","max-snippet":"max-snippet:-1","max-image-preview":"max-image-preview:large","max-video-preview":"max-video-preview:-1"},"og_locale":"nb_NO","og_type":"article","og_title":"Sk\u00e5l Yummy Contour, Gold\/Bl\u00e5, Done by Deer","og_description":"Med denna fina sk\u00e5l fr\u00e5n Danska Done By Deer kan ni sk\u00f6ta b\u00e5de det praktiska och det roliga vid en m\u00e5ltid - 14 dagars \u00f6ppet k\u00f6p - skickas inom 24 timmar","og_url":"https:\/\/babylove.se\/no\/produkt\/skal-deilig-kontur-gullbla-laget-av-hjort\/","og_site_name":"Babylove Norska","article_modified_time":"2026-04-08T07:28:49+00:00","og_image":[{"width":400,"height":400,"url":"https:\/\/babylove.se\/no\/wp-content\/uploads\/sites\/3\/2025\/07\/5afc8083a0660.jpeg","type":"image\/jpeg"}],"twitter_card":"summary_large_image","twitter_misc":{"Price":"59,00&nbsp;&#107;&#114;","Availability":"Out of stock"},"schema":{"@context":"https:\/\/schema.org","@graph":[{"@type":"WebPage","@id":"https:\/\/babylove.se\/no\/produkt\/skal-deilig-kontur-gullbla-laget-av-hjort\/","url":"https:\/\/babylove.se\/no\/produkt\/skal-deilig-kontur-gullbla-laget-av-hjort\/","name":"Sk\u00e5l Yummy Contour, Powder, Done by Deer- K\u00f6p direkt online","isPartOf":{"@id":"https:\/\/babylove.se\/no\/#website"},"primaryImageOfPage":{"@id":"https:\/\/babylove.se\/no\/produkt\/skal-deilig-kontur-gullbla-laget-av-hjort\/#primaryimage"},"image":{"@id":"https:\/\/babylove.se\/no\/produkt\/skal-deilig-kontur-gullbla-laget-av-hjort\/#primaryimage"},"thumbnailUrl":"https:\/\/babylove.se\/no\/wp-content\/uploads\/sites\/3\/2025\/07\/5afc8083a0660.jpeg","datePublished":"2025-07-18T19:36:59+00:00","dateModified":"2026-04-08T07:28:49+00:00","description":"Med denna fina sk\u00e5l fr\u00e5n Danska Done By Deer kan ni sk\u00f6ta b\u00e5de det praktiska och det roliga vid en m\u00e5ltid - 14 dagars \u00f6ppet k\u00f6p - skickas inom 24 timmar","breadcrumb":{"@id":"https:\/\/babylove.se\/no\/produkt\/skal-deilig-kontur-gullbla-laget-av-hjort\/#breadcrumb"},"inLanguage":"nb-NO","potentialAction":[{"@type":"ReadAction","target":["https:\/\/babylove.se\/no\/produkt\/skal-deilig-kontur-gullbla-laget-av-hjort\/"]}]},{"@type":"ImageObject","inLanguage":"nb-NO","@id":"https:\/\/babylove.se\/no\/produkt\/skal-deilig-kontur-gullbla-laget-av-hjort\/#primaryimage","url":"https:\/\/babylove.se\/no\/wp-content\/uploads\/sites\/3\/2025\/07\/5afc8083a0660.jpeg","contentUrl":"https:\/\/babylove.se\/no\/wp-content\/uploads\/sites\/3\/2025\/07\/5afc8083a0660.jpeg","width":400,"height":400},{"@type":"BreadcrumbList","@id":"https:\/\/babylove.se\/no\/produkt\/skal-deilig-kontur-gullbla-laget-av-hjort\/#breadcrumb","itemListElement":[{"@type":"ListItem","position":1,"name":"Hem","item":"https:\/\/babylove.se\/no\/"},{"@type":"ListItem","position":2,"name":"Butik","item":"https:\/\/babylove.se\/no\/butik\/"},{"@type":"ListItem","position":3,"name":"Sk\u00e5l Yummy Contour, Gold\/Bl\u00e5, Done by Deer"}]},{"@type":"WebSite","@id":"https:\/\/babylove.se\/no\/#website","url":"https:\/\/babylove.se\/no\/","name":"Babylove Norska","description":"","potentialAction":[{"@type":"SearchAction","target":{"@type":"EntryPoint","urlTemplate":"https:\/\/babylove.se\/no\/?s={search_term_string}"},"query-input":{"@type":"PropertyValueSpecification","valueRequired":true,"valueName":"search_term_string"}}],"inLanguage":"nb-NO"}]},"product_brand":"Done by Deer","product_price_amount":"59.00","product_price_currency":"SEK","og_availability":"out of stock","product_availability":"out of stock","product_retailer_item_id":"1931","product_condition":"new"},"_links":{"self":[{"href":"https:\/\/babylove.se\/no\/wp-json\/wp\/v2\/product\/6522","targetHints":{"allow":["GET"]}}],"collection":[{"href":"https:\/\/babylove.se\/no\/wp-json\/wp\/v2\/product"}],"about":[{"href":"https:\/\/babylove.se\/no\/wp-json\/wp\/v2\/types\/product"}],"replies":[{"embeddable":true,"href":"https:\/\/babylove.se\/no\/wp-json\/wp\/v2\/comments?post=6522"}],"wp:featuredmedia":[{"embeddable":true,"href":"https:\/\/babylove.se\/no\/wp-json\/wp\/v2\/media\/6524"}],"wp:attachment":[{"href":"https:\/\/babylove.se\/no\/wp-json\/wp\/v2\/media?parent=6522"}],"wp:term":[{"taxonomy":"product_brand","embeddable":true,"href":"https:\/\/babylove.se\/no\/wp-json\/wp\/v2\/product_brand?post=6522"},{"taxonomy":"product_cat","embeddable":true,"href":"https:\/\/babylove.se\/no\/wp-json\/wp\/v2\/product_cat?post=6522"},{"taxonomy":"product_tag","embeddable":true,"href":"https:\/\/babylove.se\/no\/wp-json\/wp\/v2\/product_tag?post=6522"}],"curies":[{"name":"wp","href":"https:\/\/api.w.org\/{rel}","templated":true}]}}