{"id":6556,"date":"2025-07-18T20:37:15","date_gmt":"2025-07-18T19:37:15","guid":{"rendered":"https:\/\/babylove.se\/produkt\/fayne-sammetskudde-senapsgul-stjarna\/"},"modified":"2026-04-08T08:29:14","modified_gmt":"2026-04-08T07:29:14","slug":"fayne-floyelspute-sennepsgul-stjerne","status":"publish","type":"product","link":"https:\/\/babylove.se\/no\/produkt\/fayne-floyelspute-sennepsgul-stjerne\/","title":{"rendered":"Fayne, fl\u00f8yelspute sennepsgul stjerne"},"content":{"rendered":"<p><strong>Fayne, fl\u00f8yelspute sennepsgul stjerne &#8211; sendes innen 24 timer!<\/strong><\/p>\n<p>Fantastisk dekorasjonspute av fineste fl\u00f8yelsvelour fra dr\u00f8mmefabrikken Fayne. Denne puten kommer til \u00e5 l\u00f8fte barnerominnredningen din til neste niv\u00e5, og kan plasseres stort sett hvor som helst. Den kan ogs\u00e5 brukes i andre rom enn barnerommet, med samme resultat. Er selvf\u00f8lgelig utmerket \u00e5 kombinere med andre produkter i samme farger fra Fayne.<\/p>\n<p><strong>M\u00e5l<\/strong>: 45 x 45 cm<\/p>\n<p><strong>Materiale<\/strong>: Polyesterfl\u00f8yel<\/p>\n<p>Kan vaskes p\u00e5 30 grader<\/p>\n<p>Designer: <a href=\"https:\/\/babylove.se\/varumarken\/fayne\"><u>Fayne<\/u><\/a><\/p>\n","protected":false},"excerpt":{"rendered":"<p>Fayne, fl\u00f8yelspute sennepsgul stjerne &#8211; sendes innen 24 timer! Fantastisk dekorasjonspute av fineste fl\u00f8yelsvelour fra dr\u00f8mmefabrikken Fayne. Denne puten kommer til \u00e5 l\u00f8fte barnerominnredningen din til neste niv\u00e5, og kan plasseres stort sett hvor som helst. Den kan ogs\u00e5 brukes i andre rom enn barnerommet, med samme resultat. Er selvf\u00f8lgelig utmerket \u00e5 kombinere med andre [&hellip;]<\/p>\n","protected":false},"featured_media":6558,"comment_status":"closed","ping_status":"open","template":"","meta":{"_acf_changed":false},"product_brand":[295],"product_cat":[296,118,200,105,40],"product_tag":[1689],"class_list":{"0":"post-6556","1":"product","2":"type-product","3":"status-publish","4":"has-post-thumbnail","6":"product_brand-fayne","7":"product_cat-fayne","8":"product_cat-vert","9":"product_cat-floyel","10":"product_cat-puter","11":"product_cat-soverom-barn","12":"product_tag-bestillingsvaror","14":"first","15":"outofstock","16":"taxable","17":"shipping-taxable","18":"purchasable","19":"product-type-simple"},"acf":[],"yoast_head":"<!-- This site is optimized with the Yoast SEO Premium plugin v25.8 (Yoast SEO v27.2) - https:\/\/yoast.com\/product\/yoast-seo-premium-wordpress\/ -->\n<title>Fayne, fl\u00f8yelspute sennepsgul stjerne - Babylove Norska<\/title>\n<meta name=\"robots\" content=\"noindex, follow, max-snippet:-1, max-image-preview:large, max-video-preview:-1\" \/>\n<meta property=\"og:locale\" content=\"nb_NO\" \/>\n<meta property=\"og:type\" content=\"article\" \/>\n<meta property=\"og:title\" content=\"Fayne, fl\u00f8yelspute sennepsgul stjerne\" \/>\n<meta property=\"og:description\" content=\"Fayne, fl\u00f8yelspute sennepsgul stjerne &#8211; sendes innen 24 timer! Fantastisk dekorasjonspute av fineste fl\u00f8yelsvelour fra dr\u00f8mmefabrikken Fayne. Denne puten kommer til \u00e5 l\u00f8fte barnerominnredningen din til neste niv\u00e5, og kan plasseres stort sett hvor som helst. Den kan ogs\u00e5 brukes i andre rom enn barnerommet, med samme resultat. Er selvf\u00f8lgelig utmerket \u00e5 kombinere med andre [&hellip;]\" \/>\n<meta property=\"og:url\" content=\"https:\/\/babylove.se\/no\/produkt\/fayne-floyelspute-sennepsgul-stjerne\/\" \/>\n<meta property=\"og:site_name\" content=\"Babylove Norska\" \/>\n<meta property=\"article:modified_time\" content=\"2026-04-08T07:29:14+00:00\" \/>\n<meta property=\"og:image\" content=\"https:\/\/babylove.se\/no\/wp-content\/uploads\/sites\/3\/2025\/07\/5b0540a5dce4c.jpeg\" \/>\n\t<meta property=\"og:image:width\" content=\"500\" \/>\n\t<meta property=\"og:image:height\" content=\"500\" \/>\n\t<meta property=\"og:image:type\" content=\"image\/jpeg\" \/>\n<meta name=\"twitter:card\" content=\"summary_large_image\" \/>\n<meta name=\"twitter:label1\" content=\"Price\" \/>\n\t<meta name=\"twitter:data1\" content=\"399,00&nbsp;&#107;&#114;\" \/>\n\t<meta name=\"twitter:label2\" content=\"Availability\" \/>\n\t<meta name=\"twitter:data2\" content=\"Out of stock\" \/>\n<script type=\"application\/ld+json\" class=\"yoast-schema-graph\">{\"@context\":\"https:\/\/schema.org\",\"@graph\":[{\"@type\":\"WebPage\",\"@id\":\"https:\/\/babylove.se\/no\/produkt\/fayne-floyelspute-sennepsgul-stjerne\/\",\"url\":\"https:\/\/babylove.se\/no\/produkt\/fayne-floyelspute-sennepsgul-stjerne\/\",\"name\":\"Fayne, fl\u00f8yelspute sennepsgul stjerne - Babylove Norska\",\"isPartOf\":{\"@id\":\"https:\/\/babylove.se\/no\/#website\"},\"primaryImageOfPage\":{\"@id\":\"https:\/\/babylove.se\/no\/produkt\/fayne-floyelspute-sennepsgul-stjerne\/#primaryimage\"},\"image\":{\"@id\":\"https:\/\/babylove.se\/no\/produkt\/fayne-floyelspute-sennepsgul-stjerne\/#primaryimage\"},\"thumbnailUrl\":\"https:\/\/babylove.se\/no\/wp-content\/uploads\/sites\/3\/2025\/07\/5b0540a5dce4c.jpeg\",\"datePublished\":\"2025-07-18T19:37:15+00:00\",\"dateModified\":\"2026-04-08T07:29:14+00:00\",\"breadcrumb\":{\"@id\":\"https:\/\/babylove.se\/no\/produkt\/fayne-floyelspute-sennepsgul-stjerne\/#breadcrumb\"},\"inLanguage\":\"nb-NO\",\"potentialAction\":[{\"@type\":\"ReadAction\",\"target\":[\"https:\/\/babylove.se\/no\/produkt\/fayne-floyelspute-sennepsgul-stjerne\/\"]}]},{\"@type\":\"ImageObject\",\"inLanguage\":\"nb-NO\",\"@id\":\"https:\/\/babylove.se\/no\/produkt\/fayne-floyelspute-sennepsgul-stjerne\/#primaryimage\",\"url\":\"https:\/\/babylove.se\/no\/wp-content\/uploads\/sites\/3\/2025\/07\/5b0540a5dce4c.jpeg\",\"contentUrl\":\"https:\/\/babylove.se\/no\/wp-content\/uploads\/sites\/3\/2025\/07\/5b0540a5dce4c.jpeg\",\"width\":500,\"height\":500},{\"@type\":\"BreadcrumbList\",\"@id\":\"https:\/\/babylove.se\/no\/produkt\/fayne-floyelspute-sennepsgul-stjerne\/#breadcrumb\",\"itemListElement\":[{\"@type\":\"ListItem\",\"position\":1,\"name\":\"Hem\",\"item\":\"https:\/\/babylove.se\/no\/\"},{\"@type\":\"ListItem\",\"position\":2,\"name\":\"Butik\",\"item\":\"https:\/\/babylove.se\/no\/butik\/\"},{\"@type\":\"ListItem\",\"position\":3,\"name\":\"Fayne, fl\u00f8yelspute sennepsgul stjerne\"}]},{\"@type\":\"WebSite\",\"@id\":\"https:\/\/babylove.se\/no\/#website\",\"url\":\"https:\/\/babylove.se\/no\/\",\"name\":\"Babylove Norska\",\"description\":\"\",\"potentialAction\":[{\"@type\":\"SearchAction\",\"target\":{\"@type\":\"EntryPoint\",\"urlTemplate\":\"https:\/\/babylove.se\/no\/?s={search_term_string}\"},\"query-input\":{\"@type\":\"PropertyValueSpecification\",\"valueRequired\":true,\"valueName\":\"search_term_string\"}}],\"inLanguage\":\"nb-NO\"}]}<\/script>\n<meta property=\"product:brand\" content=\"Fayne\" \/>\n<meta property=\"product:price:amount\" content=\"399.00\" \/>\n<meta property=\"product:price:currency\" content=\"SEK\" \/>\n<meta property=\"og:availability\" content=\"out of stock\" \/>\n<meta property=\"product:availability\" content=\"out of stock\" \/>\n<meta property=\"product:retailer_item_id\" content=\"1940\" \/>\n<meta property=\"product:condition\" content=\"new\" \/>\n<!-- \/ Yoast SEO Premium plugin. -->","yoast_head_json":{"title":"Fayne, fl\u00f8yelspute sennepsgul stjerne - Babylove Norska","robots":{"index":"noindex","follow":"follow","max-snippet":"max-snippet:-1","max-image-preview":"max-image-preview:large","max-video-preview":"max-video-preview:-1"},"og_locale":"nb_NO","og_type":"article","og_title":"Fayne, fl\u00f8yelspute sennepsgul stjerne","og_description":"Fayne, fl\u00f8yelspute sennepsgul stjerne &#8211; sendes innen 24 timer! Fantastisk dekorasjonspute av fineste fl\u00f8yelsvelour fra dr\u00f8mmefabrikken Fayne. Denne puten kommer til \u00e5 l\u00f8fte barnerominnredningen din til neste niv\u00e5, og kan plasseres stort sett hvor som helst. Den kan ogs\u00e5 brukes i andre rom enn barnerommet, med samme resultat. Er selvf\u00f8lgelig utmerket \u00e5 kombinere med andre [&hellip;]","og_url":"https:\/\/babylove.se\/no\/produkt\/fayne-floyelspute-sennepsgul-stjerne\/","og_site_name":"Babylove Norska","article_modified_time":"2026-04-08T07:29:14+00:00","og_image":[{"width":500,"height":500,"url":"https:\/\/babylove.se\/no\/wp-content\/uploads\/sites\/3\/2025\/07\/5b0540a5dce4c.jpeg","type":"image\/jpeg"}],"twitter_card":"summary_large_image","twitter_misc":{"Price":"399,00&nbsp;&#107;&#114;","Availability":"Out of stock"},"schema":{"@context":"https:\/\/schema.org","@graph":[{"@type":"WebPage","@id":"https:\/\/babylove.se\/no\/produkt\/fayne-floyelspute-sennepsgul-stjerne\/","url":"https:\/\/babylove.se\/no\/produkt\/fayne-floyelspute-sennepsgul-stjerne\/","name":"Fayne, fl\u00f8yelspute sennepsgul stjerne - Babylove Norska","isPartOf":{"@id":"https:\/\/babylove.se\/no\/#website"},"primaryImageOfPage":{"@id":"https:\/\/babylove.se\/no\/produkt\/fayne-floyelspute-sennepsgul-stjerne\/#primaryimage"},"image":{"@id":"https:\/\/babylove.se\/no\/produkt\/fayne-floyelspute-sennepsgul-stjerne\/#primaryimage"},"thumbnailUrl":"https:\/\/babylove.se\/no\/wp-content\/uploads\/sites\/3\/2025\/07\/5b0540a5dce4c.jpeg","datePublished":"2025-07-18T19:37:15+00:00","dateModified":"2026-04-08T07:29:14+00:00","breadcrumb":{"@id":"https:\/\/babylove.se\/no\/produkt\/fayne-floyelspute-sennepsgul-stjerne\/#breadcrumb"},"inLanguage":"nb-NO","potentialAction":[{"@type":"ReadAction","target":["https:\/\/babylove.se\/no\/produkt\/fayne-floyelspute-sennepsgul-stjerne\/"]}]},{"@type":"ImageObject","inLanguage":"nb-NO","@id":"https:\/\/babylove.se\/no\/produkt\/fayne-floyelspute-sennepsgul-stjerne\/#primaryimage","url":"https:\/\/babylove.se\/no\/wp-content\/uploads\/sites\/3\/2025\/07\/5b0540a5dce4c.jpeg","contentUrl":"https:\/\/babylove.se\/no\/wp-content\/uploads\/sites\/3\/2025\/07\/5b0540a5dce4c.jpeg","width":500,"height":500},{"@type":"BreadcrumbList","@id":"https:\/\/babylove.se\/no\/produkt\/fayne-floyelspute-sennepsgul-stjerne\/#breadcrumb","itemListElement":[{"@type":"ListItem","position":1,"name":"Hem","item":"https:\/\/babylove.se\/no\/"},{"@type":"ListItem","position":2,"name":"Butik","item":"https:\/\/babylove.se\/no\/butik\/"},{"@type":"ListItem","position":3,"name":"Fayne, fl\u00f8yelspute sennepsgul stjerne"}]},{"@type":"WebSite","@id":"https:\/\/babylove.se\/no\/#website","url":"https:\/\/babylove.se\/no\/","name":"Babylove Norska","description":"","potentialAction":[{"@type":"SearchAction","target":{"@type":"EntryPoint","urlTemplate":"https:\/\/babylove.se\/no\/?s={search_term_string}"},"query-input":{"@type":"PropertyValueSpecification","valueRequired":true,"valueName":"search_term_string"}}],"inLanguage":"nb-NO"}]},"product_brand":"Fayne","product_price_amount":"399.00","product_price_currency":"SEK","og_availability":"out of stock","product_availability":"out of stock","product_retailer_item_id":"1940","product_condition":"new"},"_links":{"self":[{"href":"https:\/\/babylove.se\/no\/wp-json\/wp\/v2\/product\/6556","targetHints":{"allow":["GET"]}}],"collection":[{"href":"https:\/\/babylove.se\/no\/wp-json\/wp\/v2\/product"}],"about":[{"href":"https:\/\/babylove.se\/no\/wp-json\/wp\/v2\/types\/product"}],"replies":[{"embeddable":true,"href":"https:\/\/babylove.se\/no\/wp-json\/wp\/v2\/comments?post=6556"}],"wp:featuredmedia":[{"embeddable":true,"href":"https:\/\/babylove.se\/no\/wp-json\/wp\/v2\/media\/6558"}],"wp:attachment":[{"href":"https:\/\/babylove.se\/no\/wp-json\/wp\/v2\/media?parent=6556"}],"wp:term":[{"taxonomy":"product_brand","embeddable":true,"href":"https:\/\/babylove.se\/no\/wp-json\/wp\/v2\/product_brand?post=6556"},{"taxonomy":"product_cat","embeddable":true,"href":"https:\/\/babylove.se\/no\/wp-json\/wp\/v2\/product_cat?post=6556"},{"taxonomy":"product_tag","embeddable":true,"href":"https:\/\/babylove.se\/no\/wp-json\/wp\/v2\/product_tag?post=6556"}],"curies":[{"name":"wp","href":"https:\/\/api.w.org\/{rel}","templated":true}]}}