{"id":6587,"date":"2025-07-18T20:37:15","date_gmt":"2025-07-18T19:37:15","guid":{"rendered":"https:\/\/babylove.se\/produkt\/kids-koncept-tipitalt-gra\/"},"modified":"2026-04-08T08:29:31","modified_gmt":"2026-04-08T07:29:31","slug":"barn-konsept-tipitelt-gra","status":"publish","type":"product","link":"https:\/\/babylove.se\/no\/produkt\/barn-konsept-tipitelt-gra\/","title":{"rendered":"Kid&#8217;s Concept, tipitelt gr\u00e5"},"content":{"rendered":"<p>Meget verdsatt og popul\u00e6rt tipitelt i gr\u00e5tt fra Kid&#8217;s Concept, kommer til \u00e5 bli ditt barns nye favorittsted. Den optimale lekekroken eller koien som dessuten kommer til \u00e5 passe perfekt i din \u00f8vrige barneroms innredning. Laget av bomull og teltstengene av fint furutre.<\/p>\n<p>Du kan enkelt ta ned teltet og like enkelt kan du deretter sette det opp igjen. Teltduken er dessuten enkel \u00e5 holde ren og frisk da den er vaskbar. Sammen med den koselige og passende puten fra Kid&#8217;s Concept kommer leketelt til \u00e5 bli enda bedre. <\/p>\n<p><strong>M\u00e5l<\/strong>: 110 x 110 x 160 cm<\/p>\n<p><strong>Materiale<\/strong>: GOTS-sertifisert organisk bomull og furu<\/p>\n<p>Designer: <a href=\"https:\/\/babylove.se\/varumarken\/kids-concept\">Kid&#8217;s Concept<\/a><\/p>\n","protected":false},"excerpt":{"rendered":"<p>Meget verdsatt og popul\u00e6rt tipitelt i gr\u00e5tt fra Kid&#8217;s Concept, kommer til \u00e5 bli ditt barns nye favorittsted. Den optimale lekekroken eller koien som dessuten kommer til \u00e5 passe perfekt i din \u00f8vrige barneroms innredning. Laget av bomull og teltstengene av fint furutre. Du kan enkelt ta ned teltet og like enkelt kan du deretter [&hellip;]<\/p>\n","protected":false},"featured_media":6589,"comment_status":"closed","ping_status":"open","template":"","meta":{"_acf_changed":false},"product_brand":[320],"product_cat":[321,275,48,276],"product_tag":[1709],"class_list":{"0":"post-6587","1":"product","2":"type-product","3":"status-publish","4":"has-post-thumbnail","6":"product_brand-kids-concept","7":"product_cat-kids-concept","8":"product_cat-tipitalt-lektalt","9":"product_cat-startside","10":"product_cat-tipi-telt-barnerom","11":"product_tag-utforsalg","13":"first","14":"instock","15":"taxable","16":"shipping-taxable","17":"purchasable","18":"product-type-simple"},"acf":[],"yoast_head":"<!-- This site is optimized with the Yoast SEO Premium plugin v25.8 (Yoast SEO v27.2) - https:\/\/yoast.com\/product\/yoast-seo-premium-wordpress\/ -->\n<title>Kid&#039;s Concept, tipitelt gr\u00e5 - Babylove Norska<\/title>\n<meta name=\"robots\" content=\"noindex, follow, max-snippet:-1, max-image-preview:large, max-video-preview:-1\" \/>\n<meta property=\"og:locale\" content=\"nb_NO\" \/>\n<meta property=\"og:type\" content=\"article\" \/>\n<meta property=\"og:title\" content=\"Kid&#039;s Concept, tipitelt gr\u00e5\" \/>\n<meta property=\"og:description\" content=\"Meget verdsatt og popul\u00e6rt tipitelt i gr\u00e5tt fra Kid&#8217;s Concept, kommer til \u00e5 bli ditt barns nye favorittsted. Den optimale lekekroken eller koien som dessuten kommer til \u00e5 passe perfekt i din \u00f8vrige barneroms innredning. Laget av bomull og teltstengene av fint furutre. Du kan enkelt ta ned teltet og like enkelt kan du deretter [&hellip;]\" \/>\n<meta property=\"og:url\" content=\"https:\/\/babylove.se\/no\/produkt\/barn-konsept-tipitelt-gra\/\" \/>\n<meta property=\"og:site_name\" content=\"Babylove Norska\" \/>\n<meta property=\"article:modified_time\" content=\"2026-04-08T07:29:31+00:00\" \/>\n<meta property=\"og:image\" content=\"https:\/\/babylove.se\/no\/wp-content\/uploads\/sites\/3\/2025\/07\/5b0547e30c085.jpeg\" \/>\n\t<meta property=\"og:image:width\" content=\"440\" \/>\n\t<meta property=\"og:image:height\" content=\"440\" \/>\n\t<meta property=\"og:image:type\" content=\"image\/jpeg\" \/>\n<meta name=\"twitter:card\" content=\"summary_large_image\" \/>\n<meta name=\"twitter:label1\" content=\"Price\" \/>\n\t<meta name=\"twitter:data1\" content=\"1 299,00&nbsp;&#107;&#114;\" \/>\n\t<meta name=\"twitter:label2\" content=\"Availability\" \/>\n\t<meta name=\"twitter:data2\" content=\"In stock\" \/>\n<script type=\"application\/ld+json\" class=\"yoast-schema-graph\">{\"@context\":\"https:\/\/schema.org\",\"@graph\":[{\"@type\":\"WebPage\",\"@id\":\"https:\/\/babylove.se\/no\/produkt\/barn-konsept-tipitelt-gra\/\",\"url\":\"https:\/\/babylove.se\/no\/produkt\/barn-konsept-tipitelt-gra\/\",\"name\":\"Kid's Concept, tipitelt gr\u00e5 - Babylove Norska\",\"isPartOf\":{\"@id\":\"https:\/\/babylove.se\/no\/#website\"},\"primaryImageOfPage\":{\"@id\":\"https:\/\/babylove.se\/no\/produkt\/barn-konsept-tipitelt-gra\/#primaryimage\"},\"image\":{\"@id\":\"https:\/\/babylove.se\/no\/produkt\/barn-konsept-tipitelt-gra\/#primaryimage\"},\"thumbnailUrl\":\"https:\/\/babylove.se\/no\/wp-content\/uploads\/sites\/3\/2025\/07\/5b0547e30c085.jpeg\",\"datePublished\":\"2025-07-18T19:37:15+00:00\",\"dateModified\":\"2026-04-08T07:29:31+00:00\",\"breadcrumb\":{\"@id\":\"https:\/\/babylove.se\/no\/produkt\/barn-konsept-tipitelt-gra\/#breadcrumb\"},\"inLanguage\":\"nb-NO\",\"potentialAction\":[{\"@type\":\"ReadAction\",\"target\":[\"https:\/\/babylove.se\/no\/produkt\/barn-konsept-tipitelt-gra\/\"]}]},{\"@type\":\"ImageObject\",\"inLanguage\":\"nb-NO\",\"@id\":\"https:\/\/babylove.se\/no\/produkt\/barn-konsept-tipitelt-gra\/#primaryimage\",\"url\":\"https:\/\/babylove.se\/no\/wp-content\/uploads\/sites\/3\/2025\/07\/5b0547e30c085.jpeg\",\"contentUrl\":\"https:\/\/babylove.se\/no\/wp-content\/uploads\/sites\/3\/2025\/07\/5b0547e30c085.jpeg\",\"width\":440,\"height\":440},{\"@type\":\"BreadcrumbList\",\"@id\":\"https:\/\/babylove.se\/no\/produkt\/barn-konsept-tipitelt-gra\/#breadcrumb\",\"itemListElement\":[{\"@type\":\"ListItem\",\"position\":1,\"name\":\"Hem\",\"item\":\"https:\/\/babylove.se\/no\/\"},{\"@type\":\"ListItem\",\"position\":2,\"name\":\"Butik\",\"item\":\"https:\/\/babylove.se\/no\/butik\/\"},{\"@type\":\"ListItem\",\"position\":3,\"name\":\"Kid&#8217;s Concept, tipitelt gr\u00e5\"}]},{\"@type\":\"WebSite\",\"@id\":\"https:\/\/babylove.se\/no\/#website\",\"url\":\"https:\/\/babylove.se\/no\/\",\"name\":\"Babylove Norska\",\"description\":\"\",\"potentialAction\":[{\"@type\":\"SearchAction\",\"target\":{\"@type\":\"EntryPoint\",\"urlTemplate\":\"https:\/\/babylove.se\/no\/?s={search_term_string}\"},\"query-input\":{\"@type\":\"PropertyValueSpecification\",\"valueRequired\":true,\"valueName\":\"search_term_string\"}}],\"inLanguage\":\"nb-NO\"}]}<\/script>\n<meta property=\"product:brand\" content=\"Kids Concept\" \/>\n<meta property=\"product:price:amount\" content=\"1299.00\" \/>\n<meta property=\"product:price:currency\" content=\"SEK\" \/>\n<meta property=\"og:availability\" content=\"instock\" \/>\n<meta property=\"product:availability\" content=\"instock\" \/>\n<meta property=\"product:retailer_item_id\" content=\"201928\" \/>\n<meta property=\"product:condition\" content=\"new\" \/>\n<!-- \/ Yoast SEO Premium plugin. -->","yoast_head_json":{"title":"Kid's Concept, tipitelt gr\u00e5 - Babylove Norska","robots":{"index":"noindex","follow":"follow","max-snippet":"max-snippet:-1","max-image-preview":"max-image-preview:large","max-video-preview":"max-video-preview:-1"},"og_locale":"nb_NO","og_type":"article","og_title":"Kid's Concept, tipitelt gr\u00e5","og_description":"Meget verdsatt og popul\u00e6rt tipitelt i gr\u00e5tt fra Kid&#8217;s Concept, kommer til \u00e5 bli ditt barns nye favorittsted. Den optimale lekekroken eller koien som dessuten kommer til \u00e5 passe perfekt i din \u00f8vrige barneroms innredning. Laget av bomull og teltstengene av fint furutre. Du kan enkelt ta ned teltet og like enkelt kan du deretter [&hellip;]","og_url":"https:\/\/babylove.se\/no\/produkt\/barn-konsept-tipitelt-gra\/","og_site_name":"Babylove Norska","article_modified_time":"2026-04-08T07:29:31+00:00","og_image":[{"width":440,"height":440,"url":"https:\/\/babylove.se\/no\/wp-content\/uploads\/sites\/3\/2025\/07\/5b0547e30c085.jpeg","type":"image\/jpeg"}],"twitter_card":"summary_large_image","twitter_misc":{"Price":"1 299,00&nbsp;&#107;&#114;","Availability":"In stock"},"schema":{"@context":"https:\/\/schema.org","@graph":[{"@type":"WebPage","@id":"https:\/\/babylove.se\/no\/produkt\/barn-konsept-tipitelt-gra\/","url":"https:\/\/babylove.se\/no\/produkt\/barn-konsept-tipitelt-gra\/","name":"Kid's Concept, tipitelt gr\u00e5 - Babylove Norska","isPartOf":{"@id":"https:\/\/babylove.se\/no\/#website"},"primaryImageOfPage":{"@id":"https:\/\/babylove.se\/no\/produkt\/barn-konsept-tipitelt-gra\/#primaryimage"},"image":{"@id":"https:\/\/babylove.se\/no\/produkt\/barn-konsept-tipitelt-gra\/#primaryimage"},"thumbnailUrl":"https:\/\/babylove.se\/no\/wp-content\/uploads\/sites\/3\/2025\/07\/5b0547e30c085.jpeg","datePublished":"2025-07-18T19:37:15+00:00","dateModified":"2026-04-08T07:29:31+00:00","breadcrumb":{"@id":"https:\/\/babylove.se\/no\/produkt\/barn-konsept-tipitelt-gra\/#breadcrumb"},"inLanguage":"nb-NO","potentialAction":[{"@type":"ReadAction","target":["https:\/\/babylove.se\/no\/produkt\/barn-konsept-tipitelt-gra\/"]}]},{"@type":"ImageObject","inLanguage":"nb-NO","@id":"https:\/\/babylove.se\/no\/produkt\/barn-konsept-tipitelt-gra\/#primaryimage","url":"https:\/\/babylove.se\/no\/wp-content\/uploads\/sites\/3\/2025\/07\/5b0547e30c085.jpeg","contentUrl":"https:\/\/babylove.se\/no\/wp-content\/uploads\/sites\/3\/2025\/07\/5b0547e30c085.jpeg","width":440,"height":440},{"@type":"BreadcrumbList","@id":"https:\/\/babylove.se\/no\/produkt\/barn-konsept-tipitelt-gra\/#breadcrumb","itemListElement":[{"@type":"ListItem","position":1,"name":"Hem","item":"https:\/\/babylove.se\/no\/"},{"@type":"ListItem","position":2,"name":"Butik","item":"https:\/\/babylove.se\/no\/butik\/"},{"@type":"ListItem","position":3,"name":"Kid&#8217;s Concept, tipitelt gr\u00e5"}]},{"@type":"WebSite","@id":"https:\/\/babylove.se\/no\/#website","url":"https:\/\/babylove.se\/no\/","name":"Babylove Norska","description":"","potentialAction":[{"@type":"SearchAction","target":{"@type":"EntryPoint","urlTemplate":"https:\/\/babylove.se\/no\/?s={search_term_string}"},"query-input":{"@type":"PropertyValueSpecification","valueRequired":true,"valueName":"search_term_string"}}],"inLanguage":"nb-NO"}]},"product_brand":"Kids Concept","product_price_amount":"1299.00","product_price_currency":"SEK","og_availability":"instock","product_availability":"instock","product_retailer_item_id":"201928","product_condition":"new"},"_links":{"self":[{"href":"https:\/\/babylove.se\/no\/wp-json\/wp\/v2\/product\/6587","targetHints":{"allow":["GET"]}}],"collection":[{"href":"https:\/\/babylove.se\/no\/wp-json\/wp\/v2\/product"}],"about":[{"href":"https:\/\/babylove.se\/no\/wp-json\/wp\/v2\/types\/product"}],"replies":[{"embeddable":true,"href":"https:\/\/babylove.se\/no\/wp-json\/wp\/v2\/comments?post=6587"}],"wp:featuredmedia":[{"embeddable":true,"href":"https:\/\/babylove.se\/no\/wp-json\/wp\/v2\/media\/6589"}],"wp:attachment":[{"href":"https:\/\/babylove.se\/no\/wp-json\/wp\/v2\/media?parent=6587"}],"wp:term":[{"taxonomy":"product_brand","embeddable":true,"href":"https:\/\/babylove.se\/no\/wp-json\/wp\/v2\/product_brand?post=6587"},{"taxonomy":"product_cat","embeddable":true,"href":"https:\/\/babylove.se\/no\/wp-json\/wp\/v2\/product_cat?post=6587"},{"taxonomy":"product_tag","embeddable":true,"href":"https:\/\/babylove.se\/no\/wp-json\/wp\/v2\/product_tag?post=6587"}],"curies":[{"name":"wp","href":"https:\/\/api.w.org\/{rel}","templated":true}]}}