{"id":6592,"date":"2025-07-18T20:37:35","date_gmt":"2025-07-18T19:37:35","guid":{"rendered":"https:\/\/babylove.se\/produkt\/kids-concept-golvkudde-morkgra\/"},"modified":"2026-04-08T08:29:33","modified_gmt":"2026-04-08T07:29:33","slug":"kids-concept-gulvpute-morkgra","status":"publish","type":"product","link":"https:\/\/babylove.se\/no\/produkt\/kids-concept-gulvpute-morkgra\/","title":{"rendered":"Kids Concept, Gulvpute m\u00f8rkgr\u00e5"},"content":{"rendered":"<p><strong>Kids Concept, Gulvpute m\u00f8rkegr\u00e5- sendes innen 24 timer ! <\/strong><\/p>\n<p>En fantastisk fin og deilig gulvpute fra Kids Concept som ditt lille barn fullstendig kommer til \u00e5 elske og \u00f8nske \u00e5 tilbringe mye tid p\u00e5. Denne gulvputen er utformet slik at barnet b\u00e5de kan leke p\u00e5 den, eller ta en hvilestund n\u00e5r det er tid for det. Gulvputen er laget av bomull med en deilig stopping av polyester. Det unike og vakre designet gj\u00f8r at den passer perfekt med din \u00f8vrige barneroms-innredning. Du flytter enkelt rundt p\u00e5 den i hjemmet, slik at barnet ditt kan nyte den s\u00e5 mye som mulig hver dag.<\/p>\n<p>Passer perfekt som sittepute i tipitelt ! <\/p>\n<p>M\u00e5l: 100 x 100 x 15 cm<br \/>Vasker\u00e5d: Kun renseri<\/p>\n<p>Designer: <a href=\"https:\/\/babylove.se\/varumarken\/kids-concept\"><u>Kids Concept<\/u><\/a><\/p>\n","protected":false},"excerpt":{"rendered":"<p>Kids Concept, Gulvpute m\u00f8rkegr\u00e5- sendes innen 24 timer ! En fantastisk fin og deilig gulvpute fra Kids Concept som ditt lille barn fullstendig kommer til \u00e5 elske og \u00f8nske \u00e5 tilbringe mye tid p\u00e5. Denne gulvputen er utformet slik at barnet b\u00e5de kan leke p\u00e5 den, eller ta en hvilestund n\u00e5r det er tid for [&hellip;]<\/p>\n","protected":false},"featured_media":6594,"comment_status":"closed","ping_status":"open","template":"","meta":{"_acf_changed":false},"product_brand":[320],"product_cat":[321,52,48,135],"product_tag":[],"class_list":{"0":"post-6592","1":"product","2":"type-product","3":"status-publish","4":"has-post-thumbnail","6":"product_brand-kids-concept","7":"product_cat-kids-concept","8":"product_cat-lekematter","9":"product_cat-startside","10":"product_cat-tepper","12":"first","13":"outofstock","14":"taxable","15":"shipping-taxable","16":"purchasable","17":"product-type-simple"},"acf":[],"yoast_head":"<!-- This site is optimized with the Yoast SEO Premium plugin v25.8 (Yoast SEO v27.2) - https:\/\/yoast.com\/product\/yoast-seo-premium-wordpress\/ -->\n<title>Kids Concept, Gulvpute m\u00f8rkgr\u00e5 - Babylove Norska<\/title>\n<meta name=\"robots\" content=\"noindex, follow, max-snippet:-1, max-image-preview:large, max-video-preview:-1\" \/>\n<meta property=\"og:locale\" content=\"nb_NO\" \/>\n<meta property=\"og:type\" content=\"article\" \/>\n<meta property=\"og:title\" content=\"Kids Concept, Gulvpute m\u00f8rkgr\u00e5\" \/>\n<meta property=\"og:description\" content=\"Kids Concept, Gulvpute m\u00f8rkegr\u00e5- sendes innen 24 timer ! En fantastisk fin og deilig gulvpute fra Kids Concept som ditt lille barn fullstendig kommer til \u00e5 elske og \u00f8nske \u00e5 tilbringe mye tid p\u00e5. Denne gulvputen er utformet slik at barnet b\u00e5de kan leke p\u00e5 den, eller ta en hvilestund n\u00e5r det er tid for [&hellip;]\" \/>\n<meta property=\"og:url\" content=\"https:\/\/babylove.se\/no\/produkt\/kids-concept-gulvpute-morkgra\/\" \/>\n<meta property=\"og:site_name\" content=\"Babylove Norska\" \/>\n<meta property=\"article:modified_time\" content=\"2026-04-08T07:29:33+00:00\" \/>\n<meta property=\"og:image\" content=\"https:\/\/babylove.se\/no\/wp-content\/uploads\/sites\/3\/2025\/07\/5b05490e6ac41.jpeg\" \/>\n\t<meta property=\"og:image:width\" content=\"750\" \/>\n\t<meta property=\"og:image:height\" content=\"750\" \/>\n\t<meta property=\"og:image:type\" content=\"image\/jpeg\" \/>\n<meta name=\"twitter:card\" content=\"summary_large_image\" \/>\n<meta name=\"twitter:label1\" content=\"Price\" \/>\n\t<meta name=\"twitter:data1\" content=\"799,00&nbsp;&#107;&#114;\" \/>\n\t<meta name=\"twitter:label2\" content=\"Availability\" \/>\n\t<meta name=\"twitter:data2\" content=\"Out of stock\" \/>\n<script type=\"application\/ld+json\" class=\"yoast-schema-graph\">{\"@context\":\"https:\/\/schema.org\",\"@graph\":[{\"@type\":\"WebPage\",\"@id\":\"https:\/\/babylove.se\/no\/produkt\/kids-concept-gulvpute-morkgra\/\",\"url\":\"https:\/\/babylove.se\/no\/produkt\/kids-concept-gulvpute-morkgra\/\",\"name\":\"Kids Concept, Gulvpute m\u00f8rkgr\u00e5 - Babylove Norska\",\"isPartOf\":{\"@id\":\"https:\/\/babylove.se\/no\/#website\"},\"primaryImageOfPage\":{\"@id\":\"https:\/\/babylove.se\/no\/produkt\/kids-concept-gulvpute-morkgra\/#primaryimage\"},\"image\":{\"@id\":\"https:\/\/babylove.se\/no\/produkt\/kids-concept-gulvpute-morkgra\/#primaryimage\"},\"thumbnailUrl\":\"https:\/\/babylove.se\/no\/wp-content\/uploads\/sites\/3\/2025\/07\/5b05490e6ac41.jpeg\",\"datePublished\":\"2025-07-18T19:37:35+00:00\",\"dateModified\":\"2026-04-08T07:29:33+00:00\",\"breadcrumb\":{\"@id\":\"https:\/\/babylove.se\/no\/produkt\/kids-concept-gulvpute-morkgra\/#breadcrumb\"},\"inLanguage\":\"nb-NO\",\"potentialAction\":[{\"@type\":\"ReadAction\",\"target\":[\"https:\/\/babylove.se\/no\/produkt\/kids-concept-gulvpute-morkgra\/\"]}]},{\"@type\":\"ImageObject\",\"inLanguage\":\"nb-NO\",\"@id\":\"https:\/\/babylove.se\/no\/produkt\/kids-concept-gulvpute-morkgra\/#primaryimage\",\"url\":\"https:\/\/babylove.se\/no\/wp-content\/uploads\/sites\/3\/2025\/07\/5b05490e6ac41.jpeg\",\"contentUrl\":\"https:\/\/babylove.se\/no\/wp-content\/uploads\/sites\/3\/2025\/07\/5b05490e6ac41.jpeg\",\"width\":750,\"height\":750},{\"@type\":\"BreadcrumbList\",\"@id\":\"https:\/\/babylove.se\/no\/produkt\/kids-concept-gulvpute-morkgra\/#breadcrumb\",\"itemListElement\":[{\"@type\":\"ListItem\",\"position\":1,\"name\":\"Hem\",\"item\":\"https:\/\/babylove.se\/no\/\"},{\"@type\":\"ListItem\",\"position\":2,\"name\":\"Butik\",\"item\":\"https:\/\/babylove.se\/no\/butik\/\"},{\"@type\":\"ListItem\",\"position\":3,\"name\":\"Kids Concept, Gulvpute m\u00f8rkgr\u00e5\"}]},{\"@type\":\"WebSite\",\"@id\":\"https:\/\/babylove.se\/no\/#website\",\"url\":\"https:\/\/babylove.se\/no\/\",\"name\":\"Babylove Norska\",\"description\":\"\",\"potentialAction\":[{\"@type\":\"SearchAction\",\"target\":{\"@type\":\"EntryPoint\",\"urlTemplate\":\"https:\/\/babylove.se\/no\/?s={search_term_string}\"},\"query-input\":{\"@type\":\"PropertyValueSpecification\",\"valueRequired\":true,\"valueName\":\"search_term_string\"}}],\"inLanguage\":\"nb-NO\"}]}<\/script>\n<meta property=\"product:brand\" content=\"Kids Concept\" \/>\n<meta property=\"product:price:amount\" content=\"799.00\" \/>\n<meta property=\"product:price:currency\" content=\"SEK\" \/>\n<meta property=\"og:availability\" content=\"out of stock\" \/>\n<meta property=\"product:availability\" content=\"out of stock\" \/>\n<meta property=\"product:retailer_item_id\" content=\"1947\" \/>\n<meta property=\"product:condition\" content=\"new\" \/>\n<!-- \/ Yoast SEO Premium plugin. -->","yoast_head_json":{"title":"Kids Concept, Gulvpute m\u00f8rkgr\u00e5 - Babylove Norska","robots":{"index":"noindex","follow":"follow","max-snippet":"max-snippet:-1","max-image-preview":"max-image-preview:large","max-video-preview":"max-video-preview:-1"},"og_locale":"nb_NO","og_type":"article","og_title":"Kids Concept, Gulvpute m\u00f8rkgr\u00e5","og_description":"Kids Concept, Gulvpute m\u00f8rkegr\u00e5- sendes innen 24 timer ! En fantastisk fin og deilig gulvpute fra Kids Concept som ditt lille barn fullstendig kommer til \u00e5 elske og \u00f8nske \u00e5 tilbringe mye tid p\u00e5. Denne gulvputen er utformet slik at barnet b\u00e5de kan leke p\u00e5 den, eller ta en hvilestund n\u00e5r det er tid for [&hellip;]","og_url":"https:\/\/babylove.se\/no\/produkt\/kids-concept-gulvpute-morkgra\/","og_site_name":"Babylove Norska","article_modified_time":"2026-04-08T07:29:33+00:00","og_image":[{"width":750,"height":750,"url":"https:\/\/babylove.se\/no\/wp-content\/uploads\/sites\/3\/2025\/07\/5b05490e6ac41.jpeg","type":"image\/jpeg"}],"twitter_card":"summary_large_image","twitter_misc":{"Price":"799,00&nbsp;&#107;&#114;","Availability":"Out of stock"},"schema":{"@context":"https:\/\/schema.org","@graph":[{"@type":"WebPage","@id":"https:\/\/babylove.se\/no\/produkt\/kids-concept-gulvpute-morkgra\/","url":"https:\/\/babylove.se\/no\/produkt\/kids-concept-gulvpute-morkgra\/","name":"Kids Concept, Gulvpute m\u00f8rkgr\u00e5 - Babylove Norska","isPartOf":{"@id":"https:\/\/babylove.se\/no\/#website"},"primaryImageOfPage":{"@id":"https:\/\/babylove.se\/no\/produkt\/kids-concept-gulvpute-morkgra\/#primaryimage"},"image":{"@id":"https:\/\/babylove.se\/no\/produkt\/kids-concept-gulvpute-morkgra\/#primaryimage"},"thumbnailUrl":"https:\/\/babylove.se\/no\/wp-content\/uploads\/sites\/3\/2025\/07\/5b05490e6ac41.jpeg","datePublished":"2025-07-18T19:37:35+00:00","dateModified":"2026-04-08T07:29:33+00:00","breadcrumb":{"@id":"https:\/\/babylove.se\/no\/produkt\/kids-concept-gulvpute-morkgra\/#breadcrumb"},"inLanguage":"nb-NO","potentialAction":[{"@type":"ReadAction","target":["https:\/\/babylove.se\/no\/produkt\/kids-concept-gulvpute-morkgra\/"]}]},{"@type":"ImageObject","inLanguage":"nb-NO","@id":"https:\/\/babylove.se\/no\/produkt\/kids-concept-gulvpute-morkgra\/#primaryimage","url":"https:\/\/babylove.se\/no\/wp-content\/uploads\/sites\/3\/2025\/07\/5b05490e6ac41.jpeg","contentUrl":"https:\/\/babylove.se\/no\/wp-content\/uploads\/sites\/3\/2025\/07\/5b05490e6ac41.jpeg","width":750,"height":750},{"@type":"BreadcrumbList","@id":"https:\/\/babylove.se\/no\/produkt\/kids-concept-gulvpute-morkgra\/#breadcrumb","itemListElement":[{"@type":"ListItem","position":1,"name":"Hem","item":"https:\/\/babylove.se\/no\/"},{"@type":"ListItem","position":2,"name":"Butik","item":"https:\/\/babylove.se\/no\/butik\/"},{"@type":"ListItem","position":3,"name":"Kids Concept, Gulvpute m\u00f8rkgr\u00e5"}]},{"@type":"WebSite","@id":"https:\/\/babylove.se\/no\/#website","url":"https:\/\/babylove.se\/no\/","name":"Babylove Norska","description":"","potentialAction":[{"@type":"SearchAction","target":{"@type":"EntryPoint","urlTemplate":"https:\/\/babylove.se\/no\/?s={search_term_string}"},"query-input":{"@type":"PropertyValueSpecification","valueRequired":true,"valueName":"search_term_string"}}],"inLanguage":"nb-NO"}]},"product_brand":"Kids Concept","product_price_amount":"799.00","product_price_currency":"SEK","og_availability":"out of stock","product_availability":"out of stock","product_retailer_item_id":"1947","product_condition":"new"},"_links":{"self":[{"href":"https:\/\/babylove.se\/no\/wp-json\/wp\/v2\/product\/6592","targetHints":{"allow":["GET"]}}],"collection":[{"href":"https:\/\/babylove.se\/no\/wp-json\/wp\/v2\/product"}],"about":[{"href":"https:\/\/babylove.se\/no\/wp-json\/wp\/v2\/types\/product"}],"replies":[{"embeddable":true,"href":"https:\/\/babylove.se\/no\/wp-json\/wp\/v2\/comments?post=6592"}],"wp:featuredmedia":[{"embeddable":true,"href":"https:\/\/babylove.se\/no\/wp-json\/wp\/v2\/media\/6594"}],"wp:attachment":[{"href":"https:\/\/babylove.se\/no\/wp-json\/wp\/v2\/media?parent=6592"}],"wp:term":[{"taxonomy":"product_brand","embeddable":true,"href":"https:\/\/babylove.se\/no\/wp-json\/wp\/v2\/product_brand?post=6592"},{"taxonomy":"product_cat","embeddable":true,"href":"https:\/\/babylove.se\/no\/wp-json\/wp\/v2\/product_cat?post=6592"},{"taxonomy":"product_tag","embeddable":true,"href":"https:\/\/babylove.se\/no\/wp-json\/wp\/v2\/product_tag?post=6592"}],"curies":[{"name":"wp","href":"https:\/\/api.w.org\/{rel}","templated":true}]}}