{"id":6599,"date":"2025-07-18T20:37:35","date_gmt":"2025-07-18T19:37:35","guid":{"rendered":"https:\/\/babylove.se\/produkt\/kids-concept-vagn-med-klossar\/"},"modified":"2026-04-08T08:29:36","modified_gmt":"2026-04-08T07:29:36","slug":"kids-concept-vogn-med-klosser","status":"publish","type":"product","link":"https:\/\/babylove.se\/no\/produkt\/kids-concept-vogn-med-klosser\/","title":{"rendered":"Kids Concept, vogn med klosser"},"content":{"rendered":"<p>Fin trevogn som vil bli elsket av barn i forskjellige aldre. Kids Concepts fine lekevogn er laget med stor omhu og kvalitet. praktiske og fine gummilister sitter p\u00e5 hjulene som gj\u00f8r at vognen ruller smidig, samtidig som den er sk\u00e5nsom mot gulvene i hjemmet. Barnet kan enkelt dra med seg de tilh\u00f8rende klossene i sin vogn, og leke p\u00e5 det stedet som f\u00f8les best for \u00f8yeblikket. Vi lover mye glede og latter med denne vognen. Anbefalt fra ca 1 \u00e5rs alder og oppover.<\/p>\n<p><strong>M\u00e5l<\/strong> 28 x 26 cm.<\/p>\n<p>Designer: <a href=\"https:\/\/babylove.se\/varumarken\/kids-concept\"><u>Kids Concept<\/u><\/a><\/p>\n","protected":false},"excerpt":{"rendered":"<p>Fin trevogn som vil bli elsket av barn i forskjellige aldre. Kids Concepts fine lekevogn er laget med stor omhu og kvalitet. praktiske og fine gummilister sitter p\u00e5 hjulene som gj\u00f8r at vognen ruller smidig, samtidig som den er sk\u00e5nsom mot gulvene i hjemmet. Barnet kan enkelt dra med seg de tilh\u00f8rende klossene i sin [&hellip;]<\/p>\n","protected":false},"featured_media":6601,"comment_status":"closed","ping_status":"open","template":"","meta":{"_acf_changed":false},"product_brand":[320],"product_cat":[70,321,68,48,247,112],"product_tag":[],"class_list":{"0":"post-6599","1":"product","2":"type-product","3":"status-publish","4":"has-post-thumbnail","6":"product_brand-kids-concept","7":"product_cat-gaver","8":"product_cat-kids-concept","9":"product_cat-leker","10":"product_cat-startside","11":"product_cat-traklossar-barn","12":"product_cat-treleker","14":"first","15":"outofstock","16":"taxable","17":"shipping-taxable","18":"purchasable","19":"product-type-simple"},"acf":[],"yoast_head":"<!-- This site is optimized with the Yoast SEO Premium plugin v25.8 (Yoast SEO v27.2) - https:\/\/yoast.com\/product\/yoast-seo-premium-wordpress\/ -->\n<title>Kids Concept, vogn med klosser - Babylove Norska<\/title>\n<meta name=\"robots\" content=\"noindex, follow, max-snippet:-1, max-image-preview:large, max-video-preview:-1\" \/>\n<meta property=\"og:locale\" content=\"nb_NO\" \/>\n<meta property=\"og:type\" content=\"article\" \/>\n<meta property=\"og:title\" content=\"Kids Concept, vogn med klosser\" \/>\n<meta property=\"og:description\" content=\"Fin trevogn som vil bli elsket av barn i forskjellige aldre. Kids Concepts fine lekevogn er laget med stor omhu og kvalitet. praktiske og fine gummilister sitter p\u00e5 hjulene som gj\u00f8r at vognen ruller smidig, samtidig som den er sk\u00e5nsom mot gulvene i hjemmet. Barnet kan enkelt dra med seg de tilh\u00f8rende klossene i sin [&hellip;]\" \/>\n<meta property=\"og:url\" content=\"https:\/\/babylove.se\/no\/produkt\/kids-concept-vogn-med-klosser\/\" \/>\n<meta property=\"og:site_name\" content=\"Babylove Norska\" \/>\n<meta property=\"article:modified_time\" content=\"2026-04-08T07:29:36+00:00\" \/>\n<meta property=\"og:image\" content=\"https:\/\/babylove.se\/no\/wp-content\/uploads\/sites\/3\/2025\/07\/5beb19e8771e7.jpeg\" \/>\n\t<meta property=\"og:image:width\" content=\"416\" \/>\n\t<meta property=\"og:image:height\" content=\"477\" \/>\n\t<meta property=\"og:image:type\" content=\"image\/jpeg\" \/>\n<meta name=\"twitter:card\" content=\"summary_large_image\" \/>\n<meta name=\"twitter:label1\" content=\"Price\" \/>\n\t<meta name=\"twitter:data1\" content=\"699,00&nbsp;&#107;&#114;\" \/>\n\t<meta name=\"twitter:label2\" content=\"Availability\" \/>\n\t<meta name=\"twitter:data2\" content=\"Out of stock\" \/>\n<script type=\"application\/ld+json\" class=\"yoast-schema-graph\">{\"@context\":\"https:\/\/schema.org\",\"@graph\":[{\"@type\":\"WebPage\",\"@id\":\"https:\/\/babylove.se\/no\/produkt\/kids-concept-vogn-med-klosser\/\",\"url\":\"https:\/\/babylove.se\/no\/produkt\/kids-concept-vogn-med-klosser\/\",\"name\":\"Kids Concept, vogn med klosser - Babylove Norska\",\"isPartOf\":{\"@id\":\"https:\/\/babylove.se\/no\/#website\"},\"primaryImageOfPage\":{\"@id\":\"https:\/\/babylove.se\/no\/produkt\/kids-concept-vogn-med-klosser\/#primaryimage\"},\"image\":{\"@id\":\"https:\/\/babylove.se\/no\/produkt\/kids-concept-vogn-med-klosser\/#primaryimage\"},\"thumbnailUrl\":\"https:\/\/babylove.se\/no\/wp-content\/uploads\/sites\/3\/2025\/07\/5beb19e8771e7.jpeg\",\"datePublished\":\"2025-07-18T19:37:35+00:00\",\"dateModified\":\"2026-04-08T07:29:36+00:00\",\"breadcrumb\":{\"@id\":\"https:\/\/babylove.se\/no\/produkt\/kids-concept-vogn-med-klosser\/#breadcrumb\"},\"inLanguage\":\"nb-NO\",\"potentialAction\":[{\"@type\":\"ReadAction\",\"target\":[\"https:\/\/babylove.se\/no\/produkt\/kids-concept-vogn-med-klosser\/\"]}]},{\"@type\":\"ImageObject\",\"inLanguage\":\"nb-NO\",\"@id\":\"https:\/\/babylove.se\/no\/produkt\/kids-concept-vogn-med-klosser\/#primaryimage\",\"url\":\"https:\/\/babylove.se\/no\/wp-content\/uploads\/sites\/3\/2025\/07\/5beb19e8771e7.jpeg\",\"contentUrl\":\"https:\/\/babylove.se\/no\/wp-content\/uploads\/sites\/3\/2025\/07\/5beb19e8771e7.jpeg\",\"width\":416,\"height\":477},{\"@type\":\"BreadcrumbList\",\"@id\":\"https:\/\/babylove.se\/no\/produkt\/kids-concept-vogn-med-klosser\/#breadcrumb\",\"itemListElement\":[{\"@type\":\"ListItem\",\"position\":1,\"name\":\"Hem\",\"item\":\"https:\/\/babylove.se\/no\/\"},{\"@type\":\"ListItem\",\"position\":2,\"name\":\"Butik\",\"item\":\"https:\/\/babylove.se\/no\/butik\/\"},{\"@type\":\"ListItem\",\"position\":3,\"name\":\"Kids Concept, vogn med klosser\"}]},{\"@type\":\"WebSite\",\"@id\":\"https:\/\/babylove.se\/no\/#website\",\"url\":\"https:\/\/babylove.se\/no\/\",\"name\":\"Babylove Norska\",\"description\":\"\",\"potentialAction\":[{\"@type\":\"SearchAction\",\"target\":{\"@type\":\"EntryPoint\",\"urlTemplate\":\"https:\/\/babylove.se\/no\/?s={search_term_string}\"},\"query-input\":{\"@type\":\"PropertyValueSpecification\",\"valueRequired\":true,\"valueName\":\"search_term_string\"}}],\"inLanguage\":\"nb-NO\"}]}<\/script>\n<meta property=\"product:brand\" content=\"Kids Concept\" \/>\n<meta property=\"product:price:amount\" content=\"699.00\" \/>\n<meta property=\"product:price:currency\" content=\"SEK\" \/>\n<meta property=\"og:availability\" content=\"out of stock\" \/>\n<meta property=\"product:availability\" content=\"out of stock\" \/>\n<meta property=\"product:retailer_item_id\" content=\"1000195\" \/>\n<meta property=\"product:condition\" content=\"new\" \/>\n<!-- \/ Yoast SEO Premium plugin. -->","yoast_head_json":{"title":"Kids Concept, vogn med klosser - Babylove Norska","robots":{"index":"noindex","follow":"follow","max-snippet":"max-snippet:-1","max-image-preview":"max-image-preview:large","max-video-preview":"max-video-preview:-1"},"og_locale":"nb_NO","og_type":"article","og_title":"Kids Concept, vogn med klosser","og_description":"Fin trevogn som vil bli elsket av barn i forskjellige aldre. Kids Concepts fine lekevogn er laget med stor omhu og kvalitet. praktiske og fine gummilister sitter p\u00e5 hjulene som gj\u00f8r at vognen ruller smidig, samtidig som den er sk\u00e5nsom mot gulvene i hjemmet. Barnet kan enkelt dra med seg de tilh\u00f8rende klossene i sin [&hellip;]","og_url":"https:\/\/babylove.se\/no\/produkt\/kids-concept-vogn-med-klosser\/","og_site_name":"Babylove Norska","article_modified_time":"2026-04-08T07:29:36+00:00","og_image":[{"width":416,"height":477,"url":"https:\/\/babylove.se\/no\/wp-content\/uploads\/sites\/3\/2025\/07\/5beb19e8771e7.jpeg","type":"image\/jpeg"}],"twitter_card":"summary_large_image","twitter_misc":{"Price":"699,00&nbsp;&#107;&#114;","Availability":"Out of stock"},"schema":{"@context":"https:\/\/schema.org","@graph":[{"@type":"WebPage","@id":"https:\/\/babylove.se\/no\/produkt\/kids-concept-vogn-med-klosser\/","url":"https:\/\/babylove.se\/no\/produkt\/kids-concept-vogn-med-klosser\/","name":"Kids Concept, vogn med klosser - Babylove Norska","isPartOf":{"@id":"https:\/\/babylove.se\/no\/#website"},"primaryImageOfPage":{"@id":"https:\/\/babylove.se\/no\/produkt\/kids-concept-vogn-med-klosser\/#primaryimage"},"image":{"@id":"https:\/\/babylove.se\/no\/produkt\/kids-concept-vogn-med-klosser\/#primaryimage"},"thumbnailUrl":"https:\/\/babylove.se\/no\/wp-content\/uploads\/sites\/3\/2025\/07\/5beb19e8771e7.jpeg","datePublished":"2025-07-18T19:37:35+00:00","dateModified":"2026-04-08T07:29:36+00:00","breadcrumb":{"@id":"https:\/\/babylove.se\/no\/produkt\/kids-concept-vogn-med-klosser\/#breadcrumb"},"inLanguage":"nb-NO","potentialAction":[{"@type":"ReadAction","target":["https:\/\/babylove.se\/no\/produkt\/kids-concept-vogn-med-klosser\/"]}]},{"@type":"ImageObject","inLanguage":"nb-NO","@id":"https:\/\/babylove.se\/no\/produkt\/kids-concept-vogn-med-klosser\/#primaryimage","url":"https:\/\/babylove.se\/no\/wp-content\/uploads\/sites\/3\/2025\/07\/5beb19e8771e7.jpeg","contentUrl":"https:\/\/babylove.se\/no\/wp-content\/uploads\/sites\/3\/2025\/07\/5beb19e8771e7.jpeg","width":416,"height":477},{"@type":"BreadcrumbList","@id":"https:\/\/babylove.se\/no\/produkt\/kids-concept-vogn-med-klosser\/#breadcrumb","itemListElement":[{"@type":"ListItem","position":1,"name":"Hem","item":"https:\/\/babylove.se\/no\/"},{"@type":"ListItem","position":2,"name":"Butik","item":"https:\/\/babylove.se\/no\/butik\/"},{"@type":"ListItem","position":3,"name":"Kids Concept, vogn med klosser"}]},{"@type":"WebSite","@id":"https:\/\/babylove.se\/no\/#website","url":"https:\/\/babylove.se\/no\/","name":"Babylove Norska","description":"","potentialAction":[{"@type":"SearchAction","target":{"@type":"EntryPoint","urlTemplate":"https:\/\/babylove.se\/no\/?s={search_term_string}"},"query-input":{"@type":"PropertyValueSpecification","valueRequired":true,"valueName":"search_term_string"}}],"inLanguage":"nb-NO"}]},"product_brand":"Kids Concept","product_price_amount":"699.00","product_price_currency":"SEK","og_availability":"out of stock","product_availability":"out of stock","product_retailer_item_id":"1000195","product_condition":"new"},"_links":{"self":[{"href":"https:\/\/babylove.se\/no\/wp-json\/wp\/v2\/product\/6599","targetHints":{"allow":["GET"]}}],"collection":[{"href":"https:\/\/babylove.se\/no\/wp-json\/wp\/v2\/product"}],"about":[{"href":"https:\/\/babylove.se\/no\/wp-json\/wp\/v2\/types\/product"}],"replies":[{"embeddable":true,"href":"https:\/\/babylove.se\/no\/wp-json\/wp\/v2\/comments?post=6599"}],"wp:featuredmedia":[{"embeddable":true,"href":"https:\/\/babylove.se\/no\/wp-json\/wp\/v2\/media\/6601"}],"wp:attachment":[{"href":"https:\/\/babylove.se\/no\/wp-json\/wp\/v2\/media?parent=6599"}],"wp:term":[{"taxonomy":"product_brand","embeddable":true,"href":"https:\/\/babylove.se\/no\/wp-json\/wp\/v2\/product_brand?post=6599"},{"taxonomy":"product_cat","embeddable":true,"href":"https:\/\/babylove.se\/no\/wp-json\/wp\/v2\/product_cat?post=6599"},{"taxonomy":"product_tag","embeddable":true,"href":"https:\/\/babylove.se\/no\/wp-json\/wp\/v2\/product_tag?post=6599"}],"curies":[{"name":"wp","href":"https:\/\/api.w.org\/{rel}","templated":true}]}}