{"id":6633,"date":"2025-07-18T20:37:35","date_gmt":"2025-07-18T19:37:35","guid":{"rendered":"https:\/\/babylove.se\/produkt\/banwood-balanscykel-first-go-rosa-springcykel\/"},"modified":"2026-04-08T08:29:47","modified_gmt":"2026-04-08T07:29:47","slug":"banwood-balansesykkel-first-go-rosa-springsykkel","status":"publish","type":"product","link":"https:\/\/babylove.se\/no\/produkt\/banwood-balansesykkel-first-go-rosa-springsykkel\/","title":{"rendered":"Banwood, Balanssykkel First Go, rosa l\u00f8pesykkel"},"content":{"rendered":"<p>FIRST GO! Er en sikker og holdbar l\u00f8pesykkel for det lille barnet. Designet er barnevennlig og du kan enkelt justere h\u00f8yden p\u00e5 det myke setet og h\u00e5ndtaket for \u00e5 optimalisere bruken. <\/p>\n<p>Perfekt for den lille syklisten som skal l\u00e6re seg \u00e5 balansere og ideell som en f\u00f8rste barnesykkel, da barnet kan l\u00e6re seg i et trygt milj\u00f8 f\u00f8r det er tid for en st\u00f8rre sykkel med pedaler. Sykkelen er ogs\u00e5 en god m\u00e5te for barnet \u00e5 trene i utemilj\u00f8 og en god m\u00e5te for dere \u00e5 sammen ta dere til parken for en lekestund. <\/p>\n<p>Anbefales for barn mellom 3-5 \u00e5rs alder. <\/p>\n<p>Inkluderer en fin kurv og en ringeklokke. CE-sertifisert produkt. <\/p>\n<p><strong>M\u00e5l<\/strong>: <\/p>\n<ul>\n<li><span lang=\"sv\">St\u00e5lramme i forskjellige nyanser.<\/span><\/li>\n<li><span lang=\"sv\">Mini seteh\u00f8yde: 32cm<\/span><\/li>\n<li><span lang=\"sv\">Maksi seteh\u00f8yde: 40 cm.<\/span><\/li>\n<li><span lang=\"sv\">Styret lengde: Justerbar fra 50 til 59 cm.<\/span><\/li>\n<li><span lang=\"sv\">Flettet kurv.<\/span><\/li>\n<li><span lang=\"sv\">Klokke.<\/span><\/li>\n<li><span lang=\"sv\">12&#8243; hjul.<\/span><\/li>\n<li><span lang=\"sv\">Ergonomisk og komfortabel stol.<\/span><\/li>\n<li><span lang=\"sv\">Vekt: 4,5 kg<\/span><\/li>\n<li><span lang=\"sv\">CE-sertifisering.<\/span><\/li>\n<\/ul>\n<p>Designer: <a href=\"https:\/\/babylove.se\/varumarken\/banwood\"><u>Banwood<\/u><\/a><\/p>\n","protected":false},"excerpt":{"rendered":"<p>FIRST GO! Er en sikker og holdbar l\u00f8pesykkel for det lille barnet. Designet er barnevennlig og du kan enkelt justere h\u00f8yden p\u00e5 det myke setet og h\u00e5ndtaket for \u00e5 optimalisere bruken. Perfekt for den lille syklisten som skal l\u00e6re seg \u00e5 balansere og ideell som en f\u00f8rste barnesykkel, da barnet kan l\u00e6re seg i et [&hellip;]<\/p>\n","protected":false},"featured_media":6635,"comment_status":"closed","ping_status":"closed","template":"","meta":{"_acf_changed":false},"product_brand":[338],"product_cat":[316,339,68,48,1775],"product_tag":[1689],"class_list":{"0":"post-6633","1":"product","2":"type-product","3":"status-publish","4":"has-post-thumbnail","6":"product_brand-banwood","7":"product_cat-balanssykler","8":"product_cat-banwood","9":"product_cat-leker","10":"product_cat-startside","11":"product_cat-uteleker","12":"product_tag-bestillingsvaror","14":"first","15":"outofstock","16":"taxable","17":"shipping-taxable","18":"purchasable","19":"product-type-simple"},"acf":[],"yoast_head":"<!-- This site is optimized with the Yoast SEO Premium plugin v25.8 (Yoast SEO v27.2) - https:\/\/yoast.com\/product\/yoast-seo-premium-wordpress\/ -->\n<title>Banwood, Balanssykkel First Go, rosa l\u00f8pesykkel - Babylove Norska<\/title>\n<meta name=\"robots\" content=\"noindex, follow, max-snippet:-1, max-image-preview:large, max-video-preview:-1\" \/>\n<meta property=\"og:locale\" content=\"nb_NO\" \/>\n<meta property=\"og:type\" content=\"article\" \/>\n<meta property=\"og:title\" content=\"Banwood, Balanssykkel First Go, rosa l\u00f8pesykkel\" \/>\n<meta property=\"og:description\" content=\"FIRST GO! Er en sikker og holdbar l\u00f8pesykkel for det lille barnet. Designet er barnevennlig og du kan enkelt justere h\u00f8yden p\u00e5 det myke setet og h\u00e5ndtaket for \u00e5 optimalisere bruken. Perfekt for den lille syklisten som skal l\u00e6re seg \u00e5 balansere og ideell som en f\u00f8rste barnesykkel, da barnet kan l\u00e6re seg i et [&hellip;]\" \/>\n<meta property=\"og:url\" content=\"https:\/\/babylove.se\/no\/produkt\/banwood-balansesykkel-first-go-rosa-springsykkel\/\" \/>\n<meta property=\"og:site_name\" content=\"Babylove Norska\" \/>\n<meta property=\"article:modified_time\" content=\"2026-04-08T07:29:47+00:00\" \/>\n<meta property=\"og:image\" content=\"https:\/\/babylove.se\/no\/wp-content\/uploads\/sites\/3\/2025\/07\/5b07d6e4e5aa5.jpeg\" \/>\n\t<meta property=\"og:image:width\" content=\"750\" \/>\n\t<meta property=\"og:image:height\" content=\"750\" \/>\n\t<meta property=\"og:image:type\" content=\"image\/jpeg\" \/>\n<meta name=\"twitter:card\" content=\"summary_large_image\" \/>\n<meta name=\"twitter:label1\" content=\"Price\" \/>\n\t<meta name=\"twitter:data1\" content=\"1 590,00&nbsp;&#107;&#114;\" \/>\n\t<meta name=\"twitter:label2\" content=\"Availability\" \/>\n\t<meta name=\"twitter:data2\" content=\"Out of stock\" \/>\n<script type=\"application\/ld+json\" class=\"yoast-schema-graph\">{\"@context\":\"https:\/\/schema.org\",\"@graph\":[{\"@type\":\"WebPage\",\"@id\":\"https:\/\/babylove.se\/no\/produkt\/banwood-balansesykkel-first-go-rosa-springsykkel\/\",\"url\":\"https:\/\/babylove.se\/no\/produkt\/banwood-balansesykkel-first-go-rosa-springsykkel\/\",\"name\":\"Banwood, Balanssykkel First Go, rosa l\u00f8pesykkel - Babylove Norska\",\"isPartOf\":{\"@id\":\"https:\/\/babylove.se\/no\/#website\"},\"primaryImageOfPage\":{\"@id\":\"https:\/\/babylove.se\/no\/produkt\/banwood-balansesykkel-first-go-rosa-springsykkel\/#primaryimage\"},\"image\":{\"@id\":\"https:\/\/babylove.se\/no\/produkt\/banwood-balansesykkel-first-go-rosa-springsykkel\/#primaryimage\"},\"thumbnailUrl\":\"https:\/\/babylove.se\/no\/wp-content\/uploads\/sites\/3\/2025\/07\/5b07d6e4e5aa5.jpeg\",\"datePublished\":\"2025-07-18T19:37:35+00:00\",\"dateModified\":\"2026-04-08T07:29:47+00:00\",\"breadcrumb\":{\"@id\":\"https:\/\/babylove.se\/no\/produkt\/banwood-balansesykkel-first-go-rosa-springsykkel\/#breadcrumb\"},\"inLanguage\":\"nb-NO\",\"potentialAction\":[{\"@type\":\"ReadAction\",\"target\":[\"https:\/\/babylove.se\/no\/produkt\/banwood-balansesykkel-first-go-rosa-springsykkel\/\"]}]},{\"@type\":\"ImageObject\",\"inLanguage\":\"nb-NO\",\"@id\":\"https:\/\/babylove.se\/no\/produkt\/banwood-balansesykkel-first-go-rosa-springsykkel\/#primaryimage\",\"url\":\"https:\/\/babylove.se\/no\/wp-content\/uploads\/sites\/3\/2025\/07\/5b07d6e4e5aa5.jpeg\",\"contentUrl\":\"https:\/\/babylove.se\/no\/wp-content\/uploads\/sites\/3\/2025\/07\/5b07d6e4e5aa5.jpeg\",\"width\":750,\"height\":750},{\"@type\":\"BreadcrumbList\",\"@id\":\"https:\/\/babylove.se\/no\/produkt\/banwood-balansesykkel-first-go-rosa-springsykkel\/#breadcrumb\",\"itemListElement\":[{\"@type\":\"ListItem\",\"position\":1,\"name\":\"Hem\",\"item\":\"https:\/\/babylove.se\/no\/\"},{\"@type\":\"ListItem\",\"position\":2,\"name\":\"Butik\",\"item\":\"https:\/\/babylove.se\/no\/butik\/\"},{\"@type\":\"ListItem\",\"position\":3,\"name\":\"Banwood, Balanssykkel First Go, rosa l\u00f8pesykkel\"}]},{\"@type\":\"WebSite\",\"@id\":\"https:\/\/babylove.se\/no\/#website\",\"url\":\"https:\/\/babylove.se\/no\/\",\"name\":\"Babylove Norska\",\"description\":\"\",\"potentialAction\":[{\"@type\":\"SearchAction\",\"target\":{\"@type\":\"EntryPoint\",\"urlTemplate\":\"https:\/\/babylove.se\/no\/?s={search_term_string}\"},\"query-input\":{\"@type\":\"PropertyValueSpecification\",\"valueRequired\":true,\"valueName\":\"search_term_string\"}}],\"inLanguage\":\"nb-NO\"}]}<\/script>\n<meta property=\"product:brand\" content=\"Banwood\" \/>\n<meta property=\"product:price:amount\" content=\"1590.00\" \/>\n<meta property=\"product:price:currency\" content=\"SEK\" \/>\n<meta property=\"og:availability\" content=\"out of stock\" \/>\n<meta property=\"product:availability\" content=\"out of stock\" \/>\n<meta property=\"product:retailer_item_id\" content=\"1952\" \/>\n<meta property=\"product:condition\" content=\"new\" \/>\n<!-- \/ Yoast SEO Premium plugin. -->","yoast_head_json":{"title":"Banwood, Balanssykkel First Go, rosa l\u00f8pesykkel - Babylove Norska","robots":{"index":"noindex","follow":"follow","max-snippet":"max-snippet:-1","max-image-preview":"max-image-preview:large","max-video-preview":"max-video-preview:-1"},"og_locale":"nb_NO","og_type":"article","og_title":"Banwood, Balanssykkel First Go, rosa l\u00f8pesykkel","og_description":"FIRST GO! Er en sikker og holdbar l\u00f8pesykkel for det lille barnet. Designet er barnevennlig og du kan enkelt justere h\u00f8yden p\u00e5 det myke setet og h\u00e5ndtaket for \u00e5 optimalisere bruken. Perfekt for den lille syklisten som skal l\u00e6re seg \u00e5 balansere og ideell som en f\u00f8rste barnesykkel, da barnet kan l\u00e6re seg i et [&hellip;]","og_url":"https:\/\/babylove.se\/no\/produkt\/banwood-balansesykkel-first-go-rosa-springsykkel\/","og_site_name":"Babylove Norska","article_modified_time":"2026-04-08T07:29:47+00:00","og_image":[{"width":750,"height":750,"url":"https:\/\/babylove.se\/no\/wp-content\/uploads\/sites\/3\/2025\/07\/5b07d6e4e5aa5.jpeg","type":"image\/jpeg"}],"twitter_card":"summary_large_image","twitter_misc":{"Price":"1 590,00&nbsp;&#107;&#114;","Availability":"Out of stock"},"schema":{"@context":"https:\/\/schema.org","@graph":[{"@type":"WebPage","@id":"https:\/\/babylove.se\/no\/produkt\/banwood-balansesykkel-first-go-rosa-springsykkel\/","url":"https:\/\/babylove.se\/no\/produkt\/banwood-balansesykkel-first-go-rosa-springsykkel\/","name":"Banwood, Balanssykkel First Go, rosa l\u00f8pesykkel - Babylove Norska","isPartOf":{"@id":"https:\/\/babylove.se\/no\/#website"},"primaryImageOfPage":{"@id":"https:\/\/babylove.se\/no\/produkt\/banwood-balansesykkel-first-go-rosa-springsykkel\/#primaryimage"},"image":{"@id":"https:\/\/babylove.se\/no\/produkt\/banwood-balansesykkel-first-go-rosa-springsykkel\/#primaryimage"},"thumbnailUrl":"https:\/\/babylove.se\/no\/wp-content\/uploads\/sites\/3\/2025\/07\/5b07d6e4e5aa5.jpeg","datePublished":"2025-07-18T19:37:35+00:00","dateModified":"2026-04-08T07:29:47+00:00","breadcrumb":{"@id":"https:\/\/babylove.se\/no\/produkt\/banwood-balansesykkel-first-go-rosa-springsykkel\/#breadcrumb"},"inLanguage":"nb-NO","potentialAction":[{"@type":"ReadAction","target":["https:\/\/babylove.se\/no\/produkt\/banwood-balansesykkel-first-go-rosa-springsykkel\/"]}]},{"@type":"ImageObject","inLanguage":"nb-NO","@id":"https:\/\/babylove.se\/no\/produkt\/banwood-balansesykkel-first-go-rosa-springsykkel\/#primaryimage","url":"https:\/\/babylove.se\/no\/wp-content\/uploads\/sites\/3\/2025\/07\/5b07d6e4e5aa5.jpeg","contentUrl":"https:\/\/babylove.se\/no\/wp-content\/uploads\/sites\/3\/2025\/07\/5b07d6e4e5aa5.jpeg","width":750,"height":750},{"@type":"BreadcrumbList","@id":"https:\/\/babylove.se\/no\/produkt\/banwood-balansesykkel-first-go-rosa-springsykkel\/#breadcrumb","itemListElement":[{"@type":"ListItem","position":1,"name":"Hem","item":"https:\/\/babylove.se\/no\/"},{"@type":"ListItem","position":2,"name":"Butik","item":"https:\/\/babylove.se\/no\/butik\/"},{"@type":"ListItem","position":3,"name":"Banwood, Balanssykkel First Go, rosa l\u00f8pesykkel"}]},{"@type":"WebSite","@id":"https:\/\/babylove.se\/no\/#website","url":"https:\/\/babylove.se\/no\/","name":"Babylove Norska","description":"","potentialAction":[{"@type":"SearchAction","target":{"@type":"EntryPoint","urlTemplate":"https:\/\/babylove.se\/no\/?s={search_term_string}"},"query-input":{"@type":"PropertyValueSpecification","valueRequired":true,"valueName":"search_term_string"}}],"inLanguage":"nb-NO"}]},"product_brand":"Banwood","product_price_amount":"1590.00","product_price_currency":"SEK","og_availability":"out of stock","product_availability":"out of stock","product_retailer_item_id":"1952","product_condition":"new"},"_links":{"self":[{"href":"https:\/\/babylove.se\/no\/wp-json\/wp\/v2\/product\/6633","targetHints":{"allow":["GET"]}}],"collection":[{"href":"https:\/\/babylove.se\/no\/wp-json\/wp\/v2\/product"}],"about":[{"href":"https:\/\/babylove.se\/no\/wp-json\/wp\/v2\/types\/product"}],"replies":[{"embeddable":true,"href":"https:\/\/babylove.se\/no\/wp-json\/wp\/v2\/comments?post=6633"}],"wp:featuredmedia":[{"embeddable":true,"href":"https:\/\/babylove.se\/no\/wp-json\/wp\/v2\/media\/6635"}],"wp:attachment":[{"href":"https:\/\/babylove.se\/no\/wp-json\/wp\/v2\/media?parent=6633"}],"wp:term":[{"taxonomy":"product_brand","embeddable":true,"href":"https:\/\/babylove.se\/no\/wp-json\/wp\/v2\/product_brand?post=6633"},{"taxonomy":"product_cat","embeddable":true,"href":"https:\/\/babylove.se\/no\/wp-json\/wp\/v2\/product_cat?post=6633"},{"taxonomy":"product_tag","embeddable":true,"href":"https:\/\/babylove.se\/no\/wp-json\/wp\/v2\/product_tag?post=6633"}],"curies":[{"name":"wp","href":"https:\/\/api.w.org\/{rel}","templated":true}]}}