{"id":6713,"date":"2025-07-18T20:38:19","date_gmt":"2025-07-18T19:38:19","guid":{"rendered":"https:\/\/babylove.se\/produkt\/liewood-solhatt-gorm-girl-power\/"},"modified":"2026-04-08T08:30:24","modified_gmt":"2026-04-08T07:30:24","slug":"liewood-solhatt-gorm-girl-power","status":"publish","type":"product","link":"https:\/\/babylove.se\/no\/produkt\/liewood-solhatt-gorm-girl-power\/","title":{"rendered":"Liewood, Solhatt Gorm, girl power"},"content":{"rendered":"<p><span style=\"background-color: initial; text-align: initial;\"><strong> <\/strong>En herlig s\u00f8t solhatt fra danske Liewood. Med disse fine solhattene laget av 100% \u00d6ko-Tex sertifisert bomull kan du nyte sol og varme samtidig som det gir godt beskyttelse. Solhatten har en myk og behagelig passform som barnet ditt vil like \u00e5 ha p\u00e5 seg. Et praktisk nakkevern beskytter ogs\u00e5 nakken mot solen<\/span> <\/p>\n<p><strong>St\u00f8rrelse<\/strong>: Tre st\u00f8rrelser fra 0 til 2 \u00e5r.<br \/>\n<strong>Materiale<\/strong>: 100% \u00d8kologisk Bomull, <\/p>\n<p>Designer: <a href=\"https:\/\/babylove.se\/varumarken\/liewood\"><u>Liewood<\/u><\/a><\/p>\n","protected":false},"excerpt":{"rendered":"<p>En herlig s\u00f8t solhatt fra danske Liewood. Med disse fine solhattene laget av 100% \u00d6ko-Tex sertifisert bomull kan du nyte sol og varme samtidig som det gir godt beskyttelse. Solhatten har en myk og behagelig passform som barnet ditt vil like \u00e5 ha p\u00e5 seg. Et praktisk nakkevern beskytter ogs\u00e5 nakken mot solen St\u00f8rrelse: Tre [&hellip;]<\/p>\n","protected":false},"featured_media":6715,"comment_status":"closed","ping_status":"closed","template":"","meta":{"_acf_changed":false},"product_brand":[282],"product_cat":[283,324,48],"product_tag":[],"class_list":{"0":"post-6713","1":"product","2":"type-product","3":"status-publish","4":"has-post-thumbnail","6":"product_brand-liewood","7":"product_cat-liewood","8":"product_cat-solhatter","9":"product_cat-startside","10":"pa_storlek-0-6-manader","11":"pa_storlek-6-12-manader","13":"first","14":"outofstock","15":"taxable","16":"shipping-taxable","17":"purchasable","18":"product-type-variable"},"acf":[],"yoast_head":"<!-- This site is optimized with the Yoast SEO Premium plugin v25.8 (Yoast SEO v27.2) - https:\/\/yoast.com\/product\/yoast-seo-premium-wordpress\/ -->\n<title>Liewood, Solhatt Gorm, girl power - Babylove Norska<\/title>\n<meta name=\"robots\" content=\"noindex, follow, max-snippet:-1, max-image-preview:large, max-video-preview:-1\" \/>\n<meta property=\"og:locale\" content=\"nb_NO\" \/>\n<meta property=\"og:type\" content=\"article\" \/>\n<meta property=\"og:title\" content=\"Liewood, Solhatt Gorm, girl power\" \/>\n<meta property=\"og:description\" content=\"En herlig s\u00f8t solhatt fra danske Liewood. Med disse fine solhattene laget av 100% \u00d6ko-Tex sertifisert bomull kan du nyte sol og varme samtidig som det gir godt beskyttelse. Solhatten har en myk og behagelig passform som barnet ditt vil like \u00e5 ha p\u00e5 seg. Et praktisk nakkevern beskytter ogs\u00e5 nakken mot solen St\u00f8rrelse: Tre [&hellip;]\" \/>\n<meta property=\"og:url\" content=\"https:\/\/babylove.se\/no\/produkt\/liewood-solhatt-gorm-girl-power\/\" \/>\n<meta property=\"og:site_name\" content=\"Babylove Norska\" \/>\n<meta property=\"article:modified_time\" content=\"2026-04-08T07:30:24+00:00\" \/>\n<meta property=\"og:image\" content=\"https:\/\/babylove.se\/no\/wp-content\/uploads\/sites\/3\/2025\/07\/5d8218a39b4e6.jpeg\" \/>\n\t<meta property=\"og:image:width\" content=\"744\" \/>\n\t<meta property=\"og:image:height\" content=\"750\" \/>\n\t<meta property=\"og:image:type\" content=\"image\/jpeg\" \/>\n<meta name=\"twitter:card\" content=\"summary_large_image\" \/>\n<meta name=\"twitter:label1\" content=\"Availability\" \/>\n\t<meta name=\"twitter:data1\" content=\"Out of stock\" \/>\n<script type=\"application\/ld+json\" class=\"yoast-schema-graph\">{\"@context\":\"https:\/\/schema.org\",\"@graph\":[{\"@type\":\"WebPage\",\"@id\":\"https:\/\/babylove.se\/no\/produkt\/liewood-solhatt-gorm-girl-power\/\",\"url\":\"https:\/\/babylove.se\/no\/produkt\/liewood-solhatt-gorm-girl-power\/\",\"name\":\"Liewood, Solhatt Gorm, girl power - Babylove Norska\",\"isPartOf\":{\"@id\":\"https:\/\/babylove.se\/no\/#website\"},\"primaryImageOfPage\":{\"@id\":\"https:\/\/babylove.se\/no\/produkt\/liewood-solhatt-gorm-girl-power\/#primaryimage\"},\"image\":{\"@id\":\"https:\/\/babylove.se\/no\/produkt\/liewood-solhatt-gorm-girl-power\/#primaryimage\"},\"thumbnailUrl\":\"https:\/\/babylove.se\/no\/wp-content\/uploads\/sites\/3\/2025\/07\/5d8218a39b4e6.jpeg\",\"datePublished\":\"2025-07-18T19:38:19+00:00\",\"dateModified\":\"2026-04-08T07:30:24+00:00\",\"breadcrumb\":{\"@id\":\"https:\/\/babylove.se\/no\/produkt\/liewood-solhatt-gorm-girl-power\/#breadcrumb\"},\"inLanguage\":\"nb-NO\",\"potentialAction\":[{\"@type\":\"ReadAction\",\"target\":[\"https:\/\/babylove.se\/no\/produkt\/liewood-solhatt-gorm-girl-power\/\"]}]},{\"@type\":\"ImageObject\",\"inLanguage\":\"nb-NO\",\"@id\":\"https:\/\/babylove.se\/no\/produkt\/liewood-solhatt-gorm-girl-power\/#primaryimage\",\"url\":\"https:\/\/babylove.se\/no\/wp-content\/uploads\/sites\/3\/2025\/07\/5d8218a39b4e6.jpeg\",\"contentUrl\":\"https:\/\/babylove.se\/no\/wp-content\/uploads\/sites\/3\/2025\/07\/5d8218a39b4e6.jpeg\",\"width\":744,\"height\":750},{\"@type\":\"BreadcrumbList\",\"@id\":\"https:\/\/babylove.se\/no\/produkt\/liewood-solhatt-gorm-girl-power\/#breadcrumb\",\"itemListElement\":[{\"@type\":\"ListItem\",\"position\":1,\"name\":\"Hem\",\"item\":\"https:\/\/babylove.se\/no\/\"},{\"@type\":\"ListItem\",\"position\":2,\"name\":\"Butik\",\"item\":\"https:\/\/babylove.se\/no\/butik\/\"},{\"@type\":\"ListItem\",\"position\":3,\"name\":\"Liewood, Solhatt Gorm, girl power\"}]},{\"@type\":\"WebSite\",\"@id\":\"https:\/\/babylove.se\/no\/#website\",\"url\":\"https:\/\/babylove.se\/no\/\",\"name\":\"Babylove Norska\",\"description\":\"\",\"potentialAction\":[{\"@type\":\"SearchAction\",\"target\":{\"@type\":\"EntryPoint\",\"urlTemplate\":\"https:\/\/babylove.se\/no\/?s={search_term_string}\"},\"query-input\":{\"@type\":\"PropertyValueSpecification\",\"valueRequired\":true,\"valueName\":\"search_term_string\"}}],\"inLanguage\":\"nb-NO\"}]}<\/script>\n<meta property=\"product:brand\" content=\"Liewood\" \/>\n<meta property=\"og:availability\" content=\"out of stock\" \/>\n<meta property=\"product:availability\" content=\"out of stock\" \/>\n<meta property=\"product:retailer_item_id\" content=\"Girlpower-0-6-m\u00e5nader\" \/>\n<meta property=\"product:condition\" content=\"new\" \/>\n<!-- \/ Yoast SEO Premium plugin. -->","yoast_head_json":{"title":"Liewood, Solhatt Gorm, girl power - Babylove Norska","robots":{"index":"noindex","follow":"follow","max-snippet":"max-snippet:-1","max-image-preview":"max-image-preview:large","max-video-preview":"max-video-preview:-1"},"og_locale":"nb_NO","og_type":"article","og_title":"Liewood, Solhatt Gorm, girl power","og_description":"En herlig s\u00f8t solhatt fra danske Liewood. Med disse fine solhattene laget av 100% \u00d6ko-Tex sertifisert bomull kan du nyte sol og varme samtidig som det gir godt beskyttelse. Solhatten har en myk og behagelig passform som barnet ditt vil like \u00e5 ha p\u00e5 seg. Et praktisk nakkevern beskytter ogs\u00e5 nakken mot solen St\u00f8rrelse: Tre [&hellip;]","og_url":"https:\/\/babylove.se\/no\/produkt\/liewood-solhatt-gorm-girl-power\/","og_site_name":"Babylove Norska","article_modified_time":"2026-04-08T07:30:24+00:00","og_image":[{"width":744,"height":750,"url":"https:\/\/babylove.se\/no\/wp-content\/uploads\/sites\/3\/2025\/07\/5d8218a39b4e6.jpeg","type":"image\/jpeg"}],"twitter_card":"summary_large_image","twitter_misc":{"Availability":"Out of stock"},"schema":{"@context":"https:\/\/schema.org","@graph":[{"@type":"WebPage","@id":"https:\/\/babylove.se\/no\/produkt\/liewood-solhatt-gorm-girl-power\/","url":"https:\/\/babylove.se\/no\/produkt\/liewood-solhatt-gorm-girl-power\/","name":"Liewood, Solhatt Gorm, girl power - Babylove Norska","isPartOf":{"@id":"https:\/\/babylove.se\/no\/#website"},"primaryImageOfPage":{"@id":"https:\/\/babylove.se\/no\/produkt\/liewood-solhatt-gorm-girl-power\/#primaryimage"},"image":{"@id":"https:\/\/babylove.se\/no\/produkt\/liewood-solhatt-gorm-girl-power\/#primaryimage"},"thumbnailUrl":"https:\/\/babylove.se\/no\/wp-content\/uploads\/sites\/3\/2025\/07\/5d8218a39b4e6.jpeg","datePublished":"2025-07-18T19:38:19+00:00","dateModified":"2026-04-08T07:30:24+00:00","breadcrumb":{"@id":"https:\/\/babylove.se\/no\/produkt\/liewood-solhatt-gorm-girl-power\/#breadcrumb"},"inLanguage":"nb-NO","potentialAction":[{"@type":"ReadAction","target":["https:\/\/babylove.se\/no\/produkt\/liewood-solhatt-gorm-girl-power\/"]}]},{"@type":"ImageObject","inLanguage":"nb-NO","@id":"https:\/\/babylove.se\/no\/produkt\/liewood-solhatt-gorm-girl-power\/#primaryimage","url":"https:\/\/babylove.se\/no\/wp-content\/uploads\/sites\/3\/2025\/07\/5d8218a39b4e6.jpeg","contentUrl":"https:\/\/babylove.se\/no\/wp-content\/uploads\/sites\/3\/2025\/07\/5d8218a39b4e6.jpeg","width":744,"height":750},{"@type":"BreadcrumbList","@id":"https:\/\/babylove.se\/no\/produkt\/liewood-solhatt-gorm-girl-power\/#breadcrumb","itemListElement":[{"@type":"ListItem","position":1,"name":"Hem","item":"https:\/\/babylove.se\/no\/"},{"@type":"ListItem","position":2,"name":"Butik","item":"https:\/\/babylove.se\/no\/butik\/"},{"@type":"ListItem","position":3,"name":"Liewood, Solhatt Gorm, girl power"}]},{"@type":"WebSite","@id":"https:\/\/babylove.se\/no\/#website","url":"https:\/\/babylove.se\/no\/","name":"Babylove Norska","description":"","potentialAction":[{"@type":"SearchAction","target":{"@type":"EntryPoint","urlTemplate":"https:\/\/babylove.se\/no\/?s={search_term_string}"},"query-input":{"@type":"PropertyValueSpecification","valueRequired":true,"valueName":"search_term_string"}}],"inLanguage":"nb-NO"}]},"product_brand":"Liewood","og_availability":"out of stock","product_availability":"out of stock","product_retailer_item_id":"Girlpower-0-6-m\u00e5nader","product_condition":"new"},"_links":{"self":[{"href":"https:\/\/babylove.se\/no\/wp-json\/wp\/v2\/product\/6713","targetHints":{"allow":["GET"]}}],"collection":[{"href":"https:\/\/babylove.se\/no\/wp-json\/wp\/v2\/product"}],"about":[{"href":"https:\/\/babylove.se\/no\/wp-json\/wp\/v2\/types\/product"}],"replies":[{"embeddable":true,"href":"https:\/\/babylove.se\/no\/wp-json\/wp\/v2\/comments?post=6713"}],"wp:featuredmedia":[{"embeddable":true,"href":"https:\/\/babylove.se\/no\/wp-json\/wp\/v2\/media\/6715"}],"wp:attachment":[{"href":"https:\/\/babylove.se\/no\/wp-json\/wp\/v2\/media?parent=6713"}],"wp:term":[{"taxonomy":"product_brand","embeddable":true,"href":"https:\/\/babylove.se\/no\/wp-json\/wp\/v2\/product_brand?post=6713"},{"taxonomy":"product_cat","embeddable":true,"href":"https:\/\/babylove.se\/no\/wp-json\/wp\/v2\/product_cat?post=6713"},{"taxonomy":"product_tag","embeddable":true,"href":"https:\/\/babylove.se\/no\/wp-json\/wp\/v2\/product_tag?post=6713"}],"curies":[{"name":"wp","href":"https:\/\/api.w.org\/{rel}","templated":true}]}}