{"id":6780,"date":"2025-07-18T20:38:32","date_gmt":"2025-07-18T19:38:32","guid":{"rendered":"https:\/\/babylove.se\/produkt\/dra-pa-lakan-vagnvagga-2-pack-gra-dju-hjarta-pink-no-more\/"},"modified":"2026-05-11T12:58:28","modified_gmt":"2026-05-11T11:58:28","slug":"dra-pa-laken-vognvugge-2-pakk-gra-dyp-hjerte-rosa-no-more","status":"publish","type":"product","link":"https:\/\/babylove.se\/no\/produkt\/dra-pa-laken-vognvugge-2-pakk-gra-dyp-hjerte-rosa-no-more\/","title":{"rendered":"Strekklaken vogn\/vugge , 2-pakk , Gr\u00e5 Dyr &#038; Hjerte, Pink No More"},"content":{"rendered":"<p><strong>Str\u00f8kent laken vogn\/vugge ,2-pakk,  Gr\u00e5 Dyr &#038; Hjerte, Pink No More  <\/strong><\/p>\n<p>Et delikat og vakkert str\u00f8kent laken som passer til de aller fleste barnevogner. Det blir b\u00e5de ekstra koselig for barnet ditt i vognen, samtidig som du beskytter madrassen mot flekker og du enkelt kan holde rent i og rundt vognen. Lakenet er veldig enkelt \u00e5 ta av og sette p\u00e5, og \u00e5 vaske det blir derfor meget smidig. <\/p>\n<p>Samtlige brukte farger er selvsagt helt barnesikre. <\/p>\n<p><strong>Materiale<\/strong>: 100 % bomull. <\/p>\n<p><strong>M\u00e5l<\/strong>: 50 x 80 cm , Kommer i sett p\u00e5 to.<\/p>\n<p>Designer: <a href=\"https:\/\/babylove.se\/varumarken\/pink-no-more\"><u>Pink No More<\/u><\/a><\/p>\n","protected":false},"excerpt":{"rendered":"<p>Str\u00f8kent laken vogn\/vugge ,2-pakk, Gr\u00e5 Dyr &#038; Hjerte, Pink No More Et delikat og vakkert str\u00f8kent laken som passer til de aller fleste barnevogner. Det blir b\u00e5de ekstra koselig for barnet ditt i vognen, samtidig som du beskytter madrassen mot flekker og du enkelt kan holde rent i og rundt vognen. Lakenet er veldig enkelt [&hellip;]<\/p>\n","protected":false},"featured_media":6782,"comment_status":"closed","ping_status":"open","template":"","meta":{"_acf_changed":false},"product_brand":[187],"product_cat":[188,48,119],"product_tag":[],"class_list":{"0":"post-6780","1":"product","2":"type-product","3":"status-publish","4":"has-post-thumbnail","6":"product_brand-pink-no-more","7":"product_cat-pink-no-more","8":"product_cat-startside","9":"product_cat-underlaken","11":"first","12":"outofstock","13":"taxable","14":"shipping-taxable","15":"purchasable","16":"product-type-simple"},"acf":[],"yoast_head":"<!-- This site is optimized with the Yoast SEO Premium plugin v25.8 (Yoast SEO v27.2) - https:\/\/yoast.com\/product\/yoast-seo-premium-wordpress\/ -->\n<title>Strekklaken vogn\/vugge , 2-pakk , Gr\u00e5 Dyr &amp; Hjerte, Pink No More - Babylove Norska<\/title>\n<meta name=\"description\" content=\"Ett delikat och vackert dra-p\u00e5-lakan som passar till de allra flesta barnvagnarna. Kommer i set om tv\u00e5 - 14 dagars \u00f6ppet k\u00f6p - skickas inom 24 timmar !\" \/>\n<meta name=\"robots\" content=\"noindex, follow, max-snippet:-1, max-image-preview:large, max-video-preview:-1\" \/>\n<meta property=\"og:locale\" content=\"nb_NO\" \/>\n<meta property=\"og:type\" content=\"article\" \/>\n<meta property=\"og:title\" content=\"Strekklaken vogn\/vugge , 2-pakk , Gr\u00e5 Dyr &amp; Hjerte, Pink No More\" \/>\n<meta property=\"og:description\" content=\"Ett delikat och vackert dra-p\u00e5-lakan som passar till de allra flesta barnvagnarna. Kommer i set om tv\u00e5 - 14 dagars \u00f6ppet k\u00f6p - skickas inom 24 timmar !\" \/>\n<meta property=\"og:url\" content=\"https:\/\/babylove.se\/no\/produkt\/dra-pa-laken-vognvugge-2-pakk-gra-dyp-hjerte-rosa-no-more\/\" \/>\n<meta property=\"og:site_name\" content=\"Babylove Norska\" \/>\n<meta property=\"article:modified_time\" content=\"2026-05-11T11:58:28+00:00\" \/>\n<meta property=\"og:image\" content=\"https:\/\/babylove.se\/no\/wp-content\/uploads\/sites\/3\/2025\/07\/5b20d34b0b16f.jpeg\" \/>\n\t<meta property=\"og:image:width\" content=\"750\" \/>\n\t<meta property=\"og:image:height\" content=\"500\" \/>\n\t<meta property=\"og:image:type\" content=\"image\/jpeg\" \/>\n<meta name=\"twitter:card\" content=\"summary_large_image\" \/>\n<meta name=\"twitter:label1\" content=\"Price\" \/>\n\t<meta name=\"twitter:data1\" content=\"419,00&nbsp;&#107;&#114;\" \/>\n\t<meta name=\"twitter:label2\" content=\"Availability\" \/>\n\t<meta name=\"twitter:data2\" content=\"Out of stock\" \/>\n<script type=\"application\/ld+json\" class=\"yoast-schema-graph\">{\"@context\":\"https:\/\/schema.org\",\"@graph\":[{\"@type\":\"WebPage\",\"@id\":\"https:\/\/babylove.se\/no\/produkt\/dra-pa-laken-vognvugge-2-pakk-gra-dyp-hjerte-rosa-no-more\/\",\"url\":\"https:\/\/babylove.se\/no\/produkt\/dra-pa-laken-vognvugge-2-pakk-gra-dyp-hjerte-rosa-no-more\/\",\"name\":\"Strekklaken vogn\/vugge , 2-pakk , Gr\u00e5 Dyr & Hjerte, Pink No More - Babylove Norska\",\"isPartOf\":{\"@id\":\"https:\/\/babylove.se\/no\/#website\"},\"primaryImageOfPage\":{\"@id\":\"https:\/\/babylove.se\/no\/produkt\/dra-pa-laken-vognvugge-2-pakk-gra-dyp-hjerte-rosa-no-more\/#primaryimage\"},\"image\":{\"@id\":\"https:\/\/babylove.se\/no\/produkt\/dra-pa-laken-vognvugge-2-pakk-gra-dyp-hjerte-rosa-no-more\/#primaryimage\"},\"thumbnailUrl\":\"https:\/\/babylove.se\/no\/wp-content\/uploads\/sites\/3\/2025\/07\/5b20d34b0b16f.jpeg\",\"datePublished\":\"2025-07-18T19:38:32+00:00\",\"dateModified\":\"2026-05-11T11:58:28+00:00\",\"description\":\"Ett delikat och vackert dra-p\u00e5-lakan som passar till de allra flesta barnvagnarna. Kommer i set om tv\u00e5 - 14 dagars \u00f6ppet k\u00f6p - skickas inom 24 timmar !\",\"breadcrumb\":{\"@id\":\"https:\/\/babylove.se\/no\/produkt\/dra-pa-laken-vognvugge-2-pakk-gra-dyp-hjerte-rosa-no-more\/#breadcrumb\"},\"inLanguage\":\"nb-NO\",\"potentialAction\":[{\"@type\":\"ReadAction\",\"target\":[\"https:\/\/babylove.se\/no\/produkt\/dra-pa-laken-vognvugge-2-pakk-gra-dyp-hjerte-rosa-no-more\/\"]}]},{\"@type\":\"ImageObject\",\"inLanguage\":\"nb-NO\",\"@id\":\"https:\/\/babylove.se\/no\/produkt\/dra-pa-laken-vognvugge-2-pakk-gra-dyp-hjerte-rosa-no-more\/#primaryimage\",\"url\":\"https:\/\/babylove.se\/no\/wp-content\/uploads\/sites\/3\/2025\/07\/5b20d34b0b16f.jpeg\",\"contentUrl\":\"https:\/\/babylove.se\/no\/wp-content\/uploads\/sites\/3\/2025\/07\/5b20d34b0b16f.jpeg\",\"width\":750,\"height\":500},{\"@type\":\"BreadcrumbList\",\"@id\":\"https:\/\/babylove.se\/no\/produkt\/dra-pa-laken-vognvugge-2-pakk-gra-dyp-hjerte-rosa-no-more\/#breadcrumb\",\"itemListElement\":[{\"@type\":\"ListItem\",\"position\":1,\"name\":\"Hem\",\"item\":\"https:\/\/babylove.se\/no\/\"},{\"@type\":\"ListItem\",\"position\":2,\"name\":\"Butik\",\"item\":\"https:\/\/babylove.se\/no\/butik\/\"},{\"@type\":\"ListItem\",\"position\":3,\"name\":\"Strekklaken vogn\/vugge , 2-pakk , Gr\u00e5 Dyr &#038; Hjerte, Pink No More\"}]},{\"@type\":\"WebSite\",\"@id\":\"https:\/\/babylove.se\/no\/#website\",\"url\":\"https:\/\/babylove.se\/no\/\",\"name\":\"Babylove Norska\",\"description\":\"\",\"potentialAction\":[{\"@type\":\"SearchAction\",\"target\":{\"@type\":\"EntryPoint\",\"urlTemplate\":\"https:\/\/babylove.se\/no\/?s={search_term_string}\"},\"query-input\":{\"@type\":\"PropertyValueSpecification\",\"valueRequired\":true,\"valueName\":\"search_term_string\"}}],\"inLanguage\":\"nb-NO\"}]}<\/script>\n<meta property=\"product:brand\" content=\"Pink No more\" \/>\n<meta property=\"product:price:amount\" content=\"419.00\" \/>\n<meta property=\"product:price:currency\" content=\"NOK\" \/>\n<meta property=\"og:availability\" content=\"out of stock\" \/>\n<meta property=\"product:availability\" content=\"out of stock\" \/>\n<meta property=\"product:retailer_item_id\" content=\"1973\" \/>\n<meta property=\"product:condition\" content=\"new\" \/>\n<!-- \/ Yoast SEO Premium plugin. -->","yoast_head_json":{"title":"Strekklaken vogn\/vugge , 2-pakk , Gr\u00e5 Dyr & Hjerte, Pink No More - Babylove Norska","description":"Ett delikat och vackert dra-p\u00e5-lakan som passar till de allra flesta barnvagnarna. Kommer i set om tv\u00e5 - 14 dagars \u00f6ppet k\u00f6p - skickas inom 24 timmar !","robots":{"index":"noindex","follow":"follow","max-snippet":"max-snippet:-1","max-image-preview":"max-image-preview:large","max-video-preview":"max-video-preview:-1"},"og_locale":"nb_NO","og_type":"article","og_title":"Strekklaken vogn\/vugge , 2-pakk , Gr\u00e5 Dyr & Hjerte, Pink No More","og_description":"Ett delikat och vackert dra-p\u00e5-lakan som passar till de allra flesta barnvagnarna. Kommer i set om tv\u00e5 - 14 dagars \u00f6ppet k\u00f6p - skickas inom 24 timmar !","og_url":"https:\/\/babylove.se\/no\/produkt\/dra-pa-laken-vognvugge-2-pakk-gra-dyp-hjerte-rosa-no-more\/","og_site_name":"Babylove Norska","article_modified_time":"2026-05-11T11:58:28+00:00","og_image":[{"width":750,"height":500,"url":"https:\/\/babylove.se\/no\/wp-content\/uploads\/sites\/3\/2025\/07\/5b20d34b0b16f.jpeg","type":"image\/jpeg"}],"twitter_card":"summary_large_image","twitter_misc":{"Price":"419,00&nbsp;&#107;&#114;","Availability":"Out of stock"},"schema":{"@context":"https:\/\/schema.org","@graph":[{"@type":"WebPage","@id":"https:\/\/babylove.se\/no\/produkt\/dra-pa-laken-vognvugge-2-pakk-gra-dyp-hjerte-rosa-no-more\/","url":"https:\/\/babylove.se\/no\/produkt\/dra-pa-laken-vognvugge-2-pakk-gra-dyp-hjerte-rosa-no-more\/","name":"Strekklaken vogn\/vugge , 2-pakk , Gr\u00e5 Dyr & Hjerte, Pink No More - Babylove Norska","isPartOf":{"@id":"https:\/\/babylove.se\/no\/#website"},"primaryImageOfPage":{"@id":"https:\/\/babylove.se\/no\/produkt\/dra-pa-laken-vognvugge-2-pakk-gra-dyp-hjerte-rosa-no-more\/#primaryimage"},"image":{"@id":"https:\/\/babylove.se\/no\/produkt\/dra-pa-laken-vognvugge-2-pakk-gra-dyp-hjerte-rosa-no-more\/#primaryimage"},"thumbnailUrl":"https:\/\/babylove.se\/no\/wp-content\/uploads\/sites\/3\/2025\/07\/5b20d34b0b16f.jpeg","datePublished":"2025-07-18T19:38:32+00:00","dateModified":"2026-05-11T11:58:28+00:00","description":"Ett delikat och vackert dra-p\u00e5-lakan som passar till de allra flesta barnvagnarna. Kommer i set om tv\u00e5 - 14 dagars \u00f6ppet k\u00f6p - skickas inom 24 timmar !","breadcrumb":{"@id":"https:\/\/babylove.se\/no\/produkt\/dra-pa-laken-vognvugge-2-pakk-gra-dyp-hjerte-rosa-no-more\/#breadcrumb"},"inLanguage":"nb-NO","potentialAction":[{"@type":"ReadAction","target":["https:\/\/babylove.se\/no\/produkt\/dra-pa-laken-vognvugge-2-pakk-gra-dyp-hjerte-rosa-no-more\/"]}]},{"@type":"ImageObject","inLanguage":"nb-NO","@id":"https:\/\/babylove.se\/no\/produkt\/dra-pa-laken-vognvugge-2-pakk-gra-dyp-hjerte-rosa-no-more\/#primaryimage","url":"https:\/\/babylove.se\/no\/wp-content\/uploads\/sites\/3\/2025\/07\/5b20d34b0b16f.jpeg","contentUrl":"https:\/\/babylove.se\/no\/wp-content\/uploads\/sites\/3\/2025\/07\/5b20d34b0b16f.jpeg","width":750,"height":500},{"@type":"BreadcrumbList","@id":"https:\/\/babylove.se\/no\/produkt\/dra-pa-laken-vognvugge-2-pakk-gra-dyp-hjerte-rosa-no-more\/#breadcrumb","itemListElement":[{"@type":"ListItem","position":1,"name":"Hem","item":"https:\/\/babylove.se\/no\/"},{"@type":"ListItem","position":2,"name":"Butik","item":"https:\/\/babylove.se\/no\/butik\/"},{"@type":"ListItem","position":3,"name":"Strekklaken vogn\/vugge , 2-pakk , Gr\u00e5 Dyr &#038; Hjerte, Pink No More"}]},{"@type":"WebSite","@id":"https:\/\/babylove.se\/no\/#website","url":"https:\/\/babylove.se\/no\/","name":"Babylove Norska","description":"","potentialAction":[{"@type":"SearchAction","target":{"@type":"EntryPoint","urlTemplate":"https:\/\/babylove.se\/no\/?s={search_term_string}"},"query-input":{"@type":"PropertyValueSpecification","valueRequired":true,"valueName":"search_term_string"}}],"inLanguage":"nb-NO"}]},"product_brand":"Pink No more","product_price_amount":"419.00","product_price_currency":"NOK","og_availability":"out of stock","product_availability":"out of stock","product_retailer_item_id":"1973","product_condition":"new"},"_links":{"self":[{"href":"https:\/\/babylove.se\/no\/wp-json\/wp\/v2\/product\/6780","targetHints":{"allow":["GET"]}}],"collection":[{"href":"https:\/\/babylove.se\/no\/wp-json\/wp\/v2\/product"}],"about":[{"href":"https:\/\/babylove.se\/no\/wp-json\/wp\/v2\/types\/product"}],"replies":[{"embeddable":true,"href":"https:\/\/babylove.se\/no\/wp-json\/wp\/v2\/comments?post=6780"}],"wp:featuredmedia":[{"embeddable":true,"href":"https:\/\/babylove.se\/no\/wp-json\/wp\/v2\/media\/6782"}],"wp:attachment":[{"href":"https:\/\/babylove.se\/no\/wp-json\/wp\/v2\/media?parent=6780"}],"wp:term":[{"taxonomy":"product_brand","embeddable":true,"href":"https:\/\/babylove.se\/no\/wp-json\/wp\/v2\/product_brand?post=6780"},{"taxonomy":"product_cat","embeddable":true,"href":"https:\/\/babylove.se\/no\/wp-json\/wp\/v2\/product_cat?post=6780"},{"taxonomy":"product_tag","embeddable":true,"href":"https:\/\/babylove.se\/no\/wp-json\/wp\/v2\/product_tag?post=6780"}],"curies":[{"name":"wp","href":"https:\/\/api.w.org\/{rel}","templated":true}]}}