{"id":6805,"date":"2025-07-18T20:39:04","date_gmt":"2025-07-18T19:39:04","guid":{"rendered":"https:\/\/babylove.se\/produkt\/haklapp-med-arm-balloon-blue-done-by-deer\/"},"modified":"2026-04-08T08:31:04","modified_gmt":"2026-04-08T07:31:04","slug":"haklapp-med-arm-ballong-bla-done-by-deer","status":"publish","type":"product","link":"https:\/\/babylove.se\/no\/produkt\/haklapp-med-arm-ballong-bla-done-by-deer\/","title":{"rendered":"Smekke med erme, Balloon blue , Done By Deer"},"content":{"rendered":"<p>Et s\u00f8tt og lang\u00e6rmet forkle fra Done By Deer som holder barnet ditt rent fra matrester.<\/p>\n<p>Smekken er laget av vanntett polyuretan og du kan enkelt rengj\u00f8re den etter m\u00e5ltidet. Smekken har flere bruksomr\u00e5der, for eksempel n\u00e5r barnet skal male eller drive med pyssel.<\/p>\n<p>M\u00e5l: 49 x 82 cm.<\/p>\n<p>Vasker\u00e5d: Maskinvask 30\u00b0C.<\/p>\n","protected":false},"excerpt":{"rendered":"<p>Et s\u00f8tt og lang\u00e6rmet forkle fra Done By Deer som holder barnet ditt rent fra matrester. Smekken er laget av vanntett polyuretan og du kan enkelt rengj\u00f8re den etter m\u00e5ltidet. Smekken har flere bruksomr\u00e5der, for eksempel n\u00e5r barnet skal male eller drive med pyssel. M\u00e5l: 49 x 82 cm. Vasker\u00e5d: Maskinvask 30\u00b0C.<\/p>\n","protected":false},"featured_media":6807,"comment_status":"closed","ping_status":"open","template":"","meta":{"_acf_changed":false},"product_brand":[54],"product_cat":[55,206,48],"product_tag":[1689],"class_list":{"0":"post-6805","1":"product","2":"type-product","3":"status-publish","4":"has-post-thumbnail","6":"product_brand-done-by-deer","7":"product_cat-done-by-deer","8":"product_cat-smekker","9":"product_cat-startside","10":"product_tag-bestillingsvaror","12":"first","13":"outofstock","14":"taxable","15":"shipping-taxable","16":"purchasable","17":"product-type-simple"},"acf":[],"yoast_head":"<!-- This site is optimized with the Yoast SEO Premium plugin v25.8 (Yoast SEO v27.2) - https:\/\/yoast.com\/product\/yoast-seo-premium-wordpress\/ -->\n<title>Smekke med erme, Balloon blue , Done By Deer - Babylove Norska<\/title>\n<meta name=\"robots\" content=\"noindex, follow, max-snippet:-1, max-image-preview:large, max-video-preview:-1\" \/>\n<meta property=\"og:locale\" content=\"nb_NO\" \/>\n<meta property=\"og:type\" content=\"article\" \/>\n<meta property=\"og:title\" content=\"Smekke med erme, Balloon blue , Done By Deer\" \/>\n<meta property=\"og:description\" content=\"Et s\u00f8tt og lang\u00e6rmet forkle fra Done By Deer som holder barnet ditt rent fra matrester. Smekken er laget av vanntett polyuretan og du kan enkelt rengj\u00f8re den etter m\u00e5ltidet. Smekken har flere bruksomr\u00e5der, for eksempel n\u00e5r barnet skal male eller drive med pyssel. M\u00e5l: 49 x 82 cm. Vasker\u00e5d: Maskinvask 30\u00b0C.\" \/>\n<meta property=\"og:url\" content=\"https:\/\/babylove.se\/no\/produkt\/haklapp-med-arm-ballong-bla-done-by-deer\/\" \/>\n<meta property=\"og:site_name\" content=\"Babylove Norska\" \/>\n<meta property=\"article:modified_time\" content=\"2026-04-08T07:31:04+00:00\" \/>\n<meta property=\"og:image\" content=\"https:\/\/babylove.se\/no\/wp-content\/uploads\/sites\/3\/2025\/07\/5b222b1507ab4.jpeg\" \/>\n\t<meta property=\"og:image:width\" content=\"750\" \/>\n\t<meta property=\"og:image:height\" content=\"750\" \/>\n\t<meta property=\"og:image:type\" content=\"image\/jpeg\" \/>\n<meta name=\"twitter:card\" content=\"summary_large_image\" \/>\n<meta name=\"twitter:label1\" content=\"Price\" \/>\n\t<meta name=\"twitter:data1\" content=\"159,00&nbsp;&#107;&#114;\" \/>\n\t<meta name=\"twitter:label2\" content=\"Availability\" \/>\n\t<meta name=\"twitter:data2\" content=\"Out of stock\" \/>\n<script type=\"application\/ld+json\" class=\"yoast-schema-graph\">{\"@context\":\"https:\/\/schema.org\",\"@graph\":[{\"@type\":\"WebPage\",\"@id\":\"https:\/\/babylove.se\/no\/produkt\/haklapp-med-arm-ballong-bla-done-by-deer\/\",\"url\":\"https:\/\/babylove.se\/no\/produkt\/haklapp-med-arm-ballong-bla-done-by-deer\/\",\"name\":\"Smekke med erme, Balloon blue , Done By Deer - Babylove Norska\",\"isPartOf\":{\"@id\":\"https:\/\/babylove.se\/no\/#website\"},\"primaryImageOfPage\":{\"@id\":\"https:\/\/babylove.se\/no\/produkt\/haklapp-med-arm-ballong-bla-done-by-deer\/#primaryimage\"},\"image\":{\"@id\":\"https:\/\/babylove.se\/no\/produkt\/haklapp-med-arm-ballong-bla-done-by-deer\/#primaryimage\"},\"thumbnailUrl\":\"https:\/\/babylove.se\/no\/wp-content\/uploads\/sites\/3\/2025\/07\/5b222b1507ab4.jpeg\",\"datePublished\":\"2025-07-18T19:39:04+00:00\",\"dateModified\":\"2026-04-08T07:31:04+00:00\",\"breadcrumb\":{\"@id\":\"https:\/\/babylove.se\/no\/produkt\/haklapp-med-arm-ballong-bla-done-by-deer\/#breadcrumb\"},\"inLanguage\":\"nb-NO\",\"potentialAction\":[{\"@type\":\"ReadAction\",\"target\":[\"https:\/\/babylove.se\/no\/produkt\/haklapp-med-arm-ballong-bla-done-by-deer\/\"]}]},{\"@type\":\"ImageObject\",\"inLanguage\":\"nb-NO\",\"@id\":\"https:\/\/babylove.se\/no\/produkt\/haklapp-med-arm-ballong-bla-done-by-deer\/#primaryimage\",\"url\":\"https:\/\/babylove.se\/no\/wp-content\/uploads\/sites\/3\/2025\/07\/5b222b1507ab4.jpeg\",\"contentUrl\":\"https:\/\/babylove.se\/no\/wp-content\/uploads\/sites\/3\/2025\/07\/5b222b1507ab4.jpeg\",\"width\":750,\"height\":750},{\"@type\":\"BreadcrumbList\",\"@id\":\"https:\/\/babylove.se\/no\/produkt\/haklapp-med-arm-ballong-bla-done-by-deer\/#breadcrumb\",\"itemListElement\":[{\"@type\":\"ListItem\",\"position\":1,\"name\":\"Hem\",\"item\":\"https:\/\/babylove.se\/no\/\"},{\"@type\":\"ListItem\",\"position\":2,\"name\":\"Butik\",\"item\":\"https:\/\/babylove.se\/no\/butik\/\"},{\"@type\":\"ListItem\",\"position\":3,\"name\":\"Smekke med erme, Balloon blue , Done By Deer\"}]},{\"@type\":\"WebSite\",\"@id\":\"https:\/\/babylove.se\/no\/#website\",\"url\":\"https:\/\/babylove.se\/no\/\",\"name\":\"Babylove Norska\",\"description\":\"\",\"potentialAction\":[{\"@type\":\"SearchAction\",\"target\":{\"@type\":\"EntryPoint\",\"urlTemplate\":\"https:\/\/babylove.se\/no\/?s={search_term_string}\"},\"query-input\":{\"@type\":\"PropertyValueSpecification\",\"valueRequired\":true,\"valueName\":\"search_term_string\"}}],\"inLanguage\":\"nb-NO\"}]}<\/script>\n<meta property=\"product:brand\" content=\"Done by Deer\" \/>\n<meta property=\"product:price:amount\" content=\"159.00\" \/>\n<meta property=\"product:price:currency\" content=\"SEK\" \/>\n<meta property=\"og:availability\" content=\"out of stock\" \/>\n<meta property=\"product:availability\" content=\"out of stock\" \/>\n<meta property=\"product:retailer_item_id\" content=\"1979\" \/>\n<meta property=\"product:condition\" content=\"new\" \/>\n<!-- \/ Yoast SEO Premium plugin. -->","yoast_head_json":{"title":"Smekke med erme, Balloon blue , Done By Deer - Babylove Norska","robots":{"index":"noindex","follow":"follow","max-snippet":"max-snippet:-1","max-image-preview":"max-image-preview:large","max-video-preview":"max-video-preview:-1"},"og_locale":"nb_NO","og_type":"article","og_title":"Smekke med erme, Balloon blue , Done By Deer","og_description":"Et s\u00f8tt og lang\u00e6rmet forkle fra Done By Deer som holder barnet ditt rent fra matrester. Smekken er laget av vanntett polyuretan og du kan enkelt rengj\u00f8re den etter m\u00e5ltidet. Smekken har flere bruksomr\u00e5der, for eksempel n\u00e5r barnet skal male eller drive med pyssel. M\u00e5l: 49 x 82 cm. Vasker\u00e5d: Maskinvask 30\u00b0C.","og_url":"https:\/\/babylove.se\/no\/produkt\/haklapp-med-arm-ballong-bla-done-by-deer\/","og_site_name":"Babylove Norska","article_modified_time":"2026-04-08T07:31:04+00:00","og_image":[{"width":750,"height":750,"url":"https:\/\/babylove.se\/no\/wp-content\/uploads\/sites\/3\/2025\/07\/5b222b1507ab4.jpeg","type":"image\/jpeg"}],"twitter_card":"summary_large_image","twitter_misc":{"Price":"159,00&nbsp;&#107;&#114;","Availability":"Out of stock"},"schema":{"@context":"https:\/\/schema.org","@graph":[{"@type":"WebPage","@id":"https:\/\/babylove.se\/no\/produkt\/haklapp-med-arm-ballong-bla-done-by-deer\/","url":"https:\/\/babylove.se\/no\/produkt\/haklapp-med-arm-ballong-bla-done-by-deer\/","name":"Smekke med erme, Balloon blue , Done By Deer - Babylove Norska","isPartOf":{"@id":"https:\/\/babylove.se\/no\/#website"},"primaryImageOfPage":{"@id":"https:\/\/babylove.se\/no\/produkt\/haklapp-med-arm-ballong-bla-done-by-deer\/#primaryimage"},"image":{"@id":"https:\/\/babylove.se\/no\/produkt\/haklapp-med-arm-ballong-bla-done-by-deer\/#primaryimage"},"thumbnailUrl":"https:\/\/babylove.se\/no\/wp-content\/uploads\/sites\/3\/2025\/07\/5b222b1507ab4.jpeg","datePublished":"2025-07-18T19:39:04+00:00","dateModified":"2026-04-08T07:31:04+00:00","breadcrumb":{"@id":"https:\/\/babylove.se\/no\/produkt\/haklapp-med-arm-ballong-bla-done-by-deer\/#breadcrumb"},"inLanguage":"nb-NO","potentialAction":[{"@type":"ReadAction","target":["https:\/\/babylove.se\/no\/produkt\/haklapp-med-arm-ballong-bla-done-by-deer\/"]}]},{"@type":"ImageObject","inLanguage":"nb-NO","@id":"https:\/\/babylove.se\/no\/produkt\/haklapp-med-arm-ballong-bla-done-by-deer\/#primaryimage","url":"https:\/\/babylove.se\/no\/wp-content\/uploads\/sites\/3\/2025\/07\/5b222b1507ab4.jpeg","contentUrl":"https:\/\/babylove.se\/no\/wp-content\/uploads\/sites\/3\/2025\/07\/5b222b1507ab4.jpeg","width":750,"height":750},{"@type":"BreadcrumbList","@id":"https:\/\/babylove.se\/no\/produkt\/haklapp-med-arm-ballong-bla-done-by-deer\/#breadcrumb","itemListElement":[{"@type":"ListItem","position":1,"name":"Hem","item":"https:\/\/babylove.se\/no\/"},{"@type":"ListItem","position":2,"name":"Butik","item":"https:\/\/babylove.se\/no\/butik\/"},{"@type":"ListItem","position":3,"name":"Smekke med erme, Balloon blue , Done By Deer"}]},{"@type":"WebSite","@id":"https:\/\/babylove.se\/no\/#website","url":"https:\/\/babylove.se\/no\/","name":"Babylove Norska","description":"","potentialAction":[{"@type":"SearchAction","target":{"@type":"EntryPoint","urlTemplate":"https:\/\/babylove.se\/no\/?s={search_term_string}"},"query-input":{"@type":"PropertyValueSpecification","valueRequired":true,"valueName":"search_term_string"}}],"inLanguage":"nb-NO"}]},"product_brand":"Done by Deer","product_price_amount":"159.00","product_price_currency":"SEK","og_availability":"out of stock","product_availability":"out of stock","product_retailer_item_id":"1979","product_condition":"new"},"_links":{"self":[{"href":"https:\/\/babylove.se\/no\/wp-json\/wp\/v2\/product\/6805","targetHints":{"allow":["GET"]}}],"collection":[{"href":"https:\/\/babylove.se\/no\/wp-json\/wp\/v2\/product"}],"about":[{"href":"https:\/\/babylove.se\/no\/wp-json\/wp\/v2\/types\/product"}],"replies":[{"embeddable":true,"href":"https:\/\/babylove.se\/no\/wp-json\/wp\/v2\/comments?post=6805"}],"wp:featuredmedia":[{"embeddable":true,"href":"https:\/\/babylove.se\/no\/wp-json\/wp\/v2\/media\/6807"}],"wp:attachment":[{"href":"https:\/\/babylove.se\/no\/wp-json\/wp\/v2\/media?parent=6805"}],"wp:term":[{"taxonomy":"product_brand","embeddable":true,"href":"https:\/\/babylove.se\/no\/wp-json\/wp\/v2\/product_brand?post=6805"},{"taxonomy":"product_cat","embeddable":true,"href":"https:\/\/babylove.se\/no\/wp-json\/wp\/v2\/product_cat?post=6805"},{"taxonomy":"product_tag","embeddable":true,"href":"https:\/\/babylove.se\/no\/wp-json\/wp\/v2\/product_tag?post=6805"}],"curies":[{"name":"wp","href":"https:\/\/api.w.org\/{rel}","templated":true}]}}