{"id":6814,"date":"2025-07-18T20:39:04","date_gmt":"2025-07-18T19:39:04","guid":{"rendered":"https:\/\/babylove.se\/produkt\/nattlampa-till-barnrummet-dino-little-lights\/"},"modified":"2026-04-08T08:31:10","modified_gmt":"2026-04-08T07:31:10","slug":"nattlampe-til-barnerommet-dino-little-lights","status":"publish","type":"product","link":"https:\/\/babylove.se\/no\/produkt\/nattlampe-til-barnerommet-dino-little-lights\/","title":{"rendered":"Little Lights, Nattlampe til barnerommet, Dino bl\u00e5"},"content":{"rendered":"<p>En fantastisk lampe til barnerommet som vil l\u00f8fte innredningen din samtidig som den fungerer som en perfekt nattlampe for barnet ditt. <\/p>\n<p>Laget av tre og h\u00e5ndmalt i barnesikre farger. Hver lampe lages for h\u00e5nd og p\u00e5 bestilling hvilket gj\u00f8r hver lampe helt unik, samtidig som leveringstiden kan bli litt lengre. <\/p>\n<p>Belysningen i lampen best\u00e5r av sikre lysdioder som dessuten st\u00e5r for full holdbarhet og forbruker lite energi. De er valgt ut med omhu for \u00e5 v\u00e6re milj\u00f8vennlige. Lampen drives av en vanlig stikkontakt og kan stilles inn til automatisk \u00e5 slukke etter 30, 60 eller 90 minutter. Forberedt til \u00e5 henges p\u00e5 veggen. <\/p>\n<p>Alt tre som lampen er bygget av kommer fra n\u00f8ye utvalgte skogsomr\u00e5der med b\u00e6rekraftig skogbruk. <\/p>\n<ul>\n<li>St\u00f8rrelse: 39 cm x 36 cm x 5,5 cm<\/li>\n<li>Materiale: massiv furu<\/li>\n<li>LED-lamper<\/li>\n<li>Timer (30, 60 og 90 minutter)<\/li>\n<li>Dimmer<\/li>\n<li>3,3W 230V AC EU PLUG<\/li>\n<li>Brenntid:. Ca. 100 000h<\/li>\n<li>Str\u00f8mforsyning: stikkontakt<\/li>\n<li>Bryter: omkoppleren p\u00e5 kabelen<\/li>\n<\/ul>\n<p>P\u00e5 alle Little Lights lamper gir vi 12 m\u00e5neders garanti p\u00e5 lampene. Etter det kan de trenge \u00e5 skiftes og da m\u00e5 lampen \u00e5pnes forsiktig. Et sett med ekstralamper koster 159;- <\/p>\n<p>Designer: <a href=\"https:\/\/babylove.se\/varumarken\/little-lights-lampor\">Little Lights<\/a><\/p>\n","protected":false},"excerpt":{"rendered":"<p>En fantastisk lampe til barnerommet som vil l\u00f8fte innredningen din samtidig som den fungerer som en perfekt nattlampe for barnet ditt. Laget av tre og h\u00e5ndmalt i barnesikre farger. Hver lampe lages for h\u00e5nd og p\u00e5 bestilling hvilket gj\u00f8r hver lampe helt unik, samtidig som leveringstiden kan bli litt lengre. Belysningen i lampen best\u00e5r av [&hellip;]<\/p>\n","protected":false},"featured_media":6816,"comment_status":"closed","ping_status":"closed","template":"","meta":{"_acf_changed":false},"product_brand":[207],"product_cat":[70,90,26,31,208,179,48,37],"product_tag":[],"class_list":{"0":"post-6814","1":"product","2":"type-product","3":"status-publish","4":"has-post-thumbnail","6":"product_brand-little-lights","7":"product_cat-gaver","8":"product_cat-dyr","9":"product_cat-kjop-produkter-som-ikke-bare-er-for-gutter","10":"product_cat-lamper","11":"product_cat-sma-lys-lamper","12":"product_cat-nattlamper","13":"product_cat-startside","14":"product_cat-vegglamper","16":"first","17":"instock","18":"taxable","19":"shipping-taxable","20":"purchasable","21":"product-type-simple"},"acf":[],"yoast_head":"<!-- This site is optimized with the Yoast SEO Premium plugin v25.8 (Yoast SEO v27.2) - https:\/\/yoast.com\/product\/yoast-seo-premium-wordpress\/ -->\n<title>Little Lights, Nattlampe til barnerommet, Dino bl\u00e5 - Babylove Norska<\/title>\n<meta name=\"robots\" content=\"noindex, follow, max-snippet:-1, max-image-preview:large, max-video-preview:-1\" \/>\n<meta property=\"og:locale\" content=\"nb_NO\" \/>\n<meta property=\"og:type\" content=\"article\" \/>\n<meta property=\"og:title\" content=\"Little Lights, Nattlampe til barnerommet, Dino bl\u00e5\" \/>\n<meta property=\"og:description\" content=\"En fantastisk lampe til barnerommet som vil l\u00f8fte innredningen din samtidig som den fungerer som en perfekt nattlampe for barnet ditt. Laget av tre og h\u00e5ndmalt i barnesikre farger. Hver lampe lages for h\u00e5nd og p\u00e5 bestilling hvilket gj\u00f8r hver lampe helt unik, samtidig som leveringstiden kan bli litt lengre. Belysningen i lampen best\u00e5r av [&hellip;]\" \/>\n<meta property=\"og:url\" content=\"https:\/\/babylove.se\/no\/produkt\/nattlampe-til-barnerommet-dino-little-lights\/\" \/>\n<meta property=\"og:site_name\" content=\"Babylove Norska\" \/>\n<meta property=\"article:modified_time\" content=\"2026-04-08T07:31:10+00:00\" \/>\n<meta property=\"og:image\" content=\"https:\/\/babylove.se\/no\/wp-content\/uploads\/sites\/3\/2025\/07\/5b3a0e1b54acc.jpeg\" \/>\n\t<meta property=\"og:image:width\" content=\"750\" \/>\n\t<meta property=\"og:image:height\" content=\"500\" \/>\n\t<meta property=\"og:image:type\" content=\"image\/jpeg\" \/>\n<meta name=\"twitter:card\" content=\"summary_large_image\" \/>\n<meta name=\"twitter:label1\" content=\"Price\" \/>\n\t<meta name=\"twitter:data1\" content=\"2 299,00&nbsp;&#107;&#114;\" \/>\n\t<meta name=\"twitter:label2\" content=\"Availability\" \/>\n\t<meta name=\"twitter:data2\" content=\"In stock\" \/>\n<script type=\"application\/ld+json\" class=\"yoast-schema-graph\">{\"@context\":\"https:\/\/schema.org\",\"@graph\":[{\"@type\":\"WebPage\",\"@id\":\"https:\/\/babylove.se\/no\/produkt\/nattlampe-til-barnerommet-dino-little-lights\/\",\"url\":\"https:\/\/babylove.se\/no\/produkt\/nattlampe-til-barnerommet-dino-little-lights\/\",\"name\":\"Little Lights, Nattlampe til barnerommet, Dino bl\u00e5 - Babylove Norska\",\"isPartOf\":{\"@id\":\"https:\/\/babylove.se\/no\/#website\"},\"primaryImageOfPage\":{\"@id\":\"https:\/\/babylove.se\/no\/produkt\/nattlampe-til-barnerommet-dino-little-lights\/#primaryimage\"},\"image\":{\"@id\":\"https:\/\/babylove.se\/no\/produkt\/nattlampe-til-barnerommet-dino-little-lights\/#primaryimage\"},\"thumbnailUrl\":\"https:\/\/babylove.se\/no\/wp-content\/uploads\/sites\/3\/2025\/07\/5b3a0e1b54acc.jpeg\",\"datePublished\":\"2025-07-18T19:39:04+00:00\",\"dateModified\":\"2026-04-08T07:31:10+00:00\",\"breadcrumb\":{\"@id\":\"https:\/\/babylove.se\/no\/produkt\/nattlampe-til-barnerommet-dino-little-lights\/#breadcrumb\"},\"inLanguage\":\"nb-NO\",\"potentialAction\":[{\"@type\":\"ReadAction\",\"target\":[\"https:\/\/babylove.se\/no\/produkt\/nattlampe-til-barnerommet-dino-little-lights\/\"]}]},{\"@type\":\"ImageObject\",\"inLanguage\":\"nb-NO\",\"@id\":\"https:\/\/babylove.se\/no\/produkt\/nattlampe-til-barnerommet-dino-little-lights\/#primaryimage\",\"url\":\"https:\/\/babylove.se\/no\/wp-content\/uploads\/sites\/3\/2025\/07\/5b3a0e1b54acc.jpeg\",\"contentUrl\":\"https:\/\/babylove.se\/no\/wp-content\/uploads\/sites\/3\/2025\/07\/5b3a0e1b54acc.jpeg\",\"width\":750,\"height\":500},{\"@type\":\"BreadcrumbList\",\"@id\":\"https:\/\/babylove.se\/no\/produkt\/nattlampe-til-barnerommet-dino-little-lights\/#breadcrumb\",\"itemListElement\":[{\"@type\":\"ListItem\",\"position\":1,\"name\":\"Hem\",\"item\":\"https:\/\/babylove.se\/no\/\"},{\"@type\":\"ListItem\",\"position\":2,\"name\":\"Butik\",\"item\":\"https:\/\/babylove.se\/no\/butik\/\"},{\"@type\":\"ListItem\",\"position\":3,\"name\":\"Little Lights, Nattlampe til barnerommet, Dino bl\u00e5\"}]},{\"@type\":\"WebSite\",\"@id\":\"https:\/\/babylove.se\/no\/#website\",\"url\":\"https:\/\/babylove.se\/no\/\",\"name\":\"Babylove Norska\",\"description\":\"\",\"potentialAction\":[{\"@type\":\"SearchAction\",\"target\":{\"@type\":\"EntryPoint\",\"urlTemplate\":\"https:\/\/babylove.se\/no\/?s={search_term_string}\"},\"query-input\":{\"@type\":\"PropertyValueSpecification\",\"valueRequired\":true,\"valueName\":\"search_term_string\"}}],\"inLanguage\":\"nb-NO\"}]}<\/script>\n<meta property=\"product:brand\" content=\"Little Lights\" \/>\n<meta property=\"product:price:amount\" content=\"2299.00\" \/>\n<meta property=\"product:price:currency\" content=\"SEK\" \/>\n<meta property=\"og:availability\" content=\"instock\" \/>\n<meta property=\"product:availability\" content=\"instock\" \/>\n<meta property=\"product:retailer_item_id\" content=\"LL014-440\" \/>\n<meta property=\"product:condition\" content=\"new\" \/>\n<!-- \/ Yoast SEO Premium plugin. -->","yoast_head_json":{"title":"Little Lights, Nattlampe til barnerommet, Dino bl\u00e5 - Babylove Norska","robots":{"index":"noindex","follow":"follow","max-snippet":"max-snippet:-1","max-image-preview":"max-image-preview:large","max-video-preview":"max-video-preview:-1"},"og_locale":"nb_NO","og_type":"article","og_title":"Little Lights, Nattlampe til barnerommet, Dino bl\u00e5","og_description":"En fantastisk lampe til barnerommet som vil l\u00f8fte innredningen din samtidig som den fungerer som en perfekt nattlampe for barnet ditt. Laget av tre og h\u00e5ndmalt i barnesikre farger. Hver lampe lages for h\u00e5nd og p\u00e5 bestilling hvilket gj\u00f8r hver lampe helt unik, samtidig som leveringstiden kan bli litt lengre. Belysningen i lampen best\u00e5r av [&hellip;]","og_url":"https:\/\/babylove.se\/no\/produkt\/nattlampe-til-barnerommet-dino-little-lights\/","og_site_name":"Babylove Norska","article_modified_time":"2026-04-08T07:31:10+00:00","og_image":[{"width":750,"height":500,"url":"https:\/\/babylove.se\/no\/wp-content\/uploads\/sites\/3\/2025\/07\/5b3a0e1b54acc.jpeg","type":"image\/jpeg"}],"twitter_card":"summary_large_image","twitter_misc":{"Price":"2 299,00&nbsp;&#107;&#114;","Availability":"In stock"},"schema":{"@context":"https:\/\/schema.org","@graph":[{"@type":"WebPage","@id":"https:\/\/babylove.se\/no\/produkt\/nattlampe-til-barnerommet-dino-little-lights\/","url":"https:\/\/babylove.se\/no\/produkt\/nattlampe-til-barnerommet-dino-little-lights\/","name":"Little Lights, Nattlampe til barnerommet, Dino bl\u00e5 - Babylove Norska","isPartOf":{"@id":"https:\/\/babylove.se\/no\/#website"},"primaryImageOfPage":{"@id":"https:\/\/babylove.se\/no\/produkt\/nattlampe-til-barnerommet-dino-little-lights\/#primaryimage"},"image":{"@id":"https:\/\/babylove.se\/no\/produkt\/nattlampe-til-barnerommet-dino-little-lights\/#primaryimage"},"thumbnailUrl":"https:\/\/babylove.se\/no\/wp-content\/uploads\/sites\/3\/2025\/07\/5b3a0e1b54acc.jpeg","datePublished":"2025-07-18T19:39:04+00:00","dateModified":"2026-04-08T07:31:10+00:00","breadcrumb":{"@id":"https:\/\/babylove.se\/no\/produkt\/nattlampe-til-barnerommet-dino-little-lights\/#breadcrumb"},"inLanguage":"nb-NO","potentialAction":[{"@type":"ReadAction","target":["https:\/\/babylove.se\/no\/produkt\/nattlampe-til-barnerommet-dino-little-lights\/"]}]},{"@type":"ImageObject","inLanguage":"nb-NO","@id":"https:\/\/babylove.se\/no\/produkt\/nattlampe-til-barnerommet-dino-little-lights\/#primaryimage","url":"https:\/\/babylove.se\/no\/wp-content\/uploads\/sites\/3\/2025\/07\/5b3a0e1b54acc.jpeg","contentUrl":"https:\/\/babylove.se\/no\/wp-content\/uploads\/sites\/3\/2025\/07\/5b3a0e1b54acc.jpeg","width":750,"height":500},{"@type":"BreadcrumbList","@id":"https:\/\/babylove.se\/no\/produkt\/nattlampe-til-barnerommet-dino-little-lights\/#breadcrumb","itemListElement":[{"@type":"ListItem","position":1,"name":"Hem","item":"https:\/\/babylove.se\/no\/"},{"@type":"ListItem","position":2,"name":"Butik","item":"https:\/\/babylove.se\/no\/butik\/"},{"@type":"ListItem","position":3,"name":"Little Lights, Nattlampe til barnerommet, Dino bl\u00e5"}]},{"@type":"WebSite","@id":"https:\/\/babylove.se\/no\/#website","url":"https:\/\/babylove.se\/no\/","name":"Babylove Norska","description":"","potentialAction":[{"@type":"SearchAction","target":{"@type":"EntryPoint","urlTemplate":"https:\/\/babylove.se\/no\/?s={search_term_string}"},"query-input":{"@type":"PropertyValueSpecification","valueRequired":true,"valueName":"search_term_string"}}],"inLanguage":"nb-NO"}]},"product_brand":"Little Lights","product_price_amount":"2299.00","product_price_currency":"SEK","og_availability":"instock","product_availability":"instock","product_retailer_item_id":"LL014-440","product_condition":"new"},"_links":{"self":[{"href":"https:\/\/babylove.se\/no\/wp-json\/wp\/v2\/product\/6814","targetHints":{"allow":["GET"]}}],"collection":[{"href":"https:\/\/babylove.se\/no\/wp-json\/wp\/v2\/product"}],"about":[{"href":"https:\/\/babylove.se\/no\/wp-json\/wp\/v2\/types\/product"}],"replies":[{"embeddable":true,"href":"https:\/\/babylove.se\/no\/wp-json\/wp\/v2\/comments?post=6814"}],"wp:featuredmedia":[{"embeddable":true,"href":"https:\/\/babylove.se\/no\/wp-json\/wp\/v2\/media\/6816"}],"wp:attachment":[{"href":"https:\/\/babylove.se\/no\/wp-json\/wp\/v2\/media?parent=6814"}],"wp:term":[{"taxonomy":"product_brand","embeddable":true,"href":"https:\/\/babylove.se\/no\/wp-json\/wp\/v2\/product_brand?post=6814"},{"taxonomy":"product_cat","embeddable":true,"href":"https:\/\/babylove.se\/no\/wp-json\/wp\/v2\/product_cat?post=6814"},{"taxonomy":"product_tag","embeddable":true,"href":"https:\/\/babylove.se\/no\/wp-json\/wp\/v2\/product_tag?post=6814"}],"curies":[{"name":"wp","href":"https:\/\/api.w.org\/{rel}","templated":true}]}}