{"id":6915,"date":"2025-07-18T20:39:55","date_gmt":"2025-07-18T19:39:55","guid":{"rendered":"https:\/\/babylove.se\/produkt\/liewood-cora-kudde-sittpuff-panda\/"},"modified":"2026-04-08T08:32:04","modified_gmt":"2026-04-08T07:32:04","slug":"liewood-cora-pute-sittepuff-panda","status":"publish","type":"product","link":"https:\/\/babylove.se\/no\/produkt\/liewood-cora-pute-sittepuff-panda\/","title":{"rendered":"Liewood, Cora pute, sittepuff, panda"},"content":{"rendered":"<p><strong>Liewood, Cora pute , sittepoeng , panda &#8211; sendes innen 24 timer ! <\/strong> <\/p>\n<p>Pute eller leke? Med dette fantastiske barneromproduktet fra danske Liewood trenger du ikke \u00e5 velge. Ditt barns muligheter med denne puten er mange, leke med eller sitte p\u00e5, bare fantasien setter stopp. Laget av 100% organisk bomull, alt for ditt barns beste i tankene. <\/p>\n<p>Dessuten er den et fint tilskudd til barnerominredningen din og vil bli en fin detalj i barnerommet. Finnes i b\u00e5de katt- og pandaversjoner, begge like sjarmerende. Overtrekket kan tas av og vaskes i maskin p\u00e5 lave temperaturer, s\u00e5 enkelt \u00e5 holde rent <\/p>\n<p>M\u00e5l: 40&#215;35 cm <\/p>\n<p>Designer: <a href=\"https:\/\/babylove.se\/varumarken\/liewood\"><u>Liewood<\/u><\/a><\/p>\n","protected":false},"excerpt":{"rendered":"<p>Liewood, Cora pute , sittepoeng , panda &#8211; sendes innen 24 timer ! Pute eller leke? Med dette fantastiske barneromproduktet fra danske Liewood trenger du ikke \u00e5 velge. Ditt barns muligheter med denne puten er mange, leke med eller sitte p\u00e5, bare fantasien setter stopp. Laget av 100% organisk bomull, alt for ditt barns beste [&hellip;]<\/p>\n","protected":false},"featured_media":6917,"comment_status":"closed","ping_status":"closed","template":"","meta":{"_acf_changed":false},"product_brand":[282],"product_cat":[90,283,105,44,40,48],"product_tag":[],"class_list":{"0":"post-6915","1":"product","2":"type-product","3":"status-publish","4":"has-post-thumbnail","6":"product_brand-liewood","7":"product_cat-dyr","8":"product_cat-liewood","9":"product_cat-puter","10":"product_cat-sitteputfer-saccosekker","11":"product_cat-soverom-barn","12":"product_cat-startside","14":"first","15":"outofstock","16":"taxable","17":"shipping-taxable","18":"purchasable","19":"product-type-simple"},"acf":[],"yoast_head":"<!-- This site is optimized with the Yoast SEO Premium plugin v25.8 (Yoast SEO v27.2) - https:\/\/yoast.com\/product\/yoast-seo-premium-wordpress\/ -->\n<title>Liewood, Cora pute, sittepuff, panda - Babylove Norska<\/title>\n<meta name=\"robots\" content=\"noindex, follow, max-snippet:-1, max-image-preview:large, max-video-preview:-1\" \/>\n<meta property=\"og:locale\" content=\"nb_NO\" \/>\n<meta property=\"og:type\" content=\"article\" \/>\n<meta property=\"og:title\" content=\"Liewood, Cora pute, sittepuff, panda\" \/>\n<meta property=\"og:description\" content=\"Liewood, Cora pute , sittepoeng , panda &#8211; sendes innen 24 timer ! Pute eller leke? Med dette fantastiske barneromproduktet fra danske Liewood trenger du ikke \u00e5 velge. Ditt barns muligheter med denne puten er mange, leke med eller sitte p\u00e5, bare fantasien setter stopp. Laget av 100% organisk bomull, alt for ditt barns beste [&hellip;]\" \/>\n<meta property=\"og:url\" content=\"https:\/\/babylove.se\/no\/produkt\/liewood-cora-pute-sittepuff-panda\/\" \/>\n<meta property=\"og:site_name\" content=\"Babylove Norska\" \/>\n<meta property=\"article:modified_time\" content=\"2026-04-08T07:32:04+00:00\" \/>\n<meta property=\"og:image\" content=\"https:\/\/babylove.se\/no\/wp-content\/uploads\/sites\/3\/2025\/07\/5b43bb593ebf8.jpeg\" \/>\n\t<meta property=\"og:image:width\" content=\"750\" \/>\n\t<meta property=\"og:image:height\" content=\"750\" \/>\n\t<meta property=\"og:image:type\" content=\"image\/jpeg\" \/>\n<meta name=\"twitter:card\" content=\"summary_large_image\" \/>\n<meta name=\"twitter:label1\" content=\"Price\" \/>\n\t<meta name=\"twitter:data1\" content=\"749,00&nbsp;&#107;&#114;\" \/>\n\t<meta name=\"twitter:label2\" content=\"Availability\" \/>\n\t<meta name=\"twitter:data2\" content=\"Out of stock\" \/>\n<script type=\"application\/ld+json\" class=\"yoast-schema-graph\">{\"@context\":\"https:\/\/schema.org\",\"@graph\":[{\"@type\":\"WebPage\",\"@id\":\"https:\/\/babylove.se\/no\/produkt\/liewood-cora-pute-sittepuff-panda\/\",\"url\":\"https:\/\/babylove.se\/no\/produkt\/liewood-cora-pute-sittepuff-panda\/\",\"name\":\"Liewood, Cora pute, sittepuff, panda - Babylove Norska\",\"isPartOf\":{\"@id\":\"https:\/\/babylove.se\/no\/#website\"},\"primaryImageOfPage\":{\"@id\":\"https:\/\/babylove.se\/no\/produkt\/liewood-cora-pute-sittepuff-panda\/#primaryimage\"},\"image\":{\"@id\":\"https:\/\/babylove.se\/no\/produkt\/liewood-cora-pute-sittepuff-panda\/#primaryimage\"},\"thumbnailUrl\":\"https:\/\/babylove.se\/no\/wp-content\/uploads\/sites\/3\/2025\/07\/5b43bb593ebf8.jpeg\",\"datePublished\":\"2025-07-18T19:39:55+00:00\",\"dateModified\":\"2026-04-08T07:32:04+00:00\",\"breadcrumb\":{\"@id\":\"https:\/\/babylove.se\/no\/produkt\/liewood-cora-pute-sittepuff-panda\/#breadcrumb\"},\"inLanguage\":\"nb-NO\",\"potentialAction\":[{\"@type\":\"ReadAction\",\"target\":[\"https:\/\/babylove.se\/no\/produkt\/liewood-cora-pute-sittepuff-panda\/\"]}]},{\"@type\":\"ImageObject\",\"inLanguage\":\"nb-NO\",\"@id\":\"https:\/\/babylove.se\/no\/produkt\/liewood-cora-pute-sittepuff-panda\/#primaryimage\",\"url\":\"https:\/\/babylove.se\/no\/wp-content\/uploads\/sites\/3\/2025\/07\/5b43bb593ebf8.jpeg\",\"contentUrl\":\"https:\/\/babylove.se\/no\/wp-content\/uploads\/sites\/3\/2025\/07\/5b43bb593ebf8.jpeg\",\"width\":750,\"height\":750},{\"@type\":\"BreadcrumbList\",\"@id\":\"https:\/\/babylove.se\/no\/produkt\/liewood-cora-pute-sittepuff-panda\/#breadcrumb\",\"itemListElement\":[{\"@type\":\"ListItem\",\"position\":1,\"name\":\"Hem\",\"item\":\"https:\/\/babylove.se\/no\/\"},{\"@type\":\"ListItem\",\"position\":2,\"name\":\"Butik\",\"item\":\"https:\/\/babylove.se\/no\/butik\/\"},{\"@type\":\"ListItem\",\"position\":3,\"name\":\"Liewood, Cora pute, sittepuff, panda\"}]},{\"@type\":\"WebSite\",\"@id\":\"https:\/\/babylove.se\/no\/#website\",\"url\":\"https:\/\/babylove.se\/no\/\",\"name\":\"Babylove Norska\",\"description\":\"\",\"potentialAction\":[{\"@type\":\"SearchAction\",\"target\":{\"@type\":\"EntryPoint\",\"urlTemplate\":\"https:\/\/babylove.se\/no\/?s={search_term_string}\"},\"query-input\":{\"@type\":\"PropertyValueSpecification\",\"valueRequired\":true,\"valueName\":\"search_term_string\"}}],\"inLanguage\":\"nb-NO\"}]}<\/script>\n<meta property=\"product:brand\" content=\"Liewood\" \/>\n<meta property=\"product:price:amount\" content=\"749.00\" \/>\n<meta property=\"product:price:currency\" content=\"SEK\" \/>\n<meta property=\"og:availability\" content=\"out of stock\" \/>\n<meta property=\"product:availability\" content=\"out of stock\" \/>\n<meta property=\"product:retailer_item_id\" content=\"2000\" \/>\n<meta property=\"product:condition\" content=\"new\" \/>\n<!-- \/ Yoast SEO Premium plugin. -->","yoast_head_json":{"title":"Liewood, Cora pute, sittepuff, panda - Babylove Norska","robots":{"index":"noindex","follow":"follow","max-snippet":"max-snippet:-1","max-image-preview":"max-image-preview:large","max-video-preview":"max-video-preview:-1"},"og_locale":"nb_NO","og_type":"article","og_title":"Liewood, Cora pute, sittepuff, panda","og_description":"Liewood, Cora pute , sittepoeng , panda &#8211; sendes innen 24 timer ! Pute eller leke? Med dette fantastiske barneromproduktet fra danske Liewood trenger du ikke \u00e5 velge. Ditt barns muligheter med denne puten er mange, leke med eller sitte p\u00e5, bare fantasien setter stopp. Laget av 100% organisk bomull, alt for ditt barns beste [&hellip;]","og_url":"https:\/\/babylove.se\/no\/produkt\/liewood-cora-pute-sittepuff-panda\/","og_site_name":"Babylove Norska","article_modified_time":"2026-04-08T07:32:04+00:00","og_image":[{"width":750,"height":750,"url":"https:\/\/babylove.se\/no\/wp-content\/uploads\/sites\/3\/2025\/07\/5b43bb593ebf8.jpeg","type":"image\/jpeg"}],"twitter_card":"summary_large_image","twitter_misc":{"Price":"749,00&nbsp;&#107;&#114;","Availability":"Out of stock"},"schema":{"@context":"https:\/\/schema.org","@graph":[{"@type":"WebPage","@id":"https:\/\/babylove.se\/no\/produkt\/liewood-cora-pute-sittepuff-panda\/","url":"https:\/\/babylove.se\/no\/produkt\/liewood-cora-pute-sittepuff-panda\/","name":"Liewood, Cora pute, sittepuff, panda - Babylove Norska","isPartOf":{"@id":"https:\/\/babylove.se\/no\/#website"},"primaryImageOfPage":{"@id":"https:\/\/babylove.se\/no\/produkt\/liewood-cora-pute-sittepuff-panda\/#primaryimage"},"image":{"@id":"https:\/\/babylove.se\/no\/produkt\/liewood-cora-pute-sittepuff-panda\/#primaryimage"},"thumbnailUrl":"https:\/\/babylove.se\/no\/wp-content\/uploads\/sites\/3\/2025\/07\/5b43bb593ebf8.jpeg","datePublished":"2025-07-18T19:39:55+00:00","dateModified":"2026-04-08T07:32:04+00:00","breadcrumb":{"@id":"https:\/\/babylove.se\/no\/produkt\/liewood-cora-pute-sittepuff-panda\/#breadcrumb"},"inLanguage":"nb-NO","potentialAction":[{"@type":"ReadAction","target":["https:\/\/babylove.se\/no\/produkt\/liewood-cora-pute-sittepuff-panda\/"]}]},{"@type":"ImageObject","inLanguage":"nb-NO","@id":"https:\/\/babylove.se\/no\/produkt\/liewood-cora-pute-sittepuff-panda\/#primaryimage","url":"https:\/\/babylove.se\/no\/wp-content\/uploads\/sites\/3\/2025\/07\/5b43bb593ebf8.jpeg","contentUrl":"https:\/\/babylove.se\/no\/wp-content\/uploads\/sites\/3\/2025\/07\/5b43bb593ebf8.jpeg","width":750,"height":750},{"@type":"BreadcrumbList","@id":"https:\/\/babylove.se\/no\/produkt\/liewood-cora-pute-sittepuff-panda\/#breadcrumb","itemListElement":[{"@type":"ListItem","position":1,"name":"Hem","item":"https:\/\/babylove.se\/no\/"},{"@type":"ListItem","position":2,"name":"Butik","item":"https:\/\/babylove.se\/no\/butik\/"},{"@type":"ListItem","position":3,"name":"Liewood, Cora pute, sittepuff, panda"}]},{"@type":"WebSite","@id":"https:\/\/babylove.se\/no\/#website","url":"https:\/\/babylove.se\/no\/","name":"Babylove Norska","description":"","potentialAction":[{"@type":"SearchAction","target":{"@type":"EntryPoint","urlTemplate":"https:\/\/babylove.se\/no\/?s={search_term_string}"},"query-input":{"@type":"PropertyValueSpecification","valueRequired":true,"valueName":"search_term_string"}}],"inLanguage":"nb-NO"}]},"product_brand":"Liewood","product_price_amount":"749.00","product_price_currency":"SEK","og_availability":"out of stock","product_availability":"out of stock","product_retailer_item_id":"2000","product_condition":"new"},"_links":{"self":[{"href":"https:\/\/babylove.se\/no\/wp-json\/wp\/v2\/product\/6915","targetHints":{"allow":["GET"]}}],"collection":[{"href":"https:\/\/babylove.se\/no\/wp-json\/wp\/v2\/product"}],"about":[{"href":"https:\/\/babylove.se\/no\/wp-json\/wp\/v2\/types\/product"}],"replies":[{"embeddable":true,"href":"https:\/\/babylove.se\/no\/wp-json\/wp\/v2\/comments?post=6915"}],"wp:featuredmedia":[{"embeddable":true,"href":"https:\/\/babylove.se\/no\/wp-json\/wp\/v2\/media\/6917"}],"wp:attachment":[{"href":"https:\/\/babylove.se\/no\/wp-json\/wp\/v2\/media?parent=6915"}],"wp:term":[{"taxonomy":"product_brand","embeddable":true,"href":"https:\/\/babylove.se\/no\/wp-json\/wp\/v2\/product_brand?post=6915"},{"taxonomy":"product_cat","embeddable":true,"href":"https:\/\/babylove.se\/no\/wp-json\/wp\/v2\/product_cat?post=6915"},{"taxonomy":"product_tag","embeddable":true,"href":"https:\/\/babylove.se\/no\/wp-json\/wp\/v2\/product_tag?post=6915"}],"curies":[{"name":"wp","href":"https:\/\/api.w.org\/{rel}","templated":true}]}}