{"id":6924,"date":"2025-07-18T20:39:55","date_gmt":"2025-07-18T19:39:55","guid":{"rendered":"https:\/\/babylove.se\/produkt\/form-living-vaggdekoration-ballong-rosa\/"},"modified":"2026-04-08T08:32:09","modified_gmt":"2026-04-08T07:32:09","slug":"form-living-veggdekorasjon-ballong-rosa","status":"publish","type":"product","link":"https:\/\/babylove.se\/no\/produkt\/form-living-veggdekorasjon-ballong-rosa\/","title":{"rendered":"FORM Living, Veggdekorasjon Ballong, rosa"},"content":{"rendered":"<p>Fin veggdekorasjon til barnerommet i form av en rosa ballong fra FORM Living. Enkel \u00e5 henge opp p\u00e5 veggen og passer alle typer stiler. Ballongen gir en sjarm og karakter til barnerommet.<\/p>\n<p>Blir perfekt som en d\u00e5psgave eller som en liten gave til de som elsker barneroms-innredning.<\/p>\n<p>M\u00e5l: Finnes i tre st\u00f8rrelser<\/p>\n<p>Liten 10 cm<\/p>\n<p>Mellom 17 cm<\/p>\n<p>Stor: 20 cm<\/p>\n<p>Materiale: keramikk<\/p>\n<p>Designer: <a href=\"https:\/\/babylove.se\/varumarken\/form-living\"><u>Form Living<\/u><\/a><\/p>\n","protected":false},"excerpt":{"rendered":"<p>Fin veggdekorasjon til barnerommet i form av en rosa ballong fra FORM Living. Enkel \u00e5 henge opp p\u00e5 veggen og passer alle typer stiler. Ballongen gir en sjarm og karakter til barnerommet. Blir perfekt som en d\u00e5psgave eller som en liten gave til de som elsker barneroms-innredning. M\u00e5l: Finnes i tre st\u00f8rrelser Liten 10 cm [&hellip;]<\/p>\n","protected":false},"featured_media":6926,"comment_status":"closed","ping_status":"open","template":"","meta":{"_acf_changed":false},"product_brand":[251],"product_cat":[138,252,25,48,29],"product_tag":[],"class_list":{"0":"post-6924","1":"product","2":"type-product","3":"status-publish","4":"has-post-thumbnail","6":"product_brand-form-living","7":"product_cat-ballonger","8":"product_cat-form-living","9":"product_cat-ikke-bare-jenter","10":"product_cat-startside","11":"product_cat-veggdekorasjoner","12":"pa_storlek-liten","13":"pa_storlek-mellan","14":"pa_storlek-stor","16":"first","17":"outofstock","18":"taxable","19":"shipping-taxable","20":"purchasable","21":"product-type-variable"},"acf":[],"yoast_head":"<!-- This site is optimized with the Yoast SEO Premium plugin v25.8 (Yoast SEO v27.2) - https:\/\/yoast.com\/product\/yoast-seo-premium-wordpress\/ -->\n<title>FORM Living, V\u00e4ggdekoration Ballong, mint<\/title>\n<meta name=\"description\" content=\"Fin v\u00e4ggdekoration till barnrummet i form av en ballong fr\u00e5n FORM Living - Betala med faktura - K\u00f6p den h\u00e4r Skickas inom 24 timmar !\" \/>\n<meta name=\"robots\" content=\"noindex, follow, max-snippet:-1, max-image-preview:large, max-video-preview:-1\" \/>\n<meta property=\"og:locale\" content=\"nb_NO\" \/>\n<meta property=\"og:type\" content=\"article\" \/>\n<meta property=\"og:title\" content=\"FORM Living, Veggdekorasjon Ballong, rosa\" \/>\n<meta property=\"og:description\" content=\"Fin v\u00e4ggdekoration till barnrummet i form av en ballong fr\u00e5n FORM Living - Betala med faktura - K\u00f6p den h\u00e4r Skickas inom 24 timmar !\" \/>\n<meta property=\"og:url\" content=\"https:\/\/babylove.se\/no\/produkt\/form-living-veggdekorasjon-ballong-rosa\/\" \/>\n<meta property=\"og:site_name\" content=\"Babylove Norska\" \/>\n<meta property=\"article:modified_time\" content=\"2026-04-08T07:32:09+00:00\" \/>\n<meta property=\"og:image\" content=\"https:\/\/babylove.se\/no\/wp-content\/uploads\/sites\/3\/2025\/07\/5b53072d5480a.jpeg\" \/>\n\t<meta property=\"og:image:width\" content=\"286\" \/>\n\t<meta property=\"og:image:height\" content=\"336\" \/>\n\t<meta property=\"og:image:type\" content=\"image\/jpeg\" \/>\n<meta name=\"twitter:card\" content=\"summary_large_image\" \/>\n<meta name=\"twitter:label1\" content=\"Availability\" \/>\n\t<meta name=\"twitter:data1\" content=\"Out of stock\" \/>\n<script type=\"application\/ld+json\" class=\"yoast-schema-graph\">{\"@context\":\"https:\/\/schema.org\",\"@graph\":[{\"@type\":\"WebPage\",\"@id\":\"https:\/\/babylove.se\/no\/produkt\/form-living-veggdekorasjon-ballong-rosa\/\",\"url\":\"https:\/\/babylove.se\/no\/produkt\/form-living-veggdekorasjon-ballong-rosa\/\",\"name\":\"FORM Living, V\u00e4ggdekoration Ballong, mint\",\"isPartOf\":{\"@id\":\"https:\/\/babylove.se\/no\/#website\"},\"primaryImageOfPage\":{\"@id\":\"https:\/\/babylove.se\/no\/produkt\/form-living-veggdekorasjon-ballong-rosa\/#primaryimage\"},\"image\":{\"@id\":\"https:\/\/babylove.se\/no\/produkt\/form-living-veggdekorasjon-ballong-rosa\/#primaryimage\"},\"thumbnailUrl\":\"https:\/\/babylove.se\/no\/wp-content\/uploads\/sites\/3\/2025\/07\/5b53072d5480a.jpeg\",\"datePublished\":\"2025-07-18T19:39:55+00:00\",\"dateModified\":\"2026-04-08T07:32:09+00:00\",\"description\":\"Fin v\u00e4ggdekoration till barnrummet i form av en ballong fr\u00e5n FORM Living - Betala med faktura - K\u00f6p den h\u00e4r Skickas inom 24 timmar !\",\"breadcrumb\":{\"@id\":\"https:\/\/babylove.se\/no\/produkt\/form-living-veggdekorasjon-ballong-rosa\/#breadcrumb\"},\"inLanguage\":\"nb-NO\",\"potentialAction\":[{\"@type\":\"ReadAction\",\"target\":[\"https:\/\/babylove.se\/no\/produkt\/form-living-veggdekorasjon-ballong-rosa\/\"]}]},{\"@type\":\"ImageObject\",\"inLanguage\":\"nb-NO\",\"@id\":\"https:\/\/babylove.se\/no\/produkt\/form-living-veggdekorasjon-ballong-rosa\/#primaryimage\",\"url\":\"https:\/\/babylove.se\/no\/wp-content\/uploads\/sites\/3\/2025\/07\/5b53072d5480a.jpeg\",\"contentUrl\":\"https:\/\/babylove.se\/no\/wp-content\/uploads\/sites\/3\/2025\/07\/5b53072d5480a.jpeg\",\"width\":286,\"height\":336},{\"@type\":\"BreadcrumbList\",\"@id\":\"https:\/\/babylove.se\/no\/produkt\/form-living-veggdekorasjon-ballong-rosa\/#breadcrumb\",\"itemListElement\":[{\"@type\":\"ListItem\",\"position\":1,\"name\":\"Hem\",\"item\":\"https:\/\/babylove.se\/no\/\"},{\"@type\":\"ListItem\",\"position\":2,\"name\":\"Butik\",\"item\":\"https:\/\/babylove.se\/no\/butik\/\"},{\"@type\":\"ListItem\",\"position\":3,\"name\":\"FORM Living, Veggdekorasjon Ballong, rosa\"}]},{\"@type\":\"WebSite\",\"@id\":\"https:\/\/babylove.se\/no\/#website\",\"url\":\"https:\/\/babylove.se\/no\/\",\"name\":\"Babylove Norska\",\"description\":\"\",\"potentialAction\":[{\"@type\":\"SearchAction\",\"target\":{\"@type\":\"EntryPoint\",\"urlTemplate\":\"https:\/\/babylove.se\/no\/?s={search_term_string}\"},\"query-input\":{\"@type\":\"PropertyValueSpecification\",\"valueRequired\":true,\"valueName\":\"search_term_string\"}}],\"inLanguage\":\"nb-NO\"}]}<\/script>\n<meta property=\"product:brand\" content=\"Form Living\" \/>\n<meta property=\"og:availability\" content=\"out of stock\" \/>\n<meta property=\"product:availability\" content=\"out of stock\" \/>\n<meta property=\"product:retailer_item_id\" content=\"100438\" \/>\n<meta property=\"product:condition\" content=\"new\" \/>\n<!-- \/ Yoast SEO Premium plugin. -->","yoast_head_json":{"title":"FORM Living, V\u00e4ggdekoration Ballong, mint","description":"Fin v\u00e4ggdekoration till barnrummet i form av en ballong fr\u00e5n FORM Living - Betala med faktura - K\u00f6p den h\u00e4r Skickas inom 24 timmar !","robots":{"index":"noindex","follow":"follow","max-snippet":"max-snippet:-1","max-image-preview":"max-image-preview:large","max-video-preview":"max-video-preview:-1"},"og_locale":"nb_NO","og_type":"article","og_title":"FORM Living, Veggdekorasjon Ballong, rosa","og_description":"Fin v\u00e4ggdekoration till barnrummet i form av en ballong fr\u00e5n FORM Living - Betala med faktura - K\u00f6p den h\u00e4r Skickas inom 24 timmar !","og_url":"https:\/\/babylove.se\/no\/produkt\/form-living-veggdekorasjon-ballong-rosa\/","og_site_name":"Babylove Norska","article_modified_time":"2026-04-08T07:32:09+00:00","og_image":[{"width":286,"height":336,"url":"https:\/\/babylove.se\/no\/wp-content\/uploads\/sites\/3\/2025\/07\/5b53072d5480a.jpeg","type":"image\/jpeg"}],"twitter_card":"summary_large_image","twitter_misc":{"Availability":"Out of stock"},"schema":{"@context":"https:\/\/schema.org","@graph":[{"@type":"WebPage","@id":"https:\/\/babylove.se\/no\/produkt\/form-living-veggdekorasjon-ballong-rosa\/","url":"https:\/\/babylove.se\/no\/produkt\/form-living-veggdekorasjon-ballong-rosa\/","name":"FORM Living, V\u00e4ggdekoration Ballong, mint","isPartOf":{"@id":"https:\/\/babylove.se\/no\/#website"},"primaryImageOfPage":{"@id":"https:\/\/babylove.se\/no\/produkt\/form-living-veggdekorasjon-ballong-rosa\/#primaryimage"},"image":{"@id":"https:\/\/babylove.se\/no\/produkt\/form-living-veggdekorasjon-ballong-rosa\/#primaryimage"},"thumbnailUrl":"https:\/\/babylove.se\/no\/wp-content\/uploads\/sites\/3\/2025\/07\/5b53072d5480a.jpeg","datePublished":"2025-07-18T19:39:55+00:00","dateModified":"2026-04-08T07:32:09+00:00","description":"Fin v\u00e4ggdekoration till barnrummet i form av en ballong fr\u00e5n FORM Living - Betala med faktura - K\u00f6p den h\u00e4r Skickas inom 24 timmar !","breadcrumb":{"@id":"https:\/\/babylove.se\/no\/produkt\/form-living-veggdekorasjon-ballong-rosa\/#breadcrumb"},"inLanguage":"nb-NO","potentialAction":[{"@type":"ReadAction","target":["https:\/\/babylove.se\/no\/produkt\/form-living-veggdekorasjon-ballong-rosa\/"]}]},{"@type":"ImageObject","inLanguage":"nb-NO","@id":"https:\/\/babylove.se\/no\/produkt\/form-living-veggdekorasjon-ballong-rosa\/#primaryimage","url":"https:\/\/babylove.se\/no\/wp-content\/uploads\/sites\/3\/2025\/07\/5b53072d5480a.jpeg","contentUrl":"https:\/\/babylove.se\/no\/wp-content\/uploads\/sites\/3\/2025\/07\/5b53072d5480a.jpeg","width":286,"height":336},{"@type":"BreadcrumbList","@id":"https:\/\/babylove.se\/no\/produkt\/form-living-veggdekorasjon-ballong-rosa\/#breadcrumb","itemListElement":[{"@type":"ListItem","position":1,"name":"Hem","item":"https:\/\/babylove.se\/no\/"},{"@type":"ListItem","position":2,"name":"Butik","item":"https:\/\/babylove.se\/no\/butik\/"},{"@type":"ListItem","position":3,"name":"FORM Living, Veggdekorasjon Ballong, rosa"}]},{"@type":"WebSite","@id":"https:\/\/babylove.se\/no\/#website","url":"https:\/\/babylove.se\/no\/","name":"Babylove Norska","description":"","potentialAction":[{"@type":"SearchAction","target":{"@type":"EntryPoint","urlTemplate":"https:\/\/babylove.se\/no\/?s={search_term_string}"},"query-input":{"@type":"PropertyValueSpecification","valueRequired":true,"valueName":"search_term_string"}}],"inLanguage":"nb-NO"}]},"product_brand":"Form Living","og_availability":"out of stock","product_availability":"out of stock","product_retailer_item_id":"100438","product_condition":"new"},"_links":{"self":[{"href":"https:\/\/babylove.se\/no\/wp-json\/wp\/v2\/product\/6924","targetHints":{"allow":["GET"]}}],"collection":[{"href":"https:\/\/babylove.se\/no\/wp-json\/wp\/v2\/product"}],"about":[{"href":"https:\/\/babylove.se\/no\/wp-json\/wp\/v2\/types\/product"}],"replies":[{"embeddable":true,"href":"https:\/\/babylove.se\/no\/wp-json\/wp\/v2\/comments?post=6924"}],"wp:featuredmedia":[{"embeddable":true,"href":"https:\/\/babylove.se\/no\/wp-json\/wp\/v2\/media\/6926"}],"wp:attachment":[{"href":"https:\/\/babylove.se\/no\/wp-json\/wp\/v2\/media?parent=6924"}],"wp:term":[{"taxonomy":"product_brand","embeddable":true,"href":"https:\/\/babylove.se\/no\/wp-json\/wp\/v2\/product_brand?post=6924"},{"taxonomy":"product_cat","embeddable":true,"href":"https:\/\/babylove.se\/no\/wp-json\/wp\/v2\/product_cat?post=6924"},{"taxonomy":"product_tag","embeddable":true,"href":"https:\/\/babylove.se\/no\/wp-json\/wp\/v2\/product_tag?post=6924"}],"curies":[{"name":"wp","href":"https:\/\/api.w.org\/{rel}","templated":true}]}}