{"id":6945,"date":"2025-07-18T20:40:03","date_gmt":"2025-07-18T19:40:03","guid":{"rendered":"https:\/\/babylove.se\/produkt\/form-living-kudde-rosa-mane-till-barnrummet\/"},"modified":"2026-04-08T08:32:25","modified_gmt":"2026-04-08T07:32:25","slug":"form-living-pute-rosa-manke-til-barnerommet","status":"publish","type":"product","link":"https:\/\/babylove.se\/no\/produkt\/form-living-pute-rosa-manke-til-barnerommet\/","title":{"rendered":"FORM Living, fl\u00f8yelspute rosa m\u00e5ne til barnerommet"},"content":{"rendered":"<p>En fin rosa pute i form av en m\u00e5ne fra FORM Living som vil bli en fin dekorasjon p\u00e5 barnets seng, kosekrok eller hvorfor ikke under et lektetelt?<\/p>\n<p>Myk og deilig \u00e5 ligge p\u00e5. Gjerne match puten med en stjernepute fra samme serie.&nbsp;<\/p>\n<p>M\u00e5l: 40 x 40 cm<\/p>\n<p>Materiale: polyestersammet&nbsp;<\/p>\n<p>Designer: <a href=\"https:\/\/babylove.se\/varumarken\/form-living\"><u>Form Living<\/u><\/a><\/p>\n","protected":false},"excerpt":{"rendered":"<p>En fin rosa pute i form av en m\u00e5ne fra FORM Living som vil bli en fin dekorasjon p\u00e5 barnets seng, kosekrok eller hvorfor ikke under et lektetelt? Myk og deilig \u00e5 ligge p\u00e5. Gjerne match puten med en stjernepute fra samme serie.&nbsp; M\u00e5l: 40 x 40 cm Materiale: polyestersammet&nbsp; Designer: Form Living<\/p>\n","protected":false},"featured_media":6947,"comment_status":"closed","ping_status":"open","template":"","meta":{"_acf_changed":false},"product_brand":[251],"product_cat":[252,189,105,40,48],"product_tag":[],"class_list":{"0":"post-6945","1":"product","2":"type-product","3":"status-publish","4":"has-post-thumbnail","6":"product_brand-form-living","7":"product_cat-form-living","8":"product_cat-innrede-barnerom-jente","9":"product_cat-puter","10":"product_cat-soverom-barn","11":"product_cat-startside","13":"first","14":"outofstock","15":"taxable","16":"shipping-taxable","17":"purchasable","18":"product-type-simple"},"acf":[],"yoast_head":"<!-- This site is optimized with the Yoast SEO Premium plugin v25.8 (Yoast SEO v27.2) - https:\/\/yoast.com\/product\/yoast-seo-premium-wordpress\/ -->\n<title>FORM Living, fl\u00f8yelspute rosa m\u00e5ne til barnerommet - Babylove Norska<\/title>\n<meta name=\"description\" content=\"En fin rosa kudde i form av en stj\u00e4rna fr\u00e5n FORM Living - skickas inom 24 timmar ! - K\u00f6p den h\u00e4r -\" \/>\n<meta name=\"robots\" content=\"noindex, follow, max-snippet:-1, max-image-preview:large, max-video-preview:-1\" \/>\n<meta property=\"og:locale\" content=\"nb_NO\" \/>\n<meta property=\"og:type\" content=\"article\" \/>\n<meta property=\"og:title\" content=\"FORM Living, fl\u00f8yelspute rosa m\u00e5ne til barnerommet\" \/>\n<meta property=\"og:description\" content=\"En fin rosa kudde i form av en stj\u00e4rna fr\u00e5n FORM Living - skickas inom 24 timmar ! - K\u00f6p den h\u00e4r -\" \/>\n<meta property=\"og:url\" content=\"https:\/\/babylove.se\/no\/produkt\/form-living-pute-rosa-manke-til-barnerommet\/\" \/>\n<meta property=\"og:site_name\" content=\"Babylove Norska\" \/>\n<meta property=\"article:modified_time\" content=\"2026-04-08T07:32:25+00:00\" \/>\n<meta property=\"og:image\" content=\"https:\/\/babylove.se\/no\/wp-content\/uploads\/sites\/3\/2025\/07\/5b531a440de52.png\" \/>\n\t<meta property=\"og:image:width\" content=\"270\" \/>\n\t<meta property=\"og:image:height\" content=\"360\" \/>\n\t<meta property=\"og:image:type\" content=\"image\/png\" \/>\n<meta name=\"twitter:card\" content=\"summary_large_image\" \/>\n<meta name=\"twitter:label1\" content=\"Price\" \/>\n\t<meta name=\"twitter:data1\" content=\"149,00&nbsp;&#107;&#114;\" \/>\n\t<meta name=\"twitter:label2\" content=\"Availability\" \/>\n\t<meta name=\"twitter:data2\" content=\"Out of stock\" \/>\n<script type=\"application\/ld+json\" class=\"yoast-schema-graph\">{\"@context\":\"https:\/\/schema.org\",\"@graph\":[{\"@type\":\"WebPage\",\"@id\":\"https:\/\/babylove.se\/no\/produkt\/form-living-pute-rosa-manke-til-barnerommet\/\",\"url\":\"https:\/\/babylove.se\/no\/produkt\/form-living-pute-rosa-manke-til-barnerommet\/\",\"name\":\"FORM Living, fl\u00f8yelspute rosa m\u00e5ne til barnerommet - Babylove Norska\",\"isPartOf\":{\"@id\":\"https:\/\/babylove.se\/no\/#website\"},\"primaryImageOfPage\":{\"@id\":\"https:\/\/babylove.se\/no\/produkt\/form-living-pute-rosa-manke-til-barnerommet\/#primaryimage\"},\"image\":{\"@id\":\"https:\/\/babylove.se\/no\/produkt\/form-living-pute-rosa-manke-til-barnerommet\/#primaryimage\"},\"thumbnailUrl\":\"https:\/\/babylove.se\/no\/wp-content\/uploads\/sites\/3\/2025\/07\/5b531a440de52.png\",\"datePublished\":\"2025-07-18T19:40:03+00:00\",\"dateModified\":\"2026-04-08T07:32:25+00:00\",\"description\":\"En fin rosa kudde i form av en stj\u00e4rna fr\u00e5n FORM Living - skickas inom 24 timmar ! - K\u00f6p den h\u00e4r -\",\"breadcrumb\":{\"@id\":\"https:\/\/babylove.se\/no\/produkt\/form-living-pute-rosa-manke-til-barnerommet\/#breadcrumb\"},\"inLanguage\":\"nb-NO\",\"potentialAction\":[{\"@type\":\"ReadAction\",\"target\":[\"https:\/\/babylove.se\/no\/produkt\/form-living-pute-rosa-manke-til-barnerommet\/\"]}]},{\"@type\":\"ImageObject\",\"inLanguage\":\"nb-NO\",\"@id\":\"https:\/\/babylove.se\/no\/produkt\/form-living-pute-rosa-manke-til-barnerommet\/#primaryimage\",\"url\":\"https:\/\/babylove.se\/no\/wp-content\/uploads\/sites\/3\/2025\/07\/5b531a440de52.png\",\"contentUrl\":\"https:\/\/babylove.se\/no\/wp-content\/uploads\/sites\/3\/2025\/07\/5b531a440de52.png\",\"width\":270,\"height\":360},{\"@type\":\"BreadcrumbList\",\"@id\":\"https:\/\/babylove.se\/no\/produkt\/form-living-pute-rosa-manke-til-barnerommet\/#breadcrumb\",\"itemListElement\":[{\"@type\":\"ListItem\",\"position\":1,\"name\":\"Hem\",\"item\":\"https:\/\/babylove.se\/no\/\"},{\"@type\":\"ListItem\",\"position\":2,\"name\":\"Butik\",\"item\":\"https:\/\/babylove.se\/no\/butik\/\"},{\"@type\":\"ListItem\",\"position\":3,\"name\":\"FORM Living, fl\u00f8yelspute rosa m\u00e5ne til barnerommet\"}]},{\"@type\":\"WebSite\",\"@id\":\"https:\/\/babylove.se\/no\/#website\",\"url\":\"https:\/\/babylove.se\/no\/\",\"name\":\"Babylove Norska\",\"description\":\"\",\"potentialAction\":[{\"@type\":\"SearchAction\",\"target\":{\"@type\":\"EntryPoint\",\"urlTemplate\":\"https:\/\/babylove.se\/no\/?s={search_term_string}\"},\"query-input\":{\"@type\":\"PropertyValueSpecification\",\"valueRequired\":true,\"valueName\":\"search_term_string\"}}],\"inLanguage\":\"nb-NO\"}]}<\/script>\n<meta property=\"product:brand\" content=\"Form Living\" \/>\n<meta property=\"product:price:amount\" content=\"149.00\" \/>\n<meta property=\"product:price:currency\" content=\"SEK\" \/>\n<meta property=\"og:availability\" content=\"out of stock\" \/>\n<meta property=\"product:availability\" content=\"out of stock\" \/>\n<meta property=\"product:retailer_item_id\" content=\"103785\" \/>\n<meta property=\"product:condition\" content=\"new\" \/>\n<!-- \/ Yoast SEO Premium plugin. -->","yoast_head_json":{"title":"FORM Living, fl\u00f8yelspute rosa m\u00e5ne til barnerommet - Babylove Norska","description":"En fin rosa kudde i form av en stj\u00e4rna fr\u00e5n FORM Living - skickas inom 24 timmar ! - K\u00f6p den h\u00e4r -","robots":{"index":"noindex","follow":"follow","max-snippet":"max-snippet:-1","max-image-preview":"max-image-preview:large","max-video-preview":"max-video-preview:-1"},"og_locale":"nb_NO","og_type":"article","og_title":"FORM Living, fl\u00f8yelspute rosa m\u00e5ne til barnerommet","og_description":"En fin rosa kudde i form av en stj\u00e4rna fr\u00e5n FORM Living - skickas inom 24 timmar ! - K\u00f6p den h\u00e4r -","og_url":"https:\/\/babylove.se\/no\/produkt\/form-living-pute-rosa-manke-til-barnerommet\/","og_site_name":"Babylove Norska","article_modified_time":"2026-04-08T07:32:25+00:00","og_image":[{"width":270,"height":360,"url":"https:\/\/babylove.se\/no\/wp-content\/uploads\/sites\/3\/2025\/07\/5b531a440de52.png","type":"image\/png"}],"twitter_card":"summary_large_image","twitter_misc":{"Price":"149,00&nbsp;&#107;&#114;","Availability":"Out of stock"},"schema":{"@context":"https:\/\/schema.org","@graph":[{"@type":"WebPage","@id":"https:\/\/babylove.se\/no\/produkt\/form-living-pute-rosa-manke-til-barnerommet\/","url":"https:\/\/babylove.se\/no\/produkt\/form-living-pute-rosa-manke-til-barnerommet\/","name":"FORM Living, fl\u00f8yelspute rosa m\u00e5ne til barnerommet - Babylove Norska","isPartOf":{"@id":"https:\/\/babylove.se\/no\/#website"},"primaryImageOfPage":{"@id":"https:\/\/babylove.se\/no\/produkt\/form-living-pute-rosa-manke-til-barnerommet\/#primaryimage"},"image":{"@id":"https:\/\/babylove.se\/no\/produkt\/form-living-pute-rosa-manke-til-barnerommet\/#primaryimage"},"thumbnailUrl":"https:\/\/babylove.se\/no\/wp-content\/uploads\/sites\/3\/2025\/07\/5b531a440de52.png","datePublished":"2025-07-18T19:40:03+00:00","dateModified":"2026-04-08T07:32:25+00:00","description":"En fin rosa kudde i form av en stj\u00e4rna fr\u00e5n FORM Living - skickas inom 24 timmar ! - K\u00f6p den h\u00e4r -","breadcrumb":{"@id":"https:\/\/babylove.se\/no\/produkt\/form-living-pute-rosa-manke-til-barnerommet\/#breadcrumb"},"inLanguage":"nb-NO","potentialAction":[{"@type":"ReadAction","target":["https:\/\/babylove.se\/no\/produkt\/form-living-pute-rosa-manke-til-barnerommet\/"]}]},{"@type":"ImageObject","inLanguage":"nb-NO","@id":"https:\/\/babylove.se\/no\/produkt\/form-living-pute-rosa-manke-til-barnerommet\/#primaryimage","url":"https:\/\/babylove.se\/no\/wp-content\/uploads\/sites\/3\/2025\/07\/5b531a440de52.png","contentUrl":"https:\/\/babylove.se\/no\/wp-content\/uploads\/sites\/3\/2025\/07\/5b531a440de52.png","width":270,"height":360},{"@type":"BreadcrumbList","@id":"https:\/\/babylove.se\/no\/produkt\/form-living-pute-rosa-manke-til-barnerommet\/#breadcrumb","itemListElement":[{"@type":"ListItem","position":1,"name":"Hem","item":"https:\/\/babylove.se\/no\/"},{"@type":"ListItem","position":2,"name":"Butik","item":"https:\/\/babylove.se\/no\/butik\/"},{"@type":"ListItem","position":3,"name":"FORM Living, fl\u00f8yelspute rosa m\u00e5ne til barnerommet"}]},{"@type":"WebSite","@id":"https:\/\/babylove.se\/no\/#website","url":"https:\/\/babylove.se\/no\/","name":"Babylove Norska","description":"","potentialAction":[{"@type":"SearchAction","target":{"@type":"EntryPoint","urlTemplate":"https:\/\/babylove.se\/no\/?s={search_term_string}"},"query-input":{"@type":"PropertyValueSpecification","valueRequired":true,"valueName":"search_term_string"}}],"inLanguage":"nb-NO"}]},"product_brand":"Form Living","product_price_amount":"149.00","product_price_currency":"SEK","og_availability":"out of stock","product_availability":"out of stock","product_retailer_item_id":"103785","product_condition":"new"},"_links":{"self":[{"href":"https:\/\/babylove.se\/no\/wp-json\/wp\/v2\/product\/6945","targetHints":{"allow":["GET"]}}],"collection":[{"href":"https:\/\/babylove.se\/no\/wp-json\/wp\/v2\/product"}],"about":[{"href":"https:\/\/babylove.se\/no\/wp-json\/wp\/v2\/types\/product"}],"replies":[{"embeddable":true,"href":"https:\/\/babylove.se\/no\/wp-json\/wp\/v2\/comments?post=6945"}],"wp:featuredmedia":[{"embeddable":true,"href":"https:\/\/babylove.se\/no\/wp-json\/wp\/v2\/media\/6947"}],"wp:attachment":[{"href":"https:\/\/babylove.se\/no\/wp-json\/wp\/v2\/media?parent=6945"}],"wp:term":[{"taxonomy":"product_brand","embeddable":true,"href":"https:\/\/babylove.se\/no\/wp-json\/wp\/v2\/product_brand?post=6945"},{"taxonomy":"product_cat","embeddable":true,"href":"https:\/\/babylove.se\/no\/wp-json\/wp\/v2\/product_cat?post=6945"},{"taxonomy":"product_tag","embeddable":true,"href":"https:\/\/babylove.se\/no\/wp-json\/wp\/v2\/product_tag?post=6945"}],"curies":[{"name":"wp","href":"https:\/\/api.w.org\/{rel}","templated":true}]}}