{"id":6948,"date":"2025-07-18T20:40:03","date_gmt":"2025-07-18T19:40:03","guid":{"rendered":"https:\/\/babylove.se\/produkt\/vaggklistermarken-kaniner-white-happy-wonderland\/"},"modified":"2026-04-08T08:32:28","modified_gmt":"2026-04-08T07:32:28","slug":"veggklistremerker-kaniner-hvit-lykkelig-eventyrland","status":"publish","type":"product","link":"https:\/\/babylove.se\/no\/produkt\/veggklistremerker-kaniner-hvit-lykkelig-eventyrland\/","title":{"rendered":"Dekornik, Veggklistremerker Kaniner, White Happy Wonderland"},"content":{"rendered":"<p>Et fantastisk motiv som du har mulighet til \u00e5 innrede barnerommet ditt med for \u00e5 skape et deilig og vakkert milj\u00f8.<\/p>\n<p>8 s\u00f8te kaniner som skaper et eget \u00abhappy wonderland\u00bb og som barnet ditt kommer til \u00e5 elske og f\u00f8le seg trygg med.<\/p>\n<p>Du monterer dem enkelt hver for seg og kan enkelt flytte rundt p\u00e5 dem for \u00e5 finne nye motiver og utseender.<\/p>\n<p><strong>M\u00e5l<\/strong>: Kaninene varierer i st\u00f8rrelse fra bredde p\u00e5 21 cm \u2013 39 cm og h\u00f8yde mellom 21 cm \u2013 32 cm.<\/p>\n<p>Materiale: Laget av et trykt materiale som har en f\u00f8lelse av mykt stoff, det er et polyestermateriale som ble oppfunnet i Korea men ble tatt til Europa for \u00e5 dekorere forskjellige interi\u00f8rer.<\/p>\n<p>Designer: <a href=\"https:\/\/babylove.se\/varumarken\/dekornik\"><u>Dekornik<\/u><\/a><\/p>\n<p><u>Obs! klistremerkene er ikke egnet for vegger med en grov overflate eller hvis de er malt med lateksfarger eller tapetsert.<\/u><\/p>\n","protected":false},"excerpt":{"rendered":"<p>Et fantastisk motiv som du har mulighet til \u00e5 innrede barnerommet ditt med for \u00e5 skape et deilig og vakkert milj\u00f8. 8 s\u00f8te kaniner som skaper et eget \u00abhappy wonderland\u00bb og som barnet ditt kommer til \u00e5 elske og f\u00f8le seg trygg med. Du monterer dem enkelt hver for seg og kan enkelt flytte rundt [&hellip;]<\/p>\n","protected":false},"featured_media":6950,"comment_status":"closed","ping_status":"open","template":"","meta":{"_acf_changed":false},"product_brand":[190],"product_cat":[191,90,185,48,29,24],"product_tag":[1689],"class_list":{"0":"post-6948","1":"product","2":"type-product","3":"status-publish","4":"has-post-thumbnail","6":"product_brand-dekornik","7":"product_cat-dekornik","8":"product_cat-dyr","9":"product_cat-skog","10":"product_cat-startside","11":"product_cat-veggdekorasjoner","12":"product_cat-veggklistremerker","13":"product_tag-bestillingsvaror","15":"first","16":"instock","17":"taxable","18":"shipping-taxable","19":"purchasable","20":"product-type-simple"},"acf":[],"yoast_head":"<!-- This site is optimized with the Yoast SEO Premium plugin v25.8 (Yoast SEO v27.2) - https:\/\/yoast.com\/product\/yoast-seo-premium-wordpress\/ -->\n<title>Dekornik, Veggklistremerker Kaniner, White Happy Wonderland - Babylove Norska<\/title>\n<meta name=\"robots\" content=\"noindex, follow, max-snippet:-1, max-image-preview:large, max-video-preview:-1\" \/>\n<meta property=\"og:locale\" content=\"nb_NO\" \/>\n<meta property=\"og:type\" content=\"article\" \/>\n<meta property=\"og:title\" content=\"Dekornik, Veggklistremerker Kaniner, White Happy Wonderland\" \/>\n<meta property=\"og:description\" content=\"Et fantastisk motiv som du har mulighet til \u00e5 innrede barnerommet ditt med for \u00e5 skape et deilig og vakkert milj\u00f8. 8 s\u00f8te kaniner som skaper et eget \u00abhappy wonderland\u00bb og som barnet ditt kommer til \u00e5 elske og f\u00f8le seg trygg med. Du monterer dem enkelt hver for seg og kan enkelt flytte rundt [&hellip;]\" \/>\n<meta property=\"og:url\" content=\"https:\/\/babylove.se\/no\/produkt\/veggklistremerker-kaniner-hvit-lykkelig-eventyrland\/\" \/>\n<meta property=\"og:site_name\" content=\"Babylove Norska\" \/>\n<meta property=\"article:modified_time\" content=\"2026-04-08T07:32:28+00:00\" \/>\n<meta property=\"og:image\" content=\"https:\/\/babylove.se\/no\/wp-content\/uploads\/sites\/3\/2025\/07\/5b6961adca5d1.jpeg\" \/>\n\t<meta property=\"og:image:width\" content=\"750\" \/>\n\t<meta property=\"og:image:height\" content=\"750\" \/>\n\t<meta property=\"og:image:type\" content=\"image\/jpeg\" \/>\n<meta name=\"twitter:card\" content=\"summary_large_image\" \/>\n<meta name=\"twitter:label1\" content=\"Price\" \/>\n\t<meta name=\"twitter:data1\" content=\"599,00&nbsp;&#107;&#114;\" \/>\n\t<meta name=\"twitter:label2\" content=\"Availability\" \/>\n\t<meta name=\"twitter:data2\" content=\"In stock\" \/>\n<script type=\"application\/ld+json\" class=\"yoast-schema-graph\">{\"@context\":\"https:\/\/schema.org\",\"@graph\":[{\"@type\":\"WebPage\",\"@id\":\"https:\/\/babylove.se\/no\/produkt\/veggklistremerker-kaniner-hvit-lykkelig-eventyrland\/\",\"url\":\"https:\/\/babylove.se\/no\/produkt\/veggklistremerker-kaniner-hvit-lykkelig-eventyrland\/\",\"name\":\"Dekornik, Veggklistremerker Kaniner, White Happy Wonderland - Babylove Norska\",\"isPartOf\":{\"@id\":\"https:\/\/babylove.se\/no\/#website\"},\"primaryImageOfPage\":{\"@id\":\"https:\/\/babylove.se\/no\/produkt\/veggklistremerker-kaniner-hvit-lykkelig-eventyrland\/#primaryimage\"},\"image\":{\"@id\":\"https:\/\/babylove.se\/no\/produkt\/veggklistremerker-kaniner-hvit-lykkelig-eventyrland\/#primaryimage\"},\"thumbnailUrl\":\"https:\/\/babylove.se\/no\/wp-content\/uploads\/sites\/3\/2025\/07\/5b6961adca5d1.jpeg\",\"datePublished\":\"2025-07-18T19:40:03+00:00\",\"dateModified\":\"2026-04-08T07:32:28+00:00\",\"breadcrumb\":{\"@id\":\"https:\/\/babylove.se\/no\/produkt\/veggklistremerker-kaniner-hvit-lykkelig-eventyrland\/#breadcrumb\"},\"inLanguage\":\"nb-NO\",\"potentialAction\":[{\"@type\":\"ReadAction\",\"target\":[\"https:\/\/babylove.se\/no\/produkt\/veggklistremerker-kaniner-hvit-lykkelig-eventyrland\/\"]}]},{\"@type\":\"ImageObject\",\"inLanguage\":\"nb-NO\",\"@id\":\"https:\/\/babylove.se\/no\/produkt\/veggklistremerker-kaniner-hvit-lykkelig-eventyrland\/#primaryimage\",\"url\":\"https:\/\/babylove.se\/no\/wp-content\/uploads\/sites\/3\/2025\/07\/5b6961adca5d1.jpeg\",\"contentUrl\":\"https:\/\/babylove.se\/no\/wp-content\/uploads\/sites\/3\/2025\/07\/5b6961adca5d1.jpeg\",\"width\":750,\"height\":750},{\"@type\":\"BreadcrumbList\",\"@id\":\"https:\/\/babylove.se\/no\/produkt\/veggklistremerker-kaniner-hvit-lykkelig-eventyrland\/#breadcrumb\",\"itemListElement\":[{\"@type\":\"ListItem\",\"position\":1,\"name\":\"Hem\",\"item\":\"https:\/\/babylove.se\/no\/\"},{\"@type\":\"ListItem\",\"position\":2,\"name\":\"Butik\",\"item\":\"https:\/\/babylove.se\/no\/butik\/\"},{\"@type\":\"ListItem\",\"position\":3,\"name\":\"Dekornik, Veggklistremerker Kaniner, White Happy Wonderland\"}]},{\"@type\":\"WebSite\",\"@id\":\"https:\/\/babylove.se\/no\/#website\",\"url\":\"https:\/\/babylove.se\/no\/\",\"name\":\"Babylove Norska\",\"description\":\"\",\"potentialAction\":[{\"@type\":\"SearchAction\",\"target\":{\"@type\":\"EntryPoint\",\"urlTemplate\":\"https:\/\/babylove.se\/no\/?s={search_term_string}\"},\"query-input\":{\"@type\":\"PropertyValueSpecification\",\"valueRequired\":true,\"valueName\":\"search_term_string\"}}],\"inLanguage\":\"nb-NO\"}]}<\/script>\n<meta property=\"product:brand\" content=\"Dekornik\" \/>\n<meta property=\"product:price:amount\" content=\"599.00\" \/>\n<meta property=\"product:price:currency\" content=\"SEK\" \/>\n<meta property=\"og:availability\" content=\"instock\" \/>\n<meta property=\"product:availability\" content=\"instock\" \/>\n<meta property=\"product:retailer_item_id\" content=\"DEKO.N.NNM.033\" \/>\n<meta property=\"product:condition\" content=\"new\" \/>\n<!-- \/ Yoast SEO Premium plugin. -->","yoast_head_json":{"title":"Dekornik, Veggklistremerker Kaniner, White Happy Wonderland - Babylove Norska","robots":{"index":"noindex","follow":"follow","max-snippet":"max-snippet:-1","max-image-preview":"max-image-preview:large","max-video-preview":"max-video-preview:-1"},"og_locale":"nb_NO","og_type":"article","og_title":"Dekornik, Veggklistremerker Kaniner, White Happy Wonderland","og_description":"Et fantastisk motiv som du har mulighet til \u00e5 innrede barnerommet ditt med for \u00e5 skape et deilig og vakkert milj\u00f8. 8 s\u00f8te kaniner som skaper et eget \u00abhappy wonderland\u00bb og som barnet ditt kommer til \u00e5 elske og f\u00f8le seg trygg med. Du monterer dem enkelt hver for seg og kan enkelt flytte rundt [&hellip;]","og_url":"https:\/\/babylove.se\/no\/produkt\/veggklistremerker-kaniner-hvit-lykkelig-eventyrland\/","og_site_name":"Babylove Norska","article_modified_time":"2026-04-08T07:32:28+00:00","og_image":[{"width":750,"height":750,"url":"https:\/\/babylove.se\/no\/wp-content\/uploads\/sites\/3\/2025\/07\/5b6961adca5d1.jpeg","type":"image\/jpeg"}],"twitter_card":"summary_large_image","twitter_misc":{"Price":"599,00&nbsp;&#107;&#114;","Availability":"In stock"},"schema":{"@context":"https:\/\/schema.org","@graph":[{"@type":"WebPage","@id":"https:\/\/babylove.se\/no\/produkt\/veggklistremerker-kaniner-hvit-lykkelig-eventyrland\/","url":"https:\/\/babylove.se\/no\/produkt\/veggklistremerker-kaniner-hvit-lykkelig-eventyrland\/","name":"Dekornik, Veggklistremerker Kaniner, White Happy Wonderland - Babylove Norska","isPartOf":{"@id":"https:\/\/babylove.se\/no\/#website"},"primaryImageOfPage":{"@id":"https:\/\/babylove.se\/no\/produkt\/veggklistremerker-kaniner-hvit-lykkelig-eventyrland\/#primaryimage"},"image":{"@id":"https:\/\/babylove.se\/no\/produkt\/veggklistremerker-kaniner-hvit-lykkelig-eventyrland\/#primaryimage"},"thumbnailUrl":"https:\/\/babylove.se\/no\/wp-content\/uploads\/sites\/3\/2025\/07\/5b6961adca5d1.jpeg","datePublished":"2025-07-18T19:40:03+00:00","dateModified":"2026-04-08T07:32:28+00:00","breadcrumb":{"@id":"https:\/\/babylove.se\/no\/produkt\/veggklistremerker-kaniner-hvit-lykkelig-eventyrland\/#breadcrumb"},"inLanguage":"nb-NO","potentialAction":[{"@type":"ReadAction","target":["https:\/\/babylove.se\/no\/produkt\/veggklistremerker-kaniner-hvit-lykkelig-eventyrland\/"]}]},{"@type":"ImageObject","inLanguage":"nb-NO","@id":"https:\/\/babylove.se\/no\/produkt\/veggklistremerker-kaniner-hvit-lykkelig-eventyrland\/#primaryimage","url":"https:\/\/babylove.se\/no\/wp-content\/uploads\/sites\/3\/2025\/07\/5b6961adca5d1.jpeg","contentUrl":"https:\/\/babylove.se\/no\/wp-content\/uploads\/sites\/3\/2025\/07\/5b6961adca5d1.jpeg","width":750,"height":750},{"@type":"BreadcrumbList","@id":"https:\/\/babylove.se\/no\/produkt\/veggklistremerker-kaniner-hvit-lykkelig-eventyrland\/#breadcrumb","itemListElement":[{"@type":"ListItem","position":1,"name":"Hem","item":"https:\/\/babylove.se\/no\/"},{"@type":"ListItem","position":2,"name":"Butik","item":"https:\/\/babylove.se\/no\/butik\/"},{"@type":"ListItem","position":3,"name":"Dekornik, Veggklistremerker Kaniner, White Happy Wonderland"}]},{"@type":"WebSite","@id":"https:\/\/babylove.se\/no\/#website","url":"https:\/\/babylove.se\/no\/","name":"Babylove Norska","description":"","potentialAction":[{"@type":"SearchAction","target":{"@type":"EntryPoint","urlTemplate":"https:\/\/babylove.se\/no\/?s={search_term_string}"},"query-input":{"@type":"PropertyValueSpecification","valueRequired":true,"valueName":"search_term_string"}}],"inLanguage":"nb-NO"}]},"product_brand":"Dekornik","product_price_amount":"599.00","product_price_currency":"SEK","og_availability":"instock","product_availability":"instock","product_retailer_item_id":"DEKO.N.NNM.033","product_condition":"new"},"_links":{"self":[{"href":"https:\/\/babylove.se\/no\/wp-json\/wp\/v2\/product\/6948","targetHints":{"allow":["GET"]}}],"collection":[{"href":"https:\/\/babylove.se\/no\/wp-json\/wp\/v2\/product"}],"about":[{"href":"https:\/\/babylove.se\/no\/wp-json\/wp\/v2\/types\/product"}],"replies":[{"embeddable":true,"href":"https:\/\/babylove.se\/no\/wp-json\/wp\/v2\/comments?post=6948"}],"wp:featuredmedia":[{"embeddable":true,"href":"https:\/\/babylove.se\/no\/wp-json\/wp\/v2\/media\/6950"}],"wp:attachment":[{"href":"https:\/\/babylove.se\/no\/wp-json\/wp\/v2\/media?parent=6948"}],"wp:term":[{"taxonomy":"product_brand","embeddable":true,"href":"https:\/\/babylove.se\/no\/wp-json\/wp\/v2\/product_brand?post=6948"},{"taxonomy":"product_cat","embeddable":true,"href":"https:\/\/babylove.se\/no\/wp-json\/wp\/v2\/product_cat?post=6948"},{"taxonomy":"product_tag","embeddable":true,"href":"https:\/\/babylove.se\/no\/wp-json\/wp\/v2\/product_tag?post=6948"}],"curies":[{"name":"wp","href":"https:\/\/api.w.org\/{rel}","templated":true}]}}