{"id":6955,"date":"2025-07-18T20:40:03","date_gmt":"2025-07-18T19:40:03","guid":{"rendered":"https:\/\/babylove.se\/produkt\/ng-baby-underlakan-till-spjalsangvagga-woods-rose-woods-fairytales\/"},"modified":"2026-04-08T08:32:31","modified_gmt":"2026-04-08T07:32:31","slug":"ng-baby-underlakan-til-barneseng-woods-rose-woods-fairytales","status":"publish","type":"product","link":"https:\/\/babylove.se\/no\/produkt\/ng-baby-underlakan-til-barneseng-woods-rose-woods-fairytales\/","title":{"rendered":"Ng Baby, underlaken til sprinkelseng\/vugge woods rose , Woods &#038; Fairytales"},"content":{"rendered":"<p>Ng Baby UNDERLAKEN til sprinkelseng, vogn | WOODS ROSE | WOODS &#038; FAIRYTALES<\/p>\n<p>Dette vakre og h\u00f8ykvalitets underlakanet med et vakkert motiv i en myk og rosa fargeskala. De fine figurene setter fart p\u00e5 ditt barns fantasi og vil gi dere egne stunder med sm\u00e5 eventyr og fortellinger. Kombiner gjerne med noe av de fine dynetrekkssettene fra samme kolleksjon, den \u00f8kologiske Woods &#038; Fairytales. Materialet i underlakanet er laget av fin bomullssatin som er tett vevd og av mykeste kvalitet som gj\u00f8r at f\u00f8lelsen mot barnets hud er b\u00e5de kj\u00f8lig og deilig. Skaff dette til din nyf\u00f8dte baby og la barnet vokse med denne kolleksjonen n\u00e6r seg. Senget\u00f8yet finnes i flere forskjellige motiver og st\u00f8rrelser som selvf\u00f8lgelig passer barn i forskjellige aldre.<\/p>\n<p>Bomullen som brukes kommer utelukkende fra sertifiserte og \u00f8kologiske dyrkinger, selvf\u00f8lgelig helt fri fra bekjempelsesmidler. Stoffet produseres under sertifiserte arbeidsforhold og som f\u00f8lger GOTS standard. Underlakanet kan vaskes i maskin opp til 60 grader, s\u00e5 det er enkelt \u00e5 holde rent.<\/p>\n<p>Alle NG Babys produkter sys i Emmaljunga<\/p>\n<p>M\u00e5l:<\/p>\n<ul>\n<li><strong>vogn\/vugge<\/strong> Lengde: 100 cm | Bredde: 70 cm<\/li>\n<li><strong>sprinkelseng<\/strong> Lengde: 150 cm | Bredde: 100 cm<\/li>\n<\/ul>\n<p>Designer: Ng Baby<\/p>\n","protected":false},"excerpt":{"rendered":"<p>Ng Baby UNDERLAKEN til sprinkelseng, vogn | WOODS ROSE | WOODS &#038; FAIRYTALES Dette vakre og h\u00f8ykvalitets underlakanet med et vakkert motiv i en myk og rosa fargeskala. De fine figurene setter fart p\u00e5 ditt barns fantasi og vil gi dere egne stunder med sm\u00e5 eventyr og fortellinger. Kombiner gjerne med noe av de fine [&hellip;]<\/p>\n","protected":false},"featured_media":6957,"comment_status":"closed","ping_status":"open","template":"","meta":{"_acf_changed":false},"product_brand":[107],"product_cat":[90,109,48,119],"product_tag":[1689],"class_list":{"0":"post-6955","1":"product","2":"type-product","3":"status-publish","4":"has-post-thumbnail","6":"product_brand-ng-baby","7":"product_cat-dyr","8":"product_cat-ng-baby","9":"product_cat-startside","10":"product_cat-underlaken","11":"product_tag-bestillingsvaror","12":"pa_storlek-spjalsang","13":"pa_storlek-vagn-vagga","15":"first","16":"outofstock","17":"taxable","18":"shipping-taxable","19":"purchasable","20":"product-type-variable"},"acf":[],"yoast_head":"<!-- This site is optimized with the Yoast SEO Premium plugin v25.8 (Yoast SEO v27.2) - https:\/\/yoast.com\/product\/yoast-seo-premium-wordpress\/ -->\n<title>Ng Baby, underlaken til sprinkelseng\/vugge woods rose , Woods &amp; Fairytales - Babylove Norska<\/title>\n<meta name=\"robots\" content=\"noindex, follow, max-snippet:-1, max-image-preview:large, max-video-preview:-1\" \/>\n<meta property=\"og:locale\" content=\"nb_NO\" \/>\n<meta property=\"og:type\" content=\"article\" \/>\n<meta property=\"og:title\" content=\"Ng Baby, underlaken til sprinkelseng\/vugge woods rose , Woods &amp; Fairytales\" \/>\n<meta property=\"og:description\" content=\"Ng Baby UNDERLAKEN til sprinkelseng, vogn | WOODS ROSE | WOODS &#038; FAIRYTALES Dette vakre og h\u00f8ykvalitets underlakanet med et vakkert motiv i en myk og rosa fargeskala. De fine figurene setter fart p\u00e5 ditt barns fantasi og vil gi dere egne stunder med sm\u00e5 eventyr og fortellinger. Kombiner gjerne med noe av de fine [&hellip;]\" \/>\n<meta property=\"og:url\" content=\"https:\/\/babylove.se\/no\/produkt\/ng-baby-underlakan-til-barneseng-woods-rose-woods-fairytales\/\" \/>\n<meta property=\"og:site_name\" content=\"Babylove Norska\" \/>\n<meta property=\"article:modified_time\" content=\"2026-04-08T07:32:31+00:00\" \/>\n<meta property=\"og:image\" content=\"https:\/\/babylove.se\/no\/wp-content\/uploads\/sites\/3\/2025\/07\/5b71633bb0023.jpeg\" \/>\n\t<meta property=\"og:image:width\" content=\"501\" \/>\n\t<meta property=\"og:image:height\" content=\"750\" \/>\n\t<meta property=\"og:image:type\" content=\"image\/jpeg\" \/>\n<meta name=\"twitter:card\" content=\"summary_large_image\" \/>\n<meta name=\"twitter:label1\" content=\"Availability\" \/>\n\t<meta name=\"twitter:data1\" content=\"Out of stock\" \/>\n<script type=\"application\/ld+json\" class=\"yoast-schema-graph\">{\"@context\":\"https:\/\/schema.org\",\"@graph\":[{\"@type\":\"WebPage\",\"@id\":\"https:\/\/babylove.se\/no\/produkt\/ng-baby-underlakan-til-barneseng-woods-rose-woods-fairytales\/\",\"url\":\"https:\/\/babylove.se\/no\/produkt\/ng-baby-underlakan-til-barneseng-woods-rose-woods-fairytales\/\",\"name\":\"Ng Baby, underlaken til sprinkelseng\/vugge woods rose , Woods & Fairytales - Babylove Norska\",\"isPartOf\":{\"@id\":\"https:\/\/babylove.se\/no\/#website\"},\"primaryImageOfPage\":{\"@id\":\"https:\/\/babylove.se\/no\/produkt\/ng-baby-underlakan-til-barneseng-woods-rose-woods-fairytales\/#primaryimage\"},\"image\":{\"@id\":\"https:\/\/babylove.se\/no\/produkt\/ng-baby-underlakan-til-barneseng-woods-rose-woods-fairytales\/#primaryimage\"},\"thumbnailUrl\":\"https:\/\/babylove.se\/no\/wp-content\/uploads\/sites\/3\/2025\/07\/5b71633bb0023.jpeg\",\"datePublished\":\"2025-07-18T19:40:03+00:00\",\"dateModified\":\"2026-04-08T07:32:31+00:00\",\"breadcrumb\":{\"@id\":\"https:\/\/babylove.se\/no\/produkt\/ng-baby-underlakan-til-barneseng-woods-rose-woods-fairytales\/#breadcrumb\"},\"inLanguage\":\"nb-NO\",\"potentialAction\":[{\"@type\":\"ReadAction\",\"target\":[\"https:\/\/babylove.se\/no\/produkt\/ng-baby-underlakan-til-barneseng-woods-rose-woods-fairytales\/\"]}]},{\"@type\":\"ImageObject\",\"inLanguage\":\"nb-NO\",\"@id\":\"https:\/\/babylove.se\/no\/produkt\/ng-baby-underlakan-til-barneseng-woods-rose-woods-fairytales\/#primaryimage\",\"url\":\"https:\/\/babylove.se\/no\/wp-content\/uploads\/sites\/3\/2025\/07\/5b71633bb0023.jpeg\",\"contentUrl\":\"https:\/\/babylove.se\/no\/wp-content\/uploads\/sites\/3\/2025\/07\/5b71633bb0023.jpeg\",\"width\":501,\"height\":750},{\"@type\":\"BreadcrumbList\",\"@id\":\"https:\/\/babylove.se\/no\/produkt\/ng-baby-underlakan-til-barneseng-woods-rose-woods-fairytales\/#breadcrumb\",\"itemListElement\":[{\"@type\":\"ListItem\",\"position\":1,\"name\":\"Hem\",\"item\":\"https:\/\/babylove.se\/no\/\"},{\"@type\":\"ListItem\",\"position\":2,\"name\":\"Butik\",\"item\":\"https:\/\/babylove.se\/no\/butik\/\"},{\"@type\":\"ListItem\",\"position\":3,\"name\":\"Ng Baby, underlaken til sprinkelseng\/vugge woods rose , Woods &#038; Fairytales\"}]},{\"@type\":\"WebSite\",\"@id\":\"https:\/\/babylove.se\/no\/#website\",\"url\":\"https:\/\/babylove.se\/no\/\",\"name\":\"Babylove Norska\",\"description\":\"\",\"potentialAction\":[{\"@type\":\"SearchAction\",\"target\":{\"@type\":\"EntryPoint\",\"urlTemplate\":\"https:\/\/babylove.se\/no\/?s={search_term_string}\"},\"query-input\":{\"@type\":\"PropertyValueSpecification\",\"valueRequired\":true,\"valueName\":\"search_term_string\"}}],\"inLanguage\":\"nb-NO\"}]}<\/script>\n<meta property=\"product:brand\" content=\"Ng Baby\" \/>\n<meta property=\"og:availability\" content=\"out of stock\" \/>\n<meta property=\"product:availability\" content=\"out of stock\" \/>\n<meta property=\"product:retailer_item_id\" content=\"VagnVagga\" \/>\n<meta property=\"product:condition\" content=\"new\" \/>\n<!-- \/ Yoast SEO Premium plugin. -->","yoast_head_json":{"title":"Ng Baby, underlaken til sprinkelseng\/vugge woods rose , Woods & Fairytales - Babylove Norska","robots":{"index":"noindex","follow":"follow","max-snippet":"max-snippet:-1","max-image-preview":"max-image-preview:large","max-video-preview":"max-video-preview:-1"},"og_locale":"nb_NO","og_type":"article","og_title":"Ng Baby, underlaken til sprinkelseng\/vugge woods rose , Woods & Fairytales","og_description":"Ng Baby UNDERLAKEN til sprinkelseng, vogn | WOODS ROSE | WOODS &#038; FAIRYTALES Dette vakre og h\u00f8ykvalitets underlakanet med et vakkert motiv i en myk og rosa fargeskala. De fine figurene setter fart p\u00e5 ditt barns fantasi og vil gi dere egne stunder med sm\u00e5 eventyr og fortellinger. Kombiner gjerne med noe av de fine [&hellip;]","og_url":"https:\/\/babylove.se\/no\/produkt\/ng-baby-underlakan-til-barneseng-woods-rose-woods-fairytales\/","og_site_name":"Babylove Norska","article_modified_time":"2026-04-08T07:32:31+00:00","og_image":[{"width":501,"height":750,"url":"https:\/\/babylove.se\/no\/wp-content\/uploads\/sites\/3\/2025\/07\/5b71633bb0023.jpeg","type":"image\/jpeg"}],"twitter_card":"summary_large_image","twitter_misc":{"Availability":"Out of stock"},"schema":{"@context":"https:\/\/schema.org","@graph":[{"@type":"WebPage","@id":"https:\/\/babylove.se\/no\/produkt\/ng-baby-underlakan-til-barneseng-woods-rose-woods-fairytales\/","url":"https:\/\/babylove.se\/no\/produkt\/ng-baby-underlakan-til-barneseng-woods-rose-woods-fairytales\/","name":"Ng Baby, underlaken til sprinkelseng\/vugge woods rose , Woods & Fairytales - Babylove Norska","isPartOf":{"@id":"https:\/\/babylove.se\/no\/#website"},"primaryImageOfPage":{"@id":"https:\/\/babylove.se\/no\/produkt\/ng-baby-underlakan-til-barneseng-woods-rose-woods-fairytales\/#primaryimage"},"image":{"@id":"https:\/\/babylove.se\/no\/produkt\/ng-baby-underlakan-til-barneseng-woods-rose-woods-fairytales\/#primaryimage"},"thumbnailUrl":"https:\/\/babylove.se\/no\/wp-content\/uploads\/sites\/3\/2025\/07\/5b71633bb0023.jpeg","datePublished":"2025-07-18T19:40:03+00:00","dateModified":"2026-04-08T07:32:31+00:00","breadcrumb":{"@id":"https:\/\/babylove.se\/no\/produkt\/ng-baby-underlakan-til-barneseng-woods-rose-woods-fairytales\/#breadcrumb"},"inLanguage":"nb-NO","potentialAction":[{"@type":"ReadAction","target":["https:\/\/babylove.se\/no\/produkt\/ng-baby-underlakan-til-barneseng-woods-rose-woods-fairytales\/"]}]},{"@type":"ImageObject","inLanguage":"nb-NO","@id":"https:\/\/babylove.se\/no\/produkt\/ng-baby-underlakan-til-barneseng-woods-rose-woods-fairytales\/#primaryimage","url":"https:\/\/babylove.se\/no\/wp-content\/uploads\/sites\/3\/2025\/07\/5b71633bb0023.jpeg","contentUrl":"https:\/\/babylove.se\/no\/wp-content\/uploads\/sites\/3\/2025\/07\/5b71633bb0023.jpeg","width":501,"height":750},{"@type":"BreadcrumbList","@id":"https:\/\/babylove.se\/no\/produkt\/ng-baby-underlakan-til-barneseng-woods-rose-woods-fairytales\/#breadcrumb","itemListElement":[{"@type":"ListItem","position":1,"name":"Hem","item":"https:\/\/babylove.se\/no\/"},{"@type":"ListItem","position":2,"name":"Butik","item":"https:\/\/babylove.se\/no\/butik\/"},{"@type":"ListItem","position":3,"name":"Ng Baby, underlaken til sprinkelseng\/vugge woods rose , Woods &#038; Fairytales"}]},{"@type":"WebSite","@id":"https:\/\/babylove.se\/no\/#website","url":"https:\/\/babylove.se\/no\/","name":"Babylove Norska","description":"","potentialAction":[{"@type":"SearchAction","target":{"@type":"EntryPoint","urlTemplate":"https:\/\/babylove.se\/no\/?s={search_term_string}"},"query-input":{"@type":"PropertyValueSpecification","valueRequired":true,"valueName":"search_term_string"}}],"inLanguage":"nb-NO"}]},"product_brand":"Ng Baby","og_availability":"out of stock","product_availability":"out of stock","product_retailer_item_id":"VagnVagga","product_condition":"new"},"_links":{"self":[{"href":"https:\/\/babylove.se\/no\/wp-json\/wp\/v2\/product\/6955","targetHints":{"allow":["GET"]}}],"collection":[{"href":"https:\/\/babylove.se\/no\/wp-json\/wp\/v2\/product"}],"about":[{"href":"https:\/\/babylove.se\/no\/wp-json\/wp\/v2\/types\/product"}],"replies":[{"embeddable":true,"href":"https:\/\/babylove.se\/no\/wp-json\/wp\/v2\/comments?post=6955"}],"wp:featuredmedia":[{"embeddable":true,"href":"https:\/\/babylove.se\/no\/wp-json\/wp\/v2\/media\/6957"}],"wp:attachment":[{"href":"https:\/\/babylove.se\/no\/wp-json\/wp\/v2\/media?parent=6955"}],"wp:term":[{"taxonomy":"product_brand","embeddable":true,"href":"https:\/\/babylove.se\/no\/wp-json\/wp\/v2\/product_brand?post=6955"},{"taxonomy":"product_cat","embeddable":true,"href":"https:\/\/babylove.se\/no\/wp-json\/wp\/v2\/product_cat?post=6955"},{"taxonomy":"product_tag","embeddable":true,"href":"https:\/\/babylove.se\/no\/wp-json\/wp\/v2\/product_tag?post=6955"}],"curies":[{"name":"wp","href":"https:\/\/api.w.org\/{rel}","templated":true}]}}