{"id":6988,"date":"2025-07-18T20:40:19","date_gmt":"2025-07-18T19:40:19","guid":{"rendered":"https:\/\/babylove.se\/produkt\/ng-baby-sittsack-i-linne-rose-mood\/"},"modified":"2026-04-08T08:32:48","modified_gmt":"2026-04-08T07:32:48","slug":"ng-baby-sittsekk-i-lin-rose-mood","status":"publish","type":"product","link":"https:\/\/babylove.se\/no\/produkt\/ng-baby-sittsekk-i-lin-rose-mood\/","title":{"rendered":"NG Baby, sittsekk i lin, rose , mood"},"content":{"rendered":"<p>Uansett om du velger \u00e5 kalle den for en sittepuff eller sekkestol, s\u00e5 kommer du og ditt barn til \u00e5 elske dette fantastiske produktet for barnerommet, skapt i Emmaljunga av svenske NG Baby. <\/p>\n<p>Yttert\u00f8yet er laget av 100 % steinvasket lin som gj\u00f8r at sittepuffen enkelt former seg sammen med det meget bevegelige fyllet. Du vil alltid kunne finne deres favorittposisjon i denne sekkestolen. <\/p>\n<p>Sittepuffen kan selvf\u00f8lgelig brukes ogs\u00e5 i stuen eller i favoritthj\u00f8rnet, den er enkel \u00e5 flytte og fin overalt, ikke bare som barneroms-innredning. Sittepuffen finnes i flere forskjellige farger, alle med en dempet tone, og de kan selvf\u00f8lgelig enkelt matches med andre passende linprodukter fra NG Babys kolleksjoner Mood og Ruffles\/Volang. <\/p>\n<p>Stoffet er avtagbart og helt vaskbart, som gj\u00f8r det enkelt \u00e5 holde rent. Du tar enkelt av det ved hjelp av glidel\u00e5sen p\u00e5 undersiden og stopper s\u00e5 inn i maskinen og vasker p\u00e5 h\u00f8yst 40 grader og uten t\u00f8rketromling. <\/p>\n<p><strong>M\u00e5l: <\/strong>Bredde: 50 cm | Dybde ca 37 cm (Obs! bevegelig fyll \u2013 omtrentlige m\u00e5l) <\/p>\n<p><strong>Fyll <\/strong>142 liter styrenkuler (EPS = ekspanderende polystyren) i lukket innerpose av bomull\/polyester. <\/p>\n<p><strong>Vasker\u00e5d <\/strong>Yttert\u00f8yet maskinvaskes i 40 grader. Styrenkkulene og innerposen kan ikke vaskes. <\/p>\n<p>Designer: <u><a href=\"https:\/\/babylove.se\/varumarken\/ng-baby\">Ng Baby<\/a> <\/u><\/p>\n","protected":false},"excerpt":{"rendered":"<p>Uansett om du velger \u00e5 kalle den for en sittepuff eller sekkestol, s\u00e5 kommer du og ditt barn til \u00e5 elske dette fantastiske produktet for barnerommet, skapt i Emmaljunga av svenske NG Baby. Yttert\u00f8yet er laget av 100 % steinvasket lin som gj\u00f8r at sittepuffen enkelt former seg sammen med det meget bevegelige fyllet. Du [&hellip;]<\/p>\n","protected":false},"featured_media":6990,"comment_status":"open","ping_status":"closed","template":"","meta":{"_acf_changed":false},"product_brand":[107],"product_cat":[109,44,48,80],"product_tag":[1709],"class_list":{"0":"post-6988","1":"product","2":"type-product","3":"status-publish","4":"has-post-thumbnail","6":"product_brand-ng-baby","7":"product_cat-ng-baby","8":"product_cat-sitteputfer-saccosekker","9":"product_cat-startside","10":"product_cat-stoler","11":"product_tag-utforsalg","13":"first","14":"instock","15":"taxable","16":"shipping-taxable","17":"purchasable","18":"product-type-simple"},"acf":[],"yoast_head":"<!-- This site is optimized with the Yoast SEO Premium plugin v25.8 (Yoast SEO v27.2) - https:\/\/yoast.com\/product\/yoast-seo-premium-wordpress\/ -->\n<title>NG Baby, sittsekk i lin, rose , mood - Babylove Norska<\/title>\n<meta name=\"robots\" content=\"noindex, follow, max-snippet:-1, max-image-preview:large, max-video-preview:-1\" \/>\n<meta property=\"og:locale\" content=\"nb_NO\" \/>\n<meta property=\"og:type\" content=\"article\" \/>\n<meta property=\"og:title\" content=\"NG Baby, sittsekk i lin, rose , mood\" \/>\n<meta property=\"og:description\" content=\"Uansett om du velger \u00e5 kalle den for en sittepuff eller sekkestol, s\u00e5 kommer du og ditt barn til \u00e5 elske dette fantastiske produktet for barnerommet, skapt i Emmaljunga av svenske NG Baby. Yttert\u00f8yet er laget av 100 % steinvasket lin som gj\u00f8r at sittepuffen enkelt former seg sammen med det meget bevegelige fyllet. Du [&hellip;]\" \/>\n<meta property=\"og:url\" content=\"https:\/\/babylove.se\/no\/produkt\/ng-baby-sittsekk-i-lin-rose-mood\/\" \/>\n<meta property=\"og:site_name\" content=\"Babylove Norska\" \/>\n<meta property=\"article:modified_time\" content=\"2026-04-08T07:32:48+00:00\" \/>\n<meta property=\"og:image\" content=\"https:\/\/babylove.se\/no\/wp-content\/uploads\/sites\/3\/2025\/07\/5b73183a6a653.jpeg\" \/>\n\t<meta property=\"og:image:width\" content=\"750\" \/>\n\t<meta property=\"og:image:height\" content=\"750\" \/>\n\t<meta property=\"og:image:type\" content=\"image\/jpeg\" \/>\n<meta name=\"twitter:card\" content=\"summary_large_image\" \/>\n<meta name=\"twitter:label1\" content=\"Price\" \/>\n\t<meta name=\"twitter:data1\" content=\"2 059,00&nbsp;&#107;&#114;\" \/>\n\t<meta name=\"twitter:label2\" content=\"Availability\" \/>\n\t<meta name=\"twitter:data2\" content=\"In stock\" \/>\n<script type=\"application\/ld+json\" class=\"yoast-schema-graph\">{\"@context\":\"https:\/\/schema.org\",\"@graph\":[{\"@type\":\"WebPage\",\"@id\":\"https:\/\/babylove.se\/no\/produkt\/ng-baby-sittsekk-i-lin-rose-mood\/\",\"url\":\"https:\/\/babylove.se\/no\/produkt\/ng-baby-sittsekk-i-lin-rose-mood\/\",\"name\":\"NG Baby, sittsekk i lin, rose , mood - Babylove Norska\",\"isPartOf\":{\"@id\":\"https:\/\/babylove.se\/no\/#website\"},\"primaryImageOfPage\":{\"@id\":\"https:\/\/babylove.se\/no\/produkt\/ng-baby-sittsekk-i-lin-rose-mood\/#primaryimage\"},\"image\":{\"@id\":\"https:\/\/babylove.se\/no\/produkt\/ng-baby-sittsekk-i-lin-rose-mood\/#primaryimage\"},\"thumbnailUrl\":\"https:\/\/babylove.se\/no\/wp-content\/uploads\/sites\/3\/2025\/07\/5b73183a6a653.jpeg\",\"datePublished\":\"2025-07-18T19:40:19+00:00\",\"dateModified\":\"2026-04-08T07:32:48+00:00\",\"breadcrumb\":{\"@id\":\"https:\/\/babylove.se\/no\/produkt\/ng-baby-sittsekk-i-lin-rose-mood\/#breadcrumb\"},\"inLanguage\":\"nb-NO\",\"potentialAction\":[{\"@type\":\"ReadAction\",\"target\":[\"https:\/\/babylove.se\/no\/produkt\/ng-baby-sittsekk-i-lin-rose-mood\/\"]}]},{\"@type\":\"ImageObject\",\"inLanguage\":\"nb-NO\",\"@id\":\"https:\/\/babylove.se\/no\/produkt\/ng-baby-sittsekk-i-lin-rose-mood\/#primaryimage\",\"url\":\"https:\/\/babylove.se\/no\/wp-content\/uploads\/sites\/3\/2025\/07\/5b73183a6a653.jpeg\",\"contentUrl\":\"https:\/\/babylove.se\/no\/wp-content\/uploads\/sites\/3\/2025\/07\/5b73183a6a653.jpeg\",\"width\":750,\"height\":750},{\"@type\":\"BreadcrumbList\",\"@id\":\"https:\/\/babylove.se\/no\/produkt\/ng-baby-sittsekk-i-lin-rose-mood\/#breadcrumb\",\"itemListElement\":[{\"@type\":\"ListItem\",\"position\":1,\"name\":\"Hem\",\"item\":\"https:\/\/babylove.se\/no\/\"},{\"@type\":\"ListItem\",\"position\":2,\"name\":\"Butik\",\"item\":\"https:\/\/babylove.se\/no\/butik\/\"},{\"@type\":\"ListItem\",\"position\":3,\"name\":\"NG Baby, sittsekk i lin, rose , mood\"}]},{\"@type\":\"WebSite\",\"@id\":\"https:\/\/babylove.se\/no\/#website\",\"url\":\"https:\/\/babylove.se\/no\/\",\"name\":\"Babylove Norska\",\"description\":\"\",\"potentialAction\":[{\"@type\":\"SearchAction\",\"target\":{\"@type\":\"EntryPoint\",\"urlTemplate\":\"https:\/\/babylove.se\/no\/?s={search_term_string}\"},\"query-input\":{\"@type\":\"PropertyValueSpecification\",\"valueRequired\":true,\"valueName\":\"search_term_string\"}}],\"inLanguage\":\"nb-NO\"}]}<\/script>\n<meta property=\"product:brand\" content=\"Ng Baby\" \/>\n<meta property=\"product:price:amount\" content=\"2059.00\" \/>\n<meta property=\"product:price:currency\" content=\"SEK\" \/>\n<meta property=\"og:availability\" content=\"instock\" \/>\n<meta property=\"product:availability\" content=\"instock\" \/>\n<meta property=\"product:retailer_item_id\" content=\"80500-006\" \/>\n<meta property=\"product:condition\" content=\"new\" \/>\n<!-- \/ Yoast SEO Premium plugin. -->","yoast_head_json":{"title":"NG Baby, sittsekk i lin, rose , mood - Babylove Norska","robots":{"index":"noindex","follow":"follow","max-snippet":"max-snippet:-1","max-image-preview":"max-image-preview:large","max-video-preview":"max-video-preview:-1"},"og_locale":"nb_NO","og_type":"article","og_title":"NG Baby, sittsekk i lin, rose , mood","og_description":"Uansett om du velger \u00e5 kalle den for en sittepuff eller sekkestol, s\u00e5 kommer du og ditt barn til \u00e5 elske dette fantastiske produktet for barnerommet, skapt i Emmaljunga av svenske NG Baby. Yttert\u00f8yet er laget av 100 % steinvasket lin som gj\u00f8r at sittepuffen enkelt former seg sammen med det meget bevegelige fyllet. Du [&hellip;]","og_url":"https:\/\/babylove.se\/no\/produkt\/ng-baby-sittsekk-i-lin-rose-mood\/","og_site_name":"Babylove Norska","article_modified_time":"2026-04-08T07:32:48+00:00","og_image":[{"width":750,"height":750,"url":"https:\/\/babylove.se\/no\/wp-content\/uploads\/sites\/3\/2025\/07\/5b73183a6a653.jpeg","type":"image\/jpeg"}],"twitter_card":"summary_large_image","twitter_misc":{"Price":"2 059,00&nbsp;&#107;&#114;","Availability":"In stock"},"schema":{"@context":"https:\/\/schema.org","@graph":[{"@type":"WebPage","@id":"https:\/\/babylove.se\/no\/produkt\/ng-baby-sittsekk-i-lin-rose-mood\/","url":"https:\/\/babylove.se\/no\/produkt\/ng-baby-sittsekk-i-lin-rose-mood\/","name":"NG Baby, sittsekk i lin, rose , mood - Babylove Norska","isPartOf":{"@id":"https:\/\/babylove.se\/no\/#website"},"primaryImageOfPage":{"@id":"https:\/\/babylove.se\/no\/produkt\/ng-baby-sittsekk-i-lin-rose-mood\/#primaryimage"},"image":{"@id":"https:\/\/babylove.se\/no\/produkt\/ng-baby-sittsekk-i-lin-rose-mood\/#primaryimage"},"thumbnailUrl":"https:\/\/babylove.se\/no\/wp-content\/uploads\/sites\/3\/2025\/07\/5b73183a6a653.jpeg","datePublished":"2025-07-18T19:40:19+00:00","dateModified":"2026-04-08T07:32:48+00:00","breadcrumb":{"@id":"https:\/\/babylove.se\/no\/produkt\/ng-baby-sittsekk-i-lin-rose-mood\/#breadcrumb"},"inLanguage":"nb-NO","potentialAction":[{"@type":"ReadAction","target":["https:\/\/babylove.se\/no\/produkt\/ng-baby-sittsekk-i-lin-rose-mood\/"]}]},{"@type":"ImageObject","inLanguage":"nb-NO","@id":"https:\/\/babylove.se\/no\/produkt\/ng-baby-sittsekk-i-lin-rose-mood\/#primaryimage","url":"https:\/\/babylove.se\/no\/wp-content\/uploads\/sites\/3\/2025\/07\/5b73183a6a653.jpeg","contentUrl":"https:\/\/babylove.se\/no\/wp-content\/uploads\/sites\/3\/2025\/07\/5b73183a6a653.jpeg","width":750,"height":750},{"@type":"BreadcrumbList","@id":"https:\/\/babylove.se\/no\/produkt\/ng-baby-sittsekk-i-lin-rose-mood\/#breadcrumb","itemListElement":[{"@type":"ListItem","position":1,"name":"Hem","item":"https:\/\/babylove.se\/no\/"},{"@type":"ListItem","position":2,"name":"Butik","item":"https:\/\/babylove.se\/no\/butik\/"},{"@type":"ListItem","position":3,"name":"NG Baby, sittsekk i lin, rose , mood"}]},{"@type":"WebSite","@id":"https:\/\/babylove.se\/no\/#website","url":"https:\/\/babylove.se\/no\/","name":"Babylove Norska","description":"","potentialAction":[{"@type":"SearchAction","target":{"@type":"EntryPoint","urlTemplate":"https:\/\/babylove.se\/no\/?s={search_term_string}"},"query-input":{"@type":"PropertyValueSpecification","valueRequired":true,"valueName":"search_term_string"}}],"inLanguage":"nb-NO"}]},"product_brand":"Ng Baby","product_price_amount":"2059.00","product_price_currency":"SEK","og_availability":"instock","product_availability":"instock","product_retailer_item_id":"80500-006","product_condition":"new"},"_links":{"self":[{"href":"https:\/\/babylove.se\/no\/wp-json\/wp\/v2\/product\/6988","targetHints":{"allow":["GET"]}}],"collection":[{"href":"https:\/\/babylove.se\/no\/wp-json\/wp\/v2\/product"}],"about":[{"href":"https:\/\/babylove.se\/no\/wp-json\/wp\/v2\/types\/product"}],"replies":[{"embeddable":true,"href":"https:\/\/babylove.se\/no\/wp-json\/wp\/v2\/comments?post=6988"}],"wp:featuredmedia":[{"embeddable":true,"href":"https:\/\/babylove.se\/no\/wp-json\/wp\/v2\/media\/6990"}],"wp:attachment":[{"href":"https:\/\/babylove.se\/no\/wp-json\/wp\/v2\/media?parent=6988"}],"wp:term":[{"taxonomy":"product_brand","embeddable":true,"href":"https:\/\/babylove.se\/no\/wp-json\/wp\/v2\/product_brand?post=6988"},{"taxonomy":"product_cat","embeddable":true,"href":"https:\/\/babylove.se\/no\/wp-json\/wp\/v2\/product_cat?post=6988"},{"taxonomy":"product_tag","embeddable":true,"href":"https:\/\/babylove.se\/no\/wp-json\/wp\/v2\/product_tag?post=6988"}],"curies":[{"name":"wp","href":"https:\/\/api.w.org\/{rel}","templated":true}]}}