{"id":7008,"date":"2025-07-18T20:40:19","date_gmt":"2025-07-18T19:40:19","guid":{"rendered":"https:\/\/babylove.se\/produkt\/liewood-stickad-filt-willie-rabbit-rose\/"},"modified":"2026-04-08T08:33:00","modified_gmt":"2026-04-08T07:33:00","slug":"liewood-strikket-teppe-willie-rabbit-rose","status":"publish","type":"product","link":"https:\/\/babylove.se\/no\/produkt\/liewood-strikket-teppe-willie-rabbit-rose\/","title":{"rendered":"Liewood strikket teppe, Willie rabbit rose"},"content":{"rendered":"<p>Et fantastisk fint og vakkert pledd fra det danske selskapet Liewood. Dette myke og koselige pleddet kommer til \u00e5 bli ditt barns nye favoritt. Perfekt for \u00e5 holde barnet varmt. Pleddet er laget av utvalgt \u00f8kologisk bomull av h\u00f8yeste kvalitet og kasjmir. Kan med fordel matches med andre produkter fra samme kolleksjon. <\/p>\n<p>St\u00f8rrelse: 80 x 80 cm <\/p>\n<p>Materiale: 95 % \u00f8kologisk bomull og 5 % kasjmir <\/p>\n<p>Designer: <a href=\"https:\/\/babylove.se\/varumarken\/liewood\"><u>Liewood<\/u><\/a><\/p>\n","protected":false},"excerpt":{"rendered":"<p>Et fantastisk fint og vakkert pledd fra det danske selskapet Liewood. Dette myke og koselige pleddet kommer til \u00e5 bli ditt barns nye favoritt. Perfekt for \u00e5 holde barnet varmt. Pleddet er laget av utvalgt \u00f8kologisk bomull av h\u00f8yeste kvalitet og kasjmir. Kan med fordel matches med andre produkter fra samme kolleksjon. St\u00f8rrelse: 80 x [&hellip;]<\/p>\n","protected":false},"featured_media":7010,"comment_status":"closed","ping_status":"closed","template":"","meta":{"_acf_changed":false},"product_brand":[282],"product_cat":[117,116,283,48],"product_tag":[],"class_list":{"0":"post-7008","1":"product","2":"type-product","3":"status-publish","4":"has-post-thumbnail","6":"product_brand-liewood","7":"product_cat-babybadhandkle-med-hette","8":"product_cat-handkle-med-hette","9":"product_cat-liewood","10":"product_cat-startside","12":"first","13":"outofstock","14":"taxable","15":"shipping-taxable","16":"purchasable","17":"product-type-simple"},"acf":[],"yoast_head":"<!-- This site is optimized with the Yoast SEO Premium plugin v25.8 (Yoast SEO v27.2) - https:\/\/yoast.com\/product\/yoast-seo-premium-wordpress\/ -->\n<title>Liewood stickad filt, Willie rabbit dumbo grey<\/title>\n<meta name=\"description\" content=\"En fantastiskt fin och vacker filt fr\u00e5n det danska f\u00f6retaget Liewood. Denna mjuka och mysiga filt kommer bli ditt barns nya favorit.\" \/>\n<meta name=\"robots\" content=\"noindex, follow, max-snippet:-1, max-image-preview:large, max-video-preview:-1\" \/>\n<meta property=\"og:locale\" content=\"nb_NO\" \/>\n<meta property=\"og:type\" content=\"article\" \/>\n<meta property=\"og:title\" content=\"Liewood strikket teppe, Willie rabbit rose\" \/>\n<meta property=\"og:description\" content=\"En fantastiskt fin och vacker filt fr\u00e5n det danska f\u00f6retaget Liewood. Denna mjuka och mysiga filt kommer bli ditt barns nya favorit.\" \/>\n<meta property=\"og:url\" content=\"https:\/\/babylove.se\/no\/produkt\/liewood-strikket-teppe-willie-rabbit-rose\/\" \/>\n<meta property=\"og:site_name\" content=\"Babylove Norska\" \/>\n<meta property=\"article:modified_time\" content=\"2026-04-08T07:33:00+00:00\" \/>\n<meta property=\"og:image\" content=\"https:\/\/babylove.se\/no\/wp-content\/uploads\/sites\/3\/2025\/07\/5b73f741e02b3.jpeg\" \/>\n\t<meta property=\"og:image:width\" content=\"750\" \/>\n\t<meta property=\"og:image:height\" content=\"750\" \/>\n\t<meta property=\"og:image:type\" content=\"image\/jpeg\" \/>\n<meta name=\"twitter:card\" content=\"summary_large_image\" \/>\n<meta name=\"twitter:label1\" content=\"Price\" \/>\n\t<meta name=\"twitter:data1\" content=\"699,00&nbsp;&#107;&#114;\" \/>\n\t<meta name=\"twitter:label2\" content=\"Availability\" \/>\n\t<meta name=\"twitter:data2\" content=\"Out of stock\" \/>\n<script type=\"application\/ld+json\" class=\"yoast-schema-graph\">{\"@context\":\"https:\/\/schema.org\",\"@graph\":[{\"@type\":\"WebPage\",\"@id\":\"https:\/\/babylove.se\/no\/produkt\/liewood-strikket-teppe-willie-rabbit-rose\/\",\"url\":\"https:\/\/babylove.se\/no\/produkt\/liewood-strikket-teppe-willie-rabbit-rose\/\",\"name\":\"Liewood stickad filt, Willie rabbit dumbo grey\",\"isPartOf\":{\"@id\":\"https:\/\/babylove.se\/no\/#website\"},\"primaryImageOfPage\":{\"@id\":\"https:\/\/babylove.se\/no\/produkt\/liewood-strikket-teppe-willie-rabbit-rose\/#primaryimage\"},\"image\":{\"@id\":\"https:\/\/babylove.se\/no\/produkt\/liewood-strikket-teppe-willie-rabbit-rose\/#primaryimage\"},\"thumbnailUrl\":\"https:\/\/babylove.se\/no\/wp-content\/uploads\/sites\/3\/2025\/07\/5b73f741e02b3.jpeg\",\"datePublished\":\"2025-07-18T19:40:19+00:00\",\"dateModified\":\"2026-04-08T07:33:00+00:00\",\"description\":\"En fantastiskt fin och vacker filt fr\u00e5n det danska f\u00f6retaget Liewood. Denna mjuka och mysiga filt kommer bli ditt barns nya favorit.\",\"breadcrumb\":{\"@id\":\"https:\/\/babylove.se\/no\/produkt\/liewood-strikket-teppe-willie-rabbit-rose\/#breadcrumb\"},\"inLanguage\":\"nb-NO\",\"potentialAction\":[{\"@type\":\"ReadAction\",\"target\":[\"https:\/\/babylove.se\/no\/produkt\/liewood-strikket-teppe-willie-rabbit-rose\/\"]}]},{\"@type\":\"ImageObject\",\"inLanguage\":\"nb-NO\",\"@id\":\"https:\/\/babylove.se\/no\/produkt\/liewood-strikket-teppe-willie-rabbit-rose\/#primaryimage\",\"url\":\"https:\/\/babylove.se\/no\/wp-content\/uploads\/sites\/3\/2025\/07\/5b73f741e02b3.jpeg\",\"contentUrl\":\"https:\/\/babylove.se\/no\/wp-content\/uploads\/sites\/3\/2025\/07\/5b73f741e02b3.jpeg\",\"width\":750,\"height\":750},{\"@type\":\"BreadcrumbList\",\"@id\":\"https:\/\/babylove.se\/no\/produkt\/liewood-strikket-teppe-willie-rabbit-rose\/#breadcrumb\",\"itemListElement\":[{\"@type\":\"ListItem\",\"position\":1,\"name\":\"Hem\",\"item\":\"https:\/\/babylove.se\/no\/\"},{\"@type\":\"ListItem\",\"position\":2,\"name\":\"Butik\",\"item\":\"https:\/\/babylove.se\/no\/butik\/\"},{\"@type\":\"ListItem\",\"position\":3,\"name\":\"Liewood strikket teppe, Willie rabbit rose\"}]},{\"@type\":\"WebSite\",\"@id\":\"https:\/\/babylove.se\/no\/#website\",\"url\":\"https:\/\/babylove.se\/no\/\",\"name\":\"Babylove Norska\",\"description\":\"\",\"potentialAction\":[{\"@type\":\"SearchAction\",\"target\":{\"@type\":\"EntryPoint\",\"urlTemplate\":\"https:\/\/babylove.se\/no\/?s={search_term_string}\"},\"query-input\":{\"@type\":\"PropertyValueSpecification\",\"valueRequired\":true,\"valueName\":\"search_term_string\"}}],\"inLanguage\":\"nb-NO\"}]}<\/script>\n<meta property=\"product:brand\" content=\"Liewood\" \/>\n<meta property=\"product:price:amount\" content=\"699.00\" \/>\n<meta property=\"product:price:currency\" content=\"SEK\" \/>\n<meta property=\"og:availability\" content=\"out of stock\" \/>\n<meta property=\"product:availability\" content=\"out of stock\" \/>\n<meta property=\"product:retailer_item_id\" content=\"2019\" \/>\n<meta property=\"product:condition\" content=\"new\" \/>\n<!-- \/ Yoast SEO Premium plugin. -->","yoast_head_json":{"title":"Liewood stickad filt, Willie rabbit dumbo grey","description":"En fantastiskt fin och vacker filt fr\u00e5n det danska f\u00f6retaget Liewood. Denna mjuka och mysiga filt kommer bli ditt barns nya favorit.","robots":{"index":"noindex","follow":"follow","max-snippet":"max-snippet:-1","max-image-preview":"max-image-preview:large","max-video-preview":"max-video-preview:-1"},"og_locale":"nb_NO","og_type":"article","og_title":"Liewood strikket teppe, Willie rabbit rose","og_description":"En fantastiskt fin och vacker filt fr\u00e5n det danska f\u00f6retaget Liewood. Denna mjuka och mysiga filt kommer bli ditt barns nya favorit.","og_url":"https:\/\/babylove.se\/no\/produkt\/liewood-strikket-teppe-willie-rabbit-rose\/","og_site_name":"Babylove Norska","article_modified_time":"2026-04-08T07:33:00+00:00","og_image":[{"width":750,"height":750,"url":"https:\/\/babylove.se\/no\/wp-content\/uploads\/sites\/3\/2025\/07\/5b73f741e02b3.jpeg","type":"image\/jpeg"}],"twitter_card":"summary_large_image","twitter_misc":{"Price":"699,00&nbsp;&#107;&#114;","Availability":"Out of stock"},"schema":{"@context":"https:\/\/schema.org","@graph":[{"@type":"WebPage","@id":"https:\/\/babylove.se\/no\/produkt\/liewood-strikket-teppe-willie-rabbit-rose\/","url":"https:\/\/babylove.se\/no\/produkt\/liewood-strikket-teppe-willie-rabbit-rose\/","name":"Liewood stickad filt, Willie rabbit dumbo grey","isPartOf":{"@id":"https:\/\/babylove.se\/no\/#website"},"primaryImageOfPage":{"@id":"https:\/\/babylove.se\/no\/produkt\/liewood-strikket-teppe-willie-rabbit-rose\/#primaryimage"},"image":{"@id":"https:\/\/babylove.se\/no\/produkt\/liewood-strikket-teppe-willie-rabbit-rose\/#primaryimage"},"thumbnailUrl":"https:\/\/babylove.se\/no\/wp-content\/uploads\/sites\/3\/2025\/07\/5b73f741e02b3.jpeg","datePublished":"2025-07-18T19:40:19+00:00","dateModified":"2026-04-08T07:33:00+00:00","description":"En fantastiskt fin och vacker filt fr\u00e5n det danska f\u00f6retaget Liewood. Denna mjuka och mysiga filt kommer bli ditt barns nya favorit.","breadcrumb":{"@id":"https:\/\/babylove.se\/no\/produkt\/liewood-strikket-teppe-willie-rabbit-rose\/#breadcrumb"},"inLanguage":"nb-NO","potentialAction":[{"@type":"ReadAction","target":["https:\/\/babylove.se\/no\/produkt\/liewood-strikket-teppe-willie-rabbit-rose\/"]}]},{"@type":"ImageObject","inLanguage":"nb-NO","@id":"https:\/\/babylove.se\/no\/produkt\/liewood-strikket-teppe-willie-rabbit-rose\/#primaryimage","url":"https:\/\/babylove.se\/no\/wp-content\/uploads\/sites\/3\/2025\/07\/5b73f741e02b3.jpeg","contentUrl":"https:\/\/babylove.se\/no\/wp-content\/uploads\/sites\/3\/2025\/07\/5b73f741e02b3.jpeg","width":750,"height":750},{"@type":"BreadcrumbList","@id":"https:\/\/babylove.se\/no\/produkt\/liewood-strikket-teppe-willie-rabbit-rose\/#breadcrumb","itemListElement":[{"@type":"ListItem","position":1,"name":"Hem","item":"https:\/\/babylove.se\/no\/"},{"@type":"ListItem","position":2,"name":"Butik","item":"https:\/\/babylove.se\/no\/butik\/"},{"@type":"ListItem","position":3,"name":"Liewood strikket teppe, Willie rabbit rose"}]},{"@type":"WebSite","@id":"https:\/\/babylove.se\/no\/#website","url":"https:\/\/babylove.se\/no\/","name":"Babylove Norska","description":"","potentialAction":[{"@type":"SearchAction","target":{"@type":"EntryPoint","urlTemplate":"https:\/\/babylove.se\/no\/?s={search_term_string}"},"query-input":{"@type":"PropertyValueSpecification","valueRequired":true,"valueName":"search_term_string"}}],"inLanguage":"nb-NO"}]},"product_brand":"Liewood","product_price_amount":"699.00","product_price_currency":"SEK","og_availability":"out of stock","product_availability":"out of stock","product_retailer_item_id":"2019","product_condition":"new"},"_links":{"self":[{"href":"https:\/\/babylove.se\/no\/wp-json\/wp\/v2\/product\/7008","targetHints":{"allow":["GET"]}}],"collection":[{"href":"https:\/\/babylove.se\/no\/wp-json\/wp\/v2\/product"}],"about":[{"href":"https:\/\/babylove.se\/no\/wp-json\/wp\/v2\/types\/product"}],"replies":[{"embeddable":true,"href":"https:\/\/babylove.se\/no\/wp-json\/wp\/v2\/comments?post=7008"}],"wp:featuredmedia":[{"embeddable":true,"href":"https:\/\/babylove.se\/no\/wp-json\/wp\/v2\/media\/7010"}],"wp:attachment":[{"href":"https:\/\/babylove.se\/no\/wp-json\/wp\/v2\/media?parent=7008"}],"wp:term":[{"taxonomy":"product_brand","embeddable":true,"href":"https:\/\/babylove.se\/no\/wp-json\/wp\/v2\/product_brand?post=7008"},{"taxonomy":"product_cat","embeddable":true,"href":"https:\/\/babylove.se\/no\/wp-json\/wp\/v2\/product_cat?post=7008"},{"taxonomy":"product_tag","embeddable":true,"href":"https:\/\/babylove.se\/no\/wp-json\/wp\/v2\/product_tag?post=7008"}],"curies":[{"name":"wp","href":"https:\/\/api.w.org\/{rel}","templated":true}]}}