{"id":7048,"date":"2025-07-18T20:40:37","date_gmt":"2025-07-18T19:40:37","guid":{"rendered":"https:\/\/babylove.se\/produkt\/cotton-sweets-vimpel-33-m-tiny-triangle-pink\/"},"modified":"2026-04-08T08:33:28","modified_gmt":"2026-04-08T07:33:28","slug":"bomullsgodteri-vimpel-33-m-liten-trekant-rosa","status":"publish","type":"product","link":"https:\/\/babylove.se\/no\/produkt\/bomullsgodteri-vimpel-33-m-liten-trekant-rosa\/","title":{"rendered":"Cotton &#038; Sweets, vimpel 3,3 m, tiny triangle rosa"},"content":{"rendered":"<p>30 stykker vakre skimrende trekanter er klare til raskt \u00e5 forandre barnets rom ditt p\u00e5 en masse forskjellige m\u00e5ter. Vimpler h\u00f8rer til blant de mest effektive man kan bruke n\u00e5r det er p\u00e5 tide \u00e5 innrede barnerommet. I sin enkelhet gj\u00f8r den stort inntrykk ved vinduet, p\u00e5 en vegg, under en sengehimmel eller ved barnesengen. Uansett plassering vil disse trekantene forgylde hverdagen. <\/p>\n<p><strong>M\u00e5l<\/strong>: girlandens lengde 330 cm, trekanter er 4 x 4,5 cm<\/p>\n<p><strong>Materiale<\/strong>: 100 % polyester<\/p>\n<p>Designer: <a href=\"https:\/\/babylove.se\/varumarken\/cottonsweets\"><u>Cotton &#038; Sweets<\/u><\/a><\/p>\n","protected":false},"excerpt":{"rendered":"<p>30 stykker vakre skimrende trekanter er klare til raskt \u00e5 forandre barnets rom ditt p\u00e5 en masse forskjellige m\u00e5ter. Vimpler h\u00f8rer til blant de mest effektive man kan bruke n\u00e5r det er p\u00e5 tide \u00e5 innrede barnerommet. I sin enkelhet gj\u00f8r den stort inntrykk ved vinduet, p\u00e5 en vegg, under en sengehimmel eller ved barnesengen. [&hellip;]<\/p>\n","protected":false},"featured_media":7050,"comment_status":"closed","ping_status":"open","template":"","meta":{"_acf_changed":false},"product_brand":[143],"product_cat":[144,58],"product_tag":[1689],"class_list":{"0":"post-7048","1":"product","2":"type-product","3":"status-publish","4":"has-post-thumbnail","6":"product_brand-cotton-sweets","7":"product_cat-cottonsweets","8":"product_cat-vimpler","9":"product_tag-bestillingsvaror","11":"first","12":"instock","13":"taxable","14":"shipping-taxable","15":"purchasable","16":"product-type-simple"},"acf":[],"yoast_head":"<!-- This site is optimized with the Yoast SEO Premium plugin v25.8 (Yoast SEO v27.2) - https:\/\/yoast.com\/product\/yoast-seo-premium-wordpress\/ -->\n<title>Cotton &amp; Sweets, vimpel 3,3 m, tiny triangle rosa - Babylove Norska<\/title>\n<meta name=\"robots\" content=\"noindex, follow, max-snippet:-1, max-image-preview:large, max-video-preview:-1\" \/>\n<meta property=\"og:locale\" content=\"nb_NO\" \/>\n<meta property=\"og:type\" content=\"article\" \/>\n<meta property=\"og:title\" content=\"Cotton &amp; Sweets, vimpel 3,3 m, tiny triangle rosa\" \/>\n<meta property=\"og:description\" content=\"30 stykker vakre skimrende trekanter er klare til raskt \u00e5 forandre barnets rom ditt p\u00e5 en masse forskjellige m\u00e5ter. Vimpler h\u00f8rer til blant de mest effektive man kan bruke n\u00e5r det er p\u00e5 tide \u00e5 innrede barnerommet. I sin enkelhet gj\u00f8r den stort inntrykk ved vinduet, p\u00e5 en vegg, under en sengehimmel eller ved barnesengen. [&hellip;]\" \/>\n<meta property=\"og:url\" content=\"https:\/\/babylove.se\/no\/produkt\/bomullsgodteri-vimpel-33-m-liten-trekant-rosa\/\" \/>\n<meta property=\"og:site_name\" content=\"Babylove Norska\" \/>\n<meta property=\"article:modified_time\" content=\"2026-04-08T07:33:28+00:00\" \/>\n<meta property=\"og:image\" content=\"https:\/\/babylove.se\/no\/wp-content\/uploads\/sites\/3\/2025\/07\/5b753de0af159.jpeg\" \/>\n\t<meta property=\"og:image:width\" content=\"750\" \/>\n\t<meta property=\"og:image:height\" content=\"750\" \/>\n\t<meta property=\"og:image:type\" content=\"image\/jpeg\" \/>\n<meta name=\"twitter:card\" content=\"summary_large_image\" \/>\n<meta name=\"twitter:label1\" content=\"Price\" \/>\n\t<meta name=\"twitter:data1\" content=\"399,00&nbsp;&#107;&#114;\" \/>\n\t<meta name=\"twitter:label2\" content=\"Availability\" \/>\n\t<meta name=\"twitter:data2\" content=\"In stock\" \/>\n<script type=\"application\/ld+json\" class=\"yoast-schema-graph\">{\"@context\":\"https:\/\/schema.org\",\"@graph\":[{\"@type\":\"WebPage\",\"@id\":\"https:\/\/babylove.se\/no\/produkt\/bomullsgodteri-vimpel-33-m-liten-trekant-rosa\/\",\"url\":\"https:\/\/babylove.se\/no\/produkt\/bomullsgodteri-vimpel-33-m-liten-trekant-rosa\/\",\"name\":\"Cotton & Sweets, vimpel 3,3 m, tiny triangle rosa - Babylove Norska\",\"isPartOf\":{\"@id\":\"https:\/\/babylove.se\/no\/#website\"},\"primaryImageOfPage\":{\"@id\":\"https:\/\/babylove.se\/no\/produkt\/bomullsgodteri-vimpel-33-m-liten-trekant-rosa\/#primaryimage\"},\"image\":{\"@id\":\"https:\/\/babylove.se\/no\/produkt\/bomullsgodteri-vimpel-33-m-liten-trekant-rosa\/#primaryimage\"},\"thumbnailUrl\":\"https:\/\/babylove.se\/no\/wp-content\/uploads\/sites\/3\/2025\/07\/5b753de0af159.jpeg\",\"datePublished\":\"2025-07-18T19:40:37+00:00\",\"dateModified\":\"2026-04-08T07:33:28+00:00\",\"breadcrumb\":{\"@id\":\"https:\/\/babylove.se\/no\/produkt\/bomullsgodteri-vimpel-33-m-liten-trekant-rosa\/#breadcrumb\"},\"inLanguage\":\"nb-NO\",\"potentialAction\":[{\"@type\":\"ReadAction\",\"target\":[\"https:\/\/babylove.se\/no\/produkt\/bomullsgodteri-vimpel-33-m-liten-trekant-rosa\/\"]}]},{\"@type\":\"ImageObject\",\"inLanguage\":\"nb-NO\",\"@id\":\"https:\/\/babylove.se\/no\/produkt\/bomullsgodteri-vimpel-33-m-liten-trekant-rosa\/#primaryimage\",\"url\":\"https:\/\/babylove.se\/no\/wp-content\/uploads\/sites\/3\/2025\/07\/5b753de0af159.jpeg\",\"contentUrl\":\"https:\/\/babylove.se\/no\/wp-content\/uploads\/sites\/3\/2025\/07\/5b753de0af159.jpeg\",\"width\":750,\"height\":750},{\"@type\":\"BreadcrumbList\",\"@id\":\"https:\/\/babylove.se\/no\/produkt\/bomullsgodteri-vimpel-33-m-liten-trekant-rosa\/#breadcrumb\",\"itemListElement\":[{\"@type\":\"ListItem\",\"position\":1,\"name\":\"Hem\",\"item\":\"https:\/\/babylove.se\/no\/\"},{\"@type\":\"ListItem\",\"position\":2,\"name\":\"Butik\",\"item\":\"https:\/\/babylove.se\/no\/butik\/\"},{\"@type\":\"ListItem\",\"position\":3,\"name\":\"Cotton &#038; Sweets, vimpel 3,3 m, tiny triangle rosa\"}]},{\"@type\":\"WebSite\",\"@id\":\"https:\/\/babylove.se\/no\/#website\",\"url\":\"https:\/\/babylove.se\/no\/\",\"name\":\"Babylove Norska\",\"description\":\"\",\"potentialAction\":[{\"@type\":\"SearchAction\",\"target\":{\"@type\":\"EntryPoint\",\"urlTemplate\":\"https:\/\/babylove.se\/no\/?s={search_term_string}\"},\"query-input\":{\"@type\":\"PropertyValueSpecification\",\"valueRequired\":true,\"valueName\":\"search_term_string\"}}],\"inLanguage\":\"nb-NO\"}]}<\/script>\n<meta property=\"product:brand\" content=\"Cotton &amp; Sweets\" \/>\n<meta property=\"product:price:amount\" content=\"399.00\" \/>\n<meta property=\"product:price:currency\" content=\"SEK\" \/>\n<meta property=\"og:availability\" content=\"instock\" \/>\n<meta property=\"product:availability\" content=\"instock\" \/>\n<meta property=\"product:retailer_item_id\" content=\"2029\" \/>\n<meta property=\"product:condition\" content=\"new\" \/>\n<!-- \/ Yoast SEO Premium plugin. -->","yoast_head_json":{"title":"Cotton & Sweets, vimpel 3,3 m, tiny triangle rosa - Babylove Norska","robots":{"index":"noindex","follow":"follow","max-snippet":"max-snippet:-1","max-image-preview":"max-image-preview:large","max-video-preview":"max-video-preview:-1"},"og_locale":"nb_NO","og_type":"article","og_title":"Cotton & Sweets, vimpel 3,3 m, tiny triangle rosa","og_description":"30 stykker vakre skimrende trekanter er klare til raskt \u00e5 forandre barnets rom ditt p\u00e5 en masse forskjellige m\u00e5ter. Vimpler h\u00f8rer til blant de mest effektive man kan bruke n\u00e5r det er p\u00e5 tide \u00e5 innrede barnerommet. I sin enkelhet gj\u00f8r den stort inntrykk ved vinduet, p\u00e5 en vegg, under en sengehimmel eller ved barnesengen. [&hellip;]","og_url":"https:\/\/babylove.se\/no\/produkt\/bomullsgodteri-vimpel-33-m-liten-trekant-rosa\/","og_site_name":"Babylove Norska","article_modified_time":"2026-04-08T07:33:28+00:00","og_image":[{"width":750,"height":750,"url":"https:\/\/babylove.se\/no\/wp-content\/uploads\/sites\/3\/2025\/07\/5b753de0af159.jpeg","type":"image\/jpeg"}],"twitter_card":"summary_large_image","twitter_misc":{"Price":"399,00&nbsp;&#107;&#114;","Availability":"In stock"},"schema":{"@context":"https:\/\/schema.org","@graph":[{"@type":"WebPage","@id":"https:\/\/babylove.se\/no\/produkt\/bomullsgodteri-vimpel-33-m-liten-trekant-rosa\/","url":"https:\/\/babylove.se\/no\/produkt\/bomullsgodteri-vimpel-33-m-liten-trekant-rosa\/","name":"Cotton & Sweets, vimpel 3,3 m, tiny triangle rosa - Babylove Norska","isPartOf":{"@id":"https:\/\/babylove.se\/no\/#website"},"primaryImageOfPage":{"@id":"https:\/\/babylove.se\/no\/produkt\/bomullsgodteri-vimpel-33-m-liten-trekant-rosa\/#primaryimage"},"image":{"@id":"https:\/\/babylove.se\/no\/produkt\/bomullsgodteri-vimpel-33-m-liten-trekant-rosa\/#primaryimage"},"thumbnailUrl":"https:\/\/babylove.se\/no\/wp-content\/uploads\/sites\/3\/2025\/07\/5b753de0af159.jpeg","datePublished":"2025-07-18T19:40:37+00:00","dateModified":"2026-04-08T07:33:28+00:00","breadcrumb":{"@id":"https:\/\/babylove.se\/no\/produkt\/bomullsgodteri-vimpel-33-m-liten-trekant-rosa\/#breadcrumb"},"inLanguage":"nb-NO","potentialAction":[{"@type":"ReadAction","target":["https:\/\/babylove.se\/no\/produkt\/bomullsgodteri-vimpel-33-m-liten-trekant-rosa\/"]}]},{"@type":"ImageObject","inLanguage":"nb-NO","@id":"https:\/\/babylove.se\/no\/produkt\/bomullsgodteri-vimpel-33-m-liten-trekant-rosa\/#primaryimage","url":"https:\/\/babylove.se\/no\/wp-content\/uploads\/sites\/3\/2025\/07\/5b753de0af159.jpeg","contentUrl":"https:\/\/babylove.se\/no\/wp-content\/uploads\/sites\/3\/2025\/07\/5b753de0af159.jpeg","width":750,"height":750},{"@type":"BreadcrumbList","@id":"https:\/\/babylove.se\/no\/produkt\/bomullsgodteri-vimpel-33-m-liten-trekant-rosa\/#breadcrumb","itemListElement":[{"@type":"ListItem","position":1,"name":"Hem","item":"https:\/\/babylove.se\/no\/"},{"@type":"ListItem","position":2,"name":"Butik","item":"https:\/\/babylove.se\/no\/butik\/"},{"@type":"ListItem","position":3,"name":"Cotton &#038; Sweets, vimpel 3,3 m, tiny triangle rosa"}]},{"@type":"WebSite","@id":"https:\/\/babylove.se\/no\/#website","url":"https:\/\/babylove.se\/no\/","name":"Babylove Norska","description":"","potentialAction":[{"@type":"SearchAction","target":{"@type":"EntryPoint","urlTemplate":"https:\/\/babylove.se\/no\/?s={search_term_string}"},"query-input":{"@type":"PropertyValueSpecification","valueRequired":true,"valueName":"search_term_string"}}],"inLanguage":"nb-NO"}]},"product_brand":"Cotton &amp; Sweets","product_price_amount":"399.00","product_price_currency":"SEK","og_availability":"instock","product_availability":"instock","product_retailer_item_id":"2029","product_condition":"new"},"_links":{"self":[{"href":"https:\/\/babylove.se\/no\/wp-json\/wp\/v2\/product\/7048","targetHints":{"allow":["GET"]}}],"collection":[{"href":"https:\/\/babylove.se\/no\/wp-json\/wp\/v2\/product"}],"about":[{"href":"https:\/\/babylove.se\/no\/wp-json\/wp\/v2\/types\/product"}],"replies":[{"embeddable":true,"href":"https:\/\/babylove.se\/no\/wp-json\/wp\/v2\/comments?post=7048"}],"wp:featuredmedia":[{"embeddable":true,"href":"https:\/\/babylove.se\/no\/wp-json\/wp\/v2\/media\/7050"}],"wp:attachment":[{"href":"https:\/\/babylove.se\/no\/wp-json\/wp\/v2\/media?parent=7048"}],"wp:term":[{"taxonomy":"product_brand","embeddable":true,"href":"https:\/\/babylove.se\/no\/wp-json\/wp\/v2\/product_brand?post=7048"},{"taxonomy":"product_cat","embeddable":true,"href":"https:\/\/babylove.se\/no\/wp-json\/wp\/v2\/product_cat?post=7048"},{"taxonomy":"product_tag","embeddable":true,"href":"https:\/\/babylove.se\/no\/wp-json\/wp\/v2\/product_tag?post=7048"}],"curies":[{"name":"wp","href":"https:\/\/api.w.org\/{rel}","templated":true}]}}