{"id":7249,"date":"2025-07-18T20:41:58","date_gmt":"2025-07-18T19:41:58","guid":{"rendered":"https:\/\/babylove.se\/produkt\/liewood-skotunderlagg-skotdyna-wilma-little-dot-rose\/"},"modified":"2026-04-08T08:34:59","modified_gmt":"2026-04-08T07:34:59","slug":"liewood-stelleunderlag-stellepute-wilma-little-dot-rose","status":"publish","type":"product","link":"https:\/\/babylove.se\/no\/produkt\/liewood-stelleunderlag-stellepute-wilma-little-dot-rose\/","title":{"rendered":"Liewood stelleunderlag, stellepute Wilma, Little Dot Rose"},"content":{"rendered":"<p>Et superpraktisk og fint stelleunderlag, laget spesielt for bleiebytte. Enkelt \u00e5 folde sammen og lett \u00e5 ta med seg i vesken uansett hvor man skal. <\/p>\n<p>N\u00e5r den er sammenbrettet fungerer den som en enklere stelleveske, og med b\u00e5ndene kan man enkelt feste den p\u00e5 barnevognen. To praktiske lommer gj\u00f8r det enkelt \u00e5 ha med seg b\u00e5de bleier og vaskekluter. <\/p>\n<p>Den er helt vaskbar noe som letter mye, og den er laget i 100 % bomull som er deilig for barnet \u00e5 ligge p\u00e5. <\/p>\n<p>M\u00e5l: Sammenbrettet 36 x 25 cm Utbrettet 36 x 71 cm <\/p>\n<p>Designer: <a href=\"https:\/\/babylove.se\/varumarken\/liewood\"><u>Liewood<\/u><\/a><\/p>\n","protected":false},"excerpt":{"rendered":"<p>Et superpraktisk og fint stelleunderlag, laget spesielt for bleiebytte. Enkelt \u00e5 folde sammen og lett \u00e5 ta med seg i vesken uansett hvor man skal. N\u00e5r den er sammenbrettet fungerer den som en enklere stelleveske, og med b\u00e5ndene kan man enkelt feste den p\u00e5 barnevognen. To praktiske lommer gj\u00f8r det enkelt \u00e5 ha med seg [&hellip;]<\/p>\n","protected":false},"featured_media":7251,"comment_status":"closed","ping_status":"closed","template":"","meta":{"_acf_changed":false},"product_brand":[282],"product_cat":[283,48,57],"product_tag":[],"class_list":{"0":"post-7249","1":"product","2":"type-product","3":"status-publish","4":"has-post-thumbnail","6":"product_brand-liewood","7":"product_cat-liewood","8":"product_cat-startside","9":"product_cat-skobadder","11":"first","12":"outofstock","13":"taxable","14":"shipping-taxable","15":"purchasable","16":"product-type-simple"},"acf":[],"yoast_head":"<!-- This site is optimized with the Yoast SEO Premium plugin v25.8 (Yoast SEO v27.2) - https:\/\/yoast.com\/product\/yoast-seo-premium-wordpress\/ -->\n<title>K\u00f6p en fin och praktisk sk\u00f6tunderl\u00e4gg fr\u00e5n Liewood<\/title>\n<meta name=\"description\" content=\"En praktisk och superfin sk\u00f6tunderl\u00e4gg tillverkad av bomull. Designad i en enkel form &amp; i skandinavisk stil - 14 dagars \u00f6ppet k\u00f6p - Fri frakt \u00f6ver 999 kr\" \/>\n<meta name=\"robots\" content=\"noindex, follow, max-snippet:-1, max-image-preview:large, max-video-preview:-1\" \/>\n<meta property=\"og:locale\" content=\"nb_NO\" \/>\n<meta property=\"og:type\" content=\"article\" \/>\n<meta property=\"og:title\" content=\"Liewood stelleunderlag, stellepute Wilma, Little Dot Rose\" \/>\n<meta property=\"og:description\" content=\"En praktisk och superfin sk\u00f6tunderl\u00e4gg tillverkad av bomull. Designad i en enkel form &amp; i skandinavisk stil - 14 dagars \u00f6ppet k\u00f6p - Fri frakt \u00f6ver 999 kr\" \/>\n<meta property=\"og:url\" content=\"https:\/\/babylove.se\/no\/produkt\/liewood-stelleunderlag-stellepute-wilma-little-dot-rose\/\" \/>\n<meta property=\"og:site_name\" content=\"Babylove Norska\" \/>\n<meta property=\"article:modified_time\" content=\"2026-04-08T07:34:59+00:00\" \/>\n<meta property=\"og:image\" content=\"https:\/\/babylove.se\/no\/wp-content\/uploads\/sites\/3\/2025\/07\/5b97923d9f1f7.jpeg\" \/>\n\t<meta property=\"og:image:width\" content=\"400\" \/>\n\t<meta property=\"og:image:height\" content=\"400\" \/>\n\t<meta property=\"og:image:type\" content=\"image\/jpeg\" \/>\n<meta name=\"twitter:card\" content=\"summary_large_image\" \/>\n<meta name=\"twitter:label1\" content=\"Price\" \/>\n\t<meta name=\"twitter:data1\" content=\"299,25&nbsp;&#107;&#114;\" \/>\n\t<meta name=\"twitter:label2\" content=\"Availability\" \/>\n\t<meta name=\"twitter:data2\" content=\"Out of stock\" \/>\n<script type=\"application\/ld+json\" class=\"yoast-schema-graph\">{\"@context\":\"https:\/\/schema.org\",\"@graph\":[{\"@type\":\"WebPage\",\"@id\":\"https:\/\/babylove.se\/no\/produkt\/liewood-stelleunderlag-stellepute-wilma-little-dot-rose\/\",\"url\":\"https:\/\/babylove.se\/no\/produkt\/liewood-stelleunderlag-stellepute-wilma-little-dot-rose\/\",\"name\":\"K\u00f6p en fin och praktisk sk\u00f6tunderl\u00e4gg fr\u00e5n Liewood\",\"isPartOf\":{\"@id\":\"https:\/\/babylove.se\/no\/#website\"},\"primaryImageOfPage\":{\"@id\":\"https:\/\/babylove.se\/no\/produkt\/liewood-stelleunderlag-stellepute-wilma-little-dot-rose\/#primaryimage\"},\"image\":{\"@id\":\"https:\/\/babylove.se\/no\/produkt\/liewood-stelleunderlag-stellepute-wilma-little-dot-rose\/#primaryimage\"},\"thumbnailUrl\":\"https:\/\/babylove.se\/no\/wp-content\/uploads\/sites\/3\/2025\/07\/5b97923d9f1f7.jpeg\",\"datePublished\":\"2025-07-18T19:41:58+00:00\",\"dateModified\":\"2026-04-08T07:34:59+00:00\",\"description\":\"En praktisk och superfin sk\u00f6tunderl\u00e4gg tillverkad av bomull. Designad i en enkel form & i skandinavisk stil - 14 dagars \u00f6ppet k\u00f6p - Fri frakt \u00f6ver 999 kr\",\"breadcrumb\":{\"@id\":\"https:\/\/babylove.se\/no\/produkt\/liewood-stelleunderlag-stellepute-wilma-little-dot-rose\/#breadcrumb\"},\"inLanguage\":\"nb-NO\",\"potentialAction\":[{\"@type\":\"ReadAction\",\"target\":[\"https:\/\/babylove.se\/no\/produkt\/liewood-stelleunderlag-stellepute-wilma-little-dot-rose\/\"]}]},{\"@type\":\"ImageObject\",\"inLanguage\":\"nb-NO\",\"@id\":\"https:\/\/babylove.se\/no\/produkt\/liewood-stelleunderlag-stellepute-wilma-little-dot-rose\/#primaryimage\",\"url\":\"https:\/\/babylove.se\/no\/wp-content\/uploads\/sites\/3\/2025\/07\/5b97923d9f1f7.jpeg\",\"contentUrl\":\"https:\/\/babylove.se\/no\/wp-content\/uploads\/sites\/3\/2025\/07\/5b97923d9f1f7.jpeg\",\"width\":400,\"height\":400},{\"@type\":\"BreadcrumbList\",\"@id\":\"https:\/\/babylove.se\/no\/produkt\/liewood-stelleunderlag-stellepute-wilma-little-dot-rose\/#breadcrumb\",\"itemListElement\":[{\"@type\":\"ListItem\",\"position\":1,\"name\":\"Hem\",\"item\":\"https:\/\/babylove.se\/no\/\"},{\"@type\":\"ListItem\",\"position\":2,\"name\":\"Butik\",\"item\":\"https:\/\/babylove.se\/no\/butik\/\"},{\"@type\":\"ListItem\",\"position\":3,\"name\":\"Liewood stelleunderlag, stellepute Wilma, Little Dot Rose\"}]},{\"@type\":\"WebSite\",\"@id\":\"https:\/\/babylove.se\/no\/#website\",\"url\":\"https:\/\/babylove.se\/no\/\",\"name\":\"Babylove Norska\",\"description\":\"\",\"potentialAction\":[{\"@type\":\"SearchAction\",\"target\":{\"@type\":\"EntryPoint\",\"urlTemplate\":\"https:\/\/babylove.se\/no\/?s={search_term_string}\"},\"query-input\":{\"@type\":\"PropertyValueSpecification\",\"valueRequired\":true,\"valueName\":\"search_term_string\"}}],\"inLanguage\":\"nb-NO\"}]}<\/script>\n<meta property=\"product:brand\" content=\"Liewood\" \/>\n<meta property=\"product:price:amount\" content=\"299.25\" \/>\n<meta property=\"product:price:currency\" content=\"SEK\" \/>\n<meta property=\"og:availability\" content=\"out of stock\" \/>\n<meta property=\"product:availability\" content=\"out of stock\" \/>\n<meta property=\"product:retailer_item_id\" content=\"2095\" \/>\n<meta property=\"product:condition\" content=\"new\" \/>\n<!-- \/ Yoast SEO Premium plugin. -->","yoast_head_json":{"title":"K\u00f6p en fin och praktisk sk\u00f6tunderl\u00e4gg fr\u00e5n Liewood","description":"En praktisk och superfin sk\u00f6tunderl\u00e4gg tillverkad av bomull. Designad i en enkel form & i skandinavisk stil - 14 dagars \u00f6ppet k\u00f6p - Fri frakt \u00f6ver 999 kr","robots":{"index":"noindex","follow":"follow","max-snippet":"max-snippet:-1","max-image-preview":"max-image-preview:large","max-video-preview":"max-video-preview:-1"},"og_locale":"nb_NO","og_type":"article","og_title":"Liewood stelleunderlag, stellepute Wilma, Little Dot Rose","og_description":"En praktisk och superfin sk\u00f6tunderl\u00e4gg tillverkad av bomull. Designad i en enkel form & i skandinavisk stil - 14 dagars \u00f6ppet k\u00f6p - Fri frakt \u00f6ver 999 kr","og_url":"https:\/\/babylove.se\/no\/produkt\/liewood-stelleunderlag-stellepute-wilma-little-dot-rose\/","og_site_name":"Babylove Norska","article_modified_time":"2026-04-08T07:34:59+00:00","og_image":[{"width":400,"height":400,"url":"https:\/\/babylove.se\/no\/wp-content\/uploads\/sites\/3\/2025\/07\/5b97923d9f1f7.jpeg","type":"image\/jpeg"}],"twitter_card":"summary_large_image","twitter_misc":{"Price":"299,25&nbsp;&#107;&#114;","Availability":"Out of stock"},"schema":{"@context":"https:\/\/schema.org","@graph":[{"@type":"WebPage","@id":"https:\/\/babylove.se\/no\/produkt\/liewood-stelleunderlag-stellepute-wilma-little-dot-rose\/","url":"https:\/\/babylove.se\/no\/produkt\/liewood-stelleunderlag-stellepute-wilma-little-dot-rose\/","name":"K\u00f6p en fin och praktisk sk\u00f6tunderl\u00e4gg fr\u00e5n Liewood","isPartOf":{"@id":"https:\/\/babylove.se\/no\/#website"},"primaryImageOfPage":{"@id":"https:\/\/babylove.se\/no\/produkt\/liewood-stelleunderlag-stellepute-wilma-little-dot-rose\/#primaryimage"},"image":{"@id":"https:\/\/babylove.se\/no\/produkt\/liewood-stelleunderlag-stellepute-wilma-little-dot-rose\/#primaryimage"},"thumbnailUrl":"https:\/\/babylove.se\/no\/wp-content\/uploads\/sites\/3\/2025\/07\/5b97923d9f1f7.jpeg","datePublished":"2025-07-18T19:41:58+00:00","dateModified":"2026-04-08T07:34:59+00:00","description":"En praktisk och superfin sk\u00f6tunderl\u00e4gg tillverkad av bomull. Designad i en enkel form & i skandinavisk stil - 14 dagars \u00f6ppet k\u00f6p - Fri frakt \u00f6ver 999 kr","breadcrumb":{"@id":"https:\/\/babylove.se\/no\/produkt\/liewood-stelleunderlag-stellepute-wilma-little-dot-rose\/#breadcrumb"},"inLanguage":"nb-NO","potentialAction":[{"@type":"ReadAction","target":["https:\/\/babylove.se\/no\/produkt\/liewood-stelleunderlag-stellepute-wilma-little-dot-rose\/"]}]},{"@type":"ImageObject","inLanguage":"nb-NO","@id":"https:\/\/babylove.se\/no\/produkt\/liewood-stelleunderlag-stellepute-wilma-little-dot-rose\/#primaryimage","url":"https:\/\/babylove.se\/no\/wp-content\/uploads\/sites\/3\/2025\/07\/5b97923d9f1f7.jpeg","contentUrl":"https:\/\/babylove.se\/no\/wp-content\/uploads\/sites\/3\/2025\/07\/5b97923d9f1f7.jpeg","width":400,"height":400},{"@type":"BreadcrumbList","@id":"https:\/\/babylove.se\/no\/produkt\/liewood-stelleunderlag-stellepute-wilma-little-dot-rose\/#breadcrumb","itemListElement":[{"@type":"ListItem","position":1,"name":"Hem","item":"https:\/\/babylove.se\/no\/"},{"@type":"ListItem","position":2,"name":"Butik","item":"https:\/\/babylove.se\/no\/butik\/"},{"@type":"ListItem","position":3,"name":"Liewood stelleunderlag, stellepute Wilma, Little Dot Rose"}]},{"@type":"WebSite","@id":"https:\/\/babylove.se\/no\/#website","url":"https:\/\/babylove.se\/no\/","name":"Babylove Norska","description":"","potentialAction":[{"@type":"SearchAction","target":{"@type":"EntryPoint","urlTemplate":"https:\/\/babylove.se\/no\/?s={search_term_string}"},"query-input":{"@type":"PropertyValueSpecification","valueRequired":true,"valueName":"search_term_string"}}],"inLanguage":"nb-NO"}]},"product_brand":"Liewood","product_price_amount":"299.25","product_price_currency":"SEK","og_availability":"out of stock","product_availability":"out of stock","product_retailer_item_id":"2095","product_condition":"new"},"_links":{"self":[{"href":"https:\/\/babylove.se\/no\/wp-json\/wp\/v2\/product\/7249","targetHints":{"allow":["GET"]}}],"collection":[{"href":"https:\/\/babylove.se\/no\/wp-json\/wp\/v2\/product"}],"about":[{"href":"https:\/\/babylove.se\/no\/wp-json\/wp\/v2\/types\/product"}],"replies":[{"embeddable":true,"href":"https:\/\/babylove.se\/no\/wp-json\/wp\/v2\/comments?post=7249"}],"wp:featuredmedia":[{"embeddable":true,"href":"https:\/\/babylove.se\/no\/wp-json\/wp\/v2\/media\/7251"}],"wp:attachment":[{"href":"https:\/\/babylove.se\/no\/wp-json\/wp\/v2\/media?parent=7249"}],"wp:term":[{"taxonomy":"product_brand","embeddable":true,"href":"https:\/\/babylove.se\/no\/wp-json\/wp\/v2\/product_brand?post=7249"},{"taxonomy":"product_cat","embeddable":true,"href":"https:\/\/babylove.se\/no\/wp-json\/wp\/v2\/product_cat?post=7249"},{"taxonomy":"product_tag","embeddable":true,"href":"https:\/\/babylove.se\/no\/wp-json\/wp\/v2\/product_tag?post=7249"}],"curies":[{"name":"wp","href":"https:\/\/api.w.org\/{rel}","templated":true}]}}