{"id":7304,"date":"2025-07-18T20:42:20","date_gmt":"2025-07-18T19:42:20","guid":{"rendered":"https:\/\/babylove.se\/produkt\/vaggklistermarken-bilbana\/"},"modified":"2026-04-08T08:35:33","modified_gmt":"2026-04-08T07:35:33","slug":"veggklistremerker-bilbane","status":"publish","type":"product","link":"https:\/\/babylove.se\/no\/produkt\/veggklistremerker-bilbane\/","title":{"rendered":"Veggklistremerker bilbane"},"content":{"rendered":"<p><strong>Veggklistremerker bilbane &#8211; sendes innen 24 timer!<\/strong> \\n \\nEn fantastisk bilbane som du enkelt fester direkte p\u00e5 gulvet og selv velger din utforming p\u00e5 sammen med ditt barn. M\u00f8nsteret er ikke fast og du legger dem fritt og finner din egen favoritt. \\n \\nDette gj\u00f8r at denne bilbanen fungerer i alle slags rom, uansett om det er barnerommet, under et vindu i stuen eller i gangen, det viktigste er at det fungerer for dere og at ditt barn har det g\u00f8y. \\n \\nLike g\u00f8y \u00e5 bygge som \u00e5 kj\u00f8re med alle fine biler p\u00e5. \\n \\n<strong>M\u00e5l:<\/strong> \\n<\/p>\n<ul> \\n \\t<\/p>\n<li>hele malen: 85 x 95 cm<\/li>\n<p> \\n \\t<\/p>\n<li>veiens bredde: 6 cm<\/li>\n<p> \\n \\t<\/p>\n<li>lengden p\u00e5 veiene, etter \u00e5 ha plassert dem bak hverandre: over 3,5 m<\/li>\n<p> \\n \\t<\/p>\n<li>husets h\u00f8yde: fra 10 til 21 cm<\/li>\n<p> \\n \\t<\/p>\n<li>tr\u00e6rnes h\u00f8yde: 10 cm<\/li>\n<p> \\n \\t<\/p>\n<li>m\u00e5l (sammenbygd) 113 x 87 cm<\/li>\n<p> \\n<\/ul>\n<p> \\n<strong>Materiale<\/strong>: 100 % vinyl \\n \\nDesigner: Dekornik<\/p>\n","protected":false},"excerpt":{"rendered":"<p>Veggklistremerker bilbane &#8211; sendes innen 24 timer! \\n \\nEn fantastisk bilbane som du enkelt fester direkte p\u00e5 gulvet og selv velger din utforming p\u00e5 sammen med ditt barn. M\u00f8nsteret er ikke fast og du legger dem fritt og finner din egen favoritt. \\n \\nDette gj\u00f8r at denne bilbanen fungerer i alle slags rom, uansett om [&hellip;]<\/p>\n","protected":false},"featured_media":7306,"comment_status":"closed","ping_status":"closed","template":"","meta":{"_acf_changed":false},"product_brand":[190],"product_cat":[1714,137,191,26,48,29,24],"product_tag":[1689],"class_list":{"0":"post-7304","1":"product","2":"type-product","3":"status-publish","4":"has-post-thumbnail","6":"product_brand-dekornik","7":"product_cat-biler","8":"product_cat-bilverden","9":"product_cat-dekornik","10":"product_cat-kjop-produkter-som-ikke-bare-er-for-gutter","11":"product_cat-startside","12":"product_cat-veggdekorasjoner","13":"product_cat-veggklistremerker","14":"product_tag-bestillingsvaror","16":"first","17":"instock","18":"taxable","19":"shipping-taxable","20":"purchasable","21":"product-type-simple"},"acf":[],"yoast_head":"<!-- This site is optimized with the Yoast SEO Premium plugin v25.8 (Yoast SEO v27.2) - https:\/\/yoast.com\/product\/yoast-seo-premium-wordpress\/ -->\n<title>Veggklistremerker bilbane - Babylove Norska<\/title>\n<meta name=\"robots\" content=\"noindex, follow, max-snippet:-1, max-image-preview:large, max-video-preview:-1\" \/>\n<meta property=\"og:locale\" content=\"nb_NO\" \/>\n<meta property=\"og:type\" content=\"article\" \/>\n<meta property=\"og:title\" content=\"Veggklistremerker bilbane\" \/>\n<meta property=\"og:description\" content=\"Veggklistremerker bilbane &#8211; sendes innen 24 timer! n nEn fantastisk bilbane som du enkelt fester direkte p\u00e5 gulvet og selv velger din utforming p\u00e5 sammen med ditt barn. M\u00f8nsteret er ikke fast og du legger dem fritt og finner din egen favoritt. n nDette gj\u00f8r at denne bilbanen fungerer i alle slags rom, uansett om [&hellip;]\" \/>\n<meta property=\"og:url\" content=\"https:\/\/babylove.se\/no\/produkt\/veggklistremerker-bilbane\/\" \/>\n<meta property=\"og:site_name\" content=\"Babylove Norska\" \/>\n<meta property=\"article:modified_time\" content=\"2026-04-08T07:35:33+00:00\" \/>\n<meta property=\"og:image\" content=\"https:\/\/babylove.se\/no\/wp-content\/uploads\/sites\/3\/2025\/07\/5ba226e4a8c22.jpeg\" \/>\n\t<meta property=\"og:image:width\" content=\"750\" \/>\n\t<meta property=\"og:image:height\" content=\"750\" \/>\n\t<meta property=\"og:image:type\" content=\"image\/jpeg\" \/>\n<meta name=\"twitter:card\" content=\"summary_large_image\" \/>\n<meta name=\"twitter:label1\" content=\"Price\" \/>\n\t<meta name=\"twitter:data1\" content=\"499,00&nbsp;&#107;&#114;\" \/>\n\t<meta name=\"twitter:label2\" content=\"Availability\" \/>\n\t<meta name=\"twitter:data2\" content=\"In stock\" \/>\n<script type=\"application\/ld+json\" class=\"yoast-schema-graph\">{\"@context\":\"https:\/\/schema.org\",\"@graph\":[{\"@type\":\"WebPage\",\"@id\":\"https:\/\/babylove.se\/no\/produkt\/veggklistremerker-bilbane\/\",\"url\":\"https:\/\/babylove.se\/no\/produkt\/veggklistremerker-bilbane\/\",\"name\":\"Veggklistremerker bilbane - Babylove Norska\",\"isPartOf\":{\"@id\":\"https:\/\/babylove.se\/no\/#website\"},\"primaryImageOfPage\":{\"@id\":\"https:\/\/babylove.se\/no\/produkt\/veggklistremerker-bilbane\/#primaryimage\"},\"image\":{\"@id\":\"https:\/\/babylove.se\/no\/produkt\/veggklistremerker-bilbane\/#primaryimage\"},\"thumbnailUrl\":\"https:\/\/babylove.se\/no\/wp-content\/uploads\/sites\/3\/2025\/07\/5ba226e4a8c22.jpeg\",\"datePublished\":\"2025-07-18T19:42:20+00:00\",\"dateModified\":\"2026-04-08T07:35:33+00:00\",\"breadcrumb\":{\"@id\":\"https:\/\/babylove.se\/no\/produkt\/veggklistremerker-bilbane\/#breadcrumb\"},\"inLanguage\":\"nb-NO\",\"potentialAction\":[{\"@type\":\"ReadAction\",\"target\":[\"https:\/\/babylove.se\/no\/produkt\/veggklistremerker-bilbane\/\"]}]},{\"@type\":\"ImageObject\",\"inLanguage\":\"nb-NO\",\"@id\":\"https:\/\/babylove.se\/no\/produkt\/veggklistremerker-bilbane\/#primaryimage\",\"url\":\"https:\/\/babylove.se\/no\/wp-content\/uploads\/sites\/3\/2025\/07\/5ba226e4a8c22.jpeg\",\"contentUrl\":\"https:\/\/babylove.se\/no\/wp-content\/uploads\/sites\/3\/2025\/07\/5ba226e4a8c22.jpeg\",\"width\":750,\"height\":750},{\"@type\":\"BreadcrumbList\",\"@id\":\"https:\/\/babylove.se\/no\/produkt\/veggklistremerker-bilbane\/#breadcrumb\",\"itemListElement\":[{\"@type\":\"ListItem\",\"position\":1,\"name\":\"Hem\",\"item\":\"https:\/\/babylove.se\/no\/\"},{\"@type\":\"ListItem\",\"position\":2,\"name\":\"Butik\",\"item\":\"https:\/\/babylove.se\/no\/butik\/\"},{\"@type\":\"ListItem\",\"position\":3,\"name\":\"Veggklistremerker bilbane\"}]},{\"@type\":\"WebSite\",\"@id\":\"https:\/\/babylove.se\/no\/#website\",\"url\":\"https:\/\/babylove.se\/no\/\",\"name\":\"Babylove Norska\",\"description\":\"\",\"potentialAction\":[{\"@type\":\"SearchAction\",\"target\":{\"@type\":\"EntryPoint\",\"urlTemplate\":\"https:\/\/babylove.se\/no\/?s={search_term_string}\"},\"query-input\":{\"@type\":\"PropertyValueSpecification\",\"valueRequired\":true,\"valueName\":\"search_term_string\"}}],\"inLanguage\":\"nb-NO\"}]}<\/script>\n<meta property=\"product:brand\" content=\"Dekornik\" \/>\n<meta property=\"product:price:amount\" content=\"499.00\" \/>\n<meta property=\"product:price:currency\" content=\"SEK\" \/>\n<meta property=\"og:availability\" content=\"instock\" \/>\n<meta property=\"product:availability\" content=\"instock\" \/>\n<meta property=\"product:retailer_item_id\" content=\"2107\" \/>\n<meta property=\"product:condition\" content=\"new\" \/>\n<!-- \/ Yoast SEO Premium plugin. -->","yoast_head_json":{"title":"Veggklistremerker bilbane - Babylove Norska","robots":{"index":"noindex","follow":"follow","max-snippet":"max-snippet:-1","max-image-preview":"max-image-preview:large","max-video-preview":"max-video-preview:-1"},"og_locale":"nb_NO","og_type":"article","og_title":"Veggklistremerker bilbane","og_description":"Veggklistremerker bilbane &#8211; sendes innen 24 timer! n nEn fantastisk bilbane som du enkelt fester direkte p\u00e5 gulvet og selv velger din utforming p\u00e5 sammen med ditt barn. M\u00f8nsteret er ikke fast og du legger dem fritt og finner din egen favoritt. n nDette gj\u00f8r at denne bilbanen fungerer i alle slags rom, uansett om [&hellip;]","og_url":"https:\/\/babylove.se\/no\/produkt\/veggklistremerker-bilbane\/","og_site_name":"Babylove Norska","article_modified_time":"2026-04-08T07:35:33+00:00","og_image":[{"width":750,"height":750,"url":"https:\/\/babylove.se\/no\/wp-content\/uploads\/sites\/3\/2025\/07\/5ba226e4a8c22.jpeg","type":"image\/jpeg"}],"twitter_card":"summary_large_image","twitter_misc":{"Price":"499,00&nbsp;&#107;&#114;","Availability":"In stock"},"schema":{"@context":"https:\/\/schema.org","@graph":[{"@type":"WebPage","@id":"https:\/\/babylove.se\/no\/produkt\/veggklistremerker-bilbane\/","url":"https:\/\/babylove.se\/no\/produkt\/veggklistremerker-bilbane\/","name":"Veggklistremerker bilbane - Babylove Norska","isPartOf":{"@id":"https:\/\/babylove.se\/no\/#website"},"primaryImageOfPage":{"@id":"https:\/\/babylove.se\/no\/produkt\/veggklistremerker-bilbane\/#primaryimage"},"image":{"@id":"https:\/\/babylove.se\/no\/produkt\/veggklistremerker-bilbane\/#primaryimage"},"thumbnailUrl":"https:\/\/babylove.se\/no\/wp-content\/uploads\/sites\/3\/2025\/07\/5ba226e4a8c22.jpeg","datePublished":"2025-07-18T19:42:20+00:00","dateModified":"2026-04-08T07:35:33+00:00","breadcrumb":{"@id":"https:\/\/babylove.se\/no\/produkt\/veggklistremerker-bilbane\/#breadcrumb"},"inLanguage":"nb-NO","potentialAction":[{"@type":"ReadAction","target":["https:\/\/babylove.se\/no\/produkt\/veggklistremerker-bilbane\/"]}]},{"@type":"ImageObject","inLanguage":"nb-NO","@id":"https:\/\/babylove.se\/no\/produkt\/veggklistremerker-bilbane\/#primaryimage","url":"https:\/\/babylove.se\/no\/wp-content\/uploads\/sites\/3\/2025\/07\/5ba226e4a8c22.jpeg","contentUrl":"https:\/\/babylove.se\/no\/wp-content\/uploads\/sites\/3\/2025\/07\/5ba226e4a8c22.jpeg","width":750,"height":750},{"@type":"BreadcrumbList","@id":"https:\/\/babylove.se\/no\/produkt\/veggklistremerker-bilbane\/#breadcrumb","itemListElement":[{"@type":"ListItem","position":1,"name":"Hem","item":"https:\/\/babylove.se\/no\/"},{"@type":"ListItem","position":2,"name":"Butik","item":"https:\/\/babylove.se\/no\/butik\/"},{"@type":"ListItem","position":3,"name":"Veggklistremerker bilbane"}]},{"@type":"WebSite","@id":"https:\/\/babylove.se\/no\/#website","url":"https:\/\/babylove.se\/no\/","name":"Babylove Norska","description":"","potentialAction":[{"@type":"SearchAction","target":{"@type":"EntryPoint","urlTemplate":"https:\/\/babylove.se\/no\/?s={search_term_string}"},"query-input":{"@type":"PropertyValueSpecification","valueRequired":true,"valueName":"search_term_string"}}],"inLanguage":"nb-NO"}]},"product_brand":"Dekornik","product_price_amount":"499.00","product_price_currency":"SEK","og_availability":"instock","product_availability":"instock","product_retailer_item_id":"2107","product_condition":"new"},"_links":{"self":[{"href":"https:\/\/babylove.se\/no\/wp-json\/wp\/v2\/product\/7304","targetHints":{"allow":["GET"]}}],"collection":[{"href":"https:\/\/babylove.se\/no\/wp-json\/wp\/v2\/product"}],"about":[{"href":"https:\/\/babylove.se\/no\/wp-json\/wp\/v2\/types\/product"}],"replies":[{"embeddable":true,"href":"https:\/\/babylove.se\/no\/wp-json\/wp\/v2\/comments?post=7304"}],"wp:featuredmedia":[{"embeddable":true,"href":"https:\/\/babylove.se\/no\/wp-json\/wp\/v2\/media\/7306"}],"wp:attachment":[{"href":"https:\/\/babylove.se\/no\/wp-json\/wp\/v2\/media?parent=7304"}],"wp:term":[{"taxonomy":"product_brand","embeddable":true,"href":"https:\/\/babylove.se\/no\/wp-json\/wp\/v2\/product_brand?post=7304"},{"taxonomy":"product_cat","embeddable":true,"href":"https:\/\/babylove.se\/no\/wp-json\/wp\/v2\/product_cat?post=7304"},{"taxonomy":"product_tag","embeddable":true,"href":"https:\/\/babylove.se\/no\/wp-json\/wp\/v2\/product_tag?post=7304"}],"curies":[{"name":"wp","href":"https:\/\/api.w.org\/{rel}","templated":true}]}}