{"id":7360,"date":"2025-07-18T20:43:03","date_gmt":"2025-07-18T19:43:03","guid":{"rendered":"https:\/\/babylove.se\/produkt\/ng-baby-sittsack-i-linnenatural-mood\/"},"modified":"2026-04-08T08:36:09","modified_gmt":"2026-04-08T07:36:09","slug":"ng-baby-sittsekk-i-lin-naturlig-stemning","status":"publish","type":"product","link":"https:\/\/babylove.se\/no\/produkt\/ng-baby-sittsekk-i-lin-naturlig-stemning\/","title":{"rendered":"NG Baby, sittsekk i lin, natural, mood"},"content":{"rendered":"<p>Uansett om du velger \u00e5 kalle den for en sittepuff eller sekkestol, s\u00e5 kommer du og ditt barn til \u00e5 elske dette fantastiske produktet for barnerommet, skapt i Emmaljunga av svenske NG Baby.<\/p>\n<p>Ytterstoffet er laget av 100 % steinvasket lin som gj\u00f8r at sittepuffen enkelt former seg sammen med den meget bevegelige fyllingen. Du vil alltid kunne finne favorittposisjonen din i denne sekkestolen.<\/p>\n<p>Sittepuffen kan selvf\u00f8lgelig ogs\u00e5 brukes i stuen eller i favoritthj\u00f8rnet, den er enkel \u00e5 flytte og fin overalt, ikke bare som barnerominnredning. Sittepuffen finnes i flere forskjellige farger, alle med en matt tone, og de kan selvf\u00f8lgelig enkelt matches med andre passende linprodukter fra NG Babys kolleksjoner Mood og Ruffles\/Volang.<\/p>\n<p>Stoffet er avtagbart og helt vaskbart, noe som gj\u00f8r det enkelt \u00e5 holde rent. Du tar enkelt av det ved hjelp av glidel\u00e5sen p\u00e5 undersiden og stopper det deretter i maskinen og vasker p\u00e5 h\u00f8yst 40 grader og uten t\u00f8rketromling.<\/p>\n<p><strong>M\u00e5l: <\/strong>Bredde: 50 cm | Dybde ca 37 cm (Obs! bevegelig fylling \u2013 omtrentlige m\u00e5l)<\/p>\n<p><strong>Fylling <\/strong>142 liter styrolitkuler (EPS = ekspanderende polystyren) i lukket innerpose av bomull\/polyester.<\/p>\n<p><strong>Vasker\u00e5d <\/strong>Ytterstoffet maskinvaskes i 40 grader. Styrolitkulene og innerposen er ikke vaskbare.<\/p>\n<p>Designer: <a href=\"https:\/\/babylove.se\/varumarken\/ng-baby\">Ng Baby<\/a><\/p>\n","protected":false},"excerpt":{"rendered":"<p>Uansett om du velger \u00e5 kalle den for en sittepuff eller sekkestol, s\u00e5 kommer du og ditt barn til \u00e5 elske dette fantastiske produktet for barnerommet, skapt i Emmaljunga av svenske NG Baby. Ytterstoffet er laget av 100 % steinvasket lin som gj\u00f8r at sittepuffen enkelt former seg sammen med den meget bevegelige fyllingen. Du [&hellip;]<\/p>\n","protected":false},"featured_media":7362,"comment_status":"closed","ping_status":"open","template":"","meta":{"_acf_changed":false},"product_brand":[107],"product_cat":[109,44,48],"product_tag":[1689],"class_list":{"0":"post-7360","1":"product","2":"type-product","3":"status-publish","4":"has-post-thumbnail","6":"product_brand-ng-baby","7":"product_cat-ng-baby","8":"product_cat-sitteputfer-saccosekker","9":"product_cat-startside","10":"product_tag-bestillingsvaror","12":"first","13":"outofstock","14":"taxable","15":"shipping-taxable","16":"purchasable","17":"product-type-simple"},"acf":[],"yoast_head":"<!-- This site is optimized with the Yoast SEO Premium plugin v25.8 (Yoast SEO v27.2) - https:\/\/yoast.com\/product\/yoast-seo-premium-wordpress\/ -->\n<title>NG Baby, sittsekk i lin, natural, mood - Babylove Norska<\/title>\n<meta name=\"robots\" content=\"noindex, follow, max-snippet:-1, max-image-preview:large, max-video-preview:-1\" \/>\n<meta property=\"og:locale\" content=\"nb_NO\" \/>\n<meta property=\"og:type\" content=\"article\" \/>\n<meta property=\"og:title\" content=\"NG Baby, sittsekk i lin, natural, mood\" \/>\n<meta property=\"og:description\" content=\"Uansett om du velger \u00e5 kalle den for en sittepuff eller sekkestol, s\u00e5 kommer du og ditt barn til \u00e5 elske dette fantastiske produktet for barnerommet, skapt i Emmaljunga av svenske NG Baby. Ytterstoffet er laget av 100 % steinvasket lin som gj\u00f8r at sittepuffen enkelt former seg sammen med den meget bevegelige fyllingen. Du [&hellip;]\" \/>\n<meta property=\"og:url\" content=\"https:\/\/babylove.se\/no\/produkt\/ng-baby-sittsekk-i-lin-naturlig-stemning\/\" \/>\n<meta property=\"og:site_name\" content=\"Babylove Norska\" \/>\n<meta property=\"article:modified_time\" content=\"2026-04-08T07:36:09+00:00\" \/>\n<meta property=\"og:image\" content=\"https:\/\/babylove.se\/no\/wp-content\/uploads\/sites\/3\/2025\/07\/5ba3783832a22.jpeg\" \/>\n\t<meta property=\"og:image:width\" content=\"750\" \/>\n\t<meta property=\"og:image:height\" content=\"750\" \/>\n\t<meta property=\"og:image:type\" content=\"image\/jpeg\" \/>\n<meta name=\"twitter:card\" content=\"summary_large_image\" \/>\n<meta name=\"twitter:label1\" content=\"Price\" \/>\n\t<meta name=\"twitter:data1\" content=\"2 059,00&nbsp;&#107;&#114;\" \/>\n\t<meta name=\"twitter:label2\" content=\"Availability\" \/>\n\t<meta name=\"twitter:data2\" content=\"Out of stock\" \/>\n<script type=\"application\/ld+json\" class=\"yoast-schema-graph\">{\"@context\":\"https:\/\/schema.org\",\"@graph\":[{\"@type\":\"WebPage\",\"@id\":\"https:\/\/babylove.se\/no\/produkt\/ng-baby-sittsekk-i-lin-naturlig-stemning\/\",\"url\":\"https:\/\/babylove.se\/no\/produkt\/ng-baby-sittsekk-i-lin-naturlig-stemning\/\",\"name\":\"NG Baby, sittsekk i lin, natural, mood - Babylove Norska\",\"isPartOf\":{\"@id\":\"https:\/\/babylove.se\/no\/#website\"},\"primaryImageOfPage\":{\"@id\":\"https:\/\/babylove.se\/no\/produkt\/ng-baby-sittsekk-i-lin-naturlig-stemning\/#primaryimage\"},\"image\":{\"@id\":\"https:\/\/babylove.se\/no\/produkt\/ng-baby-sittsekk-i-lin-naturlig-stemning\/#primaryimage\"},\"thumbnailUrl\":\"https:\/\/babylove.se\/no\/wp-content\/uploads\/sites\/3\/2025\/07\/5ba3783832a22.jpeg\",\"datePublished\":\"2025-07-18T19:43:03+00:00\",\"dateModified\":\"2026-04-08T07:36:09+00:00\",\"breadcrumb\":{\"@id\":\"https:\/\/babylove.se\/no\/produkt\/ng-baby-sittsekk-i-lin-naturlig-stemning\/#breadcrumb\"},\"inLanguage\":\"nb-NO\",\"potentialAction\":[{\"@type\":\"ReadAction\",\"target\":[\"https:\/\/babylove.se\/no\/produkt\/ng-baby-sittsekk-i-lin-naturlig-stemning\/\"]}]},{\"@type\":\"ImageObject\",\"inLanguage\":\"nb-NO\",\"@id\":\"https:\/\/babylove.se\/no\/produkt\/ng-baby-sittsekk-i-lin-naturlig-stemning\/#primaryimage\",\"url\":\"https:\/\/babylove.se\/no\/wp-content\/uploads\/sites\/3\/2025\/07\/5ba3783832a22.jpeg\",\"contentUrl\":\"https:\/\/babylove.se\/no\/wp-content\/uploads\/sites\/3\/2025\/07\/5ba3783832a22.jpeg\",\"width\":750,\"height\":750},{\"@type\":\"BreadcrumbList\",\"@id\":\"https:\/\/babylove.se\/no\/produkt\/ng-baby-sittsekk-i-lin-naturlig-stemning\/#breadcrumb\",\"itemListElement\":[{\"@type\":\"ListItem\",\"position\":1,\"name\":\"Hem\",\"item\":\"https:\/\/babylove.se\/no\/\"},{\"@type\":\"ListItem\",\"position\":2,\"name\":\"Butik\",\"item\":\"https:\/\/babylove.se\/no\/butik\/\"},{\"@type\":\"ListItem\",\"position\":3,\"name\":\"NG Baby, sittsekk i lin, natural, mood\"}]},{\"@type\":\"WebSite\",\"@id\":\"https:\/\/babylove.se\/no\/#website\",\"url\":\"https:\/\/babylove.se\/no\/\",\"name\":\"Babylove Norska\",\"description\":\"\",\"potentialAction\":[{\"@type\":\"SearchAction\",\"target\":{\"@type\":\"EntryPoint\",\"urlTemplate\":\"https:\/\/babylove.se\/no\/?s={search_term_string}\"},\"query-input\":{\"@type\":\"PropertyValueSpecification\",\"valueRequired\":true,\"valueName\":\"search_term_string\"}}],\"inLanguage\":\"nb-NO\"}]}<\/script>\n<meta property=\"product:brand\" content=\"Ng Baby\" \/>\n<meta property=\"product:price:amount\" content=\"2059.00\" \/>\n<meta property=\"product:price:currency\" content=\"SEK\" \/>\n<meta property=\"og:availability\" content=\"out of stock\" \/>\n<meta property=\"product:availability\" content=\"out of stock\" \/>\n<meta property=\"product:retailer_item_id\" content=\"80500-023\" \/>\n<meta property=\"product:condition\" content=\"new\" \/>\n<!-- \/ Yoast SEO Premium plugin. -->","yoast_head_json":{"title":"NG Baby, sittsekk i lin, natural, mood - Babylove Norska","robots":{"index":"noindex","follow":"follow","max-snippet":"max-snippet:-1","max-image-preview":"max-image-preview:large","max-video-preview":"max-video-preview:-1"},"og_locale":"nb_NO","og_type":"article","og_title":"NG Baby, sittsekk i lin, natural, mood","og_description":"Uansett om du velger \u00e5 kalle den for en sittepuff eller sekkestol, s\u00e5 kommer du og ditt barn til \u00e5 elske dette fantastiske produktet for barnerommet, skapt i Emmaljunga av svenske NG Baby. Ytterstoffet er laget av 100 % steinvasket lin som gj\u00f8r at sittepuffen enkelt former seg sammen med den meget bevegelige fyllingen. Du [&hellip;]","og_url":"https:\/\/babylove.se\/no\/produkt\/ng-baby-sittsekk-i-lin-naturlig-stemning\/","og_site_name":"Babylove Norska","article_modified_time":"2026-04-08T07:36:09+00:00","og_image":[{"width":750,"height":750,"url":"https:\/\/babylove.se\/no\/wp-content\/uploads\/sites\/3\/2025\/07\/5ba3783832a22.jpeg","type":"image\/jpeg"}],"twitter_card":"summary_large_image","twitter_misc":{"Price":"2 059,00&nbsp;&#107;&#114;","Availability":"Out of stock"},"schema":{"@context":"https:\/\/schema.org","@graph":[{"@type":"WebPage","@id":"https:\/\/babylove.se\/no\/produkt\/ng-baby-sittsekk-i-lin-naturlig-stemning\/","url":"https:\/\/babylove.se\/no\/produkt\/ng-baby-sittsekk-i-lin-naturlig-stemning\/","name":"NG Baby, sittsekk i lin, natural, mood - Babylove Norska","isPartOf":{"@id":"https:\/\/babylove.se\/no\/#website"},"primaryImageOfPage":{"@id":"https:\/\/babylove.se\/no\/produkt\/ng-baby-sittsekk-i-lin-naturlig-stemning\/#primaryimage"},"image":{"@id":"https:\/\/babylove.se\/no\/produkt\/ng-baby-sittsekk-i-lin-naturlig-stemning\/#primaryimage"},"thumbnailUrl":"https:\/\/babylove.se\/no\/wp-content\/uploads\/sites\/3\/2025\/07\/5ba3783832a22.jpeg","datePublished":"2025-07-18T19:43:03+00:00","dateModified":"2026-04-08T07:36:09+00:00","breadcrumb":{"@id":"https:\/\/babylove.se\/no\/produkt\/ng-baby-sittsekk-i-lin-naturlig-stemning\/#breadcrumb"},"inLanguage":"nb-NO","potentialAction":[{"@type":"ReadAction","target":["https:\/\/babylove.se\/no\/produkt\/ng-baby-sittsekk-i-lin-naturlig-stemning\/"]}]},{"@type":"ImageObject","inLanguage":"nb-NO","@id":"https:\/\/babylove.se\/no\/produkt\/ng-baby-sittsekk-i-lin-naturlig-stemning\/#primaryimage","url":"https:\/\/babylove.se\/no\/wp-content\/uploads\/sites\/3\/2025\/07\/5ba3783832a22.jpeg","contentUrl":"https:\/\/babylove.se\/no\/wp-content\/uploads\/sites\/3\/2025\/07\/5ba3783832a22.jpeg","width":750,"height":750},{"@type":"BreadcrumbList","@id":"https:\/\/babylove.se\/no\/produkt\/ng-baby-sittsekk-i-lin-naturlig-stemning\/#breadcrumb","itemListElement":[{"@type":"ListItem","position":1,"name":"Hem","item":"https:\/\/babylove.se\/no\/"},{"@type":"ListItem","position":2,"name":"Butik","item":"https:\/\/babylove.se\/no\/butik\/"},{"@type":"ListItem","position":3,"name":"NG Baby, sittsekk i lin, natural, mood"}]},{"@type":"WebSite","@id":"https:\/\/babylove.se\/no\/#website","url":"https:\/\/babylove.se\/no\/","name":"Babylove Norska","description":"","potentialAction":[{"@type":"SearchAction","target":{"@type":"EntryPoint","urlTemplate":"https:\/\/babylove.se\/no\/?s={search_term_string}"},"query-input":{"@type":"PropertyValueSpecification","valueRequired":true,"valueName":"search_term_string"}}],"inLanguage":"nb-NO"}]},"product_brand":"Ng Baby","product_price_amount":"2059.00","product_price_currency":"SEK","og_availability":"out of stock","product_availability":"out of stock","product_retailer_item_id":"80500-023","product_condition":"new"},"_links":{"self":[{"href":"https:\/\/babylove.se\/no\/wp-json\/wp\/v2\/product\/7360","targetHints":{"allow":["GET"]}}],"collection":[{"href":"https:\/\/babylove.se\/no\/wp-json\/wp\/v2\/product"}],"about":[{"href":"https:\/\/babylove.se\/no\/wp-json\/wp\/v2\/types\/product"}],"replies":[{"embeddable":true,"href":"https:\/\/babylove.se\/no\/wp-json\/wp\/v2\/comments?post=7360"}],"wp:featuredmedia":[{"embeddable":true,"href":"https:\/\/babylove.se\/no\/wp-json\/wp\/v2\/media\/7362"}],"wp:attachment":[{"href":"https:\/\/babylove.se\/no\/wp-json\/wp\/v2\/media?parent=7360"}],"wp:term":[{"taxonomy":"product_brand","embeddable":true,"href":"https:\/\/babylove.se\/no\/wp-json\/wp\/v2\/product_brand?post=7360"},{"taxonomy":"product_cat","embeddable":true,"href":"https:\/\/babylove.se\/no\/wp-json\/wp\/v2\/product_cat?post=7360"},{"taxonomy":"product_tag","embeddable":true,"href":"https:\/\/babylove.se\/no\/wp-json\/wp\/v2\/product_tag?post=7360"}],"curies":[{"name":"wp","href":"https:\/\/api.w.org\/{rel}","templated":true}]}}