{"id":7366,"date":"2025-07-18T20:43:03","date_gmt":"2025-07-18T19:43:03","guid":{"rendered":"https:\/\/babylove.se\/produkt\/babynest-sovpol-natural-ng-baby-mood\/"},"modified":"2026-04-08T08:36:15","modified_gmt":"2026-04-08T07:36:15","slug":"babynest-sovpute-natural-ng-baby-mood","status":"publish","type":"product","link":"https:\/\/babylove.se\/no\/produkt\/babynest-sovpute-natural-ng-baby-mood\/","title":{"rendered":"Babynest &#8211; Sovepute natural NG Baby Mood"},"content":{"rendered":"<p><strong>Soveputen<\/strong> Mood fra svenske NG Baby, gir deg en unik mulighet til \u00e5 skape en trygg soveplass til ditt nyf\u00f8dte barn. Soveputen skaper et koselig og varmt milj\u00f8 som gir barnet ro. Du kan med fordel plassere soveputen i din egen seng, uten \u00e5 m\u00e5tte bekymre deg for at ditt barn ruller ut av sengen, eller at du ruller p\u00e5 ditt barn i s\u00f8vne. <\/p>\n<p>Siden fyllet i ytterringen er bevegelig, kan du enkelt forme et sittest\u00f8tte, noe som gj\u00f8r at sitteputen blir et godt sted for ditt barn \u00e5 leke p\u00e5 n\u00e5r det skal l\u00e6re seg \u00e5 sitte opp. Soveputen er dessuten lett \u00e5 ta med seg hvor man enn skal <\/p>\n<p><strong>Materiale<\/strong>: Stoffet er laget av 100 % lin. Bunnen er laget av skumgummi (polyeter) og fyllet best\u00e5r av styrolitkuler.<\/p>\n<p><strong>M\u00e5l<\/strong>: Ytterm\u00e5l, 75 x 50 cm <\/p>\n<p><strong>Vasker\u00e5d<\/strong>: overtrekket kan vaskes i 60\u00b0C, ikke t\u00f8rketromling. <\/p>\n","protected":false},"excerpt":{"rendered":"<p>Soveputen Mood fra svenske NG Baby, gir deg en unik mulighet til \u00e5 skape en trygg soveplass til ditt nyf\u00f8dte barn. Soveputen skaper et koselig og varmt milj\u00f8 som gir barnet ro. Du kan med fordel plassere soveputen i din egen seng, uten \u00e5 m\u00e5tte bekymre deg for at ditt barn ruller ut av sengen, [&hellip;]<\/p>\n","protected":false},"featured_media":7368,"comment_status":"closed","ping_status":"open","template":"","meta":{"_acf_changed":false},"product_brand":[107],"product_cat":[56,109,48],"product_tag":[1689],"class_list":{"0":"post-7366","1":"product","2":"type-product","3":"status-publish","4":"has-post-thumbnail","6":"product_brand-ng-baby","7":"product_cat-babynest","8":"product_cat-ng-baby","9":"product_cat-startside","10":"product_tag-bestillingsvaror","12":"first","13":"outofstock","14":"taxable","15":"shipping-taxable","16":"purchasable","17":"product-type-simple"},"acf":[],"yoast_head":"<!-- This site is optimized with the Yoast SEO Premium plugin v25.8 (Yoast SEO v27.2) - https:\/\/yoast.com\/product\/yoast-seo-premium-wordpress\/ -->\n<title>Babynest - Sovepute natural NG Baby Mood - Babylove Norska<\/title>\n<meta name=\"robots\" content=\"noindex, follow, max-snippet:-1, max-image-preview:large, max-video-preview:-1\" \/>\n<meta property=\"og:locale\" content=\"nb_NO\" \/>\n<meta property=\"og:type\" content=\"article\" \/>\n<meta property=\"og:title\" content=\"Babynest - Sovepute natural NG Baby Mood\" \/>\n<meta property=\"og:description\" content=\"Soveputen Mood fra svenske NG Baby, gir deg en unik mulighet til \u00e5 skape en trygg soveplass til ditt nyf\u00f8dte barn. Soveputen skaper et koselig og varmt milj\u00f8 som gir barnet ro. Du kan med fordel plassere soveputen i din egen seng, uten \u00e5 m\u00e5tte bekymre deg for at ditt barn ruller ut av sengen, [&hellip;]\" \/>\n<meta property=\"og:url\" content=\"https:\/\/babylove.se\/no\/produkt\/babynest-sovpute-natural-ng-baby-mood\/\" \/>\n<meta property=\"og:site_name\" content=\"Babylove Norska\" \/>\n<meta property=\"article:modified_time\" content=\"2026-04-08T07:36:15+00:00\" \/>\n<meta property=\"og:image\" content=\"https:\/\/babylove.se\/no\/wp-content\/uploads\/sites\/3\/2025\/07\/5ba378f280e89.jpeg\" \/>\n\t<meta property=\"og:image:width\" content=\"750\" \/>\n\t<meta property=\"og:image:height\" content=\"750\" \/>\n\t<meta property=\"og:image:type\" content=\"image\/jpeg\" \/>\n<meta name=\"twitter:card\" content=\"summary_large_image\" \/>\n<meta name=\"twitter:label1\" content=\"Price\" \/>\n\t<meta name=\"twitter:data1\" content=\"1 499,00&nbsp;&#107;&#114;\" \/>\n\t<meta name=\"twitter:label2\" content=\"Availability\" \/>\n\t<meta name=\"twitter:data2\" content=\"Out of stock\" \/>\n<script type=\"application\/ld+json\" class=\"yoast-schema-graph\">{\"@context\":\"https:\/\/schema.org\",\"@graph\":[{\"@type\":\"WebPage\",\"@id\":\"https:\/\/babylove.se\/no\/produkt\/babynest-sovpute-natural-ng-baby-mood\/\",\"url\":\"https:\/\/babylove.se\/no\/produkt\/babynest-sovpute-natural-ng-baby-mood\/\",\"name\":\"Babynest - Sovepute natural NG Baby Mood - Babylove Norska\",\"isPartOf\":{\"@id\":\"https:\/\/babylove.se\/no\/#website\"},\"primaryImageOfPage\":{\"@id\":\"https:\/\/babylove.se\/no\/produkt\/babynest-sovpute-natural-ng-baby-mood\/#primaryimage\"},\"image\":{\"@id\":\"https:\/\/babylove.se\/no\/produkt\/babynest-sovpute-natural-ng-baby-mood\/#primaryimage\"},\"thumbnailUrl\":\"https:\/\/babylove.se\/no\/wp-content\/uploads\/sites\/3\/2025\/07\/5ba378f280e89.jpeg\",\"datePublished\":\"2025-07-18T19:43:03+00:00\",\"dateModified\":\"2026-04-08T07:36:15+00:00\",\"breadcrumb\":{\"@id\":\"https:\/\/babylove.se\/no\/produkt\/babynest-sovpute-natural-ng-baby-mood\/#breadcrumb\"},\"inLanguage\":\"nb-NO\",\"potentialAction\":[{\"@type\":\"ReadAction\",\"target\":[\"https:\/\/babylove.se\/no\/produkt\/babynest-sovpute-natural-ng-baby-mood\/\"]}]},{\"@type\":\"ImageObject\",\"inLanguage\":\"nb-NO\",\"@id\":\"https:\/\/babylove.se\/no\/produkt\/babynest-sovpute-natural-ng-baby-mood\/#primaryimage\",\"url\":\"https:\/\/babylove.se\/no\/wp-content\/uploads\/sites\/3\/2025\/07\/5ba378f280e89.jpeg\",\"contentUrl\":\"https:\/\/babylove.se\/no\/wp-content\/uploads\/sites\/3\/2025\/07\/5ba378f280e89.jpeg\",\"width\":750,\"height\":750},{\"@type\":\"BreadcrumbList\",\"@id\":\"https:\/\/babylove.se\/no\/produkt\/babynest-sovpute-natural-ng-baby-mood\/#breadcrumb\",\"itemListElement\":[{\"@type\":\"ListItem\",\"position\":1,\"name\":\"Hem\",\"item\":\"https:\/\/babylove.se\/no\/\"},{\"@type\":\"ListItem\",\"position\":2,\"name\":\"Butik\",\"item\":\"https:\/\/babylove.se\/no\/butik\/\"},{\"@type\":\"ListItem\",\"position\":3,\"name\":\"Babynest &#8211; Sovepute natural NG Baby Mood\"}]},{\"@type\":\"WebSite\",\"@id\":\"https:\/\/babylove.se\/no\/#website\",\"url\":\"https:\/\/babylove.se\/no\/\",\"name\":\"Babylove Norska\",\"description\":\"\",\"potentialAction\":[{\"@type\":\"SearchAction\",\"target\":{\"@type\":\"EntryPoint\",\"urlTemplate\":\"https:\/\/babylove.se\/no\/?s={search_term_string}\"},\"query-input\":{\"@type\":\"PropertyValueSpecification\",\"valueRequired\":true,\"valueName\":\"search_term_string\"}}],\"inLanguage\":\"nb-NO\"}]}<\/script>\n<meta property=\"product:brand\" content=\"Ng Baby\" \/>\n<meta property=\"product:price:amount\" content=\"1499.00\" \/>\n<meta property=\"product:price:currency\" content=\"SEK\" \/>\n<meta property=\"og:availability\" content=\"out of stock\" \/>\n<meta property=\"product:availability\" content=\"out of stock\" \/>\n<meta property=\"product:retailer_item_id\" content=\"70500-023\" \/>\n<meta property=\"product:condition\" content=\"new\" \/>\n<!-- \/ Yoast SEO Premium plugin. -->","yoast_head_json":{"title":"Babynest - Sovepute natural NG Baby Mood - Babylove Norska","robots":{"index":"noindex","follow":"follow","max-snippet":"max-snippet:-1","max-image-preview":"max-image-preview:large","max-video-preview":"max-video-preview:-1"},"og_locale":"nb_NO","og_type":"article","og_title":"Babynest - Sovepute natural NG Baby Mood","og_description":"Soveputen Mood fra svenske NG Baby, gir deg en unik mulighet til \u00e5 skape en trygg soveplass til ditt nyf\u00f8dte barn. Soveputen skaper et koselig og varmt milj\u00f8 som gir barnet ro. Du kan med fordel plassere soveputen i din egen seng, uten \u00e5 m\u00e5tte bekymre deg for at ditt barn ruller ut av sengen, [&hellip;]","og_url":"https:\/\/babylove.se\/no\/produkt\/babynest-sovpute-natural-ng-baby-mood\/","og_site_name":"Babylove Norska","article_modified_time":"2026-04-08T07:36:15+00:00","og_image":[{"width":750,"height":750,"url":"https:\/\/babylove.se\/no\/wp-content\/uploads\/sites\/3\/2025\/07\/5ba378f280e89.jpeg","type":"image\/jpeg"}],"twitter_card":"summary_large_image","twitter_misc":{"Price":"1 499,00&nbsp;&#107;&#114;","Availability":"Out of stock"},"schema":{"@context":"https:\/\/schema.org","@graph":[{"@type":"WebPage","@id":"https:\/\/babylove.se\/no\/produkt\/babynest-sovpute-natural-ng-baby-mood\/","url":"https:\/\/babylove.se\/no\/produkt\/babynest-sovpute-natural-ng-baby-mood\/","name":"Babynest - Sovepute natural NG Baby Mood - Babylove Norska","isPartOf":{"@id":"https:\/\/babylove.se\/no\/#website"},"primaryImageOfPage":{"@id":"https:\/\/babylove.se\/no\/produkt\/babynest-sovpute-natural-ng-baby-mood\/#primaryimage"},"image":{"@id":"https:\/\/babylove.se\/no\/produkt\/babynest-sovpute-natural-ng-baby-mood\/#primaryimage"},"thumbnailUrl":"https:\/\/babylove.se\/no\/wp-content\/uploads\/sites\/3\/2025\/07\/5ba378f280e89.jpeg","datePublished":"2025-07-18T19:43:03+00:00","dateModified":"2026-04-08T07:36:15+00:00","breadcrumb":{"@id":"https:\/\/babylove.se\/no\/produkt\/babynest-sovpute-natural-ng-baby-mood\/#breadcrumb"},"inLanguage":"nb-NO","potentialAction":[{"@type":"ReadAction","target":["https:\/\/babylove.se\/no\/produkt\/babynest-sovpute-natural-ng-baby-mood\/"]}]},{"@type":"ImageObject","inLanguage":"nb-NO","@id":"https:\/\/babylove.se\/no\/produkt\/babynest-sovpute-natural-ng-baby-mood\/#primaryimage","url":"https:\/\/babylove.se\/no\/wp-content\/uploads\/sites\/3\/2025\/07\/5ba378f280e89.jpeg","contentUrl":"https:\/\/babylove.se\/no\/wp-content\/uploads\/sites\/3\/2025\/07\/5ba378f280e89.jpeg","width":750,"height":750},{"@type":"BreadcrumbList","@id":"https:\/\/babylove.se\/no\/produkt\/babynest-sovpute-natural-ng-baby-mood\/#breadcrumb","itemListElement":[{"@type":"ListItem","position":1,"name":"Hem","item":"https:\/\/babylove.se\/no\/"},{"@type":"ListItem","position":2,"name":"Butik","item":"https:\/\/babylove.se\/no\/butik\/"},{"@type":"ListItem","position":3,"name":"Babynest &#8211; Sovepute natural NG Baby Mood"}]},{"@type":"WebSite","@id":"https:\/\/babylove.se\/no\/#website","url":"https:\/\/babylove.se\/no\/","name":"Babylove Norska","description":"","potentialAction":[{"@type":"SearchAction","target":{"@type":"EntryPoint","urlTemplate":"https:\/\/babylove.se\/no\/?s={search_term_string}"},"query-input":{"@type":"PropertyValueSpecification","valueRequired":true,"valueName":"search_term_string"}}],"inLanguage":"nb-NO"}]},"product_brand":"Ng Baby","product_price_amount":"1499.00","product_price_currency":"SEK","og_availability":"out of stock","product_availability":"out of stock","product_retailer_item_id":"70500-023","product_condition":"new"},"_links":{"self":[{"href":"https:\/\/babylove.se\/no\/wp-json\/wp\/v2\/product\/7366","targetHints":{"allow":["GET"]}}],"collection":[{"href":"https:\/\/babylove.se\/no\/wp-json\/wp\/v2\/product"}],"about":[{"href":"https:\/\/babylove.se\/no\/wp-json\/wp\/v2\/types\/product"}],"replies":[{"embeddable":true,"href":"https:\/\/babylove.se\/no\/wp-json\/wp\/v2\/comments?post=7366"}],"wp:featuredmedia":[{"embeddable":true,"href":"https:\/\/babylove.se\/no\/wp-json\/wp\/v2\/media\/7368"}],"wp:attachment":[{"href":"https:\/\/babylove.se\/no\/wp-json\/wp\/v2\/media?parent=7366"}],"wp:term":[{"taxonomy":"product_brand","embeddable":true,"href":"https:\/\/babylove.se\/no\/wp-json\/wp\/v2\/product_brand?post=7366"},{"taxonomy":"product_cat","embeddable":true,"href":"https:\/\/babylove.se\/no\/wp-json\/wp\/v2\/product_cat?post=7366"},{"taxonomy":"product_tag","embeddable":true,"href":"https:\/\/babylove.se\/no\/wp-json\/wp\/v2\/product_tag?post=7366"}],"curies":[{"name":"wp","href":"https:\/\/api.w.org\/{rel}","templated":true}]}}