{"id":7369,"date":"2025-07-18T20:43:03","date_gmt":"2025-07-18T19:43:03","guid":{"rendered":"https:\/\/babylove.se\/produkt\/vimpel-till-barnrummet-ng-baby-mood-natural\/"},"modified":"2026-04-08T08:36:18","modified_gmt":"2026-04-08T07:36:18","slug":"vimpel-til-barnerommet-ng-baby-mood-natural","status":"publish","type":"product","link":"https:\/\/babylove.se\/no\/produkt\/vimpel-til-barnerommet-ng-baby-mood-natural\/","title":{"rendered":"Vimpel til barnerommet, NG baby mood natural"},"content":{"rendered":"<p>En meget spesiell og vakker dekorasjon til barnerommet. Dette vimpelet vil forskj\u00f8nne barnerommet ditt og gj\u00f8re at barnet ditt blir enda mer harmonisk og rolig. Helt laget i slitesterkt lin og dessuten hele tre meter langt.<\/p>\n<p> Vimpelet er perfekt for \u00e5 matche med andre produkter fra NG Baby. <\/p>\n<p>Dette vimpelet tilh\u00f8rer den s\u00e5kalte &#8220;Mood&#8221;-serien. Denne serien er skapt for foreldre som vil ha det beste for sine barn. Hele kolleksjonen er laget i 100 % lin som gir den en meget spesiell karakter. Lin er nemlig et levende naturmateriale med utrolige egenskaper og garanterer for en lang holdbarhet. Det er vanskelig \u00e5 finne et bedre materiale for \u00e5 skape den harmonien man vil ha i barnerommet. Alle produkter i denne serien kan vaskes i 40 grader.<\/p>\n<p><strong>Lengde<\/strong>: 3 m<\/p>\n<p><strong>Materiale<\/strong>: Lin<\/p>\n<p>Svenskprodusert av <a href=\"https:\/\/babylove.se\/varumarken\/ng-baby\">NG Baby<\/a><\/p>\n","protected":false},"excerpt":{"rendered":"<p>En meget spesiell og vakker dekorasjon til barnerommet. Dette vimpelet vil forskj\u00f8nne barnerommet ditt og gj\u00f8re at barnet ditt blir enda mer harmonisk og rolig. Helt laget i slitesterkt lin og dessuten hele tre meter langt. Vimpelet er perfekt for \u00e5 matche med andre produkter fra NG Baby. Dette vimpelet tilh\u00f8rer den s\u00e5kalte &#8220;Mood&#8221;-serien. Denne [&hellip;]<\/p>\n","protected":false},"featured_media":7371,"comment_status":"closed","ping_status":"open","template":"","meta":{"_acf_changed":false},"product_brand":[107],"product_cat":[110,118,25,125,109,48,58],"product_tag":[1689],"class_list":{"0":"post-7369","1":"product","2":"type-product","3":"status-publish","4":"has-post-thumbnail","6":"product_brand-ng-baby","7":"product_cat-cyber-monday","8":"product_cat-vert","9":"product_cat-ikke-bare-jenter","10":"product_cat-boho","11":"product_cat-ng-baby","12":"product_cat-startside","13":"product_cat-vimpler","14":"product_tag-bestillingsvaror","16":"first","17":"outofstock","18":"taxable","19":"shipping-taxable","20":"purchasable","21":"product-type-simple"},"acf":[],"yoast_head":"<!-- This site is optimized with the Yoast SEO Premium plugin v25.8 (Yoast SEO v27.2) - https:\/\/yoast.com\/product\/yoast-seo-premium-wordpress\/ -->\n<title>Vimpel til barnerommet, NG baby mood natural - Babylove Norska<\/title>\n<meta name=\"description\" content=\"En mycket speciell och vacker dekoration till barnrummet. Denna vimpel kommer att f\u00f6rgylla ditt barnrum - skickas inom 24 h - 14 dagars \u00f6ppet k\u00f6p -\" \/>\n<meta name=\"robots\" content=\"noindex, follow, max-snippet:-1, max-image-preview:large, max-video-preview:-1\" \/>\n<meta property=\"og:locale\" content=\"nb_NO\" \/>\n<meta property=\"og:type\" content=\"article\" \/>\n<meta property=\"og:title\" content=\"Vimpel til barnerommet, NG baby mood natural\" \/>\n<meta property=\"og:description\" content=\"En mycket speciell och vacker dekoration till barnrummet. Denna vimpel kommer att f\u00f6rgylla ditt barnrum - skickas inom 24 h - 14 dagars \u00f6ppet k\u00f6p -\" \/>\n<meta property=\"og:url\" content=\"https:\/\/babylove.se\/no\/produkt\/vimpel-til-barnerommet-ng-baby-mood-natural\/\" \/>\n<meta property=\"og:site_name\" content=\"Babylove Norska\" \/>\n<meta property=\"article:modified_time\" content=\"2026-04-08T07:36:18+00:00\" \/>\n<meta property=\"og:image\" content=\"https:\/\/babylove.se\/no\/wp-content\/uploads\/sites\/3\/2025\/07\/5ba379359dcab.jpeg\" \/>\n\t<meta property=\"og:image:width\" content=\"750\" \/>\n\t<meta property=\"og:image:height\" content=\"750\" \/>\n\t<meta property=\"og:image:type\" content=\"image\/jpeg\" \/>\n<meta name=\"twitter:card\" content=\"summary_large_image\" \/>\n<meta name=\"twitter:label1\" content=\"Price\" \/>\n\t<meta name=\"twitter:data1\" content=\"339,00&nbsp;&#107;&#114;\" \/>\n\t<meta name=\"twitter:label2\" content=\"Availability\" \/>\n\t<meta name=\"twitter:data2\" content=\"Out of stock\" \/>\n<script type=\"application\/ld+json\" class=\"yoast-schema-graph\">{\"@context\":\"https:\/\/schema.org\",\"@graph\":[{\"@type\":\"WebPage\",\"@id\":\"https:\/\/babylove.se\/no\/produkt\/vimpel-til-barnerommet-ng-baby-mood-natural\/\",\"url\":\"https:\/\/babylove.se\/no\/produkt\/vimpel-til-barnerommet-ng-baby-mood-natural\/\",\"name\":\"Vimpel til barnerommet, NG baby mood natural - Babylove Norska\",\"isPartOf\":{\"@id\":\"https:\/\/babylove.se\/no\/#website\"},\"primaryImageOfPage\":{\"@id\":\"https:\/\/babylove.se\/no\/produkt\/vimpel-til-barnerommet-ng-baby-mood-natural\/#primaryimage\"},\"image\":{\"@id\":\"https:\/\/babylove.se\/no\/produkt\/vimpel-til-barnerommet-ng-baby-mood-natural\/#primaryimage\"},\"thumbnailUrl\":\"https:\/\/babylove.se\/no\/wp-content\/uploads\/sites\/3\/2025\/07\/5ba379359dcab.jpeg\",\"datePublished\":\"2025-07-18T19:43:03+00:00\",\"dateModified\":\"2026-04-08T07:36:18+00:00\",\"description\":\"En mycket speciell och vacker dekoration till barnrummet. Denna vimpel kommer att f\u00f6rgylla ditt barnrum - skickas inom 24 h - 14 dagars \u00f6ppet k\u00f6p -\",\"breadcrumb\":{\"@id\":\"https:\/\/babylove.se\/no\/produkt\/vimpel-til-barnerommet-ng-baby-mood-natural\/#breadcrumb\"},\"inLanguage\":\"nb-NO\",\"potentialAction\":[{\"@type\":\"ReadAction\",\"target\":[\"https:\/\/babylove.se\/no\/produkt\/vimpel-til-barnerommet-ng-baby-mood-natural\/\"]}]},{\"@type\":\"ImageObject\",\"inLanguage\":\"nb-NO\",\"@id\":\"https:\/\/babylove.se\/no\/produkt\/vimpel-til-barnerommet-ng-baby-mood-natural\/#primaryimage\",\"url\":\"https:\/\/babylove.se\/no\/wp-content\/uploads\/sites\/3\/2025\/07\/5ba379359dcab.jpeg\",\"contentUrl\":\"https:\/\/babylove.se\/no\/wp-content\/uploads\/sites\/3\/2025\/07\/5ba379359dcab.jpeg\",\"width\":750,\"height\":750},{\"@type\":\"BreadcrumbList\",\"@id\":\"https:\/\/babylove.se\/no\/produkt\/vimpel-til-barnerommet-ng-baby-mood-natural\/#breadcrumb\",\"itemListElement\":[{\"@type\":\"ListItem\",\"position\":1,\"name\":\"Hem\",\"item\":\"https:\/\/babylove.se\/no\/\"},{\"@type\":\"ListItem\",\"position\":2,\"name\":\"Butik\",\"item\":\"https:\/\/babylove.se\/no\/butik\/\"},{\"@type\":\"ListItem\",\"position\":3,\"name\":\"Vimpel til barnerommet, NG baby mood natural\"}]},{\"@type\":\"WebSite\",\"@id\":\"https:\/\/babylove.se\/no\/#website\",\"url\":\"https:\/\/babylove.se\/no\/\",\"name\":\"Babylove Norska\",\"description\":\"\",\"potentialAction\":[{\"@type\":\"SearchAction\",\"target\":{\"@type\":\"EntryPoint\",\"urlTemplate\":\"https:\/\/babylove.se\/no\/?s={search_term_string}\"},\"query-input\":{\"@type\":\"PropertyValueSpecification\",\"valueRequired\":true,\"valueName\":\"search_term_string\"}}],\"inLanguage\":\"nb-NO\"}]}<\/script>\n<meta property=\"product:brand\" content=\"Ng Baby\" \/>\n<meta property=\"product:price:amount\" content=\"339.00\" \/>\n<meta property=\"product:price:currency\" content=\"SEK\" \/>\n<meta property=\"og:availability\" content=\"out of stock\" \/>\n<meta property=\"product:availability\" content=\"out of stock\" \/>\n<meta property=\"product:retailer_item_id\" content=\"70811\" \/>\n<meta property=\"product:condition\" content=\"new\" \/>\n<!-- \/ Yoast SEO Premium plugin. -->","yoast_head_json":{"title":"Vimpel til barnerommet, NG baby mood natural - Babylove Norska","description":"En mycket speciell och vacker dekoration till barnrummet. Denna vimpel kommer att f\u00f6rgylla ditt barnrum - skickas inom 24 h - 14 dagars \u00f6ppet k\u00f6p -","robots":{"index":"noindex","follow":"follow","max-snippet":"max-snippet:-1","max-image-preview":"max-image-preview:large","max-video-preview":"max-video-preview:-1"},"og_locale":"nb_NO","og_type":"article","og_title":"Vimpel til barnerommet, NG baby mood natural","og_description":"En mycket speciell och vacker dekoration till barnrummet. Denna vimpel kommer att f\u00f6rgylla ditt barnrum - skickas inom 24 h - 14 dagars \u00f6ppet k\u00f6p -","og_url":"https:\/\/babylove.se\/no\/produkt\/vimpel-til-barnerommet-ng-baby-mood-natural\/","og_site_name":"Babylove Norska","article_modified_time":"2026-04-08T07:36:18+00:00","og_image":[{"width":750,"height":750,"url":"https:\/\/babylove.se\/no\/wp-content\/uploads\/sites\/3\/2025\/07\/5ba379359dcab.jpeg","type":"image\/jpeg"}],"twitter_card":"summary_large_image","twitter_misc":{"Price":"339,00&nbsp;&#107;&#114;","Availability":"Out of stock"},"schema":{"@context":"https:\/\/schema.org","@graph":[{"@type":"WebPage","@id":"https:\/\/babylove.se\/no\/produkt\/vimpel-til-barnerommet-ng-baby-mood-natural\/","url":"https:\/\/babylove.se\/no\/produkt\/vimpel-til-barnerommet-ng-baby-mood-natural\/","name":"Vimpel til barnerommet, NG baby mood natural - Babylove Norska","isPartOf":{"@id":"https:\/\/babylove.se\/no\/#website"},"primaryImageOfPage":{"@id":"https:\/\/babylove.se\/no\/produkt\/vimpel-til-barnerommet-ng-baby-mood-natural\/#primaryimage"},"image":{"@id":"https:\/\/babylove.se\/no\/produkt\/vimpel-til-barnerommet-ng-baby-mood-natural\/#primaryimage"},"thumbnailUrl":"https:\/\/babylove.se\/no\/wp-content\/uploads\/sites\/3\/2025\/07\/5ba379359dcab.jpeg","datePublished":"2025-07-18T19:43:03+00:00","dateModified":"2026-04-08T07:36:18+00:00","description":"En mycket speciell och vacker dekoration till barnrummet. Denna vimpel kommer att f\u00f6rgylla ditt barnrum - skickas inom 24 h - 14 dagars \u00f6ppet k\u00f6p -","breadcrumb":{"@id":"https:\/\/babylove.se\/no\/produkt\/vimpel-til-barnerommet-ng-baby-mood-natural\/#breadcrumb"},"inLanguage":"nb-NO","potentialAction":[{"@type":"ReadAction","target":["https:\/\/babylove.se\/no\/produkt\/vimpel-til-barnerommet-ng-baby-mood-natural\/"]}]},{"@type":"ImageObject","inLanguage":"nb-NO","@id":"https:\/\/babylove.se\/no\/produkt\/vimpel-til-barnerommet-ng-baby-mood-natural\/#primaryimage","url":"https:\/\/babylove.se\/no\/wp-content\/uploads\/sites\/3\/2025\/07\/5ba379359dcab.jpeg","contentUrl":"https:\/\/babylove.se\/no\/wp-content\/uploads\/sites\/3\/2025\/07\/5ba379359dcab.jpeg","width":750,"height":750},{"@type":"BreadcrumbList","@id":"https:\/\/babylove.se\/no\/produkt\/vimpel-til-barnerommet-ng-baby-mood-natural\/#breadcrumb","itemListElement":[{"@type":"ListItem","position":1,"name":"Hem","item":"https:\/\/babylove.se\/no\/"},{"@type":"ListItem","position":2,"name":"Butik","item":"https:\/\/babylove.se\/no\/butik\/"},{"@type":"ListItem","position":3,"name":"Vimpel til barnerommet, NG baby mood natural"}]},{"@type":"WebSite","@id":"https:\/\/babylove.se\/no\/#website","url":"https:\/\/babylove.se\/no\/","name":"Babylove Norska","description":"","potentialAction":[{"@type":"SearchAction","target":{"@type":"EntryPoint","urlTemplate":"https:\/\/babylove.se\/no\/?s={search_term_string}"},"query-input":{"@type":"PropertyValueSpecification","valueRequired":true,"valueName":"search_term_string"}}],"inLanguage":"nb-NO"}]},"product_brand":"Ng Baby","product_price_amount":"339.00","product_price_currency":"SEK","og_availability":"out of stock","product_availability":"out of stock","product_retailer_item_id":"70811","product_condition":"new"},"_links":{"self":[{"href":"https:\/\/babylove.se\/no\/wp-json\/wp\/v2\/product\/7369","targetHints":{"allow":["GET"]}}],"collection":[{"href":"https:\/\/babylove.se\/no\/wp-json\/wp\/v2\/product"}],"about":[{"href":"https:\/\/babylove.se\/no\/wp-json\/wp\/v2\/types\/product"}],"replies":[{"embeddable":true,"href":"https:\/\/babylove.se\/no\/wp-json\/wp\/v2\/comments?post=7369"}],"wp:featuredmedia":[{"embeddable":true,"href":"https:\/\/babylove.se\/no\/wp-json\/wp\/v2\/media\/7371"}],"wp:attachment":[{"href":"https:\/\/babylove.se\/no\/wp-json\/wp\/v2\/media?parent=7369"}],"wp:term":[{"taxonomy":"product_brand","embeddable":true,"href":"https:\/\/babylove.se\/no\/wp-json\/wp\/v2\/product_brand?post=7369"},{"taxonomy":"product_cat","embeddable":true,"href":"https:\/\/babylove.se\/no\/wp-json\/wp\/v2\/product_cat?post=7369"},{"taxonomy":"product_tag","embeddable":true,"href":"https:\/\/babylove.se\/no\/wp-json\/wp\/v2\/product_tag?post=7369"}],"curies":[{"name":"wp","href":"https:\/\/api.w.org\/{rel}","templated":true}]}}