{"id":7387,"date":"2025-07-18T20:43:03","date_gmt":"2025-07-18T19:43:03","guid":{"rendered":"https:\/\/babylove.se\/produkt\/terracotta-myspol-ng-baby\/"},"modified":"2026-04-08T08:36:29","modified_gmt":"2026-04-08T07:36:29","slug":"terracotta-myspol-ng-baby","status":"publish","type":"product","link":"https:\/\/babylove.se\/no\/produkt\/terracotta-myspol-ng-baby\/","title":{"rendered":"Terracotta mysp\u00f8l NG baby"},"content":{"rendered":"<p>En fantastisk fin kosep\u00f8l fra NG Babys Mood-kolleksjon. Ikke bare den perfekte lekeplassen for babyen din, men ogs\u00e5 en meget fin barneroms innredning. <\/p>\n<p>Denne kosep\u00f8len har massevis av plass for b\u00e5de venner og leker. Det er ikke umulig at barnet ditt tar en blund i denne kosep\u00f8len, den fungerer perfekt til det form\u00e5let. For beste matching, heng gjerne en sengehimmel fra samme serie over den og du har raskt skapt deg en koselig hule. <\/p>\n<p>Kosep\u00f8lens overtrekk er laget i 100 % lin og er b\u00e5de avtakbart og vaskbart. Lin er dessuten et perfekt materiale da det holder babyen din kj\u00f8lig n\u00e5r det er varmt, og varmer n\u00e5r det er litt kj\u00f8ligere.<\/p>\n<p>Stoffet blir dessuten bare mykere jo mer du bruker det. <\/p>\n<p><strong>M\u00e5l<\/strong>: Finnes i to st\u00f8rrelser 100 cm og 120 cm (diameter).<\/p>\n<p>Kan maskinvaskes i h\u00f8yst 40 grader.<\/p>\n<p>Designer: <a href=\"https:\/\/babylove.se\/varumarken\/ng-baby\">NG Baby<\/a><\/p>\n","protected":false},"excerpt":{"rendered":"<p>En fantastisk fin kosep\u00f8l fra NG Babys Mood-kolleksjon. Ikke bare den perfekte lekeplassen for babyen din, men ogs\u00e5 en meget fin barneroms innredning. Denne kosep\u00f8len har massevis av plass for b\u00e5de venner og leker. Det er ikke umulig at barnet ditt tar en blund i denne kosep\u00f8len, den fungerer perfekt til det form\u00e5let. For beste [&hellip;]<\/p>\n","protected":false},"featured_media":7389,"comment_status":"closed","ping_status":"open","template":"","meta":{"_acf_changed":false},"product_brand":[107],"product_cat":[122,109,48],"product_tag":[1689],"class_list":{"0":"post-7387","1":"product","2":"type-product","3":"status-publish","4":"has-post-thumbnail","6":"product_brand-ng-baby","7":"product_cat-myspolar","8":"product_cat-ng-baby","9":"product_cat-startside","10":"product_tag-bestillingsvaror","11":"pa_storlek-100-cm","12":"pa_storlek-120-cm","14":"first","15":"outofstock","16":"taxable","17":"shipping-taxable","18":"purchasable","19":"product-type-variable"},"acf":[],"yoast_head":"<!-- This site is optimized with the Yoast SEO Premium plugin v25.8 (Yoast SEO v27.2) - https:\/\/yoast.com\/product\/yoast-seo-premium-wordpress\/ -->\n<title>Terracotta mysp\u00f8l NG baby - Babylove Norska<\/title>\n<meta name=\"robots\" content=\"noindex, follow, max-snippet:-1, max-image-preview:large, max-video-preview:-1\" \/>\n<meta property=\"og:locale\" content=\"nb_NO\" \/>\n<meta property=\"og:type\" content=\"article\" \/>\n<meta property=\"og:title\" content=\"Terracotta mysp\u00f8l NG baby\" \/>\n<meta property=\"og:description\" content=\"En fantastisk fin kosep\u00f8l fra NG Babys Mood-kolleksjon. Ikke bare den perfekte lekeplassen for babyen din, men ogs\u00e5 en meget fin barneroms innredning. Denne kosep\u00f8len har massevis av plass for b\u00e5de venner og leker. Det er ikke umulig at barnet ditt tar en blund i denne kosep\u00f8len, den fungerer perfekt til det form\u00e5let. For beste [&hellip;]\" \/>\n<meta property=\"og:url\" content=\"https:\/\/babylove.se\/no\/produkt\/terracotta-myspol-ng-baby\/\" \/>\n<meta property=\"og:site_name\" content=\"Babylove Norska\" \/>\n<meta property=\"article:modified_time\" content=\"2026-04-08T07:36:29+00:00\" \/>\n<meta property=\"og:image\" content=\"https:\/\/babylove.se\/no\/wp-content\/uploads\/sites\/3\/2025\/07\/5ba37a9674d57.jpeg\" \/>\n\t<meta property=\"og:image:width\" content=\"750\" \/>\n\t<meta property=\"og:image:height\" content=\"750\" \/>\n\t<meta property=\"og:image:type\" content=\"image\/jpeg\" \/>\n<meta name=\"twitter:card\" content=\"summary_large_image\" \/>\n<meta name=\"twitter:label1\" content=\"Availability\" \/>\n\t<meta name=\"twitter:data1\" content=\"Out of stock\" \/>\n<script type=\"application\/ld+json\" class=\"yoast-schema-graph\">{\"@context\":\"https:\/\/schema.org\",\"@graph\":[{\"@type\":\"WebPage\",\"@id\":\"https:\/\/babylove.se\/no\/produkt\/terracotta-myspol-ng-baby\/\",\"url\":\"https:\/\/babylove.se\/no\/produkt\/terracotta-myspol-ng-baby\/\",\"name\":\"Terracotta mysp\u00f8l NG baby - Babylove Norska\",\"isPartOf\":{\"@id\":\"https:\/\/babylove.se\/no\/#website\"},\"primaryImageOfPage\":{\"@id\":\"https:\/\/babylove.se\/no\/produkt\/terracotta-myspol-ng-baby\/#primaryimage\"},\"image\":{\"@id\":\"https:\/\/babylove.se\/no\/produkt\/terracotta-myspol-ng-baby\/#primaryimage\"},\"thumbnailUrl\":\"https:\/\/babylove.se\/no\/wp-content\/uploads\/sites\/3\/2025\/07\/5ba37a9674d57.jpeg\",\"datePublished\":\"2025-07-18T19:43:03+00:00\",\"dateModified\":\"2026-04-08T07:36:29+00:00\",\"breadcrumb\":{\"@id\":\"https:\/\/babylove.se\/no\/produkt\/terracotta-myspol-ng-baby\/#breadcrumb\"},\"inLanguage\":\"nb-NO\",\"potentialAction\":[{\"@type\":\"ReadAction\",\"target\":[\"https:\/\/babylove.se\/no\/produkt\/terracotta-myspol-ng-baby\/\"]}]},{\"@type\":\"ImageObject\",\"inLanguage\":\"nb-NO\",\"@id\":\"https:\/\/babylove.se\/no\/produkt\/terracotta-myspol-ng-baby\/#primaryimage\",\"url\":\"https:\/\/babylove.se\/no\/wp-content\/uploads\/sites\/3\/2025\/07\/5ba37a9674d57.jpeg\",\"contentUrl\":\"https:\/\/babylove.se\/no\/wp-content\/uploads\/sites\/3\/2025\/07\/5ba37a9674d57.jpeg\",\"width\":750,\"height\":750},{\"@type\":\"BreadcrumbList\",\"@id\":\"https:\/\/babylove.se\/no\/produkt\/terracotta-myspol-ng-baby\/#breadcrumb\",\"itemListElement\":[{\"@type\":\"ListItem\",\"position\":1,\"name\":\"Hem\",\"item\":\"https:\/\/babylove.se\/no\/\"},{\"@type\":\"ListItem\",\"position\":2,\"name\":\"Butik\",\"item\":\"https:\/\/babylove.se\/no\/butik\/\"},{\"@type\":\"ListItem\",\"position\":3,\"name\":\"Terracotta mysp\u00f8l NG baby\"}]},{\"@type\":\"WebSite\",\"@id\":\"https:\/\/babylove.se\/no\/#website\",\"url\":\"https:\/\/babylove.se\/no\/\",\"name\":\"Babylove Norska\",\"description\":\"\",\"potentialAction\":[{\"@type\":\"SearchAction\",\"target\":{\"@type\":\"EntryPoint\",\"urlTemplate\":\"https:\/\/babylove.se\/no\/?s={search_term_string}\"},\"query-input\":{\"@type\":\"PropertyValueSpecification\",\"valueRequired\":true,\"valueName\":\"search_term_string\"}}],\"inLanguage\":\"nb-NO\"}]}<\/script>\n<meta property=\"product:brand\" content=\"Ng Baby\" \/>\n<meta property=\"og:availability\" content=\"out of stock\" \/>\n<meta property=\"product:availability\" content=\"out of stock\" \/>\n<meta property=\"product:retailer_item_id\" content=\"Terracotta100-cm\" \/>\n<meta property=\"product:condition\" content=\"new\" \/>\n<!-- \/ Yoast SEO Premium plugin. -->","yoast_head_json":{"title":"Terracotta mysp\u00f8l NG baby - Babylove Norska","robots":{"index":"noindex","follow":"follow","max-snippet":"max-snippet:-1","max-image-preview":"max-image-preview:large","max-video-preview":"max-video-preview:-1"},"og_locale":"nb_NO","og_type":"article","og_title":"Terracotta mysp\u00f8l NG baby","og_description":"En fantastisk fin kosep\u00f8l fra NG Babys Mood-kolleksjon. Ikke bare den perfekte lekeplassen for babyen din, men ogs\u00e5 en meget fin barneroms innredning. Denne kosep\u00f8len har massevis av plass for b\u00e5de venner og leker. Det er ikke umulig at barnet ditt tar en blund i denne kosep\u00f8len, den fungerer perfekt til det form\u00e5let. For beste [&hellip;]","og_url":"https:\/\/babylove.se\/no\/produkt\/terracotta-myspol-ng-baby\/","og_site_name":"Babylove Norska","article_modified_time":"2026-04-08T07:36:29+00:00","og_image":[{"width":750,"height":750,"url":"https:\/\/babylove.se\/no\/wp-content\/uploads\/sites\/3\/2025\/07\/5ba37a9674d57.jpeg","type":"image\/jpeg"}],"twitter_card":"summary_large_image","twitter_misc":{"Availability":"Out of stock"},"schema":{"@context":"https:\/\/schema.org","@graph":[{"@type":"WebPage","@id":"https:\/\/babylove.se\/no\/produkt\/terracotta-myspol-ng-baby\/","url":"https:\/\/babylove.se\/no\/produkt\/terracotta-myspol-ng-baby\/","name":"Terracotta mysp\u00f8l NG baby - Babylove Norska","isPartOf":{"@id":"https:\/\/babylove.se\/no\/#website"},"primaryImageOfPage":{"@id":"https:\/\/babylove.se\/no\/produkt\/terracotta-myspol-ng-baby\/#primaryimage"},"image":{"@id":"https:\/\/babylove.se\/no\/produkt\/terracotta-myspol-ng-baby\/#primaryimage"},"thumbnailUrl":"https:\/\/babylove.se\/no\/wp-content\/uploads\/sites\/3\/2025\/07\/5ba37a9674d57.jpeg","datePublished":"2025-07-18T19:43:03+00:00","dateModified":"2026-04-08T07:36:29+00:00","breadcrumb":{"@id":"https:\/\/babylove.se\/no\/produkt\/terracotta-myspol-ng-baby\/#breadcrumb"},"inLanguage":"nb-NO","potentialAction":[{"@type":"ReadAction","target":["https:\/\/babylove.se\/no\/produkt\/terracotta-myspol-ng-baby\/"]}]},{"@type":"ImageObject","inLanguage":"nb-NO","@id":"https:\/\/babylove.se\/no\/produkt\/terracotta-myspol-ng-baby\/#primaryimage","url":"https:\/\/babylove.se\/no\/wp-content\/uploads\/sites\/3\/2025\/07\/5ba37a9674d57.jpeg","contentUrl":"https:\/\/babylove.se\/no\/wp-content\/uploads\/sites\/3\/2025\/07\/5ba37a9674d57.jpeg","width":750,"height":750},{"@type":"BreadcrumbList","@id":"https:\/\/babylove.se\/no\/produkt\/terracotta-myspol-ng-baby\/#breadcrumb","itemListElement":[{"@type":"ListItem","position":1,"name":"Hem","item":"https:\/\/babylove.se\/no\/"},{"@type":"ListItem","position":2,"name":"Butik","item":"https:\/\/babylove.se\/no\/butik\/"},{"@type":"ListItem","position":3,"name":"Terracotta mysp\u00f8l NG baby"}]},{"@type":"WebSite","@id":"https:\/\/babylove.se\/no\/#website","url":"https:\/\/babylove.se\/no\/","name":"Babylove Norska","description":"","potentialAction":[{"@type":"SearchAction","target":{"@type":"EntryPoint","urlTemplate":"https:\/\/babylove.se\/no\/?s={search_term_string}"},"query-input":{"@type":"PropertyValueSpecification","valueRequired":true,"valueName":"search_term_string"}}],"inLanguage":"nb-NO"}]},"product_brand":"Ng Baby","og_availability":"out of stock","product_availability":"out of stock","product_retailer_item_id":"Terracotta100-cm","product_condition":"new"},"_links":{"self":[{"href":"https:\/\/babylove.se\/no\/wp-json\/wp\/v2\/product\/7387","targetHints":{"allow":["GET"]}}],"collection":[{"href":"https:\/\/babylove.se\/no\/wp-json\/wp\/v2\/product"}],"about":[{"href":"https:\/\/babylove.se\/no\/wp-json\/wp\/v2\/types\/product"}],"replies":[{"embeddable":true,"href":"https:\/\/babylove.se\/no\/wp-json\/wp\/v2\/comments?post=7387"}],"wp:featuredmedia":[{"embeddable":true,"href":"https:\/\/babylove.se\/no\/wp-json\/wp\/v2\/media\/7389"}],"wp:attachment":[{"href":"https:\/\/babylove.se\/no\/wp-json\/wp\/v2\/media?parent=7387"}],"wp:term":[{"taxonomy":"product_brand","embeddable":true,"href":"https:\/\/babylove.se\/no\/wp-json\/wp\/v2\/product_brand?post=7387"},{"taxonomy":"product_cat","embeddable":true,"href":"https:\/\/babylove.se\/no\/wp-json\/wp\/v2\/product_cat?post=7387"},{"taxonomy":"product_tag","embeddable":true,"href":"https:\/\/babylove.se\/no\/wp-json\/wp\/v2\/product_tag?post=7387"}],"curies":[{"name":"wp","href":"https:\/\/api.w.org\/{rel}","templated":true}]}}