{"id":7400,"date":"2025-07-18T20:43:16","date_gmt":"2025-07-18T19:43:16","guid":{"rendered":"https:\/\/babylove.se\/produkt\/skotbadd-done-by-deer-raffi-goldgra\/"},"modified":"2026-04-08T08:36:37","modified_gmt":"2026-04-08T07:36:37","slug":"skotskade-gjort-av-hjort-raffi-goldgra","status":"publish","type":"product","link":"https:\/\/babylove.se\/no\/produkt\/skotskade-gjort-av-hjort-raffi-goldgra\/","title":{"rendered":"Stelleunderlag ,Done By Deer Raffi, gold\/gr\u00e5"},"content":{"rendered":"<p><strong>Done By Deer stelleunderlag raffi &#8211; sendes innen 24 timer!<\/strong><\/p>\n<p>Done by Deer Elphee er et skikkelig s\u00f8tt stelleunderlag som passer til de fleste stellebord med standardm\u00e5l. Stelleunderlaget er laget med akrylbelegg p\u00e5 oversiden som gj\u00f8r det fukt- og vanntett og sv\u00e6rt enkelt \u00e5 rengj\u00f8re. T\u00f8rk av det med hjelp av en v\u00e5t klut eller maskinvask ut og inn i 30\u00b0C. Rengj\u00f8ringsmidler kan brukes ved behov, t\u00f8rk deretter av grundig. Stelleunderlaget er fylt med mykt skumgummi slik at barnet ditt alltid ligger komfortabelt og behagelig. <\/p>\n<p><strong>M\u00e5l: <\/strong>B 50 x L 65 cm <\/p>\n<p><strong>Materiale yttert\u00f8y: <\/strong>100% akrylbelagt bomull <\/p>\n<p><strong>Materiale fylling: <\/strong>Polyeterskum, PVC <\/p>\n<p><strong>Vasker\u00e5d:<\/strong> Maskinvask 30\u00b0C, ut og inn. T\u00e5ler ikke t\u00f8rketrommel. <\/p>\n","protected":false},"excerpt":{"rendered":"<p>Done By Deer stelleunderlag raffi &#8211; sendes innen 24 timer! Done by Deer Elphee er et skikkelig s\u00f8tt stelleunderlag som passer til de fleste stellebord med standardm\u00e5l. Stelleunderlaget er laget med akrylbelegg p\u00e5 oversiden som gj\u00f8r det fukt- og vanntett og sv\u00e6rt enkelt \u00e5 rengj\u00f8re. T\u00f8rk av det med hjelp av en v\u00e5t klut eller [&hellip;]<\/p>\n","protected":false},"featured_media":7402,"comment_status":"closed","ping_status":"open","template":"","meta":{"_acf_changed":false},"product_brand":[54],"product_cat":[55,48,57],"product_tag":[1689],"class_list":{"0":"post-7400","1":"product","2":"type-product","3":"status-publish","4":"has-post-thumbnail","6":"product_brand-done-by-deer","7":"product_cat-done-by-deer","8":"product_cat-startside","9":"product_cat-skobadder","10":"product_tag-bestillingsvaror","12":"first","13":"outofstock","14":"taxable","15":"shipping-taxable","16":"purchasable","17":"product-type-simple"},"acf":[],"yoast_head":"<!-- This site is optimized with the Yoast SEO Premium plugin v25.8 (Yoast SEO v27.2) - https:\/\/yoast.com\/product\/yoast-seo-premium-wordpress\/ -->\n<title>Stelleunderlag ,Done By Deer Raffi, gold\/gr\u00e5 - Babylove Norska<\/title>\n<meta name=\"robots\" content=\"noindex, follow, max-snippet:-1, max-image-preview:large, max-video-preview:-1\" \/>\n<meta property=\"og:locale\" content=\"nb_NO\" \/>\n<meta property=\"og:type\" content=\"article\" \/>\n<meta property=\"og:title\" content=\"Stelleunderlag ,Done By Deer Raffi, gold\/gr\u00e5\" \/>\n<meta property=\"og:description\" content=\"Done By Deer stelleunderlag raffi &#8211; sendes innen 24 timer! Done by Deer Elphee er et skikkelig s\u00f8tt stelleunderlag som passer til de fleste stellebord med standardm\u00e5l. Stelleunderlaget er laget med akrylbelegg p\u00e5 oversiden som gj\u00f8r det fukt- og vanntett og sv\u00e6rt enkelt \u00e5 rengj\u00f8re. T\u00f8rk av det med hjelp av en v\u00e5t klut eller [&hellip;]\" \/>\n<meta property=\"og:url\" content=\"https:\/\/babylove.se\/no\/produkt\/skotskade-gjort-av-hjort-raffi-goldgra\/\" \/>\n<meta property=\"og:site_name\" content=\"Babylove Norska\" \/>\n<meta property=\"article:modified_time\" content=\"2026-04-08T07:36:37+00:00\" \/>\n<meta property=\"og:image\" content=\"https:\/\/babylove.se\/no\/wp-content\/uploads\/sites\/3\/2025\/07\/5ba8b77f1141d.jpeg\" \/>\n\t<meta property=\"og:image:width\" content=\"750\" \/>\n\t<meta property=\"og:image:height\" content=\"530\" \/>\n\t<meta property=\"og:image:type\" content=\"image\/jpeg\" \/>\n<meta name=\"twitter:card\" content=\"summary_large_image\" \/>\n<meta name=\"twitter:label1\" content=\"Price\" \/>\n\t<meta name=\"twitter:data1\" content=\"499,00&nbsp;&#107;&#114;\" \/>\n\t<meta name=\"twitter:label2\" content=\"Availability\" \/>\n\t<meta name=\"twitter:data2\" content=\"Out of stock\" \/>\n<script type=\"application\/ld+json\" class=\"yoast-schema-graph\">{\"@context\":\"https:\/\/schema.org\",\"@graph\":[{\"@type\":\"WebPage\",\"@id\":\"https:\/\/babylove.se\/no\/produkt\/skotskade-gjort-av-hjort-raffi-goldgra\/\",\"url\":\"https:\/\/babylove.se\/no\/produkt\/skotskade-gjort-av-hjort-raffi-goldgra\/\",\"name\":\"Stelleunderlag ,Done By Deer Raffi, gold\/gr\u00e5 - Babylove Norska\",\"isPartOf\":{\"@id\":\"https:\/\/babylove.se\/no\/#website\"},\"primaryImageOfPage\":{\"@id\":\"https:\/\/babylove.se\/no\/produkt\/skotskade-gjort-av-hjort-raffi-goldgra\/#primaryimage\"},\"image\":{\"@id\":\"https:\/\/babylove.se\/no\/produkt\/skotskade-gjort-av-hjort-raffi-goldgra\/#primaryimage\"},\"thumbnailUrl\":\"https:\/\/babylove.se\/no\/wp-content\/uploads\/sites\/3\/2025\/07\/5ba8b77f1141d.jpeg\",\"datePublished\":\"2025-07-18T19:43:16+00:00\",\"dateModified\":\"2026-04-08T07:36:37+00:00\",\"breadcrumb\":{\"@id\":\"https:\/\/babylove.se\/no\/produkt\/skotskade-gjort-av-hjort-raffi-goldgra\/#breadcrumb\"},\"inLanguage\":\"nb-NO\",\"potentialAction\":[{\"@type\":\"ReadAction\",\"target\":[\"https:\/\/babylove.se\/no\/produkt\/skotskade-gjort-av-hjort-raffi-goldgra\/\"]}]},{\"@type\":\"ImageObject\",\"inLanguage\":\"nb-NO\",\"@id\":\"https:\/\/babylove.se\/no\/produkt\/skotskade-gjort-av-hjort-raffi-goldgra\/#primaryimage\",\"url\":\"https:\/\/babylove.se\/no\/wp-content\/uploads\/sites\/3\/2025\/07\/5ba8b77f1141d.jpeg\",\"contentUrl\":\"https:\/\/babylove.se\/no\/wp-content\/uploads\/sites\/3\/2025\/07\/5ba8b77f1141d.jpeg\",\"width\":750,\"height\":530},{\"@type\":\"BreadcrumbList\",\"@id\":\"https:\/\/babylove.se\/no\/produkt\/skotskade-gjort-av-hjort-raffi-goldgra\/#breadcrumb\",\"itemListElement\":[{\"@type\":\"ListItem\",\"position\":1,\"name\":\"Hem\",\"item\":\"https:\/\/babylove.se\/no\/\"},{\"@type\":\"ListItem\",\"position\":2,\"name\":\"Butik\",\"item\":\"https:\/\/babylove.se\/no\/butik\/\"},{\"@type\":\"ListItem\",\"position\":3,\"name\":\"Stelleunderlag ,Done By Deer Raffi, gold\/gr\u00e5\"}]},{\"@type\":\"WebSite\",\"@id\":\"https:\/\/babylove.se\/no\/#website\",\"url\":\"https:\/\/babylove.se\/no\/\",\"name\":\"Babylove Norska\",\"description\":\"\",\"potentialAction\":[{\"@type\":\"SearchAction\",\"target\":{\"@type\":\"EntryPoint\",\"urlTemplate\":\"https:\/\/babylove.se\/no\/?s={search_term_string}\"},\"query-input\":{\"@type\":\"PropertyValueSpecification\",\"valueRequired\":true,\"valueName\":\"search_term_string\"}}],\"inLanguage\":\"nb-NO\"}]}<\/script>\n<meta property=\"product:brand\" content=\"Done by Deer\" \/>\n<meta property=\"product:price:amount\" content=\"499.00\" \/>\n<meta property=\"product:price:currency\" content=\"SEK\" \/>\n<meta property=\"og:availability\" content=\"out of stock\" \/>\n<meta property=\"product:availability\" content=\"out of stock\" \/>\n<meta property=\"product:retailer_item_id\" content=\"DD0003Raffigoldgr\u00e5\" \/>\n<meta property=\"product:condition\" content=\"new\" \/>\n<!-- \/ Yoast SEO Premium plugin. -->","yoast_head_json":{"title":"Stelleunderlag ,Done By Deer Raffi, gold\/gr\u00e5 - Babylove Norska","robots":{"index":"noindex","follow":"follow","max-snippet":"max-snippet:-1","max-image-preview":"max-image-preview:large","max-video-preview":"max-video-preview:-1"},"og_locale":"nb_NO","og_type":"article","og_title":"Stelleunderlag ,Done By Deer Raffi, gold\/gr\u00e5","og_description":"Done By Deer stelleunderlag raffi &#8211; sendes innen 24 timer! Done by Deer Elphee er et skikkelig s\u00f8tt stelleunderlag som passer til de fleste stellebord med standardm\u00e5l. Stelleunderlaget er laget med akrylbelegg p\u00e5 oversiden som gj\u00f8r det fukt- og vanntett og sv\u00e6rt enkelt \u00e5 rengj\u00f8re. T\u00f8rk av det med hjelp av en v\u00e5t klut eller [&hellip;]","og_url":"https:\/\/babylove.se\/no\/produkt\/skotskade-gjort-av-hjort-raffi-goldgra\/","og_site_name":"Babylove Norska","article_modified_time":"2026-04-08T07:36:37+00:00","og_image":[{"width":750,"height":530,"url":"https:\/\/babylove.se\/no\/wp-content\/uploads\/sites\/3\/2025\/07\/5ba8b77f1141d.jpeg","type":"image\/jpeg"}],"twitter_card":"summary_large_image","twitter_misc":{"Price":"499,00&nbsp;&#107;&#114;","Availability":"Out of stock"},"schema":{"@context":"https:\/\/schema.org","@graph":[{"@type":"WebPage","@id":"https:\/\/babylove.se\/no\/produkt\/skotskade-gjort-av-hjort-raffi-goldgra\/","url":"https:\/\/babylove.se\/no\/produkt\/skotskade-gjort-av-hjort-raffi-goldgra\/","name":"Stelleunderlag ,Done By Deer Raffi, gold\/gr\u00e5 - Babylove Norska","isPartOf":{"@id":"https:\/\/babylove.se\/no\/#website"},"primaryImageOfPage":{"@id":"https:\/\/babylove.se\/no\/produkt\/skotskade-gjort-av-hjort-raffi-goldgra\/#primaryimage"},"image":{"@id":"https:\/\/babylove.se\/no\/produkt\/skotskade-gjort-av-hjort-raffi-goldgra\/#primaryimage"},"thumbnailUrl":"https:\/\/babylove.se\/no\/wp-content\/uploads\/sites\/3\/2025\/07\/5ba8b77f1141d.jpeg","datePublished":"2025-07-18T19:43:16+00:00","dateModified":"2026-04-08T07:36:37+00:00","breadcrumb":{"@id":"https:\/\/babylove.se\/no\/produkt\/skotskade-gjort-av-hjort-raffi-goldgra\/#breadcrumb"},"inLanguage":"nb-NO","potentialAction":[{"@type":"ReadAction","target":["https:\/\/babylove.se\/no\/produkt\/skotskade-gjort-av-hjort-raffi-goldgra\/"]}]},{"@type":"ImageObject","inLanguage":"nb-NO","@id":"https:\/\/babylove.se\/no\/produkt\/skotskade-gjort-av-hjort-raffi-goldgra\/#primaryimage","url":"https:\/\/babylove.se\/no\/wp-content\/uploads\/sites\/3\/2025\/07\/5ba8b77f1141d.jpeg","contentUrl":"https:\/\/babylove.se\/no\/wp-content\/uploads\/sites\/3\/2025\/07\/5ba8b77f1141d.jpeg","width":750,"height":530},{"@type":"BreadcrumbList","@id":"https:\/\/babylove.se\/no\/produkt\/skotskade-gjort-av-hjort-raffi-goldgra\/#breadcrumb","itemListElement":[{"@type":"ListItem","position":1,"name":"Hem","item":"https:\/\/babylove.se\/no\/"},{"@type":"ListItem","position":2,"name":"Butik","item":"https:\/\/babylove.se\/no\/butik\/"},{"@type":"ListItem","position":3,"name":"Stelleunderlag ,Done By Deer Raffi, gold\/gr\u00e5"}]},{"@type":"WebSite","@id":"https:\/\/babylove.se\/no\/#website","url":"https:\/\/babylove.se\/no\/","name":"Babylove Norska","description":"","potentialAction":[{"@type":"SearchAction","target":{"@type":"EntryPoint","urlTemplate":"https:\/\/babylove.se\/no\/?s={search_term_string}"},"query-input":{"@type":"PropertyValueSpecification","valueRequired":true,"valueName":"search_term_string"}}],"inLanguage":"nb-NO"}]},"product_brand":"Done by Deer","product_price_amount":"499.00","product_price_currency":"SEK","og_availability":"out of stock","product_availability":"out of stock","product_retailer_item_id":"DD0003Raffigoldgr\u00e5","product_condition":"new"},"_links":{"self":[{"href":"https:\/\/babylove.se\/no\/wp-json\/wp\/v2\/product\/7400","targetHints":{"allow":["GET"]}}],"collection":[{"href":"https:\/\/babylove.se\/no\/wp-json\/wp\/v2\/product"}],"about":[{"href":"https:\/\/babylove.se\/no\/wp-json\/wp\/v2\/types\/product"}],"replies":[{"embeddable":true,"href":"https:\/\/babylove.se\/no\/wp-json\/wp\/v2\/comments?post=7400"}],"wp:featuredmedia":[{"embeddable":true,"href":"https:\/\/babylove.se\/no\/wp-json\/wp\/v2\/media\/7402"}],"wp:attachment":[{"href":"https:\/\/babylove.se\/no\/wp-json\/wp\/v2\/media?parent=7400"}],"wp:term":[{"taxonomy":"product_brand","embeddable":true,"href":"https:\/\/babylove.se\/no\/wp-json\/wp\/v2\/product_brand?post=7400"},{"taxonomy":"product_cat","embeddable":true,"href":"https:\/\/babylove.se\/no\/wp-json\/wp\/v2\/product_cat?post=7400"},{"taxonomy":"product_tag","embeddable":true,"href":"https:\/\/babylove.se\/no\/wp-json\/wp\/v2\/product_tag?post=7400"}],"curies":[{"name":"wp","href":"https:\/\/api.w.org\/{rel}","templated":true}]}}