{"id":7411,"date":"2025-07-18T20:43:16","date_gmt":"2025-07-18T19:43:16","guid":{"rendered":"https:\/\/babylove.se\/produkt\/liewood-matset-i-bambu-cat-dusty-mint\/"},"modified":"2026-04-08T08:36:46","modified_gmt":"2026-04-08T07:36:46","slug":"liewood-matservise-i-bambus-katt-dusty-mint","status":"publish","type":"product","link":"https:\/\/babylove.se\/no\/produkt\/liewood-matservise-i-bambus-katt-dusty-mint\/","title":{"rendered":"Liewood, matset i bambus, Cat dusty mint"},"content":{"rendered":"<p><span style=\"background-color: initial; text-align: initial;\"><strong> <\/strong>Et vakkert, slitesterkt og nyttig spisesett fra danske Liewood i fire deler. Med den fine tallerkenen, sk\u00e5len, skjeen og koppen vil du og ditt barn forene nytte med forn\u00f8yelse. Liewoods velkjente kattemotiv er designen for spisesettet og finnes p\u00e5 alle delene. <\/span> <\/p>\n<p>M\u00e5l: Tallerken \u00d820 cm, Sk\u00e5l \u00d815 H4,7 cm, Skje 13 cm, og koppen \u00d87,5 H9 cm<br \/>\nMateriale: 65% Bambusfiber, 15% Maispulver, 20% Melamin<br \/>\nT\u00e5ler \u00e5 vaskes i maskin <\/p>\n<p>Designer: <a href=\"https:\/\/babylove.se\/varumarken\/liewood\"><u>Liewood<\/u><\/a><\/p>\n","protected":false},"excerpt":{"rendered":"<p>Et vakkert, slitesterkt og nyttig spisesett fra danske Liewood i fire deler. Med den fine tallerkenen, sk\u00e5len, skjeen og koppen vil du og ditt barn forene nytte med forn\u00f8yelse. Liewoods velkjente kattemotiv er designen for spisesettet og finnes p\u00e5 alle delene. M\u00e5l: Tallerken \u00d820 cm, Sk\u00e5l \u00d815 H4,7 cm, Skje 13 cm, og koppen \u00d87,5 [&hellip;]<\/p>\n","protected":false},"featured_media":7413,"comment_status":"closed","ping_status":"closed","template":"","meta":{"_acf_changed":false},"product_brand":[282],"product_cat":[92,70,90,283,48],"product_tag":[],"class_list":{"0":"post-7411","1":"product","2":"type-product","3":"status-publish","4":"has-post-thumbnail","6":"product_brand-liewood","7":"product_cat-barnbestikk-matsett","8":"product_cat-gaver","9":"product_cat-dyr","10":"product_cat-liewood","11":"product_cat-startside","13":"first","14":"outofstock","15":"taxable","16":"shipping-taxable","17":"purchasable","18":"product-type-simple"},"acf":[],"yoast_head":"<!-- This site is optimized with the Yoast SEO Premium plugin v25.8 (Yoast SEO v27.2) - https:\/\/yoast.com\/product\/yoast-seo-premium-wordpress\/ -->\n<title>Liewood, matset i bambus, Cat dusty mint - Babylove Norska<\/title>\n<meta name=\"robots\" content=\"noindex, follow, max-snippet:-1, max-image-preview:large, max-video-preview:-1\" \/>\n<meta property=\"og:locale\" content=\"nb_NO\" \/>\n<meta property=\"og:type\" content=\"article\" \/>\n<meta property=\"og:title\" content=\"Liewood, matset i bambus, Cat dusty mint\" \/>\n<meta property=\"og:description\" content=\"Et vakkert, slitesterkt og nyttig spisesett fra danske Liewood i fire deler. Med den fine tallerkenen, sk\u00e5len, skjeen og koppen vil du og ditt barn forene nytte med forn\u00f8yelse. Liewoods velkjente kattemotiv er designen for spisesettet og finnes p\u00e5 alle delene. M\u00e5l: Tallerken \u00d820 cm, Sk\u00e5l \u00d815 H4,7 cm, Skje 13 cm, og koppen \u00d87,5 [&hellip;]\" \/>\n<meta property=\"og:url\" content=\"https:\/\/babylove.se\/no\/produkt\/liewood-matservise-i-bambus-katt-dusty-mint\/\" \/>\n<meta property=\"og:site_name\" content=\"Babylove Norska\" \/>\n<meta property=\"article:modified_time\" content=\"2026-04-08T07:36:46+00:00\" \/>\n<meta property=\"og:image\" content=\"https:\/\/babylove.se\/no\/wp-content\/uploads\/sites\/3\/2025\/07\/5baa8919d9a23.jpeg\" \/>\n\t<meta property=\"og:image:width\" content=\"750\" \/>\n\t<meta property=\"og:image:height\" content=\"750\" \/>\n\t<meta property=\"og:image:type\" content=\"image\/jpeg\" \/>\n<meta name=\"twitter:card\" content=\"summary_large_image\" \/>\n<meta name=\"twitter:label1\" content=\"Price\" \/>\n\t<meta name=\"twitter:data1\" content=\"259,00&nbsp;&#107;&#114;\" \/>\n\t<meta name=\"twitter:label2\" content=\"Availability\" \/>\n\t<meta name=\"twitter:data2\" content=\"Out of stock\" \/>\n<script type=\"application\/ld+json\" class=\"yoast-schema-graph\">{\"@context\":\"https:\/\/schema.org\",\"@graph\":[{\"@type\":\"WebPage\",\"@id\":\"https:\/\/babylove.se\/no\/produkt\/liewood-matservise-i-bambus-katt-dusty-mint\/\",\"url\":\"https:\/\/babylove.se\/no\/produkt\/liewood-matservise-i-bambus-katt-dusty-mint\/\",\"name\":\"Liewood, matset i bambus, Cat dusty mint - Babylove Norska\",\"isPartOf\":{\"@id\":\"https:\/\/babylove.se\/no\/#website\"},\"primaryImageOfPage\":{\"@id\":\"https:\/\/babylove.se\/no\/produkt\/liewood-matservise-i-bambus-katt-dusty-mint\/#primaryimage\"},\"image\":{\"@id\":\"https:\/\/babylove.se\/no\/produkt\/liewood-matservise-i-bambus-katt-dusty-mint\/#primaryimage\"},\"thumbnailUrl\":\"https:\/\/babylove.se\/no\/wp-content\/uploads\/sites\/3\/2025\/07\/5baa8919d9a23.jpeg\",\"datePublished\":\"2025-07-18T19:43:16+00:00\",\"dateModified\":\"2026-04-08T07:36:46+00:00\",\"breadcrumb\":{\"@id\":\"https:\/\/babylove.se\/no\/produkt\/liewood-matservise-i-bambus-katt-dusty-mint\/#breadcrumb\"},\"inLanguage\":\"nb-NO\",\"potentialAction\":[{\"@type\":\"ReadAction\",\"target\":[\"https:\/\/babylove.se\/no\/produkt\/liewood-matservise-i-bambus-katt-dusty-mint\/\"]}]},{\"@type\":\"ImageObject\",\"inLanguage\":\"nb-NO\",\"@id\":\"https:\/\/babylove.se\/no\/produkt\/liewood-matservise-i-bambus-katt-dusty-mint\/#primaryimage\",\"url\":\"https:\/\/babylove.se\/no\/wp-content\/uploads\/sites\/3\/2025\/07\/5baa8919d9a23.jpeg\",\"contentUrl\":\"https:\/\/babylove.se\/no\/wp-content\/uploads\/sites\/3\/2025\/07\/5baa8919d9a23.jpeg\",\"width\":750,\"height\":750},{\"@type\":\"BreadcrumbList\",\"@id\":\"https:\/\/babylove.se\/no\/produkt\/liewood-matservise-i-bambus-katt-dusty-mint\/#breadcrumb\",\"itemListElement\":[{\"@type\":\"ListItem\",\"position\":1,\"name\":\"Hem\",\"item\":\"https:\/\/babylove.se\/no\/\"},{\"@type\":\"ListItem\",\"position\":2,\"name\":\"Butik\",\"item\":\"https:\/\/babylove.se\/no\/butik\/\"},{\"@type\":\"ListItem\",\"position\":3,\"name\":\"Liewood, matset i bambus, Cat dusty mint\"}]},{\"@type\":\"WebSite\",\"@id\":\"https:\/\/babylove.se\/no\/#website\",\"url\":\"https:\/\/babylove.se\/no\/\",\"name\":\"Babylove Norska\",\"description\":\"\",\"potentialAction\":[{\"@type\":\"SearchAction\",\"target\":{\"@type\":\"EntryPoint\",\"urlTemplate\":\"https:\/\/babylove.se\/no\/?s={search_term_string}\"},\"query-input\":{\"@type\":\"PropertyValueSpecification\",\"valueRequired\":true,\"valueName\":\"search_term_string\"}}],\"inLanguage\":\"nb-NO\"}]}<\/script>\n<meta property=\"product:brand\" content=\"Liewood\" \/>\n<meta property=\"product:price:amount\" content=\"259.00\" \/>\n<meta property=\"product:price:currency\" content=\"SEK\" \/>\n<meta property=\"og:availability\" content=\"out of stock\" \/>\n<meta property=\"product:availability\" content=\"out of stock\" \/>\n<meta property=\"product:retailer_item_id\" content=\"2132\" \/>\n<meta property=\"product:condition\" content=\"new\" \/>\n<!-- \/ Yoast SEO Premium plugin. -->","yoast_head_json":{"title":"Liewood, matset i bambus, Cat dusty mint - Babylove Norska","robots":{"index":"noindex","follow":"follow","max-snippet":"max-snippet:-1","max-image-preview":"max-image-preview:large","max-video-preview":"max-video-preview:-1"},"og_locale":"nb_NO","og_type":"article","og_title":"Liewood, matset i bambus, Cat dusty mint","og_description":"Et vakkert, slitesterkt og nyttig spisesett fra danske Liewood i fire deler. Med den fine tallerkenen, sk\u00e5len, skjeen og koppen vil du og ditt barn forene nytte med forn\u00f8yelse. Liewoods velkjente kattemotiv er designen for spisesettet og finnes p\u00e5 alle delene. M\u00e5l: Tallerken \u00d820 cm, Sk\u00e5l \u00d815 H4,7 cm, Skje 13 cm, og koppen \u00d87,5 [&hellip;]","og_url":"https:\/\/babylove.se\/no\/produkt\/liewood-matservise-i-bambus-katt-dusty-mint\/","og_site_name":"Babylove Norska","article_modified_time":"2026-04-08T07:36:46+00:00","og_image":[{"width":750,"height":750,"url":"https:\/\/babylove.se\/no\/wp-content\/uploads\/sites\/3\/2025\/07\/5baa8919d9a23.jpeg","type":"image\/jpeg"}],"twitter_card":"summary_large_image","twitter_misc":{"Price":"259,00&nbsp;&#107;&#114;","Availability":"Out of stock"},"schema":{"@context":"https:\/\/schema.org","@graph":[{"@type":"WebPage","@id":"https:\/\/babylove.se\/no\/produkt\/liewood-matservise-i-bambus-katt-dusty-mint\/","url":"https:\/\/babylove.se\/no\/produkt\/liewood-matservise-i-bambus-katt-dusty-mint\/","name":"Liewood, matset i bambus, Cat dusty mint - Babylove Norska","isPartOf":{"@id":"https:\/\/babylove.se\/no\/#website"},"primaryImageOfPage":{"@id":"https:\/\/babylove.se\/no\/produkt\/liewood-matservise-i-bambus-katt-dusty-mint\/#primaryimage"},"image":{"@id":"https:\/\/babylove.se\/no\/produkt\/liewood-matservise-i-bambus-katt-dusty-mint\/#primaryimage"},"thumbnailUrl":"https:\/\/babylove.se\/no\/wp-content\/uploads\/sites\/3\/2025\/07\/5baa8919d9a23.jpeg","datePublished":"2025-07-18T19:43:16+00:00","dateModified":"2026-04-08T07:36:46+00:00","breadcrumb":{"@id":"https:\/\/babylove.se\/no\/produkt\/liewood-matservise-i-bambus-katt-dusty-mint\/#breadcrumb"},"inLanguage":"nb-NO","potentialAction":[{"@type":"ReadAction","target":["https:\/\/babylove.se\/no\/produkt\/liewood-matservise-i-bambus-katt-dusty-mint\/"]}]},{"@type":"ImageObject","inLanguage":"nb-NO","@id":"https:\/\/babylove.se\/no\/produkt\/liewood-matservise-i-bambus-katt-dusty-mint\/#primaryimage","url":"https:\/\/babylove.se\/no\/wp-content\/uploads\/sites\/3\/2025\/07\/5baa8919d9a23.jpeg","contentUrl":"https:\/\/babylove.se\/no\/wp-content\/uploads\/sites\/3\/2025\/07\/5baa8919d9a23.jpeg","width":750,"height":750},{"@type":"BreadcrumbList","@id":"https:\/\/babylove.se\/no\/produkt\/liewood-matservise-i-bambus-katt-dusty-mint\/#breadcrumb","itemListElement":[{"@type":"ListItem","position":1,"name":"Hem","item":"https:\/\/babylove.se\/no\/"},{"@type":"ListItem","position":2,"name":"Butik","item":"https:\/\/babylove.se\/no\/butik\/"},{"@type":"ListItem","position":3,"name":"Liewood, matset i bambus, Cat dusty mint"}]},{"@type":"WebSite","@id":"https:\/\/babylove.se\/no\/#website","url":"https:\/\/babylove.se\/no\/","name":"Babylove Norska","description":"","potentialAction":[{"@type":"SearchAction","target":{"@type":"EntryPoint","urlTemplate":"https:\/\/babylove.se\/no\/?s={search_term_string}"},"query-input":{"@type":"PropertyValueSpecification","valueRequired":true,"valueName":"search_term_string"}}],"inLanguage":"nb-NO"}]},"product_brand":"Liewood","product_price_amount":"259.00","product_price_currency":"SEK","og_availability":"out of stock","product_availability":"out of stock","product_retailer_item_id":"2132","product_condition":"new"},"_links":{"self":[{"href":"https:\/\/babylove.se\/no\/wp-json\/wp\/v2\/product\/7411","targetHints":{"allow":["GET"]}}],"collection":[{"href":"https:\/\/babylove.se\/no\/wp-json\/wp\/v2\/product"}],"about":[{"href":"https:\/\/babylove.se\/no\/wp-json\/wp\/v2\/types\/product"}],"replies":[{"embeddable":true,"href":"https:\/\/babylove.se\/no\/wp-json\/wp\/v2\/comments?post=7411"}],"wp:featuredmedia":[{"embeddable":true,"href":"https:\/\/babylove.se\/no\/wp-json\/wp\/v2\/media\/7413"}],"wp:attachment":[{"href":"https:\/\/babylove.se\/no\/wp-json\/wp\/v2\/media?parent=7411"}],"wp:term":[{"taxonomy":"product_brand","embeddable":true,"href":"https:\/\/babylove.se\/no\/wp-json\/wp\/v2\/product_brand?post=7411"},{"taxonomy":"product_cat","embeddable":true,"href":"https:\/\/babylove.se\/no\/wp-json\/wp\/v2\/product_cat?post=7411"},{"taxonomy":"product_tag","embeddable":true,"href":"https:\/\/babylove.se\/no\/wp-json\/wp\/v2\/product_tag?post=7411"}],"curies":[{"name":"wp","href":"https:\/\/api.w.org\/{rel}","templated":true}]}}